{"id":1263,"date":"2021-06-10T12:20:29","date_gmt":"2021-06-10T10:20:29","guid":{"rendered":"http:\/\/www.physiobalance-physiotherapie.at\/?page_id=1263"},"modified":"2022-11-04T07:46:06","modified_gmt":"2022-11-04T06:46:06","slug":"osteopathie","status":"publish","type":"page","link":"http:\/\/www.physiobalance-physiotherapie.at\/de\/therapiespektrum\/osteopathie\/","title":{"rendered":"Osteopathie"},"content":{"rendered":"<section class=\"wpb-content-wrapper\"><p>[vc_row][vc_column width=&#8220;1\/6&#8243;][\/vc_column][vc_column css_animation=&#8220;fadeInUp&#8220; width=&#8220;2\/3&#8243;]<div class=\"cz_gap clr  hide_on_mobile\" style=\"height: 40px\"><\/div><div class=\"cz_gap show_on_mobile clr\" style=\"height: 27px\"><\/div><div id=\"cz_37187\" class=\"cz_37187 cz_title clr cz_smart_fs cz_mobile_text_center cz_title_ba_line cz_title_pos_inline tac\"><div class=\"cz_title_content\"><div class=\"cz_wpe_content\"><h3 style=\"text-align: center;\"><span style=\"font-size: 36px;\">Was ist Osteopathie?<br \/>\n<\/span><\/h3>\n<\/div><div class=\"cz_title_line cz_line_after_title\"><span>_<\/span><\/div><\/div><\/div>[\/vc_column][vc_column width=&#8220;1\/6&#8243;][\/vc_column][\/vc_row][vc_row content_placement=&#8220;middle&#8220;][vc_column css_animation=&#8220;fadeInUp&#8220; width=&#8220;1\/6&#8243;][\/vc_column][vc_column width=&#8220;2\/3&#8243;]<div class=\"cz_gap clr \" style=\"height: 15px\"><\/div><div id=\"cz_39599\" class=\"cz_39599 cz_title clr cz_mobile_text_center cz_title_pos_inline\"><div class=\"cz_title_content\"><div class=\"cz_wpe_content\"><p style=\"text-align: justify;\"><span style=\"color: #666666; font-size: 16px;\">Die Osteopathie versteht sich als Erg\u00e4nzung und Erweiterung der Schulmedizin. Der Mensch wird als Einheit betrachtet. Alle Strukturen und Systeme des Organismus werden behandelt, Dysfunktionen des Muskelskelett-Systems ebenso wie Probleme im viszeralen oder cranio-sacralen Bereich werden durch die Osteopathie beseitigt.<\/span><\/p>\n<\/div><\/div><\/div><div id=\"cz_48443\" class=\"cz_48443 cz_title clr cz_mobile_text_center cz_title_pos_inline\"><div class=\"cz_title_content\"><div class=\"cz_wpe_content\"><p style=\"text-align: justify;\"><strong><span style=\"color: #666666; font-size: 16px;\">Die Osteopathen arbeiten ausschliesslich mit ihren H\u00e4nden, die sie als Werkzeuge einsetzen, um St\u00f6rungen und Einschr\u00e4nkungen in den verschiedenen Bereichen und Systemen des menschlichen K\u00f6rpers aufzusp\u00fcren und zu behandeln.<\/span><\/strong><\/p>\n<\/div><\/div><\/div><div id=\"cz_16652\" class=\"cz_16652 cz_title clr cz_mobile_text_center cz_title_pos_inline\"><div class=\"cz_title_content\"><div class=\"cz_wpe_content\"><p><span style=\"color: #960055; font-size: 18px;\"><strong>Osteopathie ist eine ganzheitliche Therapieform<\/strong><\/span><\/p>\n<p style=\"text-align: justify;\"><span style=\"font-size: 16px;\">die vom amerikanischen Arzt Dr. Andrew Taylor Still (1828-1917) begr\u00fcndet wurde.<\/span><\/p>\n<p style=\"text-align: justify;\"><span style=\"color: #666666; font-size: 16px;\">Er betrachtete den K\u00f6rper als eine Funktionseinheit, in der nicht nur die Skelettknochen sondern auch alle dazwischenliegenden verbindenden Strukturen wie Muskeln, Sehnen, B\u00e4ndern und innere Organe einen gro\u00dfen Einfluss auf das Wohlbefinden des Menschen haben.<\/span><\/p>\n<p style=\"text-align: justify;\"><span style=\"color: #666666; font-size: 16px;\">Durch eine genaue Anamneseerhebung, das Begutachten der K\u00f6rperfunktionen und Erf\u00fchlen von Spannungszust\u00e4nden und Blockaden verschiedener Gewebearten durch die H\u00e4nde wird ein Befund erstellt.<\/span><\/p>\n<\/div><\/div><\/div>[\/vc_column][vc_column width=&#8220;1\/6&#8243;][\/vc_column][\/vc_row][vc_row content_placement=&#8220;middle&#8220;][vc_column css_animation=&#8220;fadeInUp&#8220; width=&#8220;1\/6&#8243;][\/vc_column][vc_column width=&#8220;2\/3&#8243;]<div class=\"cz_gap clr \" style=\"height: 15px\"><\/div><div id=\"cz_73556\" class=\"cz_73556 cz_title clr cz_mobile_text_center cz_title_pos_inline\"><div class=\"cz_title_content\"><div class=\"cz_wpe_content\"><p><span style=\"font-size: 18px; color: #960055;\"><strong>Der Therapieaufbau erfolgt anhand der wichtigsten Grundlagen der Osteopathie<\/strong><\/span><\/p>\n<ul>\n<li style=\"text-align: left;\"><span style=\"font-size: 16px;\">die F\u00e4higkeit des K\u00f6rpers zur Selbstheilung und Selbstregulation,<\/span><\/li>\n<li style=\"text-align: left;\"><span style=\"font-size: 16px;\">das Funktionieren des menschlichen K\u00f6rpers als eine Einheit,<\/span><\/li>\n<li style=\"text-align: left;\"><span style=\"font-size: 16px;\">das Wechselspiel von Funktion und Struktur sowie<\/span><\/li>\n<li style=\"text-align: left;\"><span style=\"font-size: 16px;\">die unbedingte Durchblutung und Versorgung der Gewebe.<\/span><\/li>\n<\/ul>\n<\/div><\/div><\/div><div id=\"cz_60621\" class=\"cz_60621 cz_title clr cz_mobile_text_center cz_title_pos_inline\"><div class=\"cz_title_content\"><div class=\"cz_wpe_content\"><p style=\"text-align: justify;\">Das ganzheitliche Konzept zeichnet sich durch den Zugang zu allen Systemen des menschlichen K\u00f6rpers aus. Dabei werden zumindest drei Unterteilungen vorgenommen:<\/p>\n<ul style=\"text-align: justify;\">\n<li>Das Strukturelle System beinhaltet den gesamten Bewegungsapparat wie Muskeln, Wirbels\u00e4ule, Gelenke, Sehnen und B\u00e4nder.<\/li>\n<li>Das Viscerale System deckt die inneren Organe, ihre Aufh\u00e4ngungen am Bewegungsapparat, ihre H\u00fcllen sowie deren Nerven und Blutversorgung ab.<\/li>\n<li>Das Cranio-Sacrale System steht f\u00fcr die Bewegung der Gehirnfl\u00fcssigkeit, das Nervensystem, dessen H\u00fcllen- die Hirnh\u00e4ute- sowie deren Anheftung am Sch\u00e4del (Cranium) und am Kreuzbein (Sakrum).<\/li>\n<\/ul>\n<p style=\"text-align: justify;\"><strong>Die freie Beweglichkeit aller Strukturen um ihre physiologischen (richtigen, gesunden) Achsen erm\u00f6glicht die Wiedererlangung der Gesundheit.<\/strong><\/p>\n<\/div><\/div><\/div><div id=\"cz_104842\" class=\"cz_104842 cz_title clr cz_mobile_text_center cz_title_pos_inline\"><div class=\"cz_title_content\"><div class=\"cz_wpe_content\"><p style=\"text-align: justify;\"><span style=\"font-size: 18px; color: #960055;\"><strong>Wichtig<\/strong><\/span><\/p>\n<p style=\"text-align: justify;\"><span style=\"color: #666666; font-size: 16px;\">Die Osteopathie ist eine besondere Erg\u00e4nzung zur Schulmedizin, ersetzt diese aber nicht. Lassen Sie sich deshalb vorab \u00e4rztlich untersuchen. Weiterhin st\u00fctzt sich die Osteopathie auf wissenschaftlich anerkanntes medizinisches und anatomisches Wissen.<br \/>\n<\/span><\/p>\n<\/div><\/div><\/div><div id=\"cz_84630\" class=\"cz_84630 cz_title clr cz_mobile_text_center cz_title_pos_inline\"><div class=\"cz_title_content\"><div class=\"cz_wpe_content\"><p style=\"text-align: justify;\"><span style=\"font-size: 18px; color: #960055;\"><strong>Hinweis<\/strong><\/span><\/p>\n<p style=\"text-align: justify;\"><span style=\"color: #666666; font-size: 16px;\">Lt. MDT-Gesetz bedarf es aus berufsrechtlichen Gr\u00fcnden f\u00fcr jede von uns Therapeuten erbrachten Behandlung einer \u00e4rztlichen Verordnung.<\/span><\/p>\n<p style=\"text-align: justify;\"><span style=\"color: #666666; font-size: 16px;\">Osteopathie- und andere ganzheitliche Behandlugsformen (APM, Cranio-sacrale Therapie, TCM-Beratung, etc.) sind reine Privatleistungen und werden von den Versicherungsanstalten nicht r\u00fcckverg\u00fctet. Trotztdem bedarf es einer \u00e4rztlichen Verordnung!<\/span><\/p>\n<p style=\"text-align: justify;\"><span style=\"color: #666666; font-size: 16px;\">Tarife f\u00fcr eine osteopathische \/ cranio-sacrale Behandlung: siehe <a href=\"\/de?page_id=1620\"><span style=\"text-decoration: underline;\">Behandlungstarife<\/span><\/a><\/span><\/p>\n<\/div><\/div><\/div>[\/vc_column][vc_column width=&#8220;1\/6&#8243;][\/vc_column][\/vc_row]<\/p>\n<\/section>","protected":false},"excerpt":{"rendered":"<p>[vc_row][vc_column width=&#8220;1\/6&#8243;][\/vc_column][vc_column css_animation=&#8220;fadeInUp&#8220; width=&#8220;2\/3&#8243;][\/vc_column][vc_column width=&#8220;1\/6&#8243;][\/vc_column][\/vc_row][vc_row content_placement=&#8220;middle&#8220;][vc_column css_animation=&#8220;fadeInUp&#8220; width=&#8220;1\/6&#8243;][\/vc_column][vc_column width=&#8220;2\/3&#8243;][\/vc_column][vc_column width=&#8220;1\/6&#8243;][\/vc_column][\/vc_row][vc_row content_placement=&#8220;middle&#8220;][vc_column &#8230; <\/p>\n","protected":false},"author":2,"featured_media":0,"parent":2831,"menu_order":0,"comment_status":"closed","ping_status":"closed","template":"","meta":{"footnotes":""},"class_list":["post-1263","page","type-page","status-publish","hentry"],"_links":{"self":[{"href":"http:\/\/www.physiobalance-physiotherapie.at\/de\/wp-json\/wp\/v2\/pages\/1263","targetHints":{"allow":["GET"]}}],"collection":[{"href":"http:\/\/www.physiobalance-physiotherapie.at\/de\/wp-json\/wp\/v2\/pages"}],"about":[{"href":"http:\/\/www.physiobalance-physiotherapie.at\/de\/wp-json\/wp\/v2\/types\/page"}],"author":[{"embeddable":true,"href":"http:\/\/www.physiobalance-physiotherapie.at\/de\/wp-json\/wp\/v2\/users\/2"}],"replies":[{"embeddable":true,"href":"http:\/\/www.physiobalance-physiotherapie.at\/de\/wp-json\/wp\/v2\/comments?post=1263"}],"version-history":[{"count":10,"href":"http:\/\/www.physiobalance-physiotherapie.at\/de\/wp-json\/wp\/v2\/pages\/1263\/revisions"}],"predecessor-version":[{"id":2479,"href":"http:\/\/www.physiobalance-physiotherapie.at\/de\/wp-json\/wp\/v2\/pages\/1263\/revisions\/2479"}],"up":[{"embeddable":true,"href":"http:\/\/www.physiobalance-physiotherapie.at\/de\/wp-json\/wp\/v2\/pages\/2831"}],"wp:attachment":[{"href":"http:\/\/www.physiobalance-physiotherapie.at\/de\/wp-json\/wp\/v2\/media?parent=1263"}],"curies":[{"name":"wp","href":"https:\/\/api.w.org\/{rel}","templated":true}]}}