{"id":1268,"date":"2021-06-10T12:27:25","date_gmt":"2021-06-10T10:27:25","guid":{"rendered":"http:\/\/www.physiobalance-physiotherapie.at\/?page_id=1268"},"modified":"2022-11-18T12:48:21","modified_gmt":"2022-11-18T11:48:21","slug":"cranio-sacrale_therapie","status":"publish","type":"page","link":"http:\/\/www.physiobalance-physiotherapie.at\/de\/therapiespektrum\/cranio-sacrale_therapie\/","title":{"rendered":"Cranio-sacrale Therapie"},"content":{"rendered":"<div class=\"wpb-content-wrapper\"><p>[vc_row][vc_column width=&#8220;1\/6&#8243;][\/vc_column][vc_column css_animation=&#8220;fadeInUp&#8220; width=&#8220;2\/3&#8243;]<div class=\"cz_gap clr  hide_on_mobile\" style=\"height: 40px\"><\/div><div class=\"cz_gap show_on_mobile clr\" style=\"height: 27px\"><\/div><div id=\"cz_87347\" class=\"cz_87347 cz_title clr cz_mobile_text_center cz_title_ba_line cz_title_pos_inline tac\"><div class=\"cz_title_content\"><div class=\"cz_wpe_content\"><h3 style=\"text-align: center;\"><span style=\"font-size: 36px;\">Cranio-sacrale Therapie<br \/>\n<\/span><\/h3>\n<\/div><div class=\"cz_title_line cz_line_after_title\"><span>_<\/span><\/div><\/div><\/div>[\/vc_column][vc_column width=&#8220;1\/6&#8243;][\/vc_column][\/vc_row][vc_row content_placement=&#8220;middle&#8220;][vc_column css_animation=&#8220;fadeInUp&#8220; width=&#8220;1\/6&#8243;][\/vc_column][vc_column width=&#8220;2\/3&#8243;]<div class=\"cz_gap clr \" style=\"height: 15px\"><\/div><div id=\"cz_48587\" class=\"cz_48587 cz_title clr cz_mobile_text_center cz_title_pos_inline\"><div class=\"cz_title_content\"><div class=\"cz_wpe_content\"><p style=\"text-align: justify;\"><span style=\"font-size: 16px;\">Cranio-sacrale Osteopathie wurde von Dr. William Garner Sutherland als Teil der Osteopathie in den 1930ern und 1940ern entwickelt. Er untersuchte den Sch\u00e4del des Menschen nach den in ihm veranlagten Bewegungsm\u00f6glichkeiten und entwickelte ein Konzept welches den rhythmischen Fluss des Gehirnwassers (Liquor cerebrospinalis) tastbar macht. Dieser Rhythmus \u00fcbertr\u00e4gt sich auf die einzelnen Knochen sowie deren Verbindungen vom Sch\u00e4del (Cranium) \u00fcber die Wirbels\u00e4ule bis zum Kreuzbein (Sacrum).<\/span><\/p>\n<\/div><\/div><\/div><div id=\"cz_52279\" class=\"cz_52279 cz_title clr cz_mobile_text_center cz_title_pos_inline\"><div class=\"cz_title_content\"><div class=\"cz_wpe_content\"><p style=\"text-align: justify;\"><span style=\"color: #666666; font-size: 16px;\">Alle diese Strukturen besitzen enge Verbindungen zum Nervensystem (Hirn- und Spinalnerven), zum Hormonsystem (Hypophyse und Hypothalamus), zum Muskelskellett-, Gef\u00e4\u00df- und Organsystem.<\/span><\/p>\n<\/div><\/div><\/div><div id=\"cz_106573\" class=\"cz_106573 cz_title clr cz_mobile_text_center cz_title_pos_inline\"><div class=\"cz_title_content\"><div class=\"cz_wpe_content\"><p><span style=\"color: #960055; font-size: 18px;\"><strong>Der cranio-sacrale Rhytmus<\/strong><\/span><\/p>\n<p style=\"text-align: justify;\"><span style=\"font-size: 16px;\">Diagnose und Therapie in der Cranio-sacralen Osteopathie orientieren sich ma\u00dfgeblich am cranio-sacralen Rhythmus.<\/span><\/p>\n<p style=\"text-align: justify;\"><span style=\"font-size: 16px;\">Dieser Rhythmus ist, wie Herzschlag und Atem, ein eigenst\u00e4ndiger K\u00f6rperrhythmus mit einer Frequenz von ca 7-14 Zyklen pro Minute. Er kommt mutma\u00dflich durch die an- und abschwellende Bewegung des Gehirnwassers zustande.<\/span><\/p>\n<\/div><\/div><\/div><div id=\"cz_19437\" class=\"cz_19437 cz_title clr cz_mobile_text_center cz_title_pos_inline\"><div class=\"cz_title_content\"><div class=\"cz_wpe_content\"><p style=\"text-align: justify;\"><span style=\"font-size: 16px;\">Durch gezielte Palpation (Tastung) kann der Osteopath die cranio-sacralen Bewegungen am Sch\u00e4del und am ganzen \u00fcbrigen K\u00f6rper wahrnehmen und so Einschr\u00e4nkungen der Bewegungsf\u00e4higkeit des Systems lokalisieren. Zur Behandlung wird mit sehr sanften, aber spezifischen Techniken, der freie Fluss in den eingeschr\u00e4nkten Strukturen wieder hergestellt.<\/span><\/p>\n<\/div><\/div><\/div><div id=\"cz_51828\" class=\"cz_51828 cz_title clr cz_mobile_text_center cz_title_pos_inline\"><div class=\"cz_title_content\"><div class=\"cz_wpe_content\"><p style=\"text-align: justify;\"><span style=\"font-size: 16px;\"><strong>Durch Cranio-sacrale Therapie l\u00e4sst sich oftmals eine positive Beeinflussung von Erkrankungen und Symptomatiken des zentralen Nervensystems feststellen<\/strong>. Cranio-sacrale Therapie bewirkt eine allgemeine St\u00e4rkung der Vitalfunktionen und einen Ausgleich bei Spannungszust\u00e4nden.<\/span><\/p>\n<\/div><\/div><\/div>[\/vc_column][vc_column width=&#8220;1\/6&#8243;][\/vc_column][\/vc_row][vc_row content_placement=&#8220;middle&#8220;][vc_column css_animation=&#8220;fadeInUp&#8220; width=&#8220;1\/6&#8243;][\/vc_column][vc_column width=&#8220;2\/3&#8243;]<div class=\"cz_gap clr \" style=\"height: 15px\"><\/div><div id=\"cz_89377\" class=\"cz_89377 cz_title clr cz_mobile_text_center cz_title_pos_inline\"><div class=\"cz_title_content\"><div class=\"cz_wpe_content\"><p><span style=\"font-size: 18px; color: #960055;\"><strong>Allgemeine Anwendungsbeispiele f\u00fcr eine Behandlung mit Cranio-sacraler Osteopathie<\/strong><\/span><\/p>\n<ul>\n<li style=\"text-align: left;\"><span style=\"color: #666666; font-size: 16px;\">Akute und chronische Schmerzen<\/span><\/li>\n<li style=\"text-align: left;\"><span style=\"font-size: 16px;\">Unfallfolgen (Schleudertraumata)<\/span><\/li>\n<li style=\"text-align: left;\"><span style=\"font-size: 16px;\">Sportverletzungen<\/span><\/li>\n<li style=\"text-align: left;\"><span style=\"font-size: 16px;\">Rheumatische Erkrankungen<\/span><\/li>\n<li style=\"text-align: left;\"><span style=\"font-size: 16px;\">Wirbels\u00e4ulenerkrankungen<\/span><\/li>\n<li style=\"text-align: left;\"><span style=\"font-size: 16px;\">Kiefergelenksproblematiken<\/span><\/li>\n<li style=\"text-align: left;\"><span style=\"font-size: 16px;\">Nachsorge bei zahn\u00e4rztlichen oder kieferorthop\u00e4dischen Eingriffen<\/span><\/li>\n<li style=\"text-align: left;\"><span style=\"font-size: 16px;\">Migr\u00e4ne, Tinnitus<\/span><\/li>\n<li style=\"text-align: left;\"><span style=\"font-size: 16px;\">Vigor (Schwindelanf\u00e4lle)<\/span><\/li>\n<li style=\"text-align: left;\"><span style=\"font-size: 16px;\">Depressionen und Stimmungsschwankungen<\/span><\/li>\n<li style=\"text-align: left;\"><span style=\"font-size: 16px;\">Stress und Pr\u00fcfungsangst<\/span><\/li>\n<li style=\"text-align: left;\"><span style=\"font-size: 16px;\">Hormonst\u00f6rungen z.B. w\u00e4hrend der Menopause<\/span><\/li>\n<li style=\"text-align: left;\"><span style=\"font-size: 16px;\">Ausgleich von vegetativen Ungleichgewichten<\/span><\/li>\n<li style=\"text-align: left;\"><span style=\"font-size: 16px;\">positiver Einfluss auf Bluthochdruck (Hypertonie)<\/span><\/li>\n<li style=\"text-align: left;\"><span style=\"font-size: 16px;\">Nervensystemerkrankungen<\/span><\/li>\n<li style=\"text-align: left;\"><span style=\"font-size: 16px;\">Nachsorge bei Schlaganfall, Sch\u00e4del-\/Hirnverletzungen<\/span><\/li>\n<\/ul>\n<\/div><\/div><\/div><div id=\"cz_84376\" class=\"cz_84376 cz_title clr cz_mobile_text_center cz_title_pos_inline\"><div class=\"cz_title_content\"><div class=\"cz_wpe_content\"><p style=\"text-align: left;\"><span style=\"font-size: 18px; color: #960055;\"><strong>Anwendungsbeispiele von Cranio-sacraler Osteopathie rund um die Geburt und von Babies\/Kindern<\/strong><\/span><\/p>\n<ul>\n<li style=\"text-align: left;\"><span style=\"font-size: 16px;\">Geburtsvorbereitung, und Geburtsnachsorge<\/span><\/li>\n<li>\n<p style=\"text-align: left;\"><span style=\"font-size: 16px;\">Entwicklungsst\u00f6rungen von S\u00e4uglingen, Kindern und Jugendlichen<\/span><\/p>\n<\/li>\n<\/ul>\n<\/div><\/div><\/div><div id=\"cz_61887\" class=\"cz_61887 cz_title clr cz_mobile_text_center cz_title_pos_inline\"><div class=\"cz_title_content\"><div class=\"cz_wpe_content\"><p><span style=\"font-size: 16px;\">Weitere Informationen \u00fcber Cranio-sakrale Anwendungen bei Kindern siehe Therapiespektrum <a href=\"http:\/\/www.physiobalance-physiotherapie.at\/de\/therapiespektrum\/kinderosteopathie\/\"><span style=\"text-decoration: underline;\">Kinderosteopathie<\/span><\/a>.<\/span><\/p>\n<\/div><\/div><\/div>[\/vc_column][vc_column width=&#8220;1\/6&#8243;][\/vc_column][\/vc_row]<\/p>\n<\/div>","protected":false},"excerpt":{"rendered":"<p>[vc_row][vc_column width=&#8220;1\/6&#8243;][\/vc_column][vc_column css_animation=&#8220;fadeInUp&#8220; width=&#8220;2\/3&#8243;][\/vc_column][vc_column width=&#8220;1\/6&#8243;][\/vc_column][\/vc_row][vc_row content_placement=&#8220;middle&#8220;][vc_column css_animation=&#8220;fadeInUp&#8220; width=&#8220;1\/6&#8243;][\/vc_column][vc_column width=&#8220;2\/3&#8243;][\/vc_column][vc_column width=&#8220;1\/6&#8243;][\/vc_column][\/vc_row][vc_row content_placement=&#8220;middle&#8220;][vc_column &#8230; <\/p>\n","protected":false},"author":2,"featured_media":0,"parent":2831,"menu_order":0,"comment_status":"closed","ping_status":"closed","template":"","meta":{"footnotes":""},"class_list":["post-1268","page","type-page","status-publish","hentry"],"_links":{"self":[{"href":"http:\/\/www.physiobalance-physiotherapie.at\/de\/wp-json\/wp\/v2\/pages\/1268","targetHints":{"allow":["GET"]}}],"collection":[{"href":"http:\/\/www.physiobalance-physiotherapie.at\/de\/wp-json\/wp\/v2\/pages"}],"about":[{"href":"http:\/\/www.physiobalance-physiotherapie.at\/de\/wp-json\/wp\/v2\/types\/page"}],"author":[{"embeddable":true,"href":"http:\/\/www.physiobalance-physiotherapie.at\/de\/wp-json\/wp\/v2\/users\/2"}],"replies":[{"embeddable":true,"href":"http:\/\/www.physiobalance-physiotherapie.at\/de\/wp-json\/wp\/v2\/comments?post=1268"}],"version-history":[{"count":10,"href":"http:\/\/www.physiobalance-physiotherapie.at\/de\/wp-json\/wp\/v2\/pages\/1268\/revisions"}],"predecessor-version":[{"id":4754,"href":"http:\/\/www.physiobalance-physiotherapie.at\/de\/wp-json\/wp\/v2\/pages\/1268\/revisions\/4754"}],"up":[{"embeddable":true,"href":"http:\/\/www.physiobalance-physiotherapie.at\/de\/wp-json\/wp\/v2\/pages\/2831"}],"wp:attachment":[{"href":"http:\/\/www.physiobalance-physiotherapie.at\/de\/wp-json\/wp\/v2\/media?parent=1268"}],"curies":[{"name":"wp","href":"https:\/\/api.w.org\/{rel}","templated":true}]}}