{"id":1274,"date":"2021-06-10T12:33:18","date_gmt":"2021-06-10T10:33:18","guid":{"rendered":"http:\/\/www.physiobalance-physiotherapie.at\/?page_id=1274"},"modified":"2022-11-04T07:47:12","modified_gmt":"2022-11-04T06:47:12","slug":"kinderosteopathie","status":"publish","type":"page","link":"http:\/\/www.physiobalance-physiotherapie.at\/de\/therapiespektrum\/kinderosteopathie\/","title":{"rendered":"Kinderosteopathie"},"content":{"rendered":"<div class=\"wpb-content-wrapper\"><p>[vc_row][vc_column width=&#8220;1\/6&#8243;][\/vc_column][vc_column css_animation=&#8220;fadeInUp&#8220; width=&#8220;2\/3&#8243;]<div class=\"cz_gap clr  hide_on_mobile\" style=\"height: 40px\"><\/div><div class=\"cz_gap show_on_mobile clr\" style=\"height: 27px\"><\/div><div id=\"cz_30682\" class=\"cz_30682 cz_title clr cz_mobile_text_center cz_title_ba_line cz_title_pos_inline tac\"><div class=\"cz_title_content\"><div class=\"cz_wpe_content\"><h3 style=\"text-align: center;\"><span style=\"font-size: 36px;\">Kinderosteopathie<br \/>\n<\/span><\/h3>\n<\/div><div class=\"cz_title_line cz_line_after_title\"><span>_<\/span><\/div><\/div><\/div>[\/vc_column][vc_column width=&#8220;1\/6&#8243;][\/vc_column][\/vc_row][vc_row content_placement=&#8220;middle&#8220;][vc_column css_animation=&#8220;fadeInUp&#8220; width=&#8220;1\/6&#8243;][\/vc_column][vc_column width=&#8220;2\/3&#8243;]<div class=\"cz_gap clr \" style=\"height: 15px\"><\/div><div id=\"cz_75073\" class=\"cz_75073 cz_title clr cz_mobile_text_center cz_title_pos_inline\"><div class=\"cz_title_content\"><div class=\"cz_wpe_content\"><p style=\"text-align: justify;\"><span style=\"font-size: 18px; color: #960055;\"><strong>Welche Ziele verfolgt eine osteopathische Behandlung beim Kind?<\/strong><\/span><\/p>\n<p style=\"text-align: justify;\"><span style=\"color: #666666; font-size: 16px;\">Da mit der Geburt eines Kindes der Entwicklungsprozess bei weitem nicht zu einem Abschluss kommt, unterst\u00fctzt die Kinderosteopathie mit ihren spezifischen Techniken die freie Entfaltung der kindlichen Lebensenergie und des individuellen Potentials, sie korrigiert Blockaden in Struktur und Funktion und bedient sich dabei ausschlie\u00dflich der TherapeutInnenh\u00e4nde.<br \/>\n<\/span><\/p>\n<p style=\"text-align: justify;\"><span style=\"color: #666666; font-size: 16px;\"><strong>Ziel der Kinderosteopathie ist die freie Beweglichkeit aller K\u00f6rperstrukturen.<\/strong><\/span><\/p>\n<\/div><\/div><\/div><div id=\"cz_86814\" class=\"cz_86814 cz_title clr cz_mobile_text_center cz_title_pos_inline\"><div class=\"cz_title_content\"><div class=\"cz_wpe_content\"><p style=\"text-align: justify;\"><span style=\"font-size: 18px; color: #960055;\"><strong>Wie erfolgt eine Behandlung?<\/strong><\/span><\/p>\n<p style=\"text-align: justify;\"><span style=\"color: #666666; font-size: 16px;\">Am Beginn einer kinderosteopathischen Behandlung steht immer eine ausf\u00fchrliche Anamnese \u00fcber den Verlauf von Schwangerschaft und Geburt sowie der bisherigen Gesamtentwicklung des Kindes.<\/span><\/p>\n<p style=\"text-align: justify;\"><span style=\"color: #666666; font-size: 16px;\">Auf der Basis detaillierter anatomischer Kenntnisse und einer \u00e4u\u00dferst pr\u00e4zisen, geschulten Wahrnehmung seiner\/ihrer H\u00e4nde f\u00fchlt sich der\/die OsteopathIn \/ KinderosteopathIn in die Beschaffenheit der verschiedenen Strukturen und Gewebe im K\u00f6rper ein und behandelt dementsprechend. <\/span><\/p>\n<p style=\"text-align: justify;\"><span style=\"color: #666666; font-size: 16px;\">Die H\u00e4nde einer\/eines OsteopathIn sind tastende und f\u00fchlende H\u00e4nde. Sie dr\u00fccken und schieben nicht an den Knochen herum. Sie beobachten, wie das System im Inneren funktioniert und wie wir mit den Bewegungen gehen k\u00f6nnen, um eingeschr\u00e4nkte Bereiche wieder zu befreien.<\/span><\/p>\n<p style=\"text-align: justify;\"><strong><span style=\"color: #666666; font-size: 16px;\">Bereits vom ersten Lebenstag an k\u00f6nnen und sollten Kinder osteopathisch behandelt werden!<\/span><\/strong><\/p>\n<\/div><\/div><\/div>[\/vc_column][vc_column width=&#8220;1\/6&#8243;][\/vc_column][\/vc_row][vc_row content_placement=&#8220;middle&#8220;][vc_column css_animation=&#8220;fadeInUp&#8220; width=&#8220;1\/6&#8243;][\/vc_column][vc_column width=&#8220;2\/3&#8243;]<div class=\"cz_gap clr \" style=\"height: 15px\"><\/div><div id=\"cz_64887\" class=\"cz_64887 cz_title clr cz_mobile_text_center cz_title_pos_inline\"><div class=\"cz_title_content\"><div class=\"cz_wpe_content\"><p><span style=\"font-size: 18px; color: #960055;\"><strong>Einige h\u00e4ufige Probleme f\u00fcr welche sich Osteopathie f\u00fcr Kinder empfielt sind:<\/strong><\/span><\/p>\n<ul>\n<li style=\"text-align: left;\"><span style=\"font-size: 16px;\">Stillprobleme, Erbrechen oder Spucken nach dem Stillen<\/span><\/li>\n<li style=\"text-align: left;\"><span style=\"font-size: 16px;\">Zur\u00fcckbiegen oder-werfen des K\u00f6pfchens, Schiefhals, KISS-Syndrom<\/span><\/li>\n<li style=\"text-align: left;\"><span style=\"font-size: 16px;\">Asymmetrische Bewegung der Arme oder der Beine<\/span><\/li>\n<li style=\"text-align: left;\"><span style=\"font-size: 16px;\">Nicht beruhigbares Schreien \u00fcber lange Zeit<\/span><\/li>\n<li style=\"text-align: left;\"><span style=\"font-size: 16px;\">Otitis-Media (Ohr-Infektionen)<\/span><\/li>\n<li style=\"text-align: left;\"><span style=\"font-size: 16px;\">Verdauungsprobleme, Reizdarm, Verstopfung, \u00dcbelkeit<\/span><\/li>\n<li style=\"text-align: left;\"><span style=\"font-size: 16px;\">Asthma, chronische Tonsillitis, Allergien,<\/span><\/li>\n<li style=\"text-align: left;\"><span style=\"font-size: 16px;\">Infektanf\u00e4lligkeit, Bronchitis, Sinusitis<\/span><\/li>\n<li style=\"text-align: left;\"><span style=\"font-size: 16px;\">Kopfweh, Ersch\u00f6pfung, \u00c4ngste<\/span><\/li>\n<li style=\"text-align: left;\"><span style=\"font-size: 16px;\">R\u00fcckenschmerzen, Skoliose, Gliederschmerzen, Wachstumsschmerzen<\/span><\/li>\n<li style=\"text-align: left;\"><span style=\"font-size: 16px;\">Kieferorthop\u00e4dische Probleme, Malocclusion<\/span><\/li>\n<li style=\"text-align: left;\"><span style=\"font-size: 16px;\">Krampfleiden, Down Syndrome, Zerebrale Kinderl\u00e4hmung<\/span><\/li>\n<li style=\"text-align: left;\"><span style=\"font-size: 16px;\">Lernschwierigkeiten, Verhaltensprobleme, Schulangst, ADD, ADHD<\/span><\/li>\n<li style=\"text-align: left;\"><span style=\"font-size: 16px;\">Traumatische Verletzung<\/span><\/li>\n<li style=\"text-align: left;\"><span style=\"font-size: 16px;\">Impfungen<\/span><\/li>\n<li style=\"text-align: left;\"><span style=\"font-size: 16px;\">Kiss-Syndrom<\/span><\/li>\n<\/ul>\n<\/div><\/div><\/div><div id=\"cz_47398\" class=\"cz_47398 cz_title clr cz_mobile_text_center cz_title_pos_inline\"><div class=\"cz_title_content\"><div class=\"cz_wpe_content\"><p style=\"text-align: justify;\"><span style=\"font-size: 16px;\"><span style=\"color: #666666;\">Der Hinterkopfbereich (occipital-Bereich) ist f\u00fcr den Geburtsprozess von allergr\u00f6\u00dfter Bedeutung da er den Weg des Kindes duch den Geburtskanal leitet. <\/span>An dieser Stelle verlassen drei wichtige Hirnnerven den Sch\u00e4del:<\/span><\/p>\n<ul>\n<li style=\"text-align: justify;\"><span style=\"font-size: 16px;\"><span style=\"font-size: 16px;\">der 9. Hirnnerv (N. hypoglossus) welcher f\u00fcr das Saugen und Schlucken wichtig ist,<\/span><\/span><\/li>\n<li style=\"text-align: justify;\"><span style=\"font-size: 16px;\"><span style=\"font-size: 16px;\">der 10. Hirnnerv (Vagusnerv) welcher u.a. den Magen versorgt und verdauungsf\u00f6rdernd wirkt und<\/span><\/span><\/li>\n<li style=\"text-align: justify;\"><span style=\"font-size: 16px;\"><span style=\"font-size: 16px;\">der 11. Hirnnerv (N. Accesorius) welcher die Hals- und Schultermuskulatur versorgt und f\u00fcr die Kopfhaltung und Drehung wichtig ist.<\/span><\/span><\/li>\n<\/ul>\n<\/div><\/div><\/div><div id=\"cz_32827\" class=\"cz_32827 cz_title clr cz_mobile_text_center cz_title_pos_inline\"><div class=\"cz_title_content\"><div class=\"cz_wpe_content\"><p style=\"text-align: justify;\"><span style=\"color: #666666; font-size: 16px;\">Folglich kann, wenn das Hinterhaupt durch Druck beeintr\u00e4chtigt wird, die Symptomatik des Nervensystems von Kind zu Kind sehr unterschiedlich sein. Von mildem Spucken bis zum Kind, das hyperaktiv oder agressiv ist, unter Aufmerksamkeitsst\u00f6rungen leidet, das Lernprobleme, \u00c4ngste oder andere Verhaltenprobleme hat. Ausserdem k\u00f6nnen auch viele orthop\u00e4dische, kieferorthop\u00e4dische, internistische und augen\u00e4rztliche Schwierigkeiten durch Probleme in diesem Bereich ausgel\u00f6st oder mitverursacht werden.<strong><br \/>\n<\/strong><\/span><\/p>\n<\/div><\/div><\/div><div id=\"cz_96696\" class=\"cz_96696 cz_title clr cz_mobile_text_center cz_title_pos_inline\"><div class=\"cz_title_content\"><div class=\"cz_wpe_content\"><p style=\"text-align: left;\"><span style=\"font-size: 18px; color: #960055;\"><strong>Prognose<\/strong><\/span><\/p>\n<p style=\"text-align: left;\"><span style=\"color: #666666; font-size: 16px;\">Das Leben ist immer in Bewegung. Die Lebendigkeit des wachsenden kindlichen Organismus strebt immer nach Weiterentwicklung und wird ihre M\u00f6glichkeiten immer ganz und gar aussch\u00f6pfen.<\/span><\/p>\n<\/div><\/div><\/div><div id=\"cz_94645\" class=\"cz_94645 cz_title clr cz_mobile_text_center cz_title_pos_inline\"><div class=\"cz_title_content\"><div class=\"cz_wpe_content\"><p><span style=\"font-size: 18px; color: #960055;\"><strong>Bitte beachten Sie:<\/strong><\/span><\/p>\n<ul>\n<li><span style=\"font-size: 16px;\">Ich bin stets bem\u00fcht, Ihren Termin so einzuteilen dass er in Ihren und vor allem in den Tagesablauf Ihres Babys passt.<\/span><\/li>\n<li><span style=\"font-size: 16px;\">Bitte bringen Sie beim ersten Termin &#8211; wenn m\u00f6glich &#8211; das Patienten-Infoblatt f\u00fcr Wahlpatienten bereits ausgef\u00fcllt mit.<\/span><\/li>\n<li><span style=\"font-size: 16px;\">Kurzfristige Terminabsagen sind ausschlie\u00dflich telefonisch oder per SMS m\u00f6glich!<\/span><\/li>\n<\/ul>\n<\/div><\/div><\/div><div id=\"cz_26533\" class=\"cz_26533 cz_title clr cz_mobile_text_center cz_title_pos_inline\"><div class=\"cz_title_content\"><div class=\"cz_wpe_content\"><p style=\"text-align: justify;\"><span style=\"font-size: 18px; color: #960055;\"><strong>Hinweis<\/strong><\/span><\/p>\n<p style=\"text-align: justify;\"><span style=\"color: #666666; font-size: 16px;\">Lt. MDT-Gesetz bedarf es aus berufsrechtlichen Gr\u00fcnden f\u00fcr jede von uns <strong>Therapeuten erbrachten Behandlung einer \u00e4rztlichen Verordnung.<\/strong><\/span><\/p>\n<\/div><\/div><\/div><div id=\"cz_105004\" class=\"cz_105004 cz_title clr cz_mobile_text_center cz_title_pos_inline\"><div class=\"cz_title_content\"><div class=\"cz_wpe_content\"><p style=\"text-align: left;\"><span style=\"color: #666666; font-size: 16px;\">Osteopathie- und andere ganzheitliche Behandlugsformen (APM, Cranio-sacrale Therapie, TCM-Beratung, etc.) sind reine Privatleistungen und werden von den Versicherungsanstalten nicht r\u00fcckverg\u00fctet. Trotztdem bedarf es einer \u00e4rztlichen Verordnung!<\/span><\/p>\n<\/div><\/div><\/div><div id=\"cz_39098\" class=\"cz_39098 cz_title clr cz_mobile_text_center cz_title_pos_inline\"><div class=\"cz_title_content\"><div class=\"cz_wpe_content\"><p style=\"text-align: left;\"><span style=\"color: #666666; font-size: 16px;\"><strong>Tarife f\u00fcr eine osteopathische \/ cranio-sacrale Behandlung:<\/strong> siehe <a href=\"http:\/\/www.physiobalance-physiotherapie.at\/de\/patienteninfo\/behandlungstarife\/\"><span style=\"text-decoration: underline;\">Behandlungstarife<\/span><\/a><\/span><\/p>\n<\/div><\/div><\/div>[\/vc_column][vc_column width=&#8220;1\/6&#8243;][\/vc_column][\/vc_row]<\/p>\n<\/div>","protected":false},"excerpt":{"rendered":"<p>[vc_row][vc_column width=&#8220;1\/6&#8243;][\/vc_column][vc_column css_animation=&#8220;fadeInUp&#8220; width=&#8220;2\/3&#8243;][\/vc_column][vc_column width=&#8220;1\/6&#8243;][\/vc_column][\/vc_row][vc_row content_placement=&#8220;middle&#8220;][vc_column css_animation=&#8220;fadeInUp&#8220; width=&#8220;1\/6&#8243;][\/vc_column][vc_column width=&#8220;2\/3&#8243;][\/vc_column][vc_column width=&#8220;1\/6&#8243;][\/vc_column][\/vc_row][vc_row content_placement=&#8220;middle&#8220;][vc_column &#8230; <\/p>\n","protected":false},"author":2,"featured_media":0,"parent":2831,"menu_order":0,"comment_status":"closed","ping_status":"closed","template":"","meta":{"footnotes":""},"class_list":["post-1274","page","type-page","status-publish","hentry"],"_links":{"self":[{"href":"http:\/\/www.physiobalance-physiotherapie.at\/de\/wp-json\/wp\/v2\/pages\/1274","targetHints":{"allow":["GET"]}}],"collection":[{"href":"http:\/\/www.physiobalance-physiotherapie.at\/de\/wp-json\/wp\/v2\/pages"}],"about":[{"href":"http:\/\/www.physiobalance-physiotherapie.at\/de\/wp-json\/wp\/v2\/types\/page"}],"author":[{"embeddable":true,"href":"http:\/\/www.physiobalance-physiotherapie.at\/de\/wp-json\/wp\/v2\/users\/2"}],"replies":[{"embeddable":true,"href":"http:\/\/www.physiobalance-physiotherapie.at\/de\/wp-json\/wp\/v2\/comments?post=1274"}],"version-history":[{"count":10,"href":"http:\/\/www.physiobalance-physiotherapie.at\/de\/wp-json\/wp\/v2\/pages\/1274\/revisions"}],"predecessor-version":[{"id":2474,"href":"http:\/\/www.physiobalance-physiotherapie.at\/de\/wp-json\/wp\/v2\/pages\/1274\/revisions\/2474"}],"up":[{"embeddable":true,"href":"http:\/\/www.physiobalance-physiotherapie.at\/de\/wp-json\/wp\/v2\/pages\/2831"}],"wp:attachment":[{"href":"http:\/\/www.physiobalance-physiotherapie.at\/de\/wp-json\/wp\/v2\/media?parent=1274"}],"curies":[{"name":"wp","href":"https:\/\/api.w.org\/{rel}","templated":true}]}}