{"id":1295,"date":"2021-06-10T13:02:08","date_gmt":"2021-06-10T11:02:08","guid":{"rendered":"http:\/\/www.physiobalance-physiotherapie.at\/?page_id=1295"},"modified":"2025-03-18T17:26:40","modified_gmt":"2025-03-18T16:26:40","slug":"hypnobirthing","status":"publish","type":"page","link":"http:\/\/www.physiobalance-physiotherapie.at\/de\/therapiespektrum\/hypnobirthing\/","title":{"rendered":"HypnoBirthing"},"content":{"rendered":"<section class=\"wpb-content-wrapper\"><p>[vc_row][vc_column width=&#8220;1\/6&#8243;][\/vc_column][vc_column css_animation=&#8220;fadeInUp&#8220; width=&#8220;2\/3&#8243;]<div id=\"cz_76708\" class=\"cz_76708 cz_title clr cz_smart_fs cz_mobile_text_center cz_title_ba_line cz_title_pos_inline tac\"><div class=\"cz_title_content\"><div class=\"cz_wpe_content\"><h1 style=\"text-align: center;\"><span style=\"font-size: 36px; color: #960055;\">Was ist HypnoBirthing<br \/>\n<\/span><\/h1>\n<\/div><div class=\"cz_title_line cz_line_after_title\"><span>_<\/span><\/div><\/div><\/div>[\/vc_column][vc_column width=&#8220;1\/6&#8243;][\/vc_column][\/vc_row][vc_row content_placement=&#8220;top&#8220;][vc_column css_animation=&#8220;none&#8220; width=&#8220;1\/4&#8243;][vc_wp_custommenu title=&#8220;Hypnobirthing&#8220; nav_menu=&#8220;105&#8243;][\/vc_column][vc_column width=&#8220;3\/4&#8243;]<div id=\"cz_99305\" class=\"cz_99305 cz_title clr cz_mobile_text_center cz_title_pos_inline\"><div class=\"cz_title_content\"><div class=\"cz_wpe_content\"><h1 style=\"text-align: justify;\"><span style=\"color: #960055; font-size: 18px;\"><strong>HypnoBirthing Kurs &#8211; Dein Weg zur sanften Geburt<\/strong><\/span><\/h1>\n<p style=\"text-align: justify;\"><span style=\"font-size: 16px;\">Die<strong> Methode nach Marie Mongan<\/strong> zur sanften Geburt wird seit 1989 in den USA eingesetzt und HypnoBirthing erfreut sich dort h\u00f6chster Beliebtheit. Beim HypnoBirthing, einem etwas anderen Geburtsvorbereitungskurs, lernt die werdende Mutter wie sie mit Hilfe von Selbsthypnose und verschiedenen Entspannungstechniken <strong>selbst in der Lage ist, ihren Weg zu einer nat\u00fcrlichen, entspannten und vor allem angstfreien Geburt wach und ansprechbar zu erleben<\/strong>.<\/span><\/p>\n<\/div><\/div><\/div><div class=\"cz_gap clr \" style=\"height: 8px\"><\/div><div id=\"cz_77531\" class=\"cz_77531 cz_title clr cz_mobile_text_center cz_title_pos_inline\"><div class=\"cz_title_content\"><div class=\"cz_wpe_content\"><p style=\"text-align: justify;\"><span style=\"font-size: 16px;\">Die tief in unserer Kultur verankerte Angst der Frauen vor der Geburt bewirkt im\u00a0K\u00f6rper u. a. Muskelverkrampfung, reduzierte Durchblutung und erh\u00f6hte Aussch\u00fcttung von sog. Stresshormonen (Katecholamine).<\/span><\/p>\n<p style=\"text-align: justify;\"><span style=\"font-size: 16px;\">Diese Reaktionen bedingen und verschlimmern den oft unangenehmen Geburtsverlauf. Bei HypnoBirthing lernt man mit Selbsthypnosetechniken diese \u00c4ngste und auch jene die von Erfahrungen von fr\u00fcheren Geburten in uns abgespeichert sind systematisch abzubauen.<\/span><\/p>\n<\/div><\/div><\/div><div class=\"cz_gap clr \" style=\"height: 8px\"><\/div><div id=\"cz_83969\" class=\"cz_83969 cz_title clr cz_mobile_text_center cz_title_pos_inline\"><div class=\"cz_title_content\"><div class=\"cz_wpe_content\"><p style=\"text-align: justify;\"><span style=\"font-size: 16px;\">Viele M\u00fctter beschreiben mir in ihrer Therapie oder der ihrer Babies ihre oft traumatischen Geburtserlebnisse und deren Folgen. <strong>Daher ist es mir ein Anliegen, m\u00f6glichst vielen werdenden Eltern das Werkzeug f\u00fcr ihren pers\u00f6nlichen Weg zu einer sanften Geburt mitzugeben und sie dabei unterst\u00fctzend zu begleiten.<\/strong> Als optimale Erg\u00e4nzung zu dieser Geburtsvorbereitung sehe ich meine langj\u00e4hrigen Erfahrungen als Physiotherapeutin \/ Osteopathin \/ Kinderosteopathin, APM und TCM Therapeutin. In diesem Sinne w\u00fcnsche ich mir mit Hypnobirthing einen weiteren Schritt mehr Richtung Pr\u00e4vention zu gehen um dadurch m\u00f6gliche nachgeburtliche Traumatisierungen von Mutter und Kind zu reduzieren.<\/span><\/p>\n<\/div><\/div><\/div><div class=\"cz_gap clr \" style=\"height: 8px\"><\/div><div id=\"cz_34358\" class=\"cz_34358 cz_title clr cz_mobile_text_center cz_title_pos_inline\"><div class=\"cz_title_content\"><div class=\"cz_wpe_content\"><p style=\"text-align: justify;\"><span style=\"font-size: 16px;\">Aus meiner pers\u00f6nlichen Erfahrung heraus kann ich sagen, dass mir seit der Geburt unseres 3. Kindes noch viel mehr bewusst wurde wie sehr ich pers\u00f6nlich mit HypnoBirthing Techniken meinen Geburtsverlauf auf wundervoll entspannte Weise positiv beinflussen konnte. Daher habe ich mich entschlossen die <strong>Ausbildung zur HypnoBirthing Seminarleiterin<\/strong> zu machen. Unser 4. Kind ist am 19. August 2012 gesund und Dank HypnoBirthing sehr sanft <strong>OHNE Pressen<\/strong> auf die Welt gekommen.<\/span><\/p>\n<\/div><\/div><\/div><div class=\"cz_gap clr \" style=\"height: 8px\"><\/div><div id=\"cz_58724\" class=\"cz_58724 cz_title clr cz_mobile_text_center cz_title_pos_inline\"><div class=\"cz_title_content\"><div class=\"cz_wpe_content\"><p style=\"text-align: justify;\"><span style=\"color: #960055; font-size: 18px;\"><strong>HURRA!<\/strong><\/span><\/p>\n<p style=\"text-align: justify;\"><span style=\"font-size: 16px;\">Die ersten HypnoBirthing Babys sind im Juni und Juli 2012 gesund und sanft auf die Welt gekommen. <\/span><\/p>\n<p style=\"text-align: justify;\"><span style=\"font-size: 16px;\">Die R\u00fcckmeldungen der gl\u00fccklichen Eltern, die HypnoBirthing w\u00e4hrend der Geburt anwenden konnten, waren sehr positiv und k\u00f6nnen im HypnoBirthing-Untermen\u00fc <a href=\"\/de?page_id=1337\"><span style=\"text-decoration: underline;\"><em>Erfahrungsberichte<\/em><\/span><\/a> nachgelesen werden.<\/span><\/p>\n<\/div><\/div><\/div>[\/vc_column][\/vc_row]<\/p>\n<\/section>","protected":false},"excerpt":{"rendered":"<p>[vc_row][vc_column width=&#8220;1\/6&#8243;][\/vc_column][vc_column css_animation=&#8220;fadeInUp&#8220; width=&#8220;2\/3&#8243;][\/vc_column][vc_column width=&#8220;1\/6&#8243;][\/vc_column][\/vc_row][vc_row content_placement=&#8220;top&#8220;][vc_column css_animation=&#8220;none&#8220; width=&#8220;1\/4&#8243;][vc_wp_custommenu title=&#8220;Hypnobirthing&#8220; nav_menu=&#8220;105&#8243;][\/vc_column][vc_column width=&#8220;3\/4&#8243;][\/vc_column][\/vc_row] &#8230; <\/p>\n","protected":false},"author":2,"featured_media":0,"parent":2831,"menu_order":0,"comment_status":"closed","ping_status":"closed","template":"","meta":{"footnotes":""},"class_list":["post-1295","page","type-page","status-publish","hentry"],"_links":{"self":[{"href":"http:\/\/www.physiobalance-physiotherapie.at\/de\/wp-json\/wp\/v2\/pages\/1295","targetHints":{"allow":["GET"]}}],"collection":[{"href":"http:\/\/www.physiobalance-physiotherapie.at\/de\/wp-json\/wp\/v2\/pages"}],"about":[{"href":"http:\/\/www.physiobalance-physiotherapie.at\/de\/wp-json\/wp\/v2\/types\/page"}],"author":[{"embeddable":true,"href":"http:\/\/www.physiobalance-physiotherapie.at\/de\/wp-json\/wp\/v2\/users\/2"}],"replies":[{"embeddable":true,"href":"http:\/\/www.physiobalance-physiotherapie.at\/de\/wp-json\/wp\/v2\/comments?post=1295"}],"version-history":[{"count":10,"href":"http:\/\/www.physiobalance-physiotherapie.at\/de\/wp-json\/wp\/v2\/pages\/1295\/revisions"}],"predecessor-version":[{"id":6321,"href":"http:\/\/www.physiobalance-physiotherapie.at\/de\/wp-json\/wp\/v2\/pages\/1295\/revisions\/6321"}],"up":[{"embeddable":true,"href":"http:\/\/www.physiobalance-physiotherapie.at\/de\/wp-json\/wp\/v2\/pages\/2831"}],"wp:attachment":[{"href":"http:\/\/www.physiobalance-physiotherapie.at\/de\/wp-json\/wp\/v2\/media?parent=1295"}],"curies":[{"name":"wp","href":"https:\/\/api.w.org\/{rel}","templated":true}]}}