{"id":1330,"date":"2021-06-11T08:03:51","date_gmt":"2021-06-11T06:03:51","guid":{"rendered":"http:\/\/www.physiobalance-physiotherapie.at\/?page_id=1330"},"modified":"2026-02-18T18:05:06","modified_gmt":"2026-02-18T17:05:06","slug":"hb-kursinformation","status":"publish","type":"page","link":"http:\/\/www.physiobalance-physiotherapie.at\/de\/therapiespektrum\/hypnobirthing\/hb-kursinformation\/","title":{"rendered":"Kursinformation"},"content":{"rendered":"<div class=\"wpb-content-wrapper\"><p>[vc_row][vc_column width=&#8220;1\/6&#8243;][\/vc_column][vc_column css_animation=&#8220;fadeInUp&#8220; width=&#8220;2\/3&#8243;]<div id=\"cz_100140\" class=\"cz_100140 cz_title clr cz_mobile_text_center cz_title_ba_line cz_title_pos_inline tac\"><div class=\"cz_title_content\"><div class=\"cz_wpe_content\"><h3 style=\"text-align: center;\"><span style=\"font-size: 36px; color: #960055;\">HypnoBirthing Kursinformationen und Kurstermine<br \/>\n<\/span><\/h3>\n<\/div><div class=\"cz_title_line cz_line_after_title\"><span>_<\/span><\/div><\/div><\/div>[\/vc_column][vc_column width=&#8220;1\/6&#8243;][\/vc_column][\/vc_row][vc_row content_placement=&#8220;top&#8220;][vc_column css_animation=&#8220;fadeInUp&#8220; width=&#8220;1\/4&#8243;][vc_wp_custommenu title=&#8220;Hypnobirthing&#8220; nav_menu=&#8220;105&#8243;][\/vc_column][vc_column width=&#8220;3\/4&#8243;]<div id=\"cz_105908\" class=\"cz_105908 cz_title clr cz_mobile_text_center cz_title_pos_inline\"><div class=\"cz_title_content\"><div class=\"cz_wpe_content\"><p><span style=\"color: #960055; font-size: 18px;\"><strong>Kursumfang<\/strong><\/span><\/p>\n<p>4 x 3 Stunden in Kleingruppen mit <span style=\"color: #f09151;\"><strong>maximal 4 Elternpaaren<\/strong><\/span><\/p>\n<\/div><\/div><\/div><div class=\"cz_gap clr \" style=\"height: 8px\"><\/div><div id=\"cz_98629\" class=\"cz_98629 cz_title clr cz_mobile_text_center cz_title_pos_inline\"><div class=\"cz_title_content\"><div class=\"cz_wpe_content\"><p style=\"text-align: left;\"><span style=\"color: #960055; font-size: 18px;\"><strong>N\u00e4chste Kursbl\u00f6cke<\/strong><\/span><\/p>\n<p style=\"text-align: left;\"><b><strong>&#8211; M\u00e4rz<\/strong><\/b><b><strong>: 05.03. | 12.03. | 19.03. | 26.03. | 18:00-21:00<br \/>\n&#8211; Apr.-Mai: 16.04. | 23.04. | 07.05. | 12.05. | 18:00-21:00<br \/>\n&#8211; Juni-Juli: 02.06. | 11.06. | 25.06. | 02.07. | 18:00-21:00<\/strong><\/b><\/p>\n<p style=\"text-align: left;\"><span style=\"font-size: 16px;\">Termine laufend auf Anfrage: <a href=\"mailto:info@physiobalance.at\">info(at)physiobalance.at<\/a><\/span><\/p>\n<\/div><\/div><\/div>[vc_separator color=&#8220;custom&#8220; align=&#8220;align_left&#8220; el_width=&#8220;10&#8243; accent_color=&#8220;#960055&#8243;]<div id=\"cz_42899\" class=\"cz_42899 cz_title clr cz_mobile_text_center cz_title_pos_inline\"><div class=\"cz_title_content\"><div class=\"cz_wpe_content\"><p style=\"text-align: justify;\"><span style=\"font-size: 16px;\">Bei Terminkollisionen k\u00f6nnen Sie mich gerne kontaktieren, bisher konnten mit den teilnehmenden P\u00e4rchen f\u00fcr alle passende Termine gefunden werden.<\/span><\/p>\n<p style=\"text-align: justify;\"><span style=\"font-size: 16px;\">HypnoBirthing Kursserien finden laufend statt; auf Anfrage bzw. nach pers\u00f6nlicher Absprache m\u00f6glich. Wenn ein regul\u00e4rer Kurs f\u00fcr Sie nicht m\u00f6glich ist sprechen Sie mich bitte an, wir finden sicher eine f\u00fcr Sie passende L\u00f6sung.<\/span><\/p>\n<\/div><\/div><\/div><div class=\"cz_gap clr \" style=\"height: 8px\"><\/div><div id=\"cz_48529\" class=\"cz_48529 cz_title clr cz_mobile_text_center cz_title_pos_inline\"><div class=\"cz_title_content\"><div class=\"cz_wpe_content\"><p style=\"text-align: justify;\"><span style=\"color: #960055; font-size: 18px;\"><strong>Kursort<\/strong><\/span><\/p>\n<p style=\"text-align: justify;\"><span style=\"text-decoration: underline;\"><a href=\"http:\/\/www.physiobalance-physiotherapie.at\/de\/kontakt\/anfahrt_uferstrasse\/\">Physiobalance, Praxis f\u00fcr Physiotherapie und Osteopathie, Uferstra\u00dfe 2B, 5026 Salzburg-Aigen<\/a><\/span><br \/>\n(direkt beim Wilhelm-Kaufmann-Steg).<\/p>\n<\/div><\/div><\/div><div class=\"cz_gap clr \" style=\"height: 8px\"><\/div><div id=\"cz_63285\" class=\"cz_63285 cz_title clr cz_mobile_text_center cz_title_pos_inline\"><div class=\"cz_title_content\"><div class=\"cz_wpe_content\"><p style=\"text-align: justify;\"><span style=\"color: #960055; font-size: 18px;\"><strong>Kurskosten<\/strong><\/span><\/p>\n<p style=\"text-align: justify;\"><span style=\"font-size: 16px;\"><strong><span style=\"color: #f18a47;\">EUR 450,00 pro Paar<\/span><\/strong> &#8211; Versicherungen \u00fcbernehmen in manchen F\u00e4llen Teile der Kurskosten!<\/span><\/p>\n<p style=\"text-align: justify;\"><span style=\"font-size: 16px;\">Inkludiert sind die Entspannungs-CD (Tiefenentspannung &amp; Elternsein, Affirmationen &amp; Regenbogen-Entspannung) sowie umfangreiche Kursunterlagen (Geburtsaffirmationen &amp; Leitfaden f\u00fcr den Geburtsbegleiter, Bindungs\u00fcbungen, Hypnose-Texte zum \u00dcben mit dem Partner, Entspannungstexte, etc.) und kleine Pausensnacks. Nicht inkludiert ist das Buch HypnoBirthung von Marie Mongan.<\/span><\/p>\n<p style=\"text-align: justify;\"><span style=\"font-size: 16px;\"><span style=\"color: #f18a47;\"><strong>WICHTIG:<\/strong><\/span> Eine Kurszusage (m\u00fcndlich oder schriftlich) gilt als verbindliche Anmeldung. Die vor Kursbeginn zu leistende Anzahlung in der H\u00f6he von EUR 150,00 wird nat\u00fcrlich vom Gesamtbetrag (EUR 450,00) abgezogen (dh. Restzahlung bei Kursstart EUR 300,00).<\/span><\/p>\n<p style=\"text-align: justify;\"><span style=\"font-size: 16px;\">Bei Absagen seitens der Teilnehmer wird der Kursbeitrag zu 50 % verrechnet. Bei einer Absage 5 Tage (und weniger) vor Kursbeginn wird der Kursbeitrag zu 100 % verrechnet.<\/span><\/p>\n<\/div><\/div><\/div><div class=\"cz_gap clr \" style=\"height: 8px\"><\/div>[vc_separator color=&#8220;custom&#8220; align=&#8220;align_left&#8220; accent_color=&#8220;#960055&#8243;]<div id=\"cz_110374\" class=\"cz_110374 cz_title clr cz_mobile_text_center cz_title_pos_inline\"><div class=\"cz_title_content\"><div class=\"cz_wpe_content\"><p style=\"text-align: justify;\"><span style=\"color: #960055; font-size: 18px;\"><strong>BESONDERE UMST\u00c4NDE<\/strong><\/span><\/p>\n<p style=\"text-align: justify;\"><span style=\"font-size: 16px;\">Treten besondere Umst\u00e4nde ein, wie zum Beispiel durch das Coronavirus COVID-19 verursacht, verzichten wir auf o.g. K\u00fcndigungsmodalit\u00e4ten! D.h. kann dadurch der Kurs nicht stattfinden, werden die Kurskosten zu 100% r\u00fcckerstattet. K\u00f6nnen nur einzelne Kursabende stattfinden, erfolgt eine aliquote R\u00fcckerstattung. Wird ein Kursabend ggf. in Absprache mit den KursteilnehmerInnen online durchgef\u00fchrt, ersetzt dieser zu 100% einen sonst vor Ort stattfindenden Kursabend.<\/span><\/p>\n<p style=\"text-align: justify;\"><span style=\"font-size: 16px;\">Wir k\u00f6nnen hier nicht f\u00fcr alle Eventualit\u00e4ten entsprechende Regelungen anf\u00fchren; bisher konnten aber immer zufriedenstellende L\u00f6sungen f\u00fcr die Kursteilnehmer:innen gefunden werden (z.B. bei Schwangerschaftskomplikationen, Fr\u00fchgeburten, etc.).<\/span><\/p>\n<p style=\"text-align: justify;\"><span style=\"font-size: 16px;\">Wir ersuchen jedoch um faire Handhabe unseres Entgegenkommens!<\/span><\/p>\n<p style=\"text-align: justify;\"><span style=\"font-size: 16px;\">Sollten nicht mind. 3 P\u00e4rchen bei einem Kurs teilnehmen, kann der Kurs kurzfristig abgesagt werden. Bei einer eventuellen Absage seitens der Vortragenden vor Kursbeginn wird selbstverst\u00e4ndlich der gesamte Kursbeitrag erstattet!<\/span><\/p>\n<\/div><\/div><\/div><div class=\"cz_gap clr \" style=\"height: 8px\"><\/div><div id=\"cz_85861\" class=\"cz_85861 cz_title clr cz_title_pos_inline hide_on_desktop hide_on_tablet hide_on_mobile show_on_mobile\"><div class=\"cz_title_content\"><div class=\"cz_wpe_content\"><p style=\"text-align: justify;\"><span style=\"color: #960055; font-size: 18px;\"><strong> HANDLUNGSEMPFEHLUNGEN COVID-19<\/strong><\/span><\/p>\n<p style=\"text-align: justify;\"><span style=\"font-size: 16px;\">Die Durchf\u00fchrung von Geburtsvorbereitungskursen ist als eine Handlung im Rahmen der \u00f6sterreichischen Gesundheitsversorgung zu sehen. Es ist daher eine den Mund- und Nasenbereich abdeckende mechanische Schutzvorrichtung zu tragen. Vor allem ist auf eine konsequente Umsetzung der bekannten Hygienema\u00dfnahmen zu achten.<\/span><\/p>\n<p style=\"text-align: justify;\"><span style=\"font-size: 16px;\">F\u00fcr die Abhaltung von Geburtsvorbereitungskursen sind folgende Vorgehen empfohlen:<\/span><\/p>\n<ul style=\"text-align: left;\">\n<li style=\"text-align: justify;\"><span style=\"font-size: 16px;\">Das Infektionsrisiko ist durch geeignete Pr\u00e4ventionskonzepte und Schutzma\u00dfnahmen niedrig zu halten.<\/span><\/li>\n<li style=\"text-align: justify;\"><span style=\"font-size: 16px;\">Der Gesundheitszustand der Teilnehmer*innen ist in geeigneter Weise zu \u00fcberpr\u00fcfen.<\/span><\/li>\n<li style=\"text-align: justify;\"><span style=\"font-size: 16px;\">Entsprechende Reinigung der R\u00e4umlichkeit und Oberfl\u00e4chendesinfektion ist zu gew\u00e4hrleisten.<\/span><\/li>\n<li style=\"text-align: justify;\"><span style=\"font-size: 16px;\">Matten, Unterlagen und sonstige Hilfsmittel sind nach M\u00f6glichkeit von der Teilnehmer*in selbst mitzubringen.<\/span><\/li>\n<li style=\"text-align: justify;\"><span style=\"font-size: 16px;\">Der Eintritt und das Verlassen des Veranstaltungsortes sind so zu organisieren, dass dies geordnet stattfindet. Ein MNS ist dabei zu tragen. H\u00e4ndedesinfektion muss zur Verf\u00fcgung stehen.<\/span><\/li>\n<li style=\"text-align: justify;\"><span style=\"font-size: 16px;\">Zwischen den Teilnehmer*innen ist ein Mindestabstand von 1 Meter einzuhalten. Bei entsprechenden Bewegungsangeboten im Rahmen der Geburtsvorbereitung empfehlen wir diesen Abstand entsprechend gr\u00f6\u00dfer auf 2 Meter einzuplanen. Partner*innen\u00fcbungen d\u00fcrfen nur mit einer im selben Haushalt lebenden Person durchgef\u00fchrt werden.<\/span><\/li>\n<li style=\"text-align: justify;\"><span style=\"font-size: 16px;\">Nach 1 Stunde sollte eine Pause zum L\u00fcften der R\u00e4umlichkeiten eingeplant werden.<\/span><\/li>\n<\/ul>\n<\/div><\/div><\/div><div class=\"cz_gap clr \" style=\"height: 8px\"><\/div>[vc_separator color=&#8220;custom&#8220; align=&#8220;align_left&#8220; accent_color=&#8220;#960055&#8243;]<div id=\"cz_25924\" class=\"cz_25924 cz_title clr cz_title_pos_inline\"><div class=\"cz_title_content\"><div class=\"cz_wpe_content\"><p><span style=\"color: #960055; font-size: 18px;\"><strong>Weitere Informationen zu HypnoBirthing<\/strong><\/span><\/p>\n<p style=\"text-align: left;\"><span style=\"font-size: 16px;\">finden Sie auch unter <span style=\"text-decoration: underline;\"><a href=\"http:\/\/www.hypnobirthing.at\">www.hypnobirthing.at<\/a><\/span><\/span><\/p>\n<\/div><\/div><\/div><div class=\"cz_gap clr \" style=\"height: 8px\"><\/div><div id=\"cz_56965\" class=\"cz_56965 cz_title clr cz_title_pos_inline\"><div class=\"cz_title_content\"><div class=\"cz_wpe_content\"><p style=\"text-align: justify;\"><span style=\"color: #960055; font-size: 18px;\"><strong>Wichtiger Hinweis<\/strong><\/span><\/p>\n<p style=\"text-align: justify;\"><span style=\"font-size: 16px;\">F\u00fcr alle medizinischen Aspekte rund um die Schwangerschaft und Geburt wenden Sie sich bitte weiterhin an Ihre Hebamme oder an Ihren Arzt. HypnoBirthing-Seminarleiter bereiten Sie mental auf die Geburt Ihres Kindes vor, k\u00f6nnen und wollen aber eine medizinische Betreuung nicht ersetzen. Besondere Umst\u00e4nde w\u00e4hrend der Schwangerschaft und medizinische Indikationen, die eine Gefahr f\u00fcr Mutter und\/oder Kind bedeuten, k\u00f6nnen einer nat\u00fcrlichen Geburt entgegenstehen &#8211; bitte sprechen Sie Ihre Vorgangsweise unbedingt mit Ihrem Arzt und\/oder Ihrer Hebamme ab.<\/span><\/p>\n<\/div><\/div><\/div><div class=\"cz_gap clr \" style=\"height: 15px\"><\/div><div id=\"cz_45887\" class=\"cz_45887 cz_title clr cz_title_pos_inline\"><div class=\"cz_title_content\"><div class=\"cz_wpe_content\"><p style=\"text-align: justify;\"><span style=\"color: #960055; font-size: 18px;\"><strong>BITTE BEACHTEN SIE<\/strong><\/span><\/p>\n<ol>\n<li style=\"text-align: justify;\"><span style=\"font-size: 16px;\">Das Kursbuch HypnoBirthing dient ausschlie\u00dflich als Kursunterlage! <strong><span style=\"color: #f18a00;\">Das Selbststudium von HypnoBirthing oder das alleinige Lesen des Buches ohne Teilname am Kurs wird von meiner Seite DRINGEND abgeraten!<\/span><\/strong> Viele Informationen aus dem Kursbuch k\u00f6nnen fehlinterpretiert werden und daher k\u00f6nnen Missverst\u00e4ndnisse zwischen dem betreuenden medizinischen Personal und den Eltern entstehen.<\/span><\/li>\n<li style=\"text-align: justify;\"><span style=\"font-size: 16px;\">Meine Erfahrungen haben gezeigt, dass nur der w\u00f6chentliche Abstand zwischen den einzelnen Kursabenden den P\u00e4rchen die notwendige Zeit zum \u00dcben und Vertiefen gibt. Daher empfehle ich, diesen Kurs nicht im Zuge eines Crashkurses oder im Zuge eines einzelnen Wochenendkurses zu absolvieren! <strong><span style=\"color: #f18a00;\">Es bedarf Zeit und vor allem viel \u00dcbung um HypnoBirthing als geburtsunterst\u00fctzende Methode auch erfolgreich bei der Geburt anwenden zu k\u00f6nnen.<\/span><\/strong><\/span><\/li>\n<\/ol>\n<\/div><\/div><\/div>[\/vc_column][\/vc_row][vc_row][vc_column]<div class=\"cz_gap clr \" style=\"height: 30px\"><\/div>[\/vc_column][\/vc_row]<\/p>\n<\/div>","protected":false},"excerpt":{"rendered":"<p>[vc_row][vc_column width=&#8220;1\/6&#8243;][\/vc_column][vc_column css_animation=&#8220;fadeInUp&#8220; width=&#8220;2\/3&#8243;][\/vc_column][vc_column width=&#8220;1\/6&#8243;][\/vc_column][\/vc_row][vc_row content_placement=&#8220;top&#8220;][vc_column css_animation=&#8220;fadeInUp&#8220; width=&#8220;1\/4&#8243;][vc_wp_custommenu title=&#8220;Hypnobirthing&#8220; nav_menu=&#8220;105&#8243;][\/vc_column][vc_column width=&#8220;3\/4&#8243;][vc_separator &#8230; <\/p>\n","protected":false},"author":2,"featured_media":0,"parent":1295,"menu_order":0,"comment_status":"closed","ping_status":"closed","template":"","meta":{"footnotes":""},"class_list":["post-1330","page","type-page","status-publish","hentry"],"_links":{"self":[{"href":"http:\/\/www.physiobalance-physiotherapie.at\/de\/wp-json\/wp\/v2\/pages\/1330","targetHints":{"allow":["GET"]}}],"collection":[{"href":"http:\/\/www.physiobalance-physiotherapie.at\/de\/wp-json\/wp\/v2\/pages"}],"about":[{"href":"http:\/\/www.physiobalance-physiotherapie.at\/de\/wp-json\/wp\/v2\/types\/page"}],"author":[{"embeddable":true,"href":"http:\/\/www.physiobalance-physiotherapie.at\/de\/wp-json\/wp\/v2\/users\/2"}],"replies":[{"embeddable":true,"href":"http:\/\/www.physiobalance-physiotherapie.at\/de\/wp-json\/wp\/v2\/comments?post=1330"}],"version-history":[{"count":11,"href":"http:\/\/www.physiobalance-physiotherapie.at\/de\/wp-json\/wp\/v2\/pages\/1330\/revisions"}],"predecessor-version":[{"id":6605,"href":"http:\/\/www.physiobalance-physiotherapie.at\/de\/wp-json\/wp\/v2\/pages\/1330\/revisions\/6605"}],"up":[{"embeddable":true,"href":"http:\/\/www.physiobalance-physiotherapie.at\/de\/wp-json\/wp\/v2\/pages\/1295"}],"wp:attachment":[{"href":"http:\/\/www.physiobalance-physiotherapie.at\/de\/wp-json\/wp\/v2\/media?parent=1330"}],"curies":[{"name":"wp","href":"https:\/\/api.w.org\/{rel}","templated":true}]}}