{"id":1366,"date":"2021-06-11T08:29:56","date_gmt":"2021-06-11T06:29:56","guid":{"rendered":"http:\/\/www.physiobalance-physiotherapie.at\/?page_id=1366"},"modified":"2022-11-04T07:53:07","modified_gmt":"2022-11-04T06:53:07","slug":"lymphdrainage","status":"publish","type":"page","link":"http:\/\/www.physiobalance-physiotherapie.at\/de\/therapiespektrum\/lymphdrainage\/","title":{"rendered":"Lymphdrainage"},"content":{"rendered":"<div class=\"wpb-content-wrapper\"><p>[vc_row][vc_column width=&#8220;1\/6&#8243;][\/vc_column][vc_column css_animation=&#8220;fadeInUp&#8220; width=&#8220;2\/3&#8243;]<div class=\"cz_gap clr  hide_on_mobile\" style=\"height: 40px\"><\/div><div class=\"cz_gap show_on_mobile clr\" style=\"height: 27px\"><\/div><div id=\"cz_51662\" class=\"cz_51662 cz_title clr cz_mobile_text_center cz_title_ba_line cz_title_pos_inline tac\"><div class=\"cz_title_content\"><div class=\"cz_wpe_content\"><h3 style=\"text-align: center;\"><span style=\"font-size: 36px;\">Manuelle Lymphdrainage<br \/>\n<\/span><\/h3>\n<\/div><div class=\"cz_title_line cz_line_after_title\"><span>_<\/span><\/div><\/div><\/div>[\/vc_column][vc_column width=&#8220;1\/6&#8243;][\/vc_column][\/vc_row][vc_row content_placement=&#8220;middle&#8220;][vc_column css_animation=&#8220;fadeInUp&#8220; width=&#8220;1\/6&#8243;][\/vc_column][vc_column width=&#8220;2\/3&#8243;]<div class=\"cz_gap clr \" style=\"height: 15px\"><\/div><div id=\"cz_14782\" class=\"cz_14782 cz_title clr cz_mobile_text_center cz_title_pos_inline\"><div class=\"cz_title_content\"><div class=\"cz_wpe_content\"><p style=\"text-align: justify;\"><span style=\"font-size: 16px;\">Dr. Emil Vodder und seine Frau entwickelten in den drei\u00dfiger Jahren die Drainage zur Anregung des Lymphabflusses.<\/span><\/p>\n<\/div><\/div><\/div><div id=\"cz_22698\" class=\"cz_22698 cz_title clr cz_mobile_text_center cz_title_pos_inline\"><div class=\"cz_title_content\"><div class=\"cz_wpe_content\"><p style=\"text-align: justify;\"><span style=\"font-size: 16px;\">Sie nannten sie Manuelle Lymphdrainage, weil diese Methode ausschlie\u00dflich mit den H\u00e4nden ausgef\u00fchrt wird. Die Manuelle Lymphdrainage ist eine Behandlungsform, mit der das Lymphgef\u00e4\u00dfsystem im ganzen K\u00f6rper unterst\u00fctzt und angeregt wird.<\/span><\/p>\n<\/div><\/div><\/div><div id=\"cz_103939\" class=\"cz_103939 cz_title clr cz_mobile_text_center cz_title_pos_inline\"><div class=\"cz_title_content\"><div class=\"cz_wpe_content\"><p style=\"text-align: justify;\"><span style=\"font-size: 16px;\">Entlang der Lymphwege wird mit sanften rhythmischen, schmerzfrei und langsam ausgef\u00fchrten kreis,-und spiralf\u00f6rmigen Griffen das Lymphsystem aktiviert und das Gewebe entspannt. Durch ihre Drainagewirkung unterst\u00fctzt sie das Lymphsystem, kr\u00e4ftigt das Immunsystem und wirkt durch ihre feinen Bewegungen entstauend, wohltuend und entspannend.<\/span><\/p>\n<\/div><\/div><\/div><div class=\"cz_gap clr \" style=\"height: 5px\"><\/div><div id=\"cz_20243\" class=\"cz_20243 cz_title clr cz_mobile_text_center cz_title_pos_inline\"><div class=\"cz_title_content\"><div class=\"cz_wpe_content\"><p><span style=\"color: #960055; font-size: 18px;\"><strong>Indikation der manuellen Lymphdrainage<\/strong><\/span><\/p>\n<ul>\n<li><span style=\"font-size: 16px;\">bei Lymph\u00f6demen &#8211; angeboren oder durch \u00e4u\u00dfere Einfl\u00fcsse verursachte Abflussbehinderung im Lymphgef\u00e4\u00dfsystem:<\/span><\/li>\n<li><span style=\"font-size: 16px;\">nach Verletzungen<\/span><\/li>\n<li><span style=\"font-size: 16px;\">Verbrennungen<\/span><\/li>\n<li><span style=\"font-size: 16px;\">chirurgischen Eingriffen<\/span><\/li>\n<li><span style=\"font-size: 16px;\">Narben und<\/span><\/li>\n<li><span style=\"font-size: 16px;\">nach Entfernung von Lymphknoten<\/span><\/li>\n<li><span style=\"font-size: 16px;\">bei chronischer Venenschw\u00e4che<\/span><\/li>\n<li><span style=\"font-size: 16px;\">bei Migr\u00e4ne<\/span><\/li>\n<li><span style=\"font-size: 16px;\">bei chronischen Schmerzsyndromen<\/span><\/li>\n<\/ul>\n<\/div><\/div><\/div><div class=\"cz_gap clr \" style=\"height: 5px\"><\/div><div id=\"cz_109495\" class=\"cz_109495 cz_title clr cz_mobile_text_center cz_title_pos_inline\"><div class=\"cz_title_content\"><div class=\"cz_wpe_content\"><p style=\"text-align: justify;\"><span style=\"color: #960055; font-size: 18px;\"><strong>Ziele der manuellen Lymphdrainage<\/strong><\/span><\/p>\n<p style=\"text-align: justify;\"><span style=\"font-size: 16px;\">Ziele der manuellen Lymphdrainage sind den gest\u00f6rten Lymphabfluss zu verbessern und\/oder wieder herzustellen. Ebenso kommt es durch die positive Beeinflussung des vegetativen Nervensystems zu einer Entspannung des Gewebes und des gesamten K\u00f6rpers, zu einer Schmerzreduktion und St\u00e4rkung des Immunsystems.<\/span><\/p>\n<\/div><\/div><\/div><div class=\"cz_gap clr \" style=\"height: 30px\"><\/div>[\/vc_column][vc_column width=&#8220;1\/6&#8243;][\/vc_column][\/vc_row]<\/p>\n<\/div>","protected":false},"excerpt":{"rendered":"<p>[vc_row][vc_column width=&#8220;1\/6&#8243;][\/vc_column][vc_column css_animation=&#8220;fadeInUp&#8220; width=&#8220;2\/3&#8243;][\/vc_column][vc_column width=&#8220;1\/6&#8243;][\/vc_column][\/vc_row][vc_row content_placement=&#8220;middle&#8220;][vc_column css_animation=&#8220;fadeInUp&#8220; width=&#8220;1\/6&#8243;][\/vc_column][vc_column width=&#8220;2\/3&#8243;][\/vc_column][vc_column width=&#8220;1\/6&#8243;][\/vc_column][\/vc_row] &#8230; <\/p>\n","protected":false},"author":2,"featured_media":0,"parent":2831,"menu_order":0,"comment_status":"closed","ping_status":"closed","template":"","meta":{"footnotes":""},"class_list":["post-1366","page","type-page","status-publish","hentry"],"_links":{"self":[{"href":"http:\/\/www.physiobalance-physiotherapie.at\/de\/wp-json\/wp\/v2\/pages\/1366","targetHints":{"allow":["GET"]}}],"collection":[{"href":"http:\/\/www.physiobalance-physiotherapie.at\/de\/wp-json\/wp\/v2\/pages"}],"about":[{"href":"http:\/\/www.physiobalance-physiotherapie.at\/de\/wp-json\/wp\/v2\/types\/page"}],"author":[{"embeddable":true,"href":"http:\/\/www.physiobalance-physiotherapie.at\/de\/wp-json\/wp\/v2\/users\/2"}],"replies":[{"embeddable":true,"href":"http:\/\/www.physiobalance-physiotherapie.at\/de\/wp-json\/wp\/v2\/comments?post=1366"}],"version-history":[{"count":10,"href":"http:\/\/www.physiobalance-physiotherapie.at\/de\/wp-json\/wp\/v2\/pages\/1366\/revisions"}],"predecessor-version":[{"id":2470,"href":"http:\/\/www.physiobalance-physiotherapie.at\/de\/wp-json\/wp\/v2\/pages\/1366\/revisions\/2470"}],"up":[{"embeddable":true,"href":"http:\/\/www.physiobalance-physiotherapie.at\/de\/wp-json\/wp\/v2\/pages\/2831"}],"wp:attachment":[{"href":"http:\/\/www.physiobalance-physiotherapie.at\/de\/wp-json\/wp\/v2\/media?parent=1366"}],"curies":[{"name":"wp","href":"https:\/\/api.w.org\/{rel}","templated":true}]}}