{"id":1378,"date":"2021-06-11T08:39:41","date_gmt":"2021-06-11T06:39:41","guid":{"rendered":"http:\/\/www.physiobalance-physiotherapie.at\/?page_id=1378"},"modified":"2022-11-04T07:55:11","modified_gmt":"2022-11-04T06:55:11","slug":"apm","status":"publish","type":"page","link":"http:\/\/www.physiobalance-physiotherapie.at\/de\/therapiespektrum\/apm\/","title":{"rendered":"Akupunktmassage (APM)"},"content":{"rendered":"<div class=\"wpb-content-wrapper\"><p>[vc_row][vc_column width=&#8220;1\/6&#8243;][\/vc_column][vc_column css_animation=&#8220;fadeInUp&#8220; width=&#8220;2\/3&#8243;]<div class=\"cz_gap clr  hide_on_mobile\" style=\"height: 40px\"><\/div><div class=\"cz_gap show_on_mobile clr\" style=\"height: 27px\"><\/div><div id=\"cz_52480\" class=\"cz_52480 cz_title clr cz_mobile_text_center cz_title_ba_line cz_title_pos_inline tac\"><div class=\"cz_title_content\"><div class=\"cz_wpe_content\"><h3 style=\"text-align: center;\"><span style=\"font-size: 36px;\">Akupunkt-Massage (APM)<br \/>\n<\/span><\/h3>\n<\/div><div class=\"cz_title_line cz_line_after_title\"><span>_<\/span><\/div><\/div><\/div>[\/vc_column][vc_column width=&#8220;1\/6&#8243;][\/vc_column][\/vc_row][vc_row content_placement=&#8220;top&#8220;][vc_column css_animation=&#8220;fadeInUp&#8220; width=&#8220;1\/4&#8243;][vc_wp_custommenu title=&#8220;Akupunkt&#8220; nav_menu=&#8220;106&#8243;][\/vc_column][vc_column width=&#8220;3\/4&#8243;]<div id=\"cz_33620\" class=\"cz_33620 cz_title clr cz_mobile_text_center cz_title_pos_inline\"><div class=\"cz_title_content\"><div class=\"cz_wpe_content\"><p style=\"text-align: justify;\"><span style=\"color: #960055; font-size: 18px;\"><strong>Die Akupunktmassage nach Penzel<\/strong><\/span><\/p>\n<p style=\"text-align: justify;\"><span style=\"font-size: 16px;\">ist eine der \u00e4ltesten europ\u00e4ischen Meridiantherapien mit Wurzeln in der Traditionellen Chinesischen Medizin (TCM) und der klassischen Akupunkturlehre. Sie wurde in den 50er und 60er Jahren in Deutschland von dem Masseur Willy Penzel entwickelt.<\/span><\/p>\n<p>&nbsp;<\/p>\n<p style=\"text-align: justify;\"><span style=\"font-size: 16px;\">Bei der APM Behandlung bedient sich der Therapeut der im K\u00f6rper verlaufenden Meridianen. Die (nachweisbar) in diesen &#8222;elektrischen Leitungen&#8220; des K\u00f6rpers flie\u00dfende k\u00f6rpereigene Energie steuert alle Funktionen des Organismus.<\/span><\/p>\n<p>&nbsp;<\/p>\n<p style=\"text-align: justify;\"><span style=\"font-size: 16px;\">Aus Sicht der APM ist Krankheit, Schmerz und seelische Verstimmung ein Anzeichen einer energetischen Blockade, die durch die Akupuntkmassage nach Penzel gel\u00f6st wird.<\/span><\/p>\n<p style=\"text-align: justify;\"><span style=\"font-size: 16px;\">Dabei werden die f\u00fcr die Behandlung notwendigen Meridiane und Akupunkturpunkte mit Hilfe eines APM St\u00e4bchens aktiviert.<\/span><\/p>\n<p>&nbsp;<\/p>\n<p style=\"text-align: justify;\"><span style=\"font-size: 16px;\">Die k\u00f6rpereigene Steuerenergiewird in Fluss gebracht und der &#8222;innere Arzt&#8220; wird aktiviert. Das bedeutet, der K\u00f6rper beginnt dort selbst zu reparieren wo es f\u00fcr ihn am wichtigsten ist.<\/span><\/p>\n<\/div><\/div><\/div><div id=\"cz_63122\" class=\"cz_63122 cz_title clr cz_mobile_text_center cz_title_pos_inline\"><div class=\"cz_title_content\"><div class=\"cz_wpe_content\"><p style=\"text-align: justify;\"><span style=\"color: #960055; font-size: 18px;\"><strong>F\u00fcr welche Beschwerden n\u00fctzt das?<\/strong><\/span><\/p>\n<p style=\"text-align: justify;\"><span style=\"font-size: 16px;\">Alle funktionellen St\u00f6rungen des K\u00f6rpers k\u00f6nnen sich durch eine Behandlung mit Akupunktmassage nach Penzel verbessern.<\/span><\/p>\n<\/div><\/div><\/div><div id=\"cz_28457\" class=\"cz_28457 cz_title clr cz_mobile_text_center cz_title_pos_inline\"><div class=\"cz_title_content\"><div class=\"cz_wpe_content\"><p style=\"text-align: left;\"><span style=\"color: #960055; font-size: 18px;\"><strong>Besonders h\u00e4ufig behandle ich mit APM<\/strong><\/span><\/p>\n<ul>\n<li style=\"text-align: left;\"><span style=\"font-size: 16px;\">Wirbels\u00e4ulen- und Gelenksblockaden<\/span><\/li>\n<li style=\"text-align: left;\"><span style=\"font-size: 16px;\">Funktionelle Beschwerden der inneren Organe<\/span><\/li>\n<li style=\"text-align: left;\"><span style=\"font-size: 16px;\">Schmerzzust\u00e4nde unklarer Herkunft<\/span><\/li>\n<li style=\"text-align: left;\"><span style=\"font-size: 16px;\">Rheumatischer Formenkreis<\/span><\/li>\n<li style=\"text-align: left;\"><span style=\"font-size: 16px;\">M\u00fcdigkeit und Stress, Schlafst\u00f6rungen<\/span><\/li>\n<li style=\"text-align: left;\"><span style=\"font-size: 16px;\">Schwangerschaftsbeschwerden, Geburtsvorbereitung<\/span><\/li>\n<li style=\"text-align: left;\"><span style=\"font-size: 16px;\">Konzentrationsschwierigkeiten<\/span><\/li>\n<li style=\"text-align: left;\"><span style=\"font-size: 16px;\">u.v.m.<\/span><\/li>\n<\/ul>\n<\/div><\/div><\/div><div id=\"cz_88797\" class=\"cz_88797 cz_title clr cz_mobile_text_center cz_title_pos_inline\"><div class=\"cz_title_content\"><div class=\"cz_wpe_content\"><p style=\"text-align: justify;\"><span style=\"color: #960055; font-size: 18px;\"><strong>Wodurch unterscheidet sich die Akupunktmassage nach Penzel von anderen Behandlungsmethoden?<\/strong><\/span><\/p>\n<ul>\n<li style=\"text-align: justify;\"><span style=\"font-size: 16px;\">Ich arbeite an den Akupunkturpunkten ohne Nadeln (daher besonders f\u00fcr Kinder gut anwendbar).\u00a0<\/span><\/li>\n<li style=\"text-align: justify;\"><span style=\"font-size: 16px;\">Oft verbinde ich in meinem Therapieaufbau eine energetische Behandlung wie APM oder OAM mit einer strukturellen Behandlung; d.h. man bringt den K\u00f6rper dazu sich selbst zu reparieren und gibt ihm von au\u00dfen Hinweise, wie er das tun kann (z.B. bei Wirbels\u00e4ulen- und Gelenksproblemen)<\/span><\/li>\n<li style=\"text-align: justify;\"><span style=\"font-size: 16px;\">Man arbeitet bei der APM in einem nach westlichem Denken logischen System, d.h. man wei\u00df wohin man die Energie verlagern kann und erm\u00f6glicht so eine verantwortliche energetische Behanlung.<\/span><\/li>\n<\/ul>\n<\/div><\/div><\/div><div class=\"cz_gap clr \" style=\"height: 30px\"><\/div>[\/vc_column][\/vc_row]<\/p>\n<\/div>","protected":false},"excerpt":{"rendered":"<p>[vc_row][vc_column width=&#8220;1\/6&#8243;][\/vc_column][vc_column css_animation=&#8220;fadeInUp&#8220; width=&#8220;2\/3&#8243;][\/vc_column][vc_column width=&#8220;1\/6&#8243;][\/vc_column][\/vc_row][vc_row content_placement=&#8220;top&#8220;][vc_column css_animation=&#8220;fadeInUp&#8220; width=&#8220;1\/4&#8243;][vc_wp_custommenu title=&#8220;Akupunkt&#8220; nav_menu=&#8220;106&#8243;][\/vc_column][vc_column width=&#8220;3\/4&#8243;][\/vc_column][\/vc_row] &#8230; <\/p>\n","protected":false},"author":2,"featured_media":0,"parent":2831,"menu_order":0,"comment_status":"closed","ping_status":"closed","template":"","meta":{"footnotes":""},"class_list":["post-1378","page","type-page","status-publish","hentry"],"_links":{"self":[{"href":"http:\/\/www.physiobalance-physiotherapie.at\/de\/wp-json\/wp\/v2\/pages\/1378","targetHints":{"allow":["GET"]}}],"collection":[{"href":"http:\/\/www.physiobalance-physiotherapie.at\/de\/wp-json\/wp\/v2\/pages"}],"about":[{"href":"http:\/\/www.physiobalance-physiotherapie.at\/de\/wp-json\/wp\/v2\/types\/page"}],"author":[{"embeddable":true,"href":"http:\/\/www.physiobalance-physiotherapie.at\/de\/wp-json\/wp\/v2\/users\/2"}],"replies":[{"embeddable":true,"href":"http:\/\/www.physiobalance-physiotherapie.at\/de\/wp-json\/wp\/v2\/comments?post=1378"}],"version-history":[{"count":10,"href":"http:\/\/www.physiobalance-physiotherapie.at\/de\/wp-json\/wp\/v2\/pages\/1378\/revisions"}],"predecessor-version":[{"id":2525,"href":"http:\/\/www.physiobalance-physiotherapie.at\/de\/wp-json\/wp\/v2\/pages\/1378\/revisions\/2525"}],"up":[{"embeddable":true,"href":"http:\/\/www.physiobalance-physiotherapie.at\/de\/wp-json\/wp\/v2\/pages\/2831"}],"wp:attachment":[{"href":"http:\/\/www.physiobalance-physiotherapie.at\/de\/wp-json\/wp\/v2\/media?parent=1378"}],"curies":[{"name":"wp","href":"https:\/\/api.w.org\/{rel}","templated":true}]}}