{"id":1383,"date":"2021-06-11T08:42:23","date_gmt":"2021-06-11T06:42:23","guid":{"rendered":"http:\/\/www.physiobalance-physiotherapie.at\/?page_id=1383"},"modified":"2022-11-09T12:21:03","modified_gmt":"2022-11-09T11:21:03","slug":"oam","status":"publish","type":"page","link":"http:\/\/www.physiobalance-physiotherapie.at\/de\/therapiespektrum\/oam\/","title":{"rendered":"Ohrakupunktmassage (OAM)"},"content":{"rendered":"<section class=\"wpb-content-wrapper\"><p>[vc_row][vc_column width=&#8220;1\/6&#8243;][\/vc_column][vc_column css_animation=&#8220;fadeInUp&#8220; width=&#8220;2\/3&#8243;]<div class=\"cz_gap clr  hide_on_mobile\" style=\"height: 40px\"><\/div><div class=\"cz_gap show_on_mobile clr\" style=\"height: 27px\"><\/div><div id=\"cz_76670\" class=\"cz_76670 cz_title clr cz_mobile_text_center cz_title_ba_line cz_title_pos_inline tac\"><div class=\"cz_title_content\"><div class=\"cz_wpe_content\"><h3 style=\"text-align: center;\"><span style=\"font-size: 36px;\"><span style=\"color: #960055;\">Ohrakupunkt-Massage (OAM)<\/span><br \/>\n<\/span><\/h3>\n<\/div><div class=\"cz_title_line cz_line_after_title\"><span>_<\/span><\/div><\/div><\/div>[\/vc_column][vc_column width=&#8220;1\/6&#8243;][\/vc_column][\/vc_row][vc_row content_placement=&#8220;top&#8220;][vc_column css_animation=&#8220;fadeInUp&#8220; width=&#8220;1\/4&#8243;][vc_wp_custommenu nav_menu=&#8220;106&#8243; title=&#8220;Akupunkt&#8220;][\/vc_column][vc_column width=&#8220;3\/4&#8243;]<div id=\"cz_44672\" class=\"cz_44672 cz_title clr cz_mobile_text_center cz_title_pos_inline\"><div class=\"cz_title_content\"><div class=\"cz_wpe_content\"><p style=\"text-align: justify;\"><span style=\"font-size: 16px;\">Die Ohrakupunktmassage hat sich aus der chinesischen Ohrakupunktur und der franz\u00f6sischen Auriculotherapie entwickelt. Die Reflexzonen am Ohr sind, grob betrachtet, wie ein am Kopf stehender Embryo aufgebaut.<\/span><\/p>\n<\/div><\/div><\/div><div id=\"cz_106010\" class=\"cz_106010 cz_title clr cz_mobile_text_center cz_title_pos_inline\"><div class=\"cz_title_content\"><div class=\"cz_wpe_content\"><p style=\"text-align: justify;\"><span style=\"color: #960055; font-size: 18px;\"><strong>Das hei\u00dft:<\/strong><\/span><\/p>\n<p style=\"text-align: justify;\"><span style=\"font-size: 16px;\">das Ohrl\u00e4ppchen repr\u00e4sentiert die Kopfzone, der Ohrrand die Wirbels\u00e4ule und die Ohrmuschel beherbergt die Eingeweide.<\/span><\/p>\n<\/div><\/div><\/div><div class=\"cz_gap clr \" style=\"height: 8px\"><\/div><div id=\"cz_41519\" class=\"cz_41519 cz_title clr cz_mobile_text_center cz_title_pos_inline\"><div class=\"cz_title_content\"><div class=\"cz_wpe_content\"><p style=\"text-align: justify;\"><span style=\"color: #960055; font-size: 18px;\"><strong>Das bedeutet:<\/strong><\/span><\/p>\n<p style=\"text-align: justify;\"><span style=\"font-size: 16px;\">am Ohr sind alle Punkte des K\u00f6rpers zu finden \u2013 mehr noch! Neben den Punkten f\u00fcr den gesamten Bewegungsapparat und der Organe findet man auch Punkte die auf das vegetative Nervensystem, auf das Hormonsystem und auf die Psyche wirken.<\/span><\/p>\n<p>&nbsp;<\/p>\n<p style=\"text-align: justify;\"><span style=\"font-size: 16px;\">Somit erkl\u00e4rt sich das breite Anwendungsgebiet der Ohr- Akupunkt-Massage.<\/span><\/p>\n<\/div><\/div><\/div><div class=\"cz_gap clr \" style=\"height: 8px\"><\/div><div id=\"cz_76071\" class=\"cz_76071 cz_title clr cz_mobile_text_center cz_title_pos_inline\"><div class=\"cz_title_content\"><div class=\"cz_wpe_content\"><p><span style=\"color: #960055; font-size: 18px;\"><strong>Hier finden Sie einen Auszug aus den gut behandelbaren Beschwerdebildern:<\/strong><\/span><\/p>\n<table style=\"width: 100%; border-collapse: collapse; border-style: none;\">\n<tbody>\n<tr>\n<td style=\"width: 265px;\">Allergien<\/td>\n<td style=\"width: 265px;\">Bandscheibenvorf\u00e4lle<\/td>\n<\/tr>\n<tr>\n<td style=\"width: 265px;\">Burnout<\/td>\n<td style=\"width: 265px;\">chronisch kalte F\u00fc\u00dfe und H\u00e4nde<\/td>\n<\/tr>\n<tr>\n<td style=\"width: 265px;\">chronische Mittelohrentz\u00fcndungen<\/td>\n<td style=\"width: 265px;\">eingeschlafene Finger<\/td>\n<\/tr>\n<tr>\n<td style=\"width: 265px;\">Geburtsvorbereitung<\/td>\n<td style=\"width: 265px;\">Gelenksschmerzen<\/td>\n<\/tr>\n<tr>\n<td style=\"width: 265px;\">Golfer-Ellbogen<\/td>\n<td style=\"width: 265px;\">Hexenschuss<\/td>\n<\/tr>\n<tr>\n<td style=\"width: 265px;\">Ischias<\/td>\n<td style=\"width: 265px;\">Kopfschmerzen<\/td>\n<\/tr>\n<tr>\n<td style=\"width: 265px;\">Kreislaufprobleme<\/td>\n<td style=\"width: 265px;\">Lymphstauungen<\/td>\n<\/tr>\n<tr>\n<td style=\"width: 265px;\">Menstruationsbeschwerden<\/td>\n<td style=\"width: 265px;\">Migr\u00e4ne<\/td>\n<\/tr>\n<tr>\n<td style=\"width: 265px;\">Nackenverspannungen<\/td>\n<td style=\"width: 265px;\">Narbenschmerzen<\/td>\n<\/tr>\n<tr>\n<td style=\"width: 265px;\">Panikattacken<\/td>\n<td style=\"width: 265px;\">Schlafst\u00f6rungen<\/td>\n<\/tr>\n<tr>\n<td style=\"width: 265px;\">Schwindelanf\u00e4lle<\/td>\n<td style=\"width: 265px;\">Schwangerschaftsbetreuung<\/td>\n<\/tr>\n<tr>\n<td style=\"width: 265px;\">Sehnenscheidenentz\u00fcndungen<\/td>\n<td style=\"width: 265px;\">steifer Nacken<\/td>\n<\/tr>\n<tr>\n<td style=\"width: 265px;\">Tennis-Ellbogen<\/td>\n<td style=\"width: 265px;\">Wechselbeschwerden<\/td>\n<\/tr>\n<\/tbody>\n<\/table>\n<\/div><\/div><\/div>[\/vc_column][\/vc_row][vc_row][vc_column]<div class=\"cz_gap clr  hide_on_mobile\" style=\"height: 100px\"><\/div><div class=\"cz_gap show_on_mobile clr\" style=\"height: 5px\"><\/div>[\/vc_column][\/vc_row]<\/p>\n<\/section>","protected":false},"excerpt":{"rendered":"<p>[vc_row][vc_column width=&#8220;1\/6&#8243;][\/vc_column][vc_column css_animation=&#8220;fadeInUp&#8220; width=&#8220;2\/3&#8243;][\/vc_column][vc_column width=&#8220;1\/6&#8243;][\/vc_column][\/vc_row][vc_row content_placement=&#8220;top&#8220;][vc_column css_animation=&#8220;fadeInUp&#8220; width=&#8220;1\/4&#8243;][vc_wp_custommenu nav_menu=&#8220;106&#8243; title=&#8220;Akupunkt&#8220;][\/vc_column][vc_column width=&#8220;3\/4&#8243;][\/vc_column][\/vc_row][vc_row][vc_column][\/vc_column][\/vc_row] &#8230; <\/p>\n","protected":false},"author":2,"featured_media":0,"parent":2831,"menu_order":0,"comment_status":"closed","ping_status":"closed","template":"","meta":{"footnotes":""},"class_list":["post-1383","page","type-page","status-publish","hentry"],"_links":{"self":[{"href":"http:\/\/www.physiobalance-physiotherapie.at\/de\/wp-json\/wp\/v2\/pages\/1383","targetHints":{"allow":["GET"]}}],"collection":[{"href":"http:\/\/www.physiobalance-physiotherapie.at\/de\/wp-json\/wp\/v2\/pages"}],"about":[{"href":"http:\/\/www.physiobalance-physiotherapie.at\/de\/wp-json\/wp\/v2\/types\/page"}],"author":[{"embeddable":true,"href":"http:\/\/www.physiobalance-physiotherapie.at\/de\/wp-json\/wp\/v2\/users\/2"}],"replies":[{"embeddable":true,"href":"http:\/\/www.physiobalance-physiotherapie.at\/de\/wp-json\/wp\/v2\/comments?post=1383"}],"version-history":[{"count":11,"href":"http:\/\/www.physiobalance-physiotherapie.at\/de\/wp-json\/wp\/v2\/pages\/1383\/revisions"}],"predecessor-version":[{"id":4269,"href":"http:\/\/www.physiobalance-physiotherapie.at\/de\/wp-json\/wp\/v2\/pages\/1383\/revisions\/4269"}],"up":[{"embeddable":true,"href":"http:\/\/www.physiobalance-physiotherapie.at\/de\/wp-json\/wp\/v2\/pages\/2831"}],"wp:attachment":[{"href":"http:\/\/www.physiobalance-physiotherapie.at\/de\/wp-json\/wp\/v2\/media?parent=1383"}],"curies":[{"name":"wp","href":"https:\/\/api.w.org\/{rel}","templated":true}]}}