{"id":1389,"date":"2021-06-11T08:45:02","date_gmt":"2021-06-11T06:45:02","guid":{"rendered":"http:\/\/www.physiobalance-physiotherapie.at\/?page_id=1389"},"modified":"2022-11-09T12:25:22","modified_gmt":"2022-11-09T11:25:22","slug":"tcm","status":"publish","type":"page","link":"http:\/\/www.physiobalance-physiotherapie.at\/de\/therapiespektrum\/tcm\/","title":{"rendered":"Trad. Chinesische Medizin (TCM)"},"content":{"rendered":"<div class=\"wpb-content-wrapper\"><p>[vc_row][vc_column width=&#8220;1\/6&#8243;][\/vc_column][vc_column css_animation=&#8220;fadeInUp&#8220; width=&#8220;2\/3&#8243;]<div class=\"cz_gap clr  hide_on_mobile\" style=\"height: 40px\"><\/div><div class=\"cz_gap show_on_mobile clr\" style=\"height: 27px\"><\/div><div id=\"cz_46723\" class=\"cz_46723 cz_title clr cz_mobile_text_center cz_title_ba_line cz_title_pos_inline tac\"><div class=\"cz_title_content\"><div class=\"cz_wpe_content\"><h3 style=\"text-align: center;\"><span style=\"font-size: 36px;\"><span style=\"color: #960055;\">Traditionelle Chinesische Medizin<\/span><br \/>\n<\/span><\/h3>\n<\/div><div class=\"cz_title_line cz_line_after_title\"><span>_<\/span><\/div><\/div><\/div>[\/vc_column][vc_column width=&#8220;1\/6&#8243;][\/vc_column][\/vc_row][vc_row content_placement=&#8220;middle&#8220;][vc_column css_animation=&#8220;fadeInUp&#8220; width=&#8220;1\/6&#8243;][\/vc_column][vc_column width=&#8220;2\/3&#8243;]<div class=\"cz_gap clr \" style=\"height: 15px\"><\/div><div id=\"cz_32076\" class=\"cz_32076 cz_title clr cz_mobile_text_center cz_title_pos_inline\"><div class=\"cz_title_content\"><div class=\"cz_wpe_content\"><p><span style=\"color: #960055; font-size: 18px;\"><strong>Wissenswertes \u00fcber TCM<\/strong><\/span><\/p>\n<p style=\"text-align: justify;\"><span style=\"font-size: 16px;\">Die traditionelle chinesische Medizin (TCM) ist eine tausende Jahre alte Heilmethode. Vorrangiges Ziel ist es die Ursache \u2013 also die Wurzel \u2013 einer Erkrankung zu behandeln und nicht nur die Symptome einer Erkrankung.<\/span><\/p>\n<p>&nbsp;<\/p>\n<p style=\"text-align: justify;\"><span style=\"font-size: 16px;\">Dieser ganzheitlichen Sichweite liegt die <strong>Theorie von Yin und Yang<\/strong> zugrunde, die Polarit\u00e4t aller Dinge, von welcher sich alle Erscheinungen und Ver\u00e4nderungen des Lebens und alle Naturph\u00e4nomene ableiten lassen. Aus dieser Polarit\u00e4t heraus entsteht schlie\u00dflich<strong> QI &#8211; unsere Lebensenergie<\/strong>.<\/span><\/p>\n<p>&nbsp;<\/p>\n<p style=\"text-align: justify;\"><span style=\"font-size: 16px;\">Alle Lebensformen sind Ausdruck von QI in verschiedenen Stufen der Materialisierung. QI w\u00e4rmt und n\u00e4hrt den K\u00f6rper, sch\u00fctzt uns vor Krankheitserregern, K\u00e4lte, Hitze, etc., erf\u00fcllt die Funktion aller Organe, bewegt Blut und K\u00f6rperfl\u00fcssigkeiten, transportiert Ausscheidungen.<\/span><\/p>\n<p style=\"text-align: justify;\"><strong><span style=\"font-size: 16px;\">QI hat eine gro\u00dfe Bedeutung f\u00fcr unsere Konstitution, unseren k\u00f6rperlichen und geistig\/seelischen Gesundheitszustand.<\/span><\/strong><\/p>\n<\/div><\/div><\/div><div id=\"cz_48751\" class=\"cz_48751 cz_title clr cz_mobile_text_center cz_title_pos_inline\"><div class=\"cz_title_content\"><div class=\"cz_wpe_content\"><p><span style=\"color: #960055; font-size: 18px;\"><strong>Einsatz von TCM in meiner Praxis<\/strong><\/span><\/p>\n<p style=\"text-align: justify;\"><span style=\"font-size: 16px;\">Durch diesen ganzheitlichen Ansatz der TCM ist es mir m\u00f6glich mein Therapiespektrum vor allem im Bereich der Pr\u00e4vention auf wunderbarer Weise zu erg\u00e4nzen.<\/span><\/p>\n<p>&nbsp;<\/p>\n<p style=\"text-align: justify;\"><span style=\"font-size: 16px;\">Vordergr\u00fcndig arbeite ich mit<strong> chinesischer Kr\u00e4utertherapie<\/strong> in Form von Dekokten (Kr\u00e4uterabsud), Granulaten (pulverisierte Kr\u00e4uter) und wasserl\u00f6sliche Tropfen. Aber auch <strong>westliche Kr\u00e4uterrezepturen<\/strong> k\u00f6nnen wunderbar bei vielen Beschwerdebildern unterst\u00fctzend eingesetzt werden. Die ganzheitliche Herangehensweise wird durch eine individuelle <strong>Ern\u00e4hrungsberatung nach der 5-Elementen-Lehre<\/strong> bestens erg\u00e4nzt.<\/span><\/p>\n<\/div><\/div><\/div><div id=\"cz_55227\" class=\"cz_55227 cz_title clr cz_mobile_text_center cz_title_pos_inline\"><div class=\"cz_title_content\"><div class=\"cz_wpe_content\"><p><span style=\"color: #960055; font-size: 18px;\"><strong>Chinesische Diagnostik<\/strong><\/span><\/p>\n<p style=\"text-align: justify;\"><span style=\"font-size: 16px;\">Um nun zu einer chinesischen Diagnose zu kommen, bedarf es eines ausf\u00fchrlichen Erstgespr\u00e4ches (Anamnese). Sehr viel Wert wird dabei auf die genaue Erhebung Ihrer Beschwerden sowie auf die Begleitumst\u00e4nde gelegt.<\/span><\/p>\n<\/div><\/div><\/div><div id=\"cz_62550\" class=\"cz_62550 cz_title clr cz_mobile_text_center cz_title_pos_inline\"><div class=\"cz_title_content\"><div class=\"cz_wpe_content\"><p><span style=\"color: #960055; font-size: 18px;\"><strong>Wichtige Fragen aus ganzheitlicher Denkweise dabei sind<\/strong><\/span><\/p>\n<p style=\"text-align: justify;\"><span style=\"font-size: 16px;\">\u2022 Genaue Schmerzcharakteristik<\/span><\/p>\n<p style=\"text-align: justify;\"><span style=\"font-size: 16px;\">\u2022 Wie ist Ihr generelles Temperaturempfinden?<\/span><\/p>\n<p style=\"text-align: justify;\"><span style=\"font-size: 16px;\">\u2022 K\u00f6nnen Sie gut einschlafen \/ schlafen Sie durch?<\/span><\/p>\n<p style=\"text-align: justify;\"><span style=\"font-size: 16px;\">\u2022 Schwitzen Sie \u00fcberdurchschnittlich (tags\u00fcber\/nachts)?<\/span><\/p>\n<p style=\"text-align: justify;\"><span style=\"font-size: 16px;\">\u2022 Welche geschmackliche Vorlieben haben Sie?<\/span><\/p>\n<p style=\"text-align: justify;\"><span style=\"font-size: 16px;\">\u2022 Wie gut funktioniert Ihre Verdauung?<\/span><\/p>\n<p style=\"text-align: justify;\"><span style=\"font-size: 16px;\">\u2022 Welche Farbe hat ihr Urin?<\/span><\/p>\n<p style=\"text-align: justify;\"><span style=\"font-size: 16px;\">\u2022 Wie ist Ihr Energieniveau?<\/span><\/p>\n<p style=\"text-align: justify;\"><span style=\"font-size: 16px;\">\u2022 Wie verh\u00e4lt sich Ihr Zyklus?<\/span><\/p>\n<\/div><\/div><\/div><div id=\"cz_53171\" class=\"cz_53171 cz_title clr cz_mobile_text_center cz_title_pos_inline\"><div class=\"cz_title_content\"><div class=\"cz_wpe_content\"><p style=\"text-align: justify;\"><span style=\"font-size: 16px;\">Weitere Hilfsmittel neben der Anamnese sind z.B. die genaue Begutachtung der Zunge, Gesichtsdiagnose sowie das Erheben der Pulsqualit\u00e4ten.<\/span><\/p>\n<p>&nbsp;<\/p>\n<p style=\"text-align: justify;\"><span style=\"font-size: 16px;\">Die exakt erhobene chinesische Diagnose bildet die Grundlage f\u00fcr die Erstellung einer <strong>individuellen Kr\u00e4uterrezeptur<\/strong>. Dies ist deshalb von so gro\u00dfer Bedeutung, da man nicht jeder schulmedizinischen Diagnose eine eindeutige chinesische Diagnose zuordnen kann.<\/span><\/p>\n<p>&nbsp;<\/p>\n<p style=\"text-align: justify;\"><span style=\"font-size: 16px;\">Beispielsweise k\u00f6nnte ein starker Schnupfen bei einem Kind nicht nur durch das Eindringen eines pathogenen Erregers (Virusinfekt aus schulmedizinischer Sicht) sondern aus chinesischer Sicht durch eine massive Feuchtigkeits- und Schleimstagnation (Stau) bedingt sein bzw. verst\u00e4rkt werden. Eine feuchtigkeits- und schleimproduzierende Ern\u00e4hrung (z.B. Milchprodukte, Kakao, Bananen) w\u00fcrde hier z.B. das Beschwerdebildes eines Schnupfens aus Sicht der TCM verst\u00e4rken.<\/span><\/p>\n<\/div><\/div><\/div><div class=\"cz_gap clr \" style=\"height: 30px\"><\/div>[\/vc_column][vc_column width=&#8220;1\/6&#8243;][\/vc_column][\/vc_row]<\/p>\n<\/div>","protected":false},"excerpt":{"rendered":"<p>[vc_row][vc_column width=&#8220;1\/6&#8243;][\/vc_column][vc_column css_animation=&#8220;fadeInUp&#8220; width=&#8220;2\/3&#8243;][\/vc_column][vc_column width=&#8220;1\/6&#8243;][\/vc_column][\/vc_row][vc_row content_placement=&#8220;middle&#8220;][vc_column css_animation=&#8220;fadeInUp&#8220; width=&#8220;1\/6&#8243;][\/vc_column][vc_column width=&#8220;2\/3&#8243;][\/vc_column][vc_column width=&#8220;1\/6&#8243;][\/vc_column][\/vc_row] &#8230; <\/p>\n","protected":false},"author":2,"featured_media":0,"parent":2831,"menu_order":0,"comment_status":"closed","ping_status":"closed","template":"","meta":{"footnotes":""},"class_list":["post-1389","page","type-page","status-publish","hentry"],"_links":{"self":[{"href":"http:\/\/www.physiobalance-physiotherapie.at\/de\/wp-json\/wp\/v2\/pages\/1389","targetHints":{"allow":["GET"]}}],"collection":[{"href":"http:\/\/www.physiobalance-physiotherapie.at\/de\/wp-json\/wp\/v2\/pages"}],"about":[{"href":"http:\/\/www.physiobalance-physiotherapie.at\/de\/wp-json\/wp\/v2\/types\/page"}],"author":[{"embeddable":true,"href":"http:\/\/www.physiobalance-physiotherapie.at\/de\/wp-json\/wp\/v2\/users\/2"}],"replies":[{"embeddable":true,"href":"http:\/\/www.physiobalance-physiotherapie.at\/de\/wp-json\/wp\/v2\/comments?post=1389"}],"version-history":[{"count":10,"href":"http:\/\/www.physiobalance-physiotherapie.at\/de\/wp-json\/wp\/v2\/pages\/1389\/revisions"}],"predecessor-version":[{"id":4274,"href":"http:\/\/www.physiobalance-physiotherapie.at\/de\/wp-json\/wp\/v2\/pages\/1389\/revisions\/4274"}],"up":[{"embeddable":true,"href":"http:\/\/www.physiobalance-physiotherapie.at\/de\/wp-json\/wp\/v2\/pages\/2831"}],"wp:attachment":[{"href":"http:\/\/www.physiobalance-physiotherapie.at\/de\/wp-json\/wp\/v2\/media?parent=1389"}],"curies":[{"name":"wp","href":"https:\/\/api.w.org\/{rel}","templated":true}]}}