{"id":140,"date":"2021-06-02T11:38:27","date_gmt":"2021-06-02T09:38:27","guid":{"rendered":"http:\/\/www.physiobalance-physiotherapie.at\/?page_id=140"},"modified":"2026-02-19T15:40:55","modified_gmt":"2026-02-19T14:40:55","slug":"philosophie","status":"publish","type":"page","link":"http:\/\/www.physiobalance-physiotherapie.at\/de\/philosophie\/","title":{"rendered":"Philosophie"},"content":{"rendered":"<section class=\"wpb-content-wrapper\"><p>[vc_row][vc_column]<div class=\"cz_gap clr \" style=\"height: 30px\"><\/div>[\/vc_column][\/vc_row][vc_row][vc_column width=&#8220;1\/4&#8243;]<div id=\"cz_55762\" class=\"cz_55762 cz_banner clr\">\n\t\t\t<figure class=\"effect-style5\" data-tilt>\n\t\t\t\t<img loading=\"lazy\" decoding=\"async\" class=\"\" src=\"http:\/\/www.physiobalance-physiotherapie.at\/wp-content\/uploads\/2022\/02\/Physiobalance227-scaled-550x250.jpg\" width=\"550\" height=\"250\" alt=\"Physiobalance227\" title=\"Physiobalance227\" \/>\n\t\t\t\t<figcaption><div><h4>Kinderosteopathie<\/h4><\/div><a href=\"http:\/\/www.physiobalance-physiotherapie.at\/kinderosteopathie\/\" title=\"Kinderosteopathie\" role=\"button\" tabindex=\"0\" aria-label=\"Kinderosteopathie\"> <\/a><\/figcaption>\t\t\t\n\t\t\t<\/figure>\n\t\t<\/div>[\/vc_column][vc_column width=&#8220;1\/4&#8243;]<div id=\"cz_88649\" class=\"cz_88649 cz_banner clr\">\n\t\t\t<figure class=\"effect-style5\">\n\t\t\t\t<img loading=\"lazy\" decoding=\"async\" class=\"\" src=\"http:\/\/www.physiobalance-physiotherapie.at\/wp-content\/uploads\/2022\/10\/Physiobalance258-scaled-e1666274698879-550x250.jpg\" width=\"550\" height=\"250\" alt=\"Physiobalance258\" title=\"Physiobalance258\" \/>\n\t\t\t\t<figcaption><div><h4>Osteopathie<\/h4><\/div><a href=\"http:\/\/www.physiobalance-physiotherapie.at\/osteopathie\/\" title=\"Osteopathie\" role=\"button\" tabindex=\"0\" aria-label=\"Osteopathie\"> <\/a><\/figcaption>\t\t\t\n\t\t\t<\/figure>\n\t\t<\/div>[\/vc_column][vc_column width=&#8220;1\/4&#8243;]<div id=\"cz_49548\" class=\"cz_49548 cz_banner clr\">\n\t\t\t<figure class=\"effect-style5\">\n\t\t\t\t<img loading=\"lazy\" decoding=\"async\" class=\"\" src=\"http:\/\/www.physiobalance-physiotherapie.at\/wp-content\/uploads\/2026\/02\/Physiobalance249-550x250.jpg\" width=\"550\" height=\"250\" alt=\"Physiobalance249\" title=\"Physiobalance249\" \/>\n\t\t\t\t<figcaption><div><h4>Physiotherapie<\/h4><\/div><a href=\"http:\/\/www.physiobalance-physiotherapie.at\/physiotherapie\/\" title=\"Physiotherapie\" role=\"button\" tabindex=\"0\" aria-label=\"Physiotherapie\"> <\/a><\/figcaption>\t\t\t\n\t\t\t<\/figure>\n\t\t<\/div>[\/vc_column][vc_column width=&#8220;1\/4&#8243;]<div id=\"cz_89633\" class=\"cz_89633 cz_banner clr\">\n\t\t\t<figure class=\"effect-style5\">\n\t\t\t\t<img loading=\"lazy\" decoding=\"async\" class=\"\" src=\"http:\/\/www.physiobalance-physiotherapie.at\/wp-content\/uploads\/2022\/10\/hp-mutterkind2-550x250.jpg\" width=\"550\" height=\"250\" alt=\"hp-mutterkind2\" title=\"hp-mutterkind2\" \/>\n\t\t\t\t<figcaption><div><h4>HypnoBirthing<\/h4><\/div><a href=\"http:\/\/www.physiobalance-physiotherapie.at\/hypnobirthing\/\" title=\"HypnoBirthing\" role=\"button\" tabindex=\"0\" aria-label=\"HypnoBirthing\"> <\/a><\/figcaption>\t\t\t\n\t\t\t<\/figure>\n\t\t<\/div>[\/vc_column][\/vc_row][vc_row][vc_column width=&#8220;1\/6&#8243;][\/vc_column][vc_column width=&#8220;2\/3&#8243;]<div id=\"cz_36781\" class=\"cz_36781 cz_title clr cz_mobile_text_center cz_title_ba_line cz_title_pos_inline tac\"><div class=\"cz_title_content\"><div class=\"cz_wpe_content\"><h3 style=\"text-align: center;\"><span style=\"font-size: 36px;\"><span style=\"color: #960055;\">Meine Philosophie<\/span><br \/>\n<\/span><\/h3>\n<\/div><div class=\"cz_title_line cz_line_after_title\"><span>_<\/span><\/div><\/div><\/div>[\/vc_column][vc_column width=&#8220;1\/6&#8243;][\/vc_column][\/vc_row][vc_row gap=&#8220;25&#8243; content_placement=&#8220;top&#8220;][vc_column width=&#8220;1\/3&#8243; css=&#8220;.vc_custom_1666551064341{background-color: #f09151 !important;}&#8220;]<div class=\"cz_gap clr \" style=\"height: 35px\"><\/div><div id=\"cz_98111\" class=\"cz_98111 cz_title clr cz_title_pos_inline tac\"><div class=\"cz_title_content\"><div class=\"cz_wpe_content\"><blockquote>\n<h3 style=\"text-align: center;\"><span style=\"font-size: 17px;\"><strong><span style=\"color: #6d164d;\"><em>Ich freue mich, wenn Sie in unserem Haus Ihr gesundheitliches Wohlbefinden wiedererlangen.<\/em><\/span><\/strong><\/span><\/h3>\n<\/blockquote>\n<\/div><\/div><\/div><div class=\"cz_gap clr \" style=\"height: 30px\"><\/div><div id=\"cz_18737\" data-position=\"top-right\" class=\"cz_18737 cz_image clr cz_image_no_fx center_on_mobile\"><div class=\"\" ><div class=\"cz_image_in\"><div class=\"cz_main_image\"><img fetchpriority=\"high\" loading=\"eager\" decoding=\"sync\" data-no-lazy=\"1\" width=\"232\" height=\"300\" src=\"http:\/\/www.physiobalance-physiotherapie.at\/wp-content\/uploads\/2025\/03\/IMG_0010_3-e1742308755818-232x300.jpg\" class=\"attachment-medium\" alt=\"IMG 0010 3\" title=\"IMG_0010_3\" srcset=\"http:\/\/www.physiobalance-physiotherapie.at\/wp-content\/uploads\/2025\/03\/IMG_0010_3-e1742308755818-232x300.jpg 232w, http:\/\/www.physiobalance-physiotherapie.at\/wp-content\/uploads\/2025\/03\/IMG_0010_3-e1742308755818-793x1024.jpg 793w, http:\/\/www.physiobalance-physiotherapie.at\/wp-content\/uploads\/2025\/03\/IMG_0010_3-e1742308755818-768x992.jpg 768w, http:\/\/www.physiobalance-physiotherapie.at\/wp-content\/uploads\/2025\/03\/IMG_0010_3-e1742308755818-1189x1536.jpg 1189w, http:\/\/www.physiobalance-physiotherapie.at\/wp-content\/uploads\/2025\/03\/IMG_0010_3-e1742308755818-600x775.jpg 600w, http:\/\/www.physiobalance-physiotherapie.at\/wp-content\/uploads\/2025\/03\/IMG_0010_3-e1742308755818.jpg 1460w\" sizes=\"(max-width: 232px) 100vw, 232px\"  \/><\/div><\/div><\/div><\/div><div class=\"cz_gap clr \" style=\"height: 35px\"><\/div><div id=\"cz_91500\" class=\"cz_91500 cz_title clr cz_title_pos_inline tac\"><div class=\"cz_title_content\"><div class=\"cz_wpe_content\"><p style=\"text-align: center;\"><span style=\"color: #6d164d; font-size: 18px;\">Ihre Karin Brandl-Neudorfer<\/span><\/p>\n<p style=\"text-align: center;\"><span style=\"color: #6d164d;\">Osteopathin und Physiotherapeutin<\/span><\/p>\n<\/div><\/div><\/div><div class=\"cz_gap clr \" style=\"height: 45px\"><\/div>[\/vc_column][vc_column width=&#8220;2\/3&#8243;]<div id=\"cz_61381\" class=\"cz_61381 cz_title clr cz_mobile_text_center cz_title_pos_inline\"><div class=\"cz_title_content\"><div class=\"cz_wpe_content\"><p><strong>Der Heilberuf als Physiotherapeutin, Osteopathin und Kinderosteopathin ist f\u00fcr mich eine Kunst der Ber\u00fchrung. Ber\u00fchren und sich ber\u00fchren lassen sind die Basis auf dem Weg zur Gesundung.<\/strong><\/p>\n<\/div><\/div><\/div><div id=\"cz_105929\" class=\"cz_105929 cz_title clr cz_mobile_text_center cz_title_pos_inline\"><div class=\"cz_title_content\"><div class=\"cz_wpe_content\"><p>Jede Mutter wei\u00df von der tr\u00f6stenden und heilsamen Wirkung ihrer H\u00e4nde f\u00fcr das leidende Kind. Die Lehrerin dieser M\u00fctter waren Intuition und Liebe.<\/p>\n<\/div><\/div><\/div><div id=\"cz_59980\" class=\"cz_59980 cz_title clr cz_mobile_text_center cz_title_pos_inline\"><div class=\"cz_title_content\"><div class=\"cz_wpe_content\"><p>Diese heilende Ber\u00fchrung beginnt bereits in der pr\u00e4ventiven osteopathischen Behandlung von Mutter und ungeborenem Baby w\u00e4hrend der Schwangerschaft.<\/p>\n<\/div><\/div><\/div><div id=\"cz_51112\" class=\"cz_51112 cz_title clr cz_mobile_text_center cz_title_pos_inline\"><div class=\"cz_title_content\"><div class=\"cz_wpe_content\"><p><em>&#8222;Entwickelt diese denkenden, f\u00fchlenden, sehenden, wissenden Finger und macht Euch daran zu ber\u00fchren.&#8220;<\/em><\/p>\n<p>(Dr. W. G. Sutherland &#8211; Begr\u00fcnder der Cranio-Sacral-Therapie als Teil der Osteopathie)<\/p>\n<\/div><\/div><\/div><div class=\"cz_gap clr  hide_on_mobile\" style=\"height: 25px\"><\/div><div class=\"cz_gap show_on_mobile clr\" style=\"height: 5px\"><\/div><div id=\"cz_33908\" class=\"cz_33908 cz_title clr cz_mobile_text_center cz_title_pos_inline\"><div class=\"cz_title_content\"><div class=\"cz_wpe_content\"><p><span style=\"color: #666666;\"><strong>Diese Vision begleitet mich nunmehr seit 20 Jahren in meiner freiberuflichen T\u00e4tigkeit<\/strong> und erm\u00f6glicht mir nach zahlreichen Aus- und Weiterbildungen jede Patientin \/ jeden Patienten mit viel Hingabe\u00a0<\/span>befundgerecht, individuell und ganzheitlich nach neuesten wissenschaftlichen Kenntnissen begleiten zu d\u00fcrfen.<\/p>\n<\/div><\/div><\/div><div class=\"cz_gap clr  hide_on_mobile\" style=\"height: 75px\"><\/div><div class=\"cz_gap show_on_mobile clr\" style=\"height: 5px\"><\/div>[\/vc_column][\/vc_row][vc_row][vc_column]<div class=\"cz_gap clr \" style=\"height: 64px\"><\/div>[\/vc_column][\/vc_row]<\/p>\n<\/section>","protected":false},"excerpt":{"rendered":"<p>[vc_row][vc_column][\/vc_column][\/vc_row][vc_row][vc_column width=&#8220;1\/4&#8243;][\/vc_column][vc_column width=&#8220;1\/4&#8243;][\/vc_column][vc_column width=&#8220;1\/4&#8243;][\/vc_column][vc_column width=&#8220;1\/4&#8243;][\/vc_column][\/vc_row][vc_row][vc_column width=&#8220;1\/6&#8243;][\/vc_column][vc_column width=&#8220;2\/3&#8243;][\/vc_column][vc_column width=&#8220;1\/6&#8243;][\/vc_column][\/vc_row][vc_row gap=&#8220;25&#8243; content_placement=&#8220;top&#8220;][vc_column width=&#8220;1\/3&#8243; &#8230; <\/p>\n","protected":false},"author":2,"featured_media":0,"parent":0,"menu_order":0,"comment_status":"closed","ping_status":"closed","template":"","meta":{"footnotes":""},"class_list":["post-140","page","type-page","status-publish","hentry"],"_links":{"self":[{"href":"http:\/\/www.physiobalance-physiotherapie.at\/de\/wp-json\/wp\/v2\/pages\/140","targetHints":{"allow":["GET"]}}],"collection":[{"href":"http:\/\/www.physiobalance-physiotherapie.at\/de\/wp-json\/wp\/v2\/pages"}],"about":[{"href":"http:\/\/www.physiobalance-physiotherapie.at\/de\/wp-json\/wp\/v2\/types\/page"}],"author":[{"embeddable":true,"href":"http:\/\/www.physiobalance-physiotherapie.at\/de\/wp-json\/wp\/v2\/users\/2"}],"replies":[{"embeddable":true,"href":"http:\/\/www.physiobalance-physiotherapie.at\/de\/wp-json\/wp\/v2\/comments?post=140"}],"version-history":[{"count":10,"href":"http:\/\/www.physiobalance-physiotherapie.at\/de\/wp-json\/wp\/v2\/pages\/140\/revisions"}],"predecessor-version":[{"id":6637,"href":"http:\/\/www.physiobalance-physiotherapie.at\/de\/wp-json\/wp\/v2\/pages\/140\/revisions\/6637"}],"wp:attachment":[{"href":"http:\/\/www.physiobalance-physiotherapie.at\/de\/wp-json\/wp\/v2\/media?parent=140"}],"curies":[{"name":"wp","href":"https:\/\/api.w.org\/{rel}","templated":true}]}}