{"id":1430,"date":"2021-06-11T09:36:46","date_gmt":"2021-06-11T07:36:46","guid":{"rendered":"http:\/\/www.physiobalance-physiotherapie.at\/?page_id=1430"},"modified":"2022-11-09T12:18:37","modified_gmt":"2022-11-09T11:18:37","slug":"med-trainingstherapie","status":"publish","type":"page","link":"http:\/\/www.physiobalance-physiotherapie.at\/de\/therapiespektrum\/med-trainingstherapie\/","title":{"rendered":"Med. Trainingstherapie"},"content":{"rendered":"<section class=\"wpb-content-wrapper\"><p>[vc_row][vc_column width=&#8220;1\/6&#8243;][\/vc_column][vc_column css_animation=&#8220;fadeInUp&#8220; width=&#8220;2\/3&#8243;]<div class=\"cz_gap clr  hide_on_mobile\" style=\"height: 40px\"><\/div><div class=\"cz_gap show_on_mobile clr\" style=\"height: 27px\"><\/div><div id=\"cz_28521\" class=\"cz_28521 cz_title clr cz_smart_fs cz_mobile_text_center cz_title_ba_line cz_title_pos_inline tac\"><div class=\"cz_title_content\"><div class=\"cz_wpe_content\"><h3 style=\"text-align: center;\"><span style=\"font-size: 36px;\">Medizinische Trainingstherapie<br \/>\n<\/span><\/h3>\n<\/div><div class=\"cz_title_line cz_line_after_title\"><span>_<\/span><\/div><\/div><\/div>[\/vc_column][vc_column width=&#8220;1\/6&#8243;][\/vc_column][\/vc_row][vc_row][vc_column width=&#8220;1\/6&#8243;][\/vc_column][vc_column width=&#8220;2\/3&#8243;]<div id=\"cz_35403\" class=\"cz_35403 cz_title clr cz_title_pos_inline\"><div class=\"cz_title_content\"><div class=\"cz_wpe_content\"><p><span style=\"color: #960055; font-size: 18px;\"><strong>Was ist Medizinische Trainingstherapie?<\/strong><\/span><\/p>\n<p style=\"text-align: justify;\"><span style=\"font-size: 16px;\">Die Medizinische Trainingstherapie (MTT) dient dem Aufbau und der Wiederherstellung von muskul\u00e4ren Defiziten, die im Rahmen von Erkrankungen oder Verletzungen des Halte- bzw. Bewegungsapparates auftreten.<\/span><\/p>\n<\/div><\/div><\/div><div class=\"cz_gap clr \" style=\"height: 15px\"><\/div><div id=\"cz_80504\" class=\"cz_80504 cz_title clr cz_title_pos_inline\"><div class=\"cz_title_content\"><div class=\"cz_wpe_content\"><p><span style=\"color: #960055; font-size: 18px;\"><strong>Wann wird Medizinische Trainingstherapie durchgef\u00fchrt?<\/strong><\/span><\/p>\n<p style=\"text-align: justify;\"><span style=\"font-size: 16px;\">Die Medizinische Trainingstherapie wird pr\u00e4-operativ, wie auch als unterst\u00fctzende Ma\u00dfnahme in der Rehabilitation nach Operationen (z.B. bei Knie- und H\u00fcftprothesen, Kreuzbandriss, Bandscheibenvorfall, Arthrosen, etc.) durchgef\u00fchrt.<\/span><\/p>\n<p>&nbsp;<\/p>\n<p style=\"text-align: justify;\"><span style=\"font-size: 16px;\">Bei abgeschw\u00e4chten und\/oder zur\u00fcckgebildeten Muskeln.<\/span><\/p>\n<\/div><\/div><\/div><div class=\"cz_gap clr \" style=\"height: 15px\"><\/div><div id=\"cz_106808\" class=\"cz_106808 cz_title clr cz_title_pos_inline\"><div class=\"cz_title_content\"><div class=\"cz_wpe_content\"><p><span style=\"color: #960055; font-size: 18px;\"><strong>Ziel der Medizinischen Trainingstherapie<\/strong><\/span><\/p>\n<p style=\"text-align: justify;\"><span style=\"font-size: 16px;\">Eine deutliche Verbesserung der muskul\u00e4ren und k\u00f6rperlichen Leistungsf\u00e4higkeit im Alltag, im beruflichen und sportlichen Bereich, zu erreichen.<\/span><\/p>\n<p style=\"text-align: justify;\"><span style=\"font-size: 16px;\">Es werden Muskelausdauer und Muskelkraft durch gezieltes Krafttraining aufgebaut und begleitend werden komplexe Bewegungsmuster und die Koordination verbessert.<\/span><\/p>\n<\/div><\/div><\/div><div class=\"cz_gap clr \" style=\"height: 50px\"><\/div>[\/vc_column][vc_column width=&#8220;1\/6&#8243;][\/vc_column][\/vc_row]<\/p>\n<\/section>","protected":false},"excerpt":{"rendered":"<p>[vc_row][vc_column width=&#8220;1\/6&#8243;][\/vc_column][vc_column css_animation=&#8220;fadeInUp&#8220; width=&#8220;2\/3&#8243;][\/vc_column][vc_column width=&#8220;1\/6&#8243;][\/vc_column][\/vc_row][vc_row][vc_column width=&#8220;1\/6&#8243;][\/vc_column][vc_column width=&#8220;2\/3&#8243;][\/vc_column][vc_column width=&#8220;1\/6&#8243;][\/vc_column][\/vc_row] &#8230; <\/p>\n","protected":false},"author":2,"featured_media":0,"parent":2831,"menu_order":0,"comment_status":"closed","ping_status":"closed","template":"","meta":{"footnotes":""},"class_list":["post-1430","page","type-page","status-publish","hentry"],"_links":{"self":[{"href":"http:\/\/www.physiobalance-physiotherapie.at\/de\/wp-json\/wp\/v2\/pages\/1430","targetHints":{"allow":["GET"]}}],"collection":[{"href":"http:\/\/www.physiobalance-physiotherapie.at\/de\/wp-json\/wp\/v2\/pages"}],"about":[{"href":"http:\/\/www.physiobalance-physiotherapie.at\/de\/wp-json\/wp\/v2\/types\/page"}],"author":[{"embeddable":true,"href":"http:\/\/www.physiobalance-physiotherapie.at\/de\/wp-json\/wp\/v2\/users\/2"}],"replies":[{"embeddable":true,"href":"http:\/\/www.physiobalance-physiotherapie.at\/de\/wp-json\/wp\/v2\/comments?post=1430"}],"version-history":[{"count":6,"href":"http:\/\/www.physiobalance-physiotherapie.at\/de\/wp-json\/wp\/v2\/pages\/1430\/revisions"}],"predecessor-version":[{"id":2510,"href":"http:\/\/www.physiobalance-physiotherapie.at\/de\/wp-json\/wp\/v2\/pages\/1430\/revisions\/2510"}],"up":[{"embeddable":true,"href":"http:\/\/www.physiobalance-physiotherapie.at\/de\/wp-json\/wp\/v2\/pages\/2831"}],"wp:attachment":[{"href":"http:\/\/www.physiobalance-physiotherapie.at\/de\/wp-json\/wp\/v2\/media?parent=1430"}],"curies":[{"name":"wp","href":"https:\/\/api.w.org\/{rel}","templated":true}]}}