{"id":1436,"date":"2021-06-11T09:40:14","date_gmt":"2021-06-11T07:40:14","guid":{"rendered":"http:\/\/www.physiobalance-physiotherapie.at\/?page_id=1436"},"modified":"2022-11-18T12:52:10","modified_gmt":"2022-11-18T11:52:10","slug":"triggerpunkt_therapie","status":"publish","type":"page","link":"http:\/\/www.physiobalance-physiotherapie.at\/de\/therapiespektrum\/triggerpunkt_therapie\/","title":{"rendered":"Triggerpunkt Therapie"},"content":{"rendered":"<div class=\"wpb-content-wrapper\"><p>[vc_row][vc_column width=&#8220;1\/6&#8243;][\/vc_column][vc_column css_animation=&#8220;fadeInUp&#8220; width=&#8220;2\/3&#8243;]<div class=\"cz_gap clr  hide_on_mobile\" style=\"height: 40px\"><\/div><div class=\"cz_gap show_on_mobile clr\" style=\"height: 27px\"><\/div><div id=\"cz_46020\" class=\"cz_46020 cz_title clr cz_mobile_text_center cz_title_ba_line cz_title_pos_inline tac\"><div class=\"cz_title_content\"><div class=\"cz_wpe_content\"><h3 style=\"text-align: center;\"><span style=\"font-size: 36px;\">Triggerpunkt Therapie<br \/>\n<\/span><\/h3>\n<\/div><div class=\"cz_title_line cz_line_after_title\"><span>_<\/span><\/div><\/div><\/div>[\/vc_column][vc_column width=&#8220;1\/6&#8243;][\/vc_column][\/vc_row][vc_row][vc_column width=&#8220;1\/6&#8243;][\/vc_column][vc_column width=&#8220;2\/3&#8243;]<div id=\"cz_18992\" class=\"cz_18992 cz_title clr cz_title_pos_inline\"><div class=\"cz_title_content\"><div class=\"cz_wpe_content\"><p><span style=\"color: #960055; font-size: 18px;\"><strong>Was sind Triggerpunkte<\/strong><\/span><\/p>\n<p style=\"text-align: justify;\"><span style=\"font-size: 16px;\">Triggerpunkte sind keine Erkrankung der Muskulatur, sondern Ausdruck einer inkoordinierten Muskelt\u00e4tigkeit und somit einer Dysfunktion.<\/span><\/p>\n<p>&nbsp;<\/p>\n<p style=\"text-align: justify;\"><span style=\"font-size: 16px;\">Ein Triggerpunkt entsteht immer auf Grund einer muskul\u00e4ren Dysbalance, z.B. durch kontrakte, \u00fcberdehnte oder \u00fcberprogrammierte Muskeln, Sehnen, B\u00e4ndern, etc.<\/span><\/p>\n<p>&nbsp;<\/p>\n<p style=\"text-align: justify;\"><span style=\"font-size: 16px;\">Triggerpunkte werden durch akute \u00dcberlastungen, Erm\u00fcdungen durch \u00dcberanstrengung, Traumata, falsche K\u00f6rperhaltung oder Unterk\u00fchlung aktiviert. Indirekt kann ein Triggerpunkt durch Organerkrankungen, Gelenkserkrankungen, emotionalen Stress oder auch durch andere Triggerpunkte aktiviert werden.<\/span><\/p>\n<p>&nbsp;<\/p>\n<p style=\"text-align: justify;\"><span style=\"font-size: 16px;\">Entwickelt wurde die Triggerpunkt Therapie von Simon und Travell im Jahre 1960.<\/span><\/p>\n<\/div><\/div><\/div><div class=\"cz_gap clr \" style=\"height: 20px\"><\/div><div id=\"cz_56842\" class=\"cz_56842 cz_title clr cz_title_pos_inline\"><div class=\"cz_title_content\"><div class=\"cz_wpe_content\"><p><span style=\"color: #960055; font-size: 18px;\"><strong>Wirkung der Triggerpunkt Therapie<\/strong><\/span><\/p>\n<p style=\"text-align: justify;\"><span style=\"font-size: 16px;\">Ziel der Triggerpunkt Therapie ist die Beseitigung von sogenannten &#8222;myofaszialer Triggerpunkten&#8220;. Ein Triggerpunkt stellt sich als Muskelregion mit lokal erh\u00f6hter Muskelspannung in der Skelettmuskulatur dar. Triggerpunkte haben eine erh\u00f6hte Druckempfindlichkeit, zugleich k\u00f6nnen von dort Ausstrahlungen ausgehen. <\/span><\/p>\n<p>&nbsp;<\/p>\n<p style=\"text-align: justify;\"><span style=\"font-size: 16px;\">Rund 80 bis 90% der Schmerzsyndrome sind auf entsprechende Muskulatur zur\u00fcckzuf\u00fchren.<\/span><\/p>\n<\/div><\/div><\/div><div class=\"cz_gap clr \" style=\"height: 20px\"><\/div><div id=\"cz_38075\" class=\"cz_38075 cz_title clr cz_title_pos_inline\"><div class=\"cz_title_content\"><div class=\"cz_wpe_content\"><p><span style=\"color: #960055; font-size: 18px;\"><strong>Wann hilft Triggerpunkt Therapie<\/strong><\/span><\/p>\n<ul>\n<li style=\"text-align: justify;\"><span style=\"font-size: 16px;\">Kopf- und Gesichtsschmerzen<\/span><\/li>\n<li style=\"text-align: justify;\"><span style=\"font-size: 16px;\">Epicondylitis<\/span><\/li>\n<li style=\"text-align: justify;\"><span style=\"font-size: 16px;\">Achillodynie<\/span><\/li>\n<li style=\"text-align: justify;\"><span style=\"font-size: 16px;\">Knie-, Sprung- und Schultergelenksschmerzen<\/span><\/li>\n<li style=\"text-align: justify;\"><span style=\"font-size: 16px;\">Pseudoradikul\u00e4re Schmerzsyndrome<\/span><\/li>\n<li style=\"text-align: justify;\"><span style=\"font-size: 16px;\">Aufsteigende Ursache &#8211; Folge &#8211; Ketten<\/span><\/li>\n<li style=\"text-align: justify;\"><span style=\"font-size: 16px;\">Fibromyalgie<\/span><\/li>\n<\/ul>\n<p style=\"text-align: justify;\"><span style=\"font-size: 16px;\">Innerhalb der Triggerpunkt Therapie werden die Schmerzpunkte systematisch und effektiv reduziert. Der therapeutische Effekt ist sofort sp\u00fcrbar. Nach dem vollst\u00e4ndigen Aufl\u00f6sen eines Triggerpunktes verschwinden die Schmerzen und eine evt. vorhergehende Bewegungseinschr\u00e4nkung.<\/span><\/p>\n<\/div><\/div><\/div><div class=\"cz_gap clr \" style=\"height: 50px\"><\/div>[\/vc_column][vc_column width=&#8220;1\/6&#8243;][\/vc_column][\/vc_row]<\/p>\n<\/div>","protected":false},"excerpt":{"rendered":"<p>[vc_row][vc_column width=&#8220;1\/6&#8243;][\/vc_column][vc_column css_animation=&#8220;fadeInUp&#8220; width=&#8220;2\/3&#8243;][\/vc_column][vc_column width=&#8220;1\/6&#8243;][\/vc_column][\/vc_row][vc_row][vc_column width=&#8220;1\/6&#8243;][\/vc_column][vc_column width=&#8220;2\/3&#8243;][\/vc_column][vc_column width=&#8220;1\/6&#8243;][\/vc_column][\/vc_row] &#8230; <\/p>\n","protected":false},"author":2,"featured_media":0,"parent":2831,"menu_order":0,"comment_status":"closed","ping_status":"closed","template":"","meta":{"footnotes":""},"class_list":["post-1436","page","type-page","status-publish","hentry"],"_links":{"self":[{"href":"http:\/\/www.physiobalance-physiotherapie.at\/de\/wp-json\/wp\/v2\/pages\/1436","targetHints":{"allow":["GET"]}}],"collection":[{"href":"http:\/\/www.physiobalance-physiotherapie.at\/de\/wp-json\/wp\/v2\/pages"}],"about":[{"href":"http:\/\/www.physiobalance-physiotherapie.at\/de\/wp-json\/wp\/v2\/types\/page"}],"author":[{"embeddable":true,"href":"http:\/\/www.physiobalance-physiotherapie.at\/de\/wp-json\/wp\/v2\/users\/2"}],"replies":[{"embeddable":true,"href":"http:\/\/www.physiobalance-physiotherapie.at\/de\/wp-json\/wp\/v2\/comments?post=1436"}],"version-history":[{"count":7,"href":"http:\/\/www.physiobalance-physiotherapie.at\/de\/wp-json\/wp\/v2\/pages\/1436\/revisions"}],"predecessor-version":[{"id":2513,"href":"http:\/\/www.physiobalance-physiotherapie.at\/de\/wp-json\/wp\/v2\/pages\/1436\/revisions\/2513"}],"up":[{"embeddable":true,"href":"http:\/\/www.physiobalance-physiotherapie.at\/de\/wp-json\/wp\/v2\/pages\/2831"}],"wp:attachment":[{"href":"http:\/\/www.physiobalance-physiotherapie.at\/de\/wp-json\/wp\/v2\/media?parent=1436"}],"curies":[{"name":"wp","href":"https:\/\/api.w.org\/{rel}","templated":true}]}}