{"id":1474,"date":"2021-06-11T10:11:25","date_gmt":"2021-06-11T08:11:25","guid":{"rendered":"http:\/\/www.physiobalance-physiotherapie.at\/?page_id=1474"},"modified":"2022-11-04T07:59:24","modified_gmt":"2022-11-04T06:59:24","slug":"psychotherapie","status":"publish","type":"page","link":"http:\/\/www.physiobalance-physiotherapie.at\/de\/therapiespektrum\/psychotherapie\/","title":{"rendered":"Psychotherapie"},"content":{"rendered":"<section class=\"wpb-content-wrapper\"><p>[vc_row][vc_column width=&#8220;1\/6&#8243;][\/vc_column][vc_column css_animation=&#8220;fadeInUp&#8220; width=&#8220;2\/3&#8243;]<div class=\"cz_gap clr  hide_on_mobile\" style=\"height: 40px\"><\/div><div class=\"cz_gap show_on_mobile clr\" style=\"height: 27px\"><\/div><div id=\"cz_52781\" class=\"cz_52781 cz_title clr cz_smart_fs cz_mobile_text_center cz_title_ba_line cz_title_pos_inline tac\"><div class=\"cz_title_content\"><div class=\"cz_wpe_content\"><h3 style=\"text-align: center;\"><span style=\"font-size: 36px;\">Warum Psychotherapie?<br \/>\n<\/span><\/h3>\n<\/div><div class=\"cz_title_line cz_line_after_title\"><span>_<\/span><\/div><\/div><\/div>[\/vc_column][vc_column width=&#8220;1\/6&#8243;][\/vc_column][\/vc_row][vc_row][vc_column width=&#8220;1\/6&#8243;][\/vc_column][vc_column width=&#8220;2\/3&#8243;]<div id=\"cz_33139\" class=\"cz_33139 cz_title clr cz_title_pos_inline\"><div class=\"cz_title_content\"><div class=\"cz_wpe_content\"><p><span style=\"color: #960055; font-size: 18px;\"><strong>Was uns bewegt, zur Sprache bringen<\/strong><\/span><\/p>\n<ul>\n<li style=\"text-align: justify;\"><span style=\"font-size: 16px;\">Bewegung findet nicht nur im K\u00f6rper sondern auch in der Seele statt.<\/span><\/li>\n<li style=\"text-align: justify;\"><span style=\"font-size: 16px;\">Die Seele bewegt den K\u00f6rper.<\/span><\/li>\n<li style=\"text-align: justify;\"><span style=\"font-size: 16px;\">Belastende, traumatisierende Erlebnisse bilden Stolpersteine. Der Weg wird zur Qual und erscheint m\u00fchselig und schwer.<\/span><\/li>\n<li style=\"text-align: justify;\"><span style=\"font-size: 16px;\">Angst bewirkt eine Verspannung der Muskeln und ist oft die Ursache f\u00fcr Schmerzen, die am K\u00f6rper wahrgenommen werden.<\/span><\/li>\n<li style=\"text-align: justify;\"><span style=\"font-size: 16px;\">Lerne, deinen eigenen Wahrnehmungen zu vertrauen und nimm die Signale deines K\u00f6rpers als Botschaft deiner Seele.<\/span><\/li>\n<li style=\"text-align: justify;\"><span style=\"font-size: 16px;\">In Zeiten wie diesen d\u00fcrfen wir lernen, dass Ver\u00e4nderung m\u00f6glich und oft auch notwendig ist!<\/span><\/li>\n<\/ul>\n<\/div><\/div><\/div><div class=\"cz_gap clr \" style=\"height: 50px\"><\/div>[\/vc_column][vc_column width=&#8220;1\/6&#8243;][\/vc_column][\/vc_row]<\/p>\n<\/section>","protected":false},"excerpt":{"rendered":"<p>[vc_row][vc_column width=&#8220;1\/6&#8243;][\/vc_column][vc_column css_animation=&#8220;fadeInUp&#8220; width=&#8220;2\/3&#8243;][\/vc_column][vc_column width=&#8220;1\/6&#8243;][\/vc_column][\/vc_row][vc_row][vc_column width=&#8220;1\/6&#8243;][\/vc_column][vc_column width=&#8220;2\/3&#8243;][\/vc_column][vc_column width=&#8220;1\/6&#8243;][\/vc_column][\/vc_row] &#8230; <\/p>\n","protected":false},"author":2,"featured_media":0,"parent":2831,"menu_order":0,"comment_status":"closed","ping_status":"closed","template":"","meta":{"footnotes":""},"class_list":["post-1474","page","type-page","status-publish","hentry"],"_links":{"self":[{"href":"http:\/\/www.physiobalance-physiotherapie.at\/de\/wp-json\/wp\/v2\/pages\/1474","targetHints":{"allow":["GET"]}}],"collection":[{"href":"http:\/\/www.physiobalance-physiotherapie.at\/de\/wp-json\/wp\/v2\/pages"}],"about":[{"href":"http:\/\/www.physiobalance-physiotherapie.at\/de\/wp-json\/wp\/v2\/types\/page"}],"author":[{"embeddable":true,"href":"http:\/\/www.physiobalance-physiotherapie.at\/de\/wp-json\/wp\/v2\/users\/2"}],"replies":[{"embeddable":true,"href":"http:\/\/www.physiobalance-physiotherapie.at\/de\/wp-json\/wp\/v2\/comments?post=1474"}],"version-history":[{"count":7,"href":"http:\/\/www.physiobalance-physiotherapie.at\/de\/wp-json\/wp\/v2\/pages\/1474\/revisions"}],"predecessor-version":[{"id":2523,"href":"http:\/\/www.physiobalance-physiotherapie.at\/de\/wp-json\/wp\/v2\/pages\/1474\/revisions\/2523"}],"up":[{"embeddable":true,"href":"http:\/\/www.physiobalance-physiotherapie.at\/de\/wp-json\/wp\/v2\/pages\/2831"}],"wp:attachment":[{"href":"http:\/\/www.physiobalance-physiotherapie.at\/de\/wp-json\/wp\/v2\/media?parent=1474"}],"curies":[{"name":"wp","href":"https:\/\/api.w.org\/{rel}","templated":true}]}}