{"id":1498,"date":"2021-06-12T09:02:03","date_gmt":"2021-06-12T07:02:03","guid":{"rendered":"http:\/\/www.physiobalance-physiotherapie.at\/?page_id=1498"},"modified":"2026-04-04T15:41:44","modified_gmt":"2026-04-04T13:41:44","slug":"brandl-neudorfer","status":"publish","type":"page","link":"http:\/\/www.physiobalance-physiotherapie.at\/de\/therapeutennetzwerk\/brandl-neudorfer\/","title":{"rendered":"Karin Brandl-Neudorfer"},"content":{"rendered":"<section class=\"wpb-content-wrapper\"><p>[vc_row][vc_column width=&#8220;1\/6&#8243;][\/vc_column][vc_column width=&#8220;2\/3&#8243;]<div id=\"cz_85387\" class=\"cz_85387 cz_title clr cz_smart_fs cz_mobile_text_center cz_title_ba_line cz_title_pos_inline tac\"><div class=\"cz_title_content\"><div class=\"cz_wpe_content\"><h3 style=\"text-align: center;\"><span style=\"font-size: 36px; color: #960055;\">Karin Brandl-Neudorfer<br \/>\n<\/span><\/h3>\n<\/div><div class=\"cz_title_line cz_line_after_title\"><span>_<\/span><\/div><\/div><\/div>[\/vc_column][vc_column width=&#8220;1\/6&#8243;][\/vc_column][\/vc_row][vc_row css=&#8220;.vc_custom_1671193250123{padding-right: 0px !important;padding-left: 0px !important;background-color: #ffffff !important;}&#8220;][vc_column width=&#8220;2\/12&#8243;]<div id=\"cz_14568\" class=\"cz_14568 cz_image clr cz_image_no_fx center_on_mobile\"><div class=\"cz_svg_bg\" ><div class=\"cz_image_in\" data-tilt><div class=\"cz_main_image\"><img decoding=\"async\" width=\"232\" height=\"300\" src=\"data:image\/svg+xml,%3Csvg%20xmlns%3D&#39;http%3A%2F%2Fwww.w3.org%2F2000%2Fsvg&#39;%20width=&#39;232&#39;%20height=&#39;300&#39;%20viewBox%3D&#39;0%200%20232%20300&#39;%2F%3E\" data-czlz data-src=\"http:\/\/www.physiobalance-physiotherapie.at\/wp-content\/uploads\/2025\/03\/IMG_0010_3-e1742308755818-232x300.jpg\" class=\"attachment-medium\" alt=\"\" title=\"IMG_0010_3\" data-srcset=\"http:\/\/www.physiobalance-physiotherapie.at\/wp-content\/uploads\/2025\/03\/IMG_0010_3-e1742308755818-232x300.jpg 232w, http:\/\/www.physiobalance-physiotherapie.at\/wp-content\/uploads\/2025\/03\/IMG_0010_3-e1742308755818-793x1024.jpg 793w, http:\/\/www.physiobalance-physiotherapie.at\/wp-content\/uploads\/2025\/03\/IMG_0010_3-e1742308755818-768x992.jpg 768w, http:\/\/www.physiobalance-physiotherapie.at\/wp-content\/uploads\/2025\/03\/IMG_0010_3-e1742308755818-1189x1536.jpg 1189w, http:\/\/www.physiobalance-physiotherapie.at\/wp-content\/uploads\/2025\/03\/IMG_0010_3-e1742308755818-600x775.jpg 600w, http:\/\/www.physiobalance-physiotherapie.at\/wp-content\/uploads\/2025\/03\/IMG_0010_3-e1742308755818.jpg 1460w\" data-sizes=\"(max-width: 232px) 100vw, 232px\" \/><\/div><\/div><\/div><\/div>[\/vc_column][vc_column css_animation=&#8220;fadeInLeft&#8220; width=&#8220;7\/12&#8243; css=&#8220;.vc_custom_1671191806738{padding-top: 20px !important;padding-right: 25px !important;padding-bottom: 20px !important;padding-left: 25px !important;background-color: #f3f3f3 !important;}&#8220;]<ul id=\"cz_45094\" class=\"cz_45094 cz_stylish_list clr cz_sl_icon_hover_zoom_in\"><li class=\"clr\"><a href=\"http:\/\/haus-fuer-physiobalance.physiobalance.at\/osteopathie\/\" title=\"Osteopathie\"><div class=\"cz_sl_icon\"><i class=\"far fa-dot-circle mr10\" ><\/i><\/div><div><span>Osteopathin D.O. \/ Cranio-sacral Therapeutin<\/span><\/div><\/a><\/li><li class=\"clr\"><a href=\"http:\/\/haus-fuer-physiobalance.physiobalance.at\/kinderosteopathie\/\" title=\"Kinderosteopathie\"><div class=\"cz_sl_icon\"><i class=\"far fa-dot-circle mr10\" ><\/i><\/div><div><span>Kinderosteopathin<\/span><\/div><\/a><\/li><li class=\"clr\"><a href=\"http:\/\/haus-fuer-physiobalance.physiobalance.at\/physiotherapie\/\" title=\"Physiotherapie\"><div class=\"cz_sl_icon\"><i class=\"far fa-dot-circle mr10\" ><\/i><\/div><div><span>Physiotherapeutin<\/span><\/div><\/a><\/li><li class=\"clr\"><a href=\"http:\/\/haus-fuer-physiobalance.physiobalance.at\/kiefergelenksbehandlung\/\" title=\"Kiefergelenksbehandlungen\"><div class=\"cz_sl_icon\"><i class=\"far fa-dot-circle mr10\" ><\/i><\/div><div><span>CMD-Kiefergelenksbehandlungen<\/span><\/div><\/a><\/li><li class=\"clr\"><a href=\"http:\/\/haus-fuer-physiobalance.physiobalance.at\/hypnobirthing\/\" title=\"HypnoBirthing\"><div class=\"cz_sl_icon\"><i class=\"far fa-dot-circle mr10\" ><\/i><\/div><div><span>HypnoBirthing Seminarleiterin<\/span><\/div><\/a><\/li><li class=\"clr\"><a href=\"http:\/\/haus-fuer-physiobalance.physiobalance.at\/de\/therapiespektrum\/traumaloesung\/\" title=\"Pr\u00e4- und perinatale Traumal\u00f6sung\"><div class=\"cz_sl_icon\"><i class=\"far fa-dot-circle mr10\" ><\/i><\/div><div><span>Pr\u00e4- und perinatale Traumal\u00f6sung<\/span><\/div><\/a><\/li><li class=\"clr\"><div class=\"cz_sl_icon\"><i class=\"far fa-dot-circle mr10\" ><\/i><\/div><div><span>TCM \/ APM \/ OAM<\/span><\/div><\/li><\/ul><div class=\"cz_gap clr \" style=\"height: 25px\"><\/div><div id=\"cz_97976\" class=\"cz_97976 cz_title clr cz_title_pos_inline\"><div class=\"cz_title_content\"><div class=\"cz_wpe_content\"><ul>\n<li style=\"text-align: left;\">Wahltherapeutin aller Kassen au\u00dfer \u00d6GK<\/li>\n<li style=\"text-align: left;\">Vertragspartnerin der \u00d6GK<\/li>\n<li style=\"text-align: left;\">Behandlungen in Osteopathie, TCM, Hypnobirthing, etc. sind Privatleistungen (R\u00fcckverg\u00fctungen sind zum Teil von Zusatzversicherungen m\u00f6glich)<\/li>\n<li><strong><em>Zertifizierter Kooperationspartner der SVS<\/em><\/strong><em>\u00a0:<\/em>\u00a0Ihren\u00a0<a href=\"https:\/\/www.svs.at\/cdscontent\/?contentid=10007.817071&amp;portal=svsportal\" target=\"_blank\" rel=\"noopener\">\u201e<span style=\"text-decoration: underline;\">SVS Gesundheitshundeter<\/span>\u201c<\/a>\u00a0k\u00f6nnen Sie bei mir einl\u00f6sen !<\/li>\n<\/ul>\n<\/div><\/div><\/div><div class=\"cz_gap clr \" style=\"height: 25px\"><\/div><div id=\"cz_50624\" class=\"cz_50624 cz_title clr cz_title_pos_inline\"><div class=\"cz_title_content\"><div class=\"cz_wpe_content\"><p><span style=\"color: #960055; font-size: 18px;\"><strong>Pers\u00f6nliches<\/strong><\/span><\/p>\n<ul>\n<li style=\"text-align: left;\"><span style=\"color: #666666;\">geb. 1973 in Haslach an der M\u00fchl, O\u00d6<br \/>\n<\/span><\/li>\n<li style=\"text-align: left;\"><span style=\"color: #666666;\">verheiratet, 4 Kinder<\/span><\/li>\n<\/ul>\n<\/div><\/div><\/div><div class=\"cz_gap clr \" style=\"height: 25px\"><\/div><div id=\"cz_28630\" class=\"cz_28630 cz_title clr cz_title_pos_inline\"><div class=\"cz_title_content\"><div class=\"cz_wpe_content\"><p><span style=\"color: #960055; font-size: 18px;\"><strong>Beruflicher Werdegang<\/strong><\/span><\/p>\n<ul>\n<li><strong>J\u00e4nner 2017<\/strong> Er\u00f6ffnung des Praxisstandortes Salzburg-Aigen, Haus f\u00fcr PhysioBalance<\/li>\n<li><strong>August 2003<\/strong> Er\u00f6ffnung der eigenen Praxis PHYSIOBALANCE, Salzburg<\/li>\n<li><strong>2003 &#8211; 2007<\/strong> Physiotherapeutin in der Privatklinik Wehrle, Salzburg<\/li>\n<li>Seit J\u00e4nner <strong>2003<\/strong> freiberuflich als Physiotherapeutin in Salzburg t\u00e4tig<\/li>\n<li><strong>1998 &#8211; 2000<\/strong> Fachberaterin f\u00fcr Krankenhaussoftware bei der Firma Systema im LKA Salzburg<\/li>\n<li><strong>1994 &#8211; 1998<\/strong> Radiolog.-techn. Assistentin im KH der Barmherzigen Br\u00fcder in Linz<\/li>\n<\/ul>\n<\/div><\/div><\/div><div class=\"cz_gap clr \" style=\"height: 25px\"><\/div><div id=\"cz_31853\" class=\"cz_31853 cz_title clr cz_title_pos_inline\"><div class=\"cz_title_content\"><div class=\"cz_wpe_content\"><p><span style=\"color: #960055; font-size: 18px;\"><strong>Fortbildungen<\/strong><\/span><\/p>\n<ul>\n<li>2026 <strong>The Healing Codes<\/strong> (nach Dr. Alex Loyd Onlinefortbildung)<\/li>\n<li>2024 &#8211; 2026 <strong>Bindungsanalyse Ausbildung<\/strong> (nach Hidas und Raffai bei Maria Reiter-Horngacher Salzburg)<\/li>\n<li>seit 2021 <strong>psychologische Astrologie<\/strong> (nach D\u00f6bereiner bei Melitta Hinterauer Salzburg)<\/li>\n<li>2023 <strong>Kieferbehandlung<\/strong> bei <strong>Craniomandibul\u00e4rer Dysfunktion (CMD)<\/strong> (mit Christian Defrance de Tersant D.O.)<\/li>\n<li>2023 <strong>Osteopathie in der P\u00e4diatrie<\/strong> (Teil II mit Christian Defrance de Tersant D.O.)<\/li>\n<li>2023 Schmerzkongress <strong>\u201eSchmerz &#8211; was tun? Ganzheitliche Schmerztherapie heute und morgen&#8220;<\/strong> (GAMED Wien)<\/li>\n<li>2022 <strong>Osteopathie und Fruchtbarkeitsst\u00f6rungen<\/strong> (mit Genevieve Kermorgant D.O.)<\/li>\n<li>2022 <strong>Osteopathie in der P\u00e4diatrie<\/strong> (mit Christian Defrance de Tersant D.O.)<\/li>\n<li>2022 Die <strong>somato-emotionale Dysfunktion<\/strong> &#8211; Osteopathie und Focusing (mit Dino Muzzi D.O.)<\/li>\n<li>2022 <strong>Baby Therapie<\/strong> &#8222;The Birth Mask&#8220; (mit Karlton Terry)<\/li>\n<li>2021 Orale Restriktionen beim S\u00e4ugling (mit Michaela Drei\u00dfig) &#8211; <strong>Begleitung bei Zungenband Problematiken<\/strong>, Nachbehandlung nach Zungenband Durchtrennung<\/li>\n<li>2019\u00a0<b>Fortbildung NABI Therapie<\/b>\u00a0&#8211; innovative Therapiemethode f\u00fcr die neuromuskul\u00e4re Rehabilitation (mit Primo Bonomelli)<\/li>\n<li>2019\u00a0<b>Physiotherapie Fortbildung<\/b>\u00a0&#8211; Therapie von Verletzungen des vorderen Kreuzbandes (Dr. Kittl FH Salzburg)<\/li>\n<li>2019 Fortbildung\u00a0<strong>CMD und Schmerzen<\/strong> &#8211; was die Myozentrik in der Kiefergelenkstherapie leisten kann (ICCMO)<\/li>\n<li>2019 Osteopathie Fortbildung\u00a0&#8211; <strong>Behandlungsm\u00f6glichkeiten in der P\u00e4diatrie &amp; Neonatologie<\/strong> (mit Pilippe Druelle D.O.)<\/li>\n<li>2018\u00a0<b>Hypnose Fortbildungen<\/b>\u00a0f\u00fcr eine entspannte Geburt (mit Thomas Hill)<\/li>\n<li>2018\u00a0Osteopathie Fortbildung &#8211;\u00a0<strong>Behandlung und Dialog mit dem emotionalen K\u00f6rper<\/strong> (mit Bernard Darraillans)<\/li>\n<li>2017 pre- und peri-natale\u00a0<b>Gehirnentwicklung<\/b>\u00a0(nach Prof. Dr. Nelson Annunciato)<\/li>\n<li>2017 pre- und peri-natale\u00a0<b>Traumatherapie<\/b>\u00a0(nach Ray Castillo)<\/li>\n<li>2014 &#8211; 2017\u00a0<b>Babytherapie-Ausbildung<\/b>\u00a0(nach Karlton Terry)<\/li>\n<li>2014 &#8211; 2016\u00a0<b>Osteopathie Fortbildungen<\/b>\u00a0(mit Bernard Darraillans)<\/li>\n<li>2015\u00a0<b>Embryologie Fortbildung<\/b>\u00a0(mit Jaap van der Wal)<\/li>\n<li>2015\u00a0<b>TCM Fortbildung<\/b>\u00a0Insomnia (Schlafst\u00f6rungen mit Claude Diolosa)<\/li>\n<li>2014\u00a0<b>TCM Fortbildung<\/b>\u00a0Kinderkrankheiten aus Sicht der TCM (mit Claude Diolosa)<\/li>\n<li>laufende Fortbildungen\u00a0<b>Kinderosteopathie (I-III)<\/b><\/li>\n<li>2013\u00a0<b>Human Software Engineering<\/b>\u00a0(Trauma- und Angstaufl\u00f6sung nach Tom Stone)<\/li>\n<li>2012\u00a0<b>Osteopathie f\u00fcr Schwangere\u00a0<\/b>(Obstetrik nach Ph. Druelle und R. Molinari)<\/li>\n<li>2012\u00a0<b>HypnoBirthing<\/b>\u00a0Ausbildung zur Seminarleitern &#8211; der Weg zur sanften Geburt (nach der Marie Mongan Methode)<\/li>\n<li>2009 &#8211; 2012\u00a0<b>TCM<\/b>\u00a0Ausbildung (bei Dr. Florian Ploberger &#8211; BACOPA)<\/li>\n<li>2003 &#8211; 2008\u00a0<b>Osteopathie\u00a0<\/b>Ausbildung (deutsches Osteopathie Kolleg &#8211; DOK)<\/li>\n<li>2002 &#8211; 2003\u00a0<b>APM\/OAM<\/b>\u00a0AkuPunktMassage \/ OhrAkupunkt-Massage Ausbildung (I-III)<\/li>\n<li>1999 &#8211; 2002 Akademie f\u00fcr\u00a0<b>Physiotherapie,<\/b>\u00a0Steyr O\u00d6<\/li>\n<li>1992 &#8211; 1994 Akademie f\u00fcr den\u00a0<b>Radiologisch-Technischen Dienst (RTA)<\/b>\u00a0am AKH Linz<\/li>\n<\/ul>\n<\/div><\/div><\/div>[\/vc_column][vc_column width=&#8220;3\/12&#8243; offset=&#8220;vc_hidden-xs&#8220;]<div id=\"cz_49882\" class=\"cz_49882 cz_banner clr\">\n\t\t\t<figure class=\"effect-style5\">\n\t\t\t\t<img decoding=\"async\" class=\"\" src=\"data:image\/svg+xml,%3Csvg%20xmlns%3D&#39;http%3A%2F%2Fwww.w3.org%2F2000%2Fsvg&#39;%20width=&#39;550&#39;%20height=&#39;250&#39;%20viewBox%3D&#39;0%200%20550%20250&#39;%2F%3E\" data-czlz data-src=\"http:\/\/www.physiobalance-physiotherapie.at\/wp-content\/uploads\/2022\/02\/Physiobalance227-scaled-550x250.jpg\" width=\"550\" height=\"250\" alt=\"Physiobalance227\" title=\"Physiobalance227\" \/>\n\t\t\t\t<figcaption><div><h4>Kinderosteopathie<\/h4><\/div><a href=\"http:\/\/www.physiobalance-physiotherapie.at\/kinderosteopathie\/\" title=\"Kinderosteopathie\"> <\/a><\/figcaption>\t\t\t\n\t\t\t<\/figure>\n\t\t<\/div><div id=\"cz_62182\" class=\"cz_62182 cz_banner clr\">\n\t\t\t<figure class=\"effect-style5\">\n\t\t\t\t<img decoding=\"async\" class=\"\" src=\"data:image\/svg+xml,%3Csvg%20xmlns%3D&#39;http%3A%2F%2Fwww.w3.org%2F2000%2Fsvg&#39;%20width=&#39;550&#39;%20height=&#39;250&#39;%20viewBox%3D&#39;0%200%20550%20250&#39;%2F%3E\" data-czlz data-src=\"http:\/\/www.physiobalance-physiotherapie.at\/wp-content\/uploads\/2022\/10\/Physiobalance251-scaled-550x250.jpg\" width=\"550\" height=\"250\" alt=\"Physiobalance251\" title=\"Physiobalance251\" \/>\n\t\t\t\t<figcaption><div><h4>Osteopathie<\/h4><\/div><a href=\"http:\/\/www.physiobalance-physiotherapie.at\/osteopathie\/\" title=\"Osteopathie\"> <\/a><\/figcaption>\t\t\t\n\t\t\t<\/figure>\n\t\t<\/div><div id=\"cz_47205\" class=\"cz_47205 cz_banner clr\">\n\t\t\t<figure class=\"effect-style5\">\n\t\t\t\t<img decoding=\"async\" class=\"\" src=\"data:image\/svg+xml,%3Csvg%20xmlns%3D&#39;http%3A%2F%2Fwww.w3.org%2F2000%2Fsvg&#39;%20width=&#39;550&#39;%20height=&#39;250&#39;%20viewBox%3D&#39;0%200%20550%20250&#39;%2F%3E\" data-czlz data-src=\"http:\/\/www.physiobalance-physiotherapie.at\/wp-content\/uploads\/2026\/02\/Physiobalance249-550x250.jpg\" width=\"550\" height=\"250\" alt=\"Physiobalance249\" title=\"Physiobalance249\" \/>\n\t\t\t\t<figcaption><div><h4>Physiotherapie<\/h4><\/div><a href=\"http:\/\/www.physiobalance-physiotherapie.at\/physiotherapie\/\" title=\"Physiotherapie\"> <\/a><\/figcaption>\t\t\t\n\t\t\t<\/figure>\n\t\t<\/div><div id=\"cz_77331\" class=\"cz_77331 cz_banner clr\">\n\t\t\t<figure class=\"effect-style5\">\n\t\t\t\t<img decoding=\"async\" class=\"\" src=\"data:image\/svg+xml,%3Csvg%20xmlns%3D&#39;http%3A%2F%2Fwww.w3.org%2F2000%2Fsvg&#39;%20width=&#39;550&#39;%20height=&#39;250&#39;%20viewBox%3D&#39;0%200%20550%20250&#39;%2F%3E\" data-czlz data-src=\"http:\/\/www.physiobalance-physiotherapie.at\/wp-content\/uploads\/2026\/02\/hypnobirthing_3-550x250.jpg\" width=\"550\" height=\"250\" alt=\"hypnobirthing_3\" title=\"hypnobirthing_3\" \/>\n\t\t\t\t<figcaption><div><h4>HypnoBirthing<\/h4><\/div><a href=\"http:\/\/www.physiobalance-physiotherapie.at\/hypnobirthing\/\" title=\"Hypnobirthing\"> <\/a><\/figcaption>\t\t\t\n\t\t\t<\/figure>\n\t\t<\/div><div id=\"cz_32791\" class=\"cz_32791 cz_banner clr\">\n\t\t\t<figure class=\"effect-style5\">\n\t\t\t\t<img decoding=\"async\" class=\"\" src=\"data:image\/svg+xml,%3Csvg%20xmlns%3D&#39;http%3A%2F%2Fwww.w3.org%2F2000%2Fsvg&#39;%20width=&#39;550&#39;%20height=&#39;250&#39;%20viewBox%3D&#39;0%200%20550%20250&#39;%2F%3E\" data-czlz data-src=\"http:\/\/www.physiobalance-physiotherapie.at\/wp-content\/uploads\/2022\/10\/Physiobalance258-scaled-e1666274698879-550x250.jpg\" width=\"550\" height=\"250\" alt=\"Physiobalance258\" title=\"Physiobalance258\" \/>\n\t\t\t\t<figcaption><div><h4>CMD-Kiefergelenks-behandlungen<\/h4><\/div><a href=\"http:\/\/www.physiobalance-physiotherapie.at\/kiefergelenksbehandlung\/\" title=\"Kiefergelenksbehandlungen\"> <\/a><\/figcaption>\t\t\t\n\t\t\t<\/figure>\n\t\t<\/div><div id=\"cz_79093\" class=\"cz_79093 cz_banner clr\">\n\t\t\t<figure class=\"effect-style5\">\n\t\t\t\t<img decoding=\"async\" class=\"\" src=\"data:image\/svg+xml,%3Csvg%20xmlns%3D&#39;http%3A%2F%2Fwww.w3.org%2F2000%2Fsvg&#39;%20width=&#39;550&#39;%20height=&#39;250&#39;%20viewBox%3D&#39;0%200%20550%20250&#39;%2F%3E\" data-czlz data-src=\"http:\/\/www.physiobalance-physiotherapie.at\/wp-content\/uploads\/2022\/10\/hp-mutterkind2-550x250.jpg\" width=\"550\" height=\"250\" alt=\"hp-mutterkind2\" title=\"hp-mutterkind2\" \/>\n\t\t\t\t<figcaption><div><h4>pr\u00e4- und perinatale Traumal\u00f6sung<\/h4><\/div><a href=\"http:\/\/www.physiobalance-physiotherapie.at\/de\/therapiespektrum\/traumaloesung\/\" title=\"Pr\u00e4- und perinatale Traumal\u00f6sung\"> <\/a><\/figcaption>\t\t\t\n\t\t\t<\/figure>\n\t\t<\/div>[\/vc_column][\/vc_row]<\/p>\n<\/section>","protected":false},"excerpt":{"rendered":"<p>[vc_row][vc_column width=&#8220;1\/6&#8243;][\/vc_column][vc_column width=&#8220;2\/3&#8243;][\/vc_column][vc_column width=&#8220;1\/6&#8243;][\/vc_column][\/vc_row][vc_row css=&#8220;.vc_custom_1671193250123{padding-right: 0px !important;padding-left: 0px !important;background-color: #ffffff !important;}&#8220;][vc_column &#8230; <\/p>\n","protected":false},"author":2,"featured_media":0,"parent":2633,"menu_order":0,"comment_status":"closed","ping_status":"closed","template":"","meta":{"footnotes":""},"class_list":["post-1498","page","type-page","status-publish","hentry"],"_links":{"self":[{"href":"http:\/\/www.physiobalance-physiotherapie.at\/de\/wp-json\/wp\/v2\/pages\/1498","targetHints":{"allow":["GET"]}}],"collection":[{"href":"http:\/\/www.physiobalance-physiotherapie.at\/de\/wp-json\/wp\/v2\/pages"}],"about":[{"href":"http:\/\/www.physiobalance-physiotherapie.at\/de\/wp-json\/wp\/v2\/types\/page"}],"author":[{"embeddable":true,"href":"http:\/\/www.physiobalance-physiotherapie.at\/de\/wp-json\/wp\/v2\/users\/2"}],"replies":[{"embeddable":true,"href":"http:\/\/www.physiobalance-physiotherapie.at\/de\/wp-json\/wp\/v2\/comments?post=1498"}],"version-history":[{"count":11,"href":"http:\/\/www.physiobalance-physiotherapie.at\/de\/wp-json\/wp\/v2\/pages\/1498\/revisions"}],"predecessor-version":[{"id":6767,"href":"http:\/\/www.physiobalance-physiotherapie.at\/de\/wp-json\/wp\/v2\/pages\/1498\/revisions\/6767"}],"up":[{"embeddable":true,"href":"http:\/\/www.physiobalance-physiotherapie.at\/de\/wp-json\/wp\/v2\/pages\/2633"}],"wp:attachment":[{"href":"http:\/\/www.physiobalance-physiotherapie.at\/de\/wp-json\/wp\/v2\/media?parent=1498"}],"curies":[{"name":"wp","href":"https:\/\/api.w.org\/{rel}","templated":true}]}}