{"id":1584,"date":"2021-06-12T13:04:31","date_gmt":"2021-06-12T11:04:31","guid":{"rendered":"http:\/\/www.physiobalance-physiotherapie.at\/?page_id=1584"},"modified":"2026-02-23T16:58:34","modified_gmt":"2026-02-23T15:58:34","slug":"trinkoregina","status":"publish","type":"page","link":"http:\/\/www.physiobalance-physiotherapie.at\/de\/therapeutennetzwerk\/trinkoregina\/","title":{"rendered":"Dr. Regina Bernhofer"},"content":{"rendered":"<section class=\"wpb-content-wrapper\"><p>[vc_row][vc_column width=&#8220;1\/6&#8243;][\/vc_column][vc_column width=&#8220;2\/3&#8243;]<div id=\"cz_105803\" class=\"cz_105803 cz_title clr cz_smart_fs cz_mobile_text_center cz_title_ba_line cz_title_pos_inline tac\"><div class=\"cz_title_content\"><div class=\"cz_wpe_content\"><h3 style=\"text-align: center;\"><span style=\"font-size: 36px;\"><span style=\"color: #960055;\">Dr. Regina Bernhofer<\/span><br \/>\n<\/span><\/h3>\n<\/div><div class=\"cz_title_line cz_line_after_title\"><span>_<\/span><\/div><\/div><\/div>[\/vc_column][vc_column width=&#8220;1\/6&#8243;][\/vc_column][\/vc_row][vc_row content_placement=&#8220;top&#8220; css=&#8220;.vc_custom_1671193839312{padding-right: 0px !important;padding-left: 0px !important;background-color: #ffffff !important;}&#8220;][vc_column css_animation=&#8220;fadeInLeft&#8220; width=&#8220;2\/12&#8243;]<div id=\"cz_45571\" class=\"cz_45571 cz_image clr cz_image_no_fx center_on_mobile\"><div class=\"cz_svg_bg\" ><div class=\"cz_image_in\"><div class=\"cz_main_image\"><img decoding=\"async\" width=\"200\" height=\"200\" src=\"data:image\/svg+xml,%3Csvg%20xmlns%3D&#39;http%3A%2F%2Fwww.w3.org%2F2000%2Fsvg&#39;%20width=&#39;200&#39;%20height=&#39;200&#39;%20viewBox%3D&#39;0%200%20200%20200&#39;%2F%3E\" data-czlz data-src=\"http:\/\/www.physiobalance-physiotherapie.at\/wp-content\/uploads\/2021\/06\/TrinkoRegina.jpg\" class=\"attachment-full\" alt=\"\" title=\"\" data-srcset=\"http:\/\/www.physiobalance-physiotherapie.at\/wp-content\/uploads\/2021\/06\/TrinkoRegina.jpg 200w, http:\/\/www.physiobalance-physiotherapie.at\/wp-content\/uploads\/2021\/06\/TrinkoRegina-150x150.jpg 150w, http:\/\/www.physiobalance-physiotherapie.at\/wp-content\/uploads\/2021\/06\/TrinkoRegina-100x100.jpg 100w\" data-sizes=\"(max-width: 200px) 100vw, 200px\" \/><\/div><\/div><\/div><\/div>[\/vc_column][vc_column css_animation=&#8220;fadeInRight&#8220; width=&#8220;7\/12&#8243; css=&#8220;.vc_custom_1671193845455{padding-top: 20px !important;padding-right: 20px !important;padding-bottom: 20px !important;padding-left: 20px !important;background-color: #f3f3f3 !important;}&#8220;]<ul id=\"cz_30276\" class=\"cz_30276 cz_stylish_list clr cz_sl_icon_hover_zoom_in\"><li class=\"clr\"><div class=\"cz_sl_icon\"><i class=\"far fa-dot-circle mr10\" ><\/i><\/div><div><span>Psychologin<\/span><\/div><\/li><li class=\"clr\"><div class=\"cz_sl_icon\"><i class=\"far fa-dot-circle mr10\" ><\/i><\/div><div><span>Psychotherapeutin (Individualpsychologie)<\/span><\/div><\/li><li class=\"clr\"><div class=\"cz_sl_icon\"><i class=\"far fa-dot-circle mr10\" ><\/i><\/div><div><span>Individualpsychologische Kinder- und Jugendlichen- Psychotherapeutin<\/span><\/div><\/li><li class=\"clr\"><div class=\"cz_sl_icon\"><i class=\"far fa-dot-circle mr10\" ><\/i><\/div><div><span>Orff-Musiktherapeutin<\/span><\/div><\/li><\/ul><div class=\"cz_gap clr \" style=\"height: 25px\"><\/div><div id=\"cz_36972\" class=\"cz_36972 cz_title clr cz_title_pos_inline\"><div class=\"cz_title_content\"><div class=\"cz_wpe_content\"><p>freiberuflich und selbst\u00e4ndig t\u00e4tige klinische Psychologin, individualpsychologische Psychotherapeutin<\/p>\n<\/div><\/div><\/div><div class=\"cz_gap clr \" style=\"height: 25px\"><\/div><div id=\"cz_27203\" class=\"cz_27203 cz_title clr cz_title_pos_inline\"><div class=\"cz_title_content\"><div class=\"cz_wpe_content\"><p><span style=\"color: #960055; font-size: 18px;\"><strong>Pers\u00f6nliches<\/strong><\/span><\/p>\n<p style=\"text-align: left;\"><span style=\"font-size: 16px;\">Geboren in Salzburg<br \/>\n<\/span><span style=\"font-size: 16px;\">2 Kinder<\/span><\/p>\n<\/div><\/div><\/div><div class=\"cz_gap clr \" style=\"height: 25px\"><\/div><div id=\"cz_44879\" class=\"cz_44879 cz_title clr cz_title_pos_inline\"><div class=\"cz_title_content\"><div class=\"cz_wpe_content\"><p><span style=\"color: #960055; font-size: 18px;\"><strong>Kontakt<\/strong><\/span><\/p>\n<p style=\"text-align: left;\"><span style=\"font-size: 16px;\"><strong>Praxis Aigen:<\/strong> <a href=\"\/de?page_id=1658\">Haus f\u00fcr PhysioBalance, Uferstra\u00dfe 2b, 5026 Salzburg-Aigen<\/a><\/span><\/p>\n<p style=\"text-align: left;\"><span style=\"font-size: 16px;\"><strong>Telefon:<\/strong> <a href=\"tel:+43664 73430098\">+43 (0)664 73430098<\/a><\/span><\/p>\n<p style=\"text-align: left;\"><span style=\"font-size: 16px;\"><strong>Email:<\/strong> <a href=\"mailto:regina.bernhofer@outlook.com\">regina.bernhofer(at)outlook.com<\/a><\/span><\/p>\n<\/div><\/div><\/div><div class=\"cz_gap clr \" style=\"height: 25px\"><\/div><div id=\"cz_20704\" class=\"cz_20704 cz_title clr cz_title_pos_inline\"><div class=\"cz_title_content\"><div class=\"cz_wpe_content\"><p><span style=\"color: #960055; font-size: 18px;\"><strong>Beruflicher Werdegang<\/strong><\/span><\/p>\n<ul>\n<li style=\"text-align: left;\"><span style=\"font-size: 16px;\">Studium der Psychologie und Romanistik in Salzburg<\/span><\/li>\n<li style=\"text-align: left;\"><span style=\"font-size: 16px;\">W\u00e4hrend des Studiums zus\u00e4tzlich Ausbildung zur Sozialp\u00e4dagogin und Orff-Musiktherapeutin<\/span><\/li>\n<li style=\"text-align: left;\"><span style=\"font-size: 16px;\">Arbeit als Psychologin in diversen Kliniken: Kinderspital Salzburg<\/span><\/li>\n<li style=\"text-align: left;\"><span style=\"font-size: 16px;\">Kinderklinik Glanzing (Wien), Wilhelminenspital und AKH<\/span><\/li>\n<li style=\"text-align: left;\"><span style=\"font-size: 16px;\">Psychologische Leiterin einer Kinderambulanz in Wien<\/span><\/li>\n<li style=\"text-align: left;\"><span style=\"font-size: 16px;\">Nach der Geburt meiner Kinder Arbeit in eigener Praxis<\/span><\/li>\n<li style=\"text-align: left;\"><span style=\"font-size: 16px;\">Supervisorin bei \u201eRettet das Kind\u201c<\/span><\/li>\n<\/ul>\n<\/div><\/div><\/div>[\/vc_column][vc_column width=&#8220;3\/12&#8243;]<div id=\"cz_85953\" class=\"cz_85953 cz_banner clr\">\n\t\t\t<figure class=\"effect-style5\">\n\t\t\t\t<img decoding=\"async\" src=\"data:image\/svg+xml,%3Csvg%20xmlns%3D&#39;http%3A%2F%2Fwww.w3.org%2F2000%2Fsvg&#39;%20width=&#39;1000&#39;%20height=&#39;1000&#39;%20viewBox%3D&#39;0%200%201000%201000&#39;%2F%3E\" data-czlz data-src=\"http:\/\/www.physiobalance-physiotherapie.at\/wp-content\/plugins\/codevz-plus\/assets\/img\/p.svg\" class=\"xtra-placeholder \" width=\"1000\" height=\"1000\" alt=\"image\" \/>\n\t\t\t\t<figcaption><div><h4>Psychotherapie<\/h4><\/div><a href=\"http:\/\/www.physiobalance-physiotherapie.at\/psychotherapie\/\" title=\"Psychotherapie\"> <\/a><\/figcaption>\t\t\t\n\t\t\t<\/figure>\n\t\t<\/div>[\/vc_column][\/vc_row]<\/p>\n<\/section>","protected":false},"excerpt":{"rendered":"<p>[vc_row][vc_column width=&#8220;1\/6&#8243;][\/vc_column][vc_column width=&#8220;2\/3&#8243;][\/vc_column][vc_column width=&#8220;1\/6&#8243;][\/vc_column][\/vc_row][vc_row content_placement=&#8220;top&#8220; css=&#8220;.vc_custom_1671193839312{padding-right: 0px !important;padding-left: 0px !important;background-color: #ffffff &#8230; <\/p>\n","protected":false},"author":2,"featured_media":0,"parent":2633,"menu_order":0,"comment_status":"closed","ping_status":"closed","template":"","meta":{"footnotes":""},"class_list":["post-1584","page","type-page","status-publish","hentry"],"_links":{"self":[{"href":"http:\/\/www.physiobalance-physiotherapie.at\/de\/wp-json\/wp\/v2\/pages\/1584","targetHints":{"allow":["GET"]}}],"collection":[{"href":"http:\/\/www.physiobalance-physiotherapie.at\/de\/wp-json\/wp\/v2\/pages"}],"about":[{"href":"http:\/\/www.physiobalance-physiotherapie.at\/de\/wp-json\/wp\/v2\/types\/page"}],"author":[{"embeddable":true,"href":"http:\/\/www.physiobalance-physiotherapie.at\/de\/wp-json\/wp\/v2\/users\/2"}],"replies":[{"embeddable":true,"href":"http:\/\/www.physiobalance-physiotherapie.at\/de\/wp-json\/wp\/v2\/comments?post=1584"}],"version-history":[{"count":11,"href":"http:\/\/www.physiobalance-physiotherapie.at\/de\/wp-json\/wp\/v2\/pages\/1584\/revisions"}],"predecessor-version":[{"id":6647,"href":"http:\/\/www.physiobalance-physiotherapie.at\/de\/wp-json\/wp\/v2\/pages\/1584\/revisions\/6647"}],"up":[{"embeddable":true,"href":"http:\/\/www.physiobalance-physiotherapie.at\/de\/wp-json\/wp\/v2\/pages\/2633"}],"wp:attachment":[{"href":"http:\/\/www.physiobalance-physiotherapie.at\/de\/wp-json\/wp\/v2\/media?parent=1584"}],"curies":[{"name":"wp","href":"https:\/\/api.w.org\/{rel}","templated":true}]}}