{"id":1608,"date":"2021-06-14T07:47:00","date_gmt":"2021-06-14T05:47:00","guid":{"rendered":"http:\/\/www.physiobalance-physiotherapie.at\/?page_id=1608"},"modified":"2022-11-06T09:43:52","modified_gmt":"2022-11-06T08:43:52","slug":"verordnung","status":"publish","type":"page","link":"http:\/\/www.physiobalance-physiotherapie.at\/de\/patienteninfo\/verordnung\/","title":{"rendered":"Verordnung"},"content":{"rendered":"<section class=\"wpb-content-wrapper\"><p>[vc_row][vc_column width=&#8220;1\/6&#8243;][\/vc_column][vc_column css_animation=&#8220;fadeInUp&#8220; width=&#8220;2\/3&#8243;]<div id=\"cz_98684\" class=\"cz_98684 cz_title clr cz_smart_fs cz_mobile_text_center cz_title_ba_line cz_title_pos_inline tac\"><div class=\"cz_title_content\"><div class=\"cz_wpe_content\"><h3 style=\"text-align: center;\"><span style=\"font-size: 36px; color: #960055;\">Wof\u00fcr ben\u00f6tige ich eine Verordnung?<br \/>\n<\/span><\/h3>\n<\/div><div class=\"cz_title_line cz_line_after_title\"><span>_<\/span><\/div><\/div><\/div>[\/vc_column][vc_column width=&#8220;1\/6&#8243;][\/vc_column][\/vc_row][vc_row][vc_column width=&#8220;1\/6&#8243;][\/vc_column][vc_column width=&#8220;2\/3&#8243;]<div id=\"cz_102259\" class=\"cz_102259 cz_title clr cz_title_pos_inline tac\"><div class=\"cz_title_content\"><div class=\"cz_wpe_content\"><p style=\"text-align: center;\"><span style=\"font-size: 16px;\">F\u00fcr eine rehabilitative physiotherapeutische Behandlung bedarf es vom Arzt f\u00fcr Allgemeinmedizin oder Facharzt bzw. Krankenhaus einen Verordungsschein.<\/span><\/p>\n<\/div><\/div><\/div><div class=\"cz_gap clr \" style=\"height: 30px\"><\/div><div id=\"cz_34339\" class=\"cz_34339 cz_title clr cz_title_pos_inline tac\"><div class=\"cz_title_content\"><div class=\"cz_wpe_content\"><p style=\"text-align: center;\"><span style=\"font-size: 16px; color: #960055;\"><strong>Hinweis<\/strong><\/span><\/p>\n<p style=\"text-align: center;\"><span style=\"font-size: 16px;\">Lt. MDT-Gesetz bedarf es <strong>aus berufsrechtlichen Gr\u00fcnden f\u00fcr jede von uns Therapeuten erbrachten Behandlung einer \u00e4rztlichen Verordnung.<\/strong><\/span><\/p>\n<p>&nbsp;<\/p>\n<p style=\"text-align: center;\"><span style=\"font-size: 16px;\">Osteopathie- und andere ganzheitliche Behandlugsformen (APM, Cranio-sacrale Therapie, TCM-Beratung, etc.) sind reine Privatleistungen und werden von den Versicherungsanstalten nicht r\u00fcckverg\u00fctet. <\/span><\/p>\n<p style=\"text-align: center;\"><span style=\"font-size: 16px;\">Trotztdem bedarf es einer \u00e4rztlichen Verordnung!<\/span><\/p>\n<\/div><\/div><\/div><div class=\"cz_gap clr \" style=\"height: 30px\"><\/div><div id=\"cz_33632\" class=\"cz_33632 cz_title clr cz_title_pos_inline tac\"><div class=\"cz_title_content\"><div class=\"cz_wpe_content\"><p style=\"text-align: center;\"><span style=\"font-size: 16px; color: #960055;\"><strong>Was muss auf diesem Verordnungsschein verzeichnet sein?<\/strong><\/span><\/p>\n<p style=\"text-align: center;\"><span style=\"font-size: 16px;\">\u2022 eine genaue Diagnose<\/span><\/p>\n<p style=\"text-align: center;\"><span style=\"font-size: 16px;\">\u2022 indizierte Therapie bzw. Einzelleistungen<\/span><\/p>\n<p style=\"text-align: center;\"><span style=\"font-size: 16px;\">\u2022 Anzahl der Behandlungen<\/span><\/p>\n<p style=\"text-align: center;\"><span style=\"font-size: 16px;\">\u2022 evt. Hausbesuch<\/span><\/p>\n<\/div><\/div><\/div><div class=\"cz_gap clr \" style=\"height: 30px\"><\/div><div id=\"cz_96226\" class=\"cz_96226 cz_title clr cz_title_pos_inline tac\"><div class=\"cz_title_content\"><div class=\"cz_wpe_content\"><p style=\"text-align: center;\"><span style=\"font-size: 16px; color: #960055;\"><strong>Hinweis<\/strong><\/span><\/p>\n<p style=\"text-align: center;\"><span style=\"font-size: 16px;\">bei neurologischen Erkrankungen (z.B. Multiple Sklerose, Schlaganfall, etc.), die den Vermerk &#8222;neurophysiologische Behandlung&#8220; tragen, werden den WahlpatientInnen von SV-Tr\u00e4ger h\u00f6here Tarife zur\u00fcckerstattet.<\/span><\/p>\n<\/div><\/div><\/div><div class=\"cz_gap clr \" style=\"height: 30px\"><\/div><div id=\"cz_58619\" class=\"cz_58619 cz_title clr cz_title_pos_inline tac\"><div class=\"cz_title_content\"><div class=\"cz_wpe_content\"><p style=\"text-align: center;\"><span style=\"color: #960055;\"><strong><span style=\"font-size: 16px;\">Chef\u00e4rtzliche Bewilligung<\/span><\/strong><\/span><\/p>\n<p style=\"text-align: center;\"><span style=\"font-size: 16px;\">Um mit der \u00d6GK direkt abrechnen zu k\u00f6nnen, bedarf es <strong>VOR Therapiebeginn der chef\u00e4rztlichen Bewilligung<\/strong>.\u00a0<\/span><span style=\"font-size: 16px;\">Um Ihnen als Wahlpatien:in aller anderen SV-Tr\u00e4gern bzw. als Wahlpatient:in bei einer Wahltherapeutin die R\u00fcckverg\u00fctung zu erm\u00f6glichen muss der Verordnungsschein ebenfalls VOR Behandlungsbeginn bewilligt werden.<\/span><\/p>\n<p style=\"text-align: center;\"><span style=\"font-size: 16px;\">Bitte beachten Sie, <strong>dass Teilmassagen und Lymphdrainagen IMMER chefarztpflichtig sind!<\/strong><\/span><\/p>\n<\/div><\/div><\/div><div class=\"cz_gap clr \" style=\"height: 30px\"><\/div><div id=\"cz_21579\" class=\"cz_21579 cz_title clr cz_title_pos_inline tac\"><div class=\"cz_title_content\"><div class=\"cz_wpe_content\"><p style=\"text-align: center;\"><span style=\"font-size: 16px; color: #960055;\"><strong>G\u00fcltigkeit des Verordungsscheins<\/strong><\/span><\/p>\n<p style=\"text-align: center;\"><span style=\"font-size: 16px;\">Der <strong>Behandlungsbeginn muss innerhalb von 3 Monaten ab Ausstellungsdatum bzw. Chefarztdatum sein<\/strong> (Angabe von 2 Wochen am Verordungsschein ist falsch!).<\/span><\/p>\n<p style=\"text-align: center;\"><span style=\"font-size: 16px;\">Die Behandlungsserie muss innerhalb von 6 Monaten durchgef\u00fchrt werden.<\/span><\/p>\n<\/div><\/div><\/div><div class=\"cz_gap clr \" style=\"height: 30px\"><\/div><div id=\"cz_43393\" class=\"cz_43393 cz_title clr cz_title_pos_inline tac\"><div class=\"cz_title_content\"><div class=\"cz_wpe_content\"><p style=\"text-align: center;\"><span style=\"color: #960055;\"><strong><span style=\"font-size: 16px;\">Chef\u00e4rtzliche Bewilligung<\/span><\/strong><\/span><\/p>\n<p style=\"text-align: center;\"><span style=\"font-size: 16px;\">Um mit der \u00d6GK direkt abrechnen zu k\u00f6nnen, bedarf es VOR Therapiebeginn der chef\u00e4rztlichen Bewilligung.<\/span><\/p>\n<p style=\"text-align: center;\"><span style=\"font-size: 16px;\">Um Ihnen als WahlpatientIn aller anderen SV-Tr\u00e4gern bzw. als WahlpatientIn bei einer Wahltherapeutin die R\u00fcckverg\u00fctung zu erm\u00f6glichen muss der Verordungsschein ebenfalls VOR Behandlungsbeginn bewilligt werden.<\/span><\/p>\n<p>&nbsp;<\/p>\n<p style=\"text-align: center;\"><span style=\"font-size: 16px;\">Bitte beachten Sie, <strong>dass Teilmassagen und Lymphdrainagen IMMER chefarztpflichtig sind!<\/strong><\/span><\/p>\n<\/div><\/div><\/div>[\/vc_column][vc_column width=&#8220;1\/6&#8243;][\/vc_column][\/vc_row]<\/p>\n<\/section>","protected":false},"excerpt":{"rendered":"<p>[vc_row][vc_column width=&#8220;1\/6&#8243;][\/vc_column][vc_column css_animation=&#8220;fadeInUp&#8220; width=&#8220;2\/3&#8243;][\/vc_column][vc_column width=&#8220;1\/6&#8243;][\/vc_column][\/vc_row][vc_row][vc_column width=&#8220;1\/6&#8243;][\/vc_column][vc_column width=&#8220;2\/3&#8243;][\/vc_column][vc_column width=&#8220;1\/6&#8243;][\/vc_column][\/vc_row] &#8230; <\/p>\n","protected":false},"author":2,"featured_media":0,"parent":3605,"menu_order":0,"comment_status":"closed","ping_status":"closed","template":"","meta":{"footnotes":""},"class_list":["post-1608","page","type-page","status-publish","hentry"],"_links":{"self":[{"href":"http:\/\/www.physiobalance-physiotherapie.at\/de\/wp-json\/wp\/v2\/pages\/1608","targetHints":{"allow":["GET"]}}],"collection":[{"href":"http:\/\/www.physiobalance-physiotherapie.at\/de\/wp-json\/wp\/v2\/pages"}],"about":[{"href":"http:\/\/www.physiobalance-physiotherapie.at\/de\/wp-json\/wp\/v2\/types\/page"}],"author":[{"embeddable":true,"href":"http:\/\/www.physiobalance-physiotherapie.at\/de\/wp-json\/wp\/v2\/users\/2"}],"replies":[{"embeddable":true,"href":"http:\/\/www.physiobalance-physiotherapie.at\/de\/wp-json\/wp\/v2\/comments?post=1608"}],"version-history":[{"count":11,"href":"http:\/\/www.physiobalance-physiotherapie.at\/de\/wp-json\/wp\/v2\/pages\/1608\/revisions"}],"predecessor-version":[{"id":2760,"href":"http:\/\/www.physiobalance-physiotherapie.at\/de\/wp-json\/wp\/v2\/pages\/1608\/revisions\/2760"}],"up":[{"embeddable":true,"href":"http:\/\/www.physiobalance-physiotherapie.at\/de\/wp-json\/wp\/v2\/pages\/3605"}],"wp:attachment":[{"href":"http:\/\/www.physiobalance-physiotherapie.at\/de\/wp-json\/wp\/v2\/media?parent=1608"}],"curies":[{"name":"wp","href":"https:\/\/api.w.org\/{rel}","templated":true}]}}