{"id":1614,"date":"2021-06-14T07:51:42","date_gmt":"2021-06-14T05:51:42","guid":{"rendered":"http:\/\/www.physiobalance-physiotherapie.at\/?page_id=1614"},"modified":"2022-11-18T12:42:16","modified_gmt":"2022-11-18T11:42:16","slug":"abrechnung_oegk","status":"publish","type":"page","link":"http:\/\/www.physiobalance-physiotherapie.at\/de\/patienteninfo\/abrechnung_oegk\/","title":{"rendered":"Abrechnung \u00d6GK"},"content":{"rendered":"<div class=\"wpb-content-wrapper\"><p>[vc_row][vc_column width=&#8220;1\/6&#8243;][\/vc_column][vc_column css_animation=&#8220;fadeInUp&#8220; width=&#8220;2\/3&#8243;]<div id=\"cz_49991\" class=\"cz_49991 cz_title clr cz_mobile_text_center cz_title_ba_line cz_title_pos_inline tac\"><div class=\"cz_title_content\"><div class=\"cz_wpe_content\"><h3 style=\"text-align: center;\"><span style=\"font-size: 36px; color: #960055;\">Direktverrechnung mit der \u00d6GK<br \/>\n<\/span><\/h3>\n<\/div><div class=\"cz_title_line cz_line_after_title\"><span>_<\/span><\/div><\/div><\/div>[\/vc_column][vc_column width=&#8220;1\/6&#8243;][\/vc_column][\/vc_row][vc_row][vc_column width=&#8220;1\/6&#8243;][\/vc_column][vc_column width=&#8220;2\/3&#8243;]<div id=\"cz_31908\" class=\"cz_31908 cz_title clr cz_title_pos_inline tac\"><div class=\"cz_title_content\"><div class=\"cz_wpe_content\"><p style=\"text-align: center;\"><span style=\"font-size: 16px;\">Alle bewilligten und unterschriebenen Patientenleistungen die von der \u00d6GK-Vertragstherapeutin erbracht werden, werden direkt mit der \u00d6GK abgerechnet, d.h. s\u00e4mtliche Kosten werden direkt von der \u00d6GK \u00fcbernommen. Nicht rechzeitig abgesagte Termine und nicht unterschriebene Behandlungseinheiten k\u00f6nnen nicht mit der \u00d6GK direkt abgerechnet werden. Dadurch entstehen uns Kosten die wir Ihnen privat weiter verrechnen m\u00fcssen. Vorher vereinbarte und seitens des Patientens zugestimmte Privatleistungen k\u00f6nnen nicht mit der \u00d6GK abgerechnet werden!<\/span><\/p>\n<\/div><\/div><\/div><div class=\"cz_gap clr \" style=\"height: 30px\"><\/div><div id=\"cz_109731\" class=\"cz_109731 cz_title clr cz_title_pos_inline tac\"><div class=\"cz_title_content\"><div class=\"cz_wpe_content\"><p><span style=\"font-size: 18px; color: #960055;\"><strong>Abrechnung von Wahltherapie-Leistungen<\/strong><\/span><\/p>\n<p style=\"text-align: center;\"><span style=\"font-size: 16px;\">Die Abrechnung f\u00fcr alle anderen Kassen erfolgt mit R\u00fcckverg\u00fctung.\u00a0<\/span><span style=\"font-size: 16px;\">Bitte beachten Sie, dass <strong>79% des Kassentarifes<\/strong> bezahlt werden.<\/span><\/p>\n<p>&nbsp;<\/p>\n<p style=\"text-align: center;\"><span style=\"font-size: 16px;\">Ebenso unterliegen alle Leistungen der in der Praxis selbst\u00e4ndig t\u00e4tigen Therapeut:innen der Wahltherapie-Abrechnung.<\/span><\/p>\n<\/div><\/div><\/div><div class=\"cz_gap clr \" style=\"height: 30px\"><\/div><div id=\"cz_60874\" class=\"cz_60874 cz_title clr cz_title_pos_inline tac\"><div class=\"cz_title_content\"><div class=\"cz_wpe_content\"><p><span style=\"color: #960055; font-size: 18px;\"><strong>Das bedeutet f\u00fcr Sie<\/strong><\/span><\/p>\n<p style=\"text-align: center;\"><span style=\"font-size: 16px;\">Sie m\u00fcssen die gesamten Therapiekosten zun\u00e4chst selbst bezahlen. Am Ende der Behandlungsserie erhalten Sie eine Rechnung und Ihren bewilligten Verordnungsschein. Diese Unterlagen k\u00f6nnen Sie inklusive Ihrer Zahlungsbest\u00e4tigung bei dem jeweiligen SV-Tr\u00e4ger einreichen.<\/span><\/p>\n<p>&nbsp;<\/p>\n<p style=\"text-align: center;\"><span style=\"font-size: 16px;\">Der zu tragende <strong>Selbstbehalt<\/strong> (21% des Kassentarifes plus Differenz auf den Wahltherapeut:innentarif) <strong>richtet sich nach den bewilligten Leistungen<\/strong> und wird Ihnen ohne Gew\u00e4hr VOR Therapiebeginn von Ihrer Therapeutin bekanntgegeben.<\/span><\/p>\n<p>&nbsp;<\/p>\n<p style=\"text-align: center;\"><span style=\"font-size: 16px;\">Die zu tragende Kosten f\u00fcr den Selbstbehalt k\u00f6nnen nach M\u00f6glichkeit bei einer Zusatzversicherung f\u00fcr Ambulanzleistungen eingereicht werden. Bitte informieren Sie sich vor Therapiebeginn bei Ihrem Versicherungsbetreuer!<\/span><\/p>\n<\/div><\/div><\/div><div class=\"cz_gap clr \" style=\"height: 30px\"><\/div><div id=\"cz_19094\" class=\"cz_19094 cz_title clr cz_title_pos_inline tac\"><div class=\"cz_title_content\"><div class=\"cz_wpe_content\"><p><span style=\"color: #960055; font-size: 18px;\"><strong>Tarife f\u00fcr Wahltherapeut:innen und Tarife f\u00fcr Privatleistungen<\/strong><\/span><\/p>\n<p style=\"text-align: center;\"><span style=\"font-size: 16px;\">siehe <span style=\"text-decoration: underline;\">Behandlungstarife<\/span><\/span><\/p>\n<\/div><\/div><\/div>[\/vc_column][vc_column width=&#8220;1\/6&#8243;][\/vc_column][\/vc_row]<\/p>\n<\/div>","protected":false},"excerpt":{"rendered":"<p>[vc_row][vc_column width=&#8220;1\/6&#8243;][\/vc_column][vc_column css_animation=&#8220;fadeInUp&#8220; width=&#8220;2\/3&#8243;][\/vc_column][vc_column width=&#8220;1\/6&#8243;][\/vc_column][\/vc_row][vc_row][vc_column width=&#8220;1\/6&#8243;][\/vc_column][vc_column width=&#8220;2\/3&#8243;][\/vc_column][vc_column width=&#8220;1\/6&#8243;][\/vc_column][\/vc_row] &#8230; <\/p>\n","protected":false},"author":2,"featured_media":0,"parent":3605,"menu_order":0,"comment_status":"closed","ping_status":"closed","template":"","meta":{"footnotes":""},"class_list":["post-1614","page","type-page","status-publish","hentry"],"_links":{"self":[{"href":"http:\/\/www.physiobalance-physiotherapie.at\/de\/wp-json\/wp\/v2\/pages\/1614","targetHints":{"allow":["GET"]}}],"collection":[{"href":"http:\/\/www.physiobalance-physiotherapie.at\/de\/wp-json\/wp\/v2\/pages"}],"about":[{"href":"http:\/\/www.physiobalance-physiotherapie.at\/de\/wp-json\/wp\/v2\/types\/page"}],"author":[{"embeddable":true,"href":"http:\/\/www.physiobalance-physiotherapie.at\/de\/wp-json\/wp\/v2\/users\/2"}],"replies":[{"embeddable":true,"href":"http:\/\/www.physiobalance-physiotherapie.at\/de\/wp-json\/wp\/v2\/comments?post=1614"}],"version-history":[{"count":11,"href":"http:\/\/www.physiobalance-physiotherapie.at\/de\/wp-json\/wp\/v2\/pages\/1614\/revisions"}],"predecessor-version":[{"id":2761,"href":"http:\/\/www.physiobalance-physiotherapie.at\/de\/wp-json\/wp\/v2\/pages\/1614\/revisions\/2761"}],"up":[{"embeddable":true,"href":"http:\/\/www.physiobalance-physiotherapie.at\/de\/wp-json\/wp\/v2\/pages\/3605"}],"wp:attachment":[{"href":"http:\/\/www.physiobalance-physiotherapie.at\/de\/wp-json\/wp\/v2\/media?parent=1614"}],"curies":[{"name":"wp","href":"https:\/\/api.w.org\/{rel}","templated":true}]}}