{"id":1620,"date":"2021-06-14T07:53:47","date_gmt":"2021-06-14T05:53:47","guid":{"rendered":"http:\/\/www.physiobalance-physiotherapie.at\/?page_id=1620"},"modified":"2026-02-24T15:44:04","modified_gmt":"2026-02-24T14:44:04","slug":"behandlungstarife","status":"publish","type":"page","link":"http:\/\/www.physiobalance-physiotherapie.at\/de\/patienteninfo\/behandlungstarife\/","title":{"rendered":"Behandlungstarife"},"content":{"rendered":"<section class=\"wpb-content-wrapper\"><p>[vc_row][vc_column width=&#8220;1\/6&#8243;][\/vc_column][vc_column css_animation=&#8220;fadeInUp&#8220; width=&#8220;2\/3&#8243;]<div id=\"cz_107556\" class=\"cz_107556 cz_title clr cz_smart_fs cz_mobile_text_center cz_title_ba_line cz_title_pos_inline tac\"><div class=\"cz_title_content\"><div class=\"cz_wpe_content\"><h3 style=\"text-align: center;\"><span style=\"font-size: 36px; color: #960055;\">Behandlungstarife<br \/>\n<\/span><\/h3>\n<\/div><div class=\"cz_title_line cz_line_after_title\"><span>_<\/span><\/div><\/div><\/div>[\/vc_column][vc_column width=&#8220;1\/6&#8243;][\/vc_column][\/vc_row][vc_row][vc_column width=&#8220;1\/6&#8243;][\/vc_column][vc_column width=&#8220;2\/3&#8243;]<div id=\"cz_59259\" class=\"cz_59259 cz_title clr cz_title_pos_inline tac\"><div class=\"cz_title_content\"><div class=\"cz_wpe_content\"><p style=\"text-align: center;\"><span style=\"font-size: 16px;\"><strong>Behandlungstarife f\u00fcr Privatleistungen bzw. bei Wahltherapie f\u00fcr alle Kassen ausser \u00d6GK<br \/>\n(Therapeutin Frau <a href=\"\/de?page_id=1498\">Karin Brandl-Neudorfer<\/a>)<\/strong><\/span><\/p>\n<\/div><\/div><\/div><div class=\"cz_gap clr \" style=\"height: 30px\"><\/div><div id=\"cz_42347\" class=\"cz_42347 cz_title clr cz_title_pos_inline tac\"><div class=\"cz_title_content\"><div class=\"cz_wpe_content\"><p><span style=\"color: #960055; font-size: 18px;\"><strong>f\u00fcr Erwachsene<\/strong><\/span><\/p>\n<p style=\"text-align: center;\"><span style=\"font-size: 16px;\">\u20ac 130,00 &#8211; Dauer ca. 45-60 Minuten<\/span><\/p>\n<\/div><\/div><\/div><div class=\"cz_gap clr \" style=\"height: 30px\"><\/div><div id=\"cz_74236\" class=\"cz_74236 cz_title clr cz_title_pos_inline tac\"><div class=\"cz_title_content\"><div class=\"cz_wpe_content\"><p><span style=\"color: #960055; font-size: 18px;\"><strong>f\u00fcr Babys\/Kinder<\/strong><\/span><\/p>\n<p style=\"text-align: center;\"><span style=\"font-size: 16px;\">\u20ac 130,00 &#8211; Erstbehandlung inkl. Anamnese, Dauer ca. 45-60 Minuten<\/span><\/p>\n<p style=\"text-align: center;\"><span style=\"font-size: 16px;\">\u20ac 100,00 &#8211; Folgetermine, Dauer 30-45 Minuten<\/span><\/p>\n<p style=\"text-align: center;\"><span style=\"font-size: 16px;\">\u20ac 75,00 &#8211; Folgetermine, Dauer ca. 20-30 Minuten<\/span><\/p>\n<\/div><\/div><\/div><div class=\"cz_gap clr \" style=\"height: 30px\"><\/div><div id=\"cz_16118\" class=\"cz_16118 cz_title clr cz_title_pos_inline tac\"><div class=\"cz_title_content\"><div class=\"cz_wpe_content\"><p style=\"text-align: center;\"><span style=\"color: #960055; font-size: 18px;\"><strong>f\u00fcr Akut-Termine<\/strong><\/span><\/p>\n<p style=\"text-align: center;\"><span style=\"font-size: 16px;\">Eine Akut-Therapieeinheit wird nach individuellem Zeit- und Therapieaufwand berechnet:<br \/>\n\u20ac 130,00 &#8211; Dauer ca. 45 Minuten<\/span><\/p>\n<p style=\"text-align: center;\"><span style=\"font-size: 16px;\">\u20ac 160,00 &#8211; Dauer ca. 60 Minuten<\/span><\/p>\n<p style=\"text-align: center;\"><span style=\"font-size: 16px;\">\u20ac 195,00 &#8211; Dauer ca. 75 Minuten<\/span><\/p>\n<p style=\"text-align: center;\"><span style=\"font-size: 16px;\">\u20ac 230,00 &#8211; Dauer ca. 90 Minuten<\/span><\/p>\n<\/div><\/div><\/div><div class=\"cz_gap clr \" style=\"height: 30px\"><\/div><div id=\"cz_71161\" class=\"cz_71161 cz_title clr cz_title_pos_inline tac\"><div class=\"cz_title_content\"><div class=\"cz_wpe_content\"><p style=\"text-align: center;\"><span style=\"color: #960055;\"><strong>Bitte beachten Sie: eine minutengenaue Abrechnung ist bei ganzheitlichen Behandlungen NICHT m\u00f6glich!<\/strong><\/span><\/p>\n<\/div><\/div><\/div><div class=\"cz_gap clr \" style=\"height: 20px\"><\/div><div id=\"cz_12601\" class=\"cz_12601 cz_title clr cz_title_pos_inline tac\"><div class=\"cz_title_content\"><div class=\"cz_wpe_content\"><p style=\"text-align: center;\"><span style=\"font-size: 16px;\">Die Therapiezeit kann von der Therapeutin w\u00e4hrend einer Behandlungseinheit je nach Behandlungsverlauf ohne vorheriger Ank\u00fcndigung verk\u00fcrzt oder verl\u00e4ngert werden. <\/span><\/p>\n<\/div><\/div><\/div><div class=\"cz_gap clr \" style=\"height: 20px\"><\/div><div id=\"cz_37899\" class=\"cz_37899 cz_title clr cz_title_pos_inline tac\"><div class=\"cz_title_content\"><div class=\"cz_wpe_content\"><p style=\"text-align: center;\"><strong><span style=\"color: #960055;\">Bitte beachten Sie weiters: die erste Therapieeinheit dient haupts\u00e4chlich einem ausf\u00fchrlichen Anamnesegespr\u00e4ch sowie der Befunderhebung. Daraus resultiert eine unterschiedliche bzw. individuelle Behandlungsdauer &#8211; der Ersttermin entspricht somit einer vollst\u00e4ndigen Therapieeinheit und kann NICHT als kostenloser Kennenlerntermin\u00a0<span style=\"caret-color: #960055;\">angeboten werden<\/span>!<\/span><\/strong><\/p>\n<\/div><\/div><\/div><div class=\"cz_gap clr \" style=\"height: 20px\"><\/div><div id=\"cz_96597\" class=\"cz_96597 cz_title clr cz_title_pos_inline tac\"><div class=\"cz_title_content\"><div class=\"cz_wpe_content\"><p style=\"text-align: center;\"><span style=\"font-size: 16px;\">Sollte die Therapeutin im Sinne eines optimalen Behandlungserfolgs den Einsatz zus\u00e4tzlicher Therapiemethoden empfehlen, werden diese als Zusatzleistung durchgef\u00fchrt und separat in der H\u00f6he von \u20ac 30,00 verrechnet, wie z.B. f\u00fcr<br \/>\n\u2023 Matrix-Rhythmus-Therapie<br \/>\n\u2023 Healy-Scan<br \/>\n\u2023 Licht-Therapie<br \/>\n\u2023 Wasserstoff-Inhalation<br \/>\n\u2023 NuroSym-Vagusnerv-Modulation<br \/>\n<\/span><\/p>\n<\/div><\/div><\/div><div class=\"cz_gap clr \" style=\"height: 60px\"><\/div>[\/vc_column][vc_column width=&#8220;1\/6&#8243;][\/vc_column][\/vc_row][vc_row full_height=&#8220;yes&#8220; columns_placement=&#8220;top&#8220; content_placement=&#8220;middle&#8220;][vc_column width=&#8220;1\/6&#8243;][\/vc_column][vc_column width=&#8220;1\/3&#8243;]<div id=\"cz_41755\" class=\"cz_41755 cz_title clr cz_title_pos_inline tac\"><div class=\"cz_title_content\"><div class=\"cz_wpe_content\"><p><span style=\"color: #960055; font-size: 18px;\"><strong>Kontodaten Karin Brandl-Neudorfer<\/strong><\/span><\/p>\n<p style=\"text-align: center;\"><span style=\"font-size: 16px;\"><strong>Bank:<\/strong> BAWAG-PSK<\/span><\/p>\n<p style=\"text-align: center;\"><span style=\"font-size: 16px;\"><strong>IBAN:<\/strong> AT58 6000 0000 7796 4894<\/span><\/p>\n<p style=\"text-align: center;\"><span style=\"font-size: 16px;\"><strong>BIC:<\/strong> BAWAATWW<\/span><\/p>\n<\/div><\/div><\/div><div class=\"cz_gap clr \" style=\"height: 30px\"><\/div><div id=\"cz_12446\" class=\"cz_12446 cz_title clr cz_title_pos_inline tac\"><div class=\"cz_title_content\"><div class=\"cz_wpe_content\"><p style=\"text-align: center;\"><span style=\"font-size: 16px;\">Die Tarife der einzelnen Whaltherapeut:innen im Haus f\u00fcr PhysioBalance finden Sie im Men\u00fcpunkt <span style=\"text-decoration: underline;\"><a href=\"\/de?page_id=2633\">Therapeutennetzwerk<\/a><\/span> bzw. auf den Homepages der Therapeut:innen.<\/span><\/p>\n<\/div><\/div><\/div>[\/vc_column][vc_column width=&#8220;1\/3&#8243;]<div id=\"cz_85075\" class=\"cz_85075 cz_image clr cz_image_no_fx center_on_mobile\"><div class=\"\" ><div class=\"cz_image_in\"><div class=\"cz_main_image\"><img decoding=\"async\" class=\"\" src=\"data:image\/svg+xml,%3Csvg%20xmlns%3D&#39;http%3A%2F%2Fwww.w3.org%2F2000%2Fsvg&#39;%20width=&#39;250&#39;%20height=&#39;250&#39;%20viewBox%3D&#39;0%200%20250%20250&#39;%2F%3E\" data-czlz data-src=\"http:\/\/www.physiobalance-physiotherapie.at\/wp-content\/uploads\/2023\/02\/QR-Code-Bankkonto-250x250.png\" width=\"250\" height=\"250\" alt=\"QR-Code Bankkonto\" title=\"QR-Code Bankkonto\" \/><\/div><\/div><\/div><\/div>[\/vc_column][vc_column width=&#8220;1\/6&#8243;][\/vc_column][\/vc_row]<\/p>\n<\/section>","protected":false},"excerpt":{"rendered":"<p>[vc_row][vc_column width=&#8220;1\/6&#8243;][\/vc_column][vc_column css_animation=&#8220;fadeInUp&#8220; width=&#8220;2\/3&#8243;][\/vc_column][vc_column width=&#8220;1\/6&#8243;][\/vc_column][\/vc_row][vc_row][vc_column width=&#8220;1\/6&#8243;][\/vc_column][vc_column width=&#8220;2\/3&#8243;][\/vc_column][vc_column width=&#8220;1\/6&#8243;][\/vc_column][\/vc_row][vc_row full_height=&#8220;yes&#8220; columns_placement=&#8220;top&#8220; content_placement=&#8220;middle&#8220;][vc_column &#8230; <\/p>\n","protected":false},"author":2,"featured_media":0,"parent":3605,"menu_order":0,"comment_status":"closed","ping_status":"closed","template":"","meta":{"footnotes":""},"class_list":["post-1620","page","type-page","status-publish","hentry"],"_links":{"self":[{"href":"http:\/\/www.physiobalance-physiotherapie.at\/de\/wp-json\/wp\/v2\/pages\/1620","targetHints":{"allow":["GET"]}}],"collection":[{"href":"http:\/\/www.physiobalance-physiotherapie.at\/de\/wp-json\/wp\/v2\/pages"}],"about":[{"href":"http:\/\/www.physiobalance-physiotherapie.at\/de\/wp-json\/wp\/v2\/types\/page"}],"author":[{"embeddable":true,"href":"http:\/\/www.physiobalance-physiotherapie.at\/de\/wp-json\/wp\/v2\/users\/2"}],"replies":[{"embeddable":true,"href":"http:\/\/www.physiobalance-physiotherapie.at\/de\/wp-json\/wp\/v2\/comments?post=1620"}],"version-history":[{"count":11,"href":"http:\/\/www.physiobalance-physiotherapie.at\/de\/wp-json\/wp\/v2\/pages\/1620\/revisions"}],"predecessor-version":[{"id":6654,"href":"http:\/\/www.physiobalance-physiotherapie.at\/de\/wp-json\/wp\/v2\/pages\/1620\/revisions\/6654"}],"up":[{"embeddable":true,"href":"http:\/\/www.physiobalance-physiotherapie.at\/de\/wp-json\/wp\/v2\/pages\/3605"}],"wp:attachment":[{"href":"http:\/\/www.physiobalance-physiotherapie.at\/de\/wp-json\/wp\/v2\/media?parent=1620"}],"curies":[{"name":"wp","href":"https:\/\/api.w.org\/{rel}","templated":true}]}}