{"id":1630,"date":"2021-06-14T07:58:06","date_gmt":"2021-06-14T05:58:06","guid":{"rendered":"http:\/\/www.physiobalance-physiotherapie.at\/?page_id=1630"},"modified":"2024-09-26T10:56:16","modified_gmt":"2024-09-26T08:56:16","slug":"patienteninfoblatt","status":"publish","type":"page","link":"http:\/\/www.physiobalance-physiotherapie.at\/de\/patienteninfo\/patienteninfoblatt\/","title":{"rendered":"Informationsbl\u00e4tter"},"content":{"rendered":"<section class=\"wpb-content-wrapper\"><p>[vc_row][vc_column width=&#8220;1\/6&#8243;][\/vc_column][vc_column css_animation=&#8220;fadeInUp&#8220; width=&#8220;2\/3&#8243;]<div id=\"cz_23958\" class=\"cz_23958 cz_title clr cz_smart_fs cz_mobile_text_center cz_title_ba_line cz_title_pos_inline tac\"><div class=\"cz_title_content\"><div class=\"cz_wpe_content\"><h3 style=\"text-align: center;\"><span style=\"font-size: 36px; color: #960055;\">Patienteninformationsblatt<br \/>\n<\/span><\/h3>\n<\/div><div class=\"cz_title_line cz_line_after_title\"><span>_<\/span><\/div><\/div><\/div>[\/vc_column][vc_column width=&#8220;1\/6&#8243;][\/vc_column][\/vc_row][vc_row content_placement=&#8220;middle&#8220;][vc_column width=&#8220;1\/12&#8243;][\/vc_column][vc_column width=&#8220;2\/3&#8243;]<div id=\"cz_86141\" class=\"cz_86141 cz_title clr cz_title_pos_inline tar\"><div class=\"cz_title_content\"><div class=\"cz_wpe_content\"><p style=\"text-align: right;\"><span style=\"font-size: 16px;\">Bitte lesen Sie sich das entsprechende Informationsblatt durch und bringen Sie es nach M\u00f6glichkeit ausgef\u00fcllt und unterschrieben zum ersten Termin mit.<\/span><\/p>\n<\/div><\/div><\/div><div class=\"cz_gap clr \" style=\"height: 25px\"><\/div><div id=\"cz_95221\" class=\"cz_95221 cz_title clr cz_title_pos_right tar\"><div class=\"cz_title_content\"><div class=\"cz_wpe_content\"><p style=\"float: right; text-align: right;\"><span style=\"font-size: 16px;\">Bitte f\u00fcllen Sie auch die Einwilligung in die Datenverarbeitung aus!<\/span><\/p>\n<\/div><\/div><\/div><div class=\"cz_gap clr \" style=\"height: 25px\"><\/div><div id=\"cz_54840\" class=\"cz_54840 cz_title clr cz_title_pos_inline tar\"><div class=\"cz_title_content\"><div class=\"cz_wpe_content\"><p style=\"text-align: right;\"><span style=\"font-size: 16px;\">Fragen k\u00f6nnen gerne vorab telefonisch oder pers\u00f6nlich beim ersten Termin gekl\u00e4rt werden (wie z.B. die R\u00fcckverg\u00fctung bei Wahlpatient:innen funktioniert, etc.).<\/span><\/p>\n<\/div><\/div><\/div><div class=\"cz_gap clr \" style=\"height: 25px\"><\/div><div id=\"cz_35296\" class=\"cz_35296 cz_title clr cz_title_pos_inline tar\"><div class=\"cz_title_content\"><div class=\"cz_wpe_content\"><p style=\"text-align: right;\"><span style=\"font-size: 16px;\"><strong>F\u00fcr \u00d6GK Patient:innen:<\/strong> Patienteninfoblatt f\u00fcr \u00d6GK-Patient:innen<\/span><\/p>\n<p style=\"text-align: right;\"><span style=\"font-size: 16px;\"><strong>F\u00fcr Wahl Patient:innen:<\/strong> Patienteninfoblatt f\u00fcr WAHL-Patient:innen<\/span><\/p>\n<p style=\"text-align: right;\"><span style=\"font-size: 16px;\"><strong>F\u00fcr Osteopathie Patient:i<\/strong><\/span><span style=\"font-size: 16px;\"><strong>nnen:<\/strong> Patienteninfoblatt f\u00fcr Patient:innen\u00a0<\/span><span style=\"font-size: 16px;\">die eine osteopathische Behandlung w\u00fcnschen<\/span><\/p>\n<\/div><\/div><\/div>[\/vc_column][vc_column width=&#8220;3\/12&#8243;]<div class=\"cz_btn_inline\"><div class=\"cz_100693_p\"><a id=\"cz_100693\" class=\"cz_100693 cz_btn cz_btn_txt_no_fx cz_btn_no_fx\" href=\"http:\/\/www.physiobalance-physiotherapie.at\/wp-content\/uploads\/2024\/09\/PatientenInfoblatt-OeGK-2024.pdf\" title=\"Patienteninformationsblatt \u00d6GK-Patient:innen\" target=\"_blank\"><span><strong>\u00d6GK Patienteninfoblatt<\/strong><\/span><b class=\"cz_btn_onhover\"><strong>\u00d6GK Patienteninfoblatt<\/strong><\/b><\/a><\/div><\/div><div class=\"cz_gap clr \" style=\"height: 35px\"><\/div><div class=\"\"><div class=\"cz_58053_p\"><a id=\"cz_58053\" class=\"cz_58053 cz_btn cz_btn_txt_no_fx cz_btn_no_fx cz_mobile_btn_center\" href=\"http:\/\/www.physiobalance-physiotherapie.at\/wp-content\/uploads\/2024\/09\/PatientenInfoblatt-WAHL-2024.pdf\" title=\"Patienteninformationsblatt Wahl-\/Privatpatient:innen\" target=\"_blank\"><span><strong>WAHL Patienteninfoblatt<\/strong><\/span><b class=\"cz_btn_onhover\"><strong>WAHL Patienteninfoblatt<\/strong><\/b><\/a><\/div><\/div><div class=\"cz_gap clr \" style=\"height: 35px\"><\/div><div class=\"\"><div class=\"cz_83474_p\"><a id=\"cz_83474\" class=\"cz_83474 cz_btn cz_btn_txt_no_fx cz_btn_no_fx cz_mobile_btn_center\" href=\"http:\/\/www.physiobalance-physiotherapie.at\/wp-content\/uploads\/2024\/09\/PatientenInfoblatt-OSTEO-2024.pdf\" title=\"Patienteninformationsblatt Osteopathie-Patient:innen\" target=\"_blank\"><span><strong>OSTEO Patienteninfoblatt<\/strong><\/span><b class=\"cz_btn_onhover\"><strong>OSTEO Patienteninfoblatt<\/strong><\/b><\/a><\/div><\/div><div class=\"cz_gap clr \" style=\"height: 35px\"><\/div><div class=\"\"><div class=\"cz_37687_p\"><a id=\"cz_37687\" class=\"cz_37687 cz_btn cz_btn_txt_no_fx cz_btn_no_fx cz_mobile_btn_center\" href=\"https:\/\/www.physiobalance-physiotherapie.at\/wp-content\/uploads\/2021\/06\/DSGVO_PhysioBalance.pdf\" title=\"Einwilligung Datenverarbeitung\" target=\"_blank\"><span><strong>Einwilligung Datenverarbeitung<\/strong><\/span><b class=\"cz_btn_onhover\"><strong>Einwilligung Datenverarbeitung<\/strong><\/b><\/a><\/div><\/div>[\/vc_column][\/vc_row]<\/p>\n<\/section>","protected":false},"excerpt":{"rendered":"<p>[vc_row][vc_column width=&#8220;1\/6&#8243;][\/vc_column][vc_column css_animation=&#8220;fadeInUp&#8220; width=&#8220;2\/3&#8243;][\/vc_column][vc_column width=&#8220;1\/6&#8243;][\/vc_column][\/vc_row][vc_row content_placement=&#8220;middle&#8220;][vc_column width=&#8220;1\/12&#8243;][\/vc_column][vc_column width=&#8220;2\/3&#8243;][\/vc_column][vc_column width=&#8220;3\/12&#8243;][\/vc_column][\/vc_row] &#8230; <\/p>\n","protected":false},"author":2,"featured_media":0,"parent":3605,"menu_order":0,"comment_status":"closed","ping_status":"closed","template":"","meta":{"footnotes":""},"class_list":["post-1630","page","type-page","status-publish","hentry"],"_links":{"self":[{"href":"http:\/\/www.physiobalance-physiotherapie.at\/de\/wp-json\/wp\/v2\/pages\/1630","targetHints":{"allow":["GET"]}}],"collection":[{"href":"http:\/\/www.physiobalance-physiotherapie.at\/de\/wp-json\/wp\/v2\/pages"}],"about":[{"href":"http:\/\/www.physiobalance-physiotherapie.at\/de\/wp-json\/wp\/v2\/types\/page"}],"author":[{"embeddable":true,"href":"http:\/\/www.physiobalance-physiotherapie.at\/de\/wp-json\/wp\/v2\/users\/2"}],"replies":[{"embeddable":true,"href":"http:\/\/www.physiobalance-physiotherapie.at\/de\/wp-json\/wp\/v2\/comments?post=1630"}],"version-history":[{"count":11,"href":"http:\/\/www.physiobalance-physiotherapie.at\/de\/wp-json\/wp\/v2\/pages\/1630\/revisions"}],"predecessor-version":[{"id":6127,"href":"http:\/\/www.physiobalance-physiotherapie.at\/de\/wp-json\/wp\/v2\/pages\/1630\/revisions\/6127"}],"up":[{"embeddable":true,"href":"http:\/\/www.physiobalance-physiotherapie.at\/de\/wp-json\/wp\/v2\/pages\/3605"}],"wp:attachment":[{"href":"http:\/\/www.physiobalance-physiotherapie.at\/de\/wp-json\/wp\/v2\/media?parent=1630"}],"curies":[{"name":"wp","href":"https:\/\/api.w.org\/{rel}","templated":true}]}}