{"id":196,"date":"2021-06-03T09:43:26","date_gmt":"2021-06-03T07:43:26","guid":{"rendered":"http:\/\/www.physiobalance-physiotherapie.at\/?page_id=196"},"modified":"2026-03-04T20:20:39","modified_gmt":"2026-03-04T19:20:39","slug":"praxis_aigen","status":"publish","type":"page","link":"http:\/\/www.physiobalance-physiotherapie.at\/de\/praxis\/praxis_aigen\/","title":{"rendered":"Praxis Aigen"},"content":{"rendered":"<section class=\"wpb-content-wrapper\"><p>[vc_row][vc_column width=&#8220;1\/6&#8243;][\/vc_column][vc_column css_animation=&#8220;fadeInUp&#8220; width=&#8220;2\/3&#8243;]<div id=\"cz_51016\" class=\"cz_51016 cz_title clr cz_smart_fs cz_mobile_text_center cz_title_ba_line cz_title_pos_inline tac\"><div class=\"cz_title_content\"><div class=\"cz_wpe_content\"><h3 style=\"text-align: center;\"><span style=\"font-size: 36px; color: #960055;\">PhysioBalance in Salzburg-Aigen<br \/>\n<\/span><\/h3>\n<\/div><div class=\"cz_title_line cz_line_after_title\"><span>_<\/span><\/div><\/div><\/div>[\/vc_column][vc_column width=&#8220;1\/6&#8243;][\/vc_column][\/vc_row][vc_row content_placement=&#8220;middle&#8220;][vc_column css_animation=&#8220;fadeInUp&#8220; width=&#8220;1\/2&#8243; css=&#8220;.vc_custom_1645777453798{padding-right: 15px !important;}&#8220;]<div class=\"cz_gap clr \" style=\"height: 25px\"><\/div><div id=\"cz_86042\" class=\"cz_86042 cz_title clr cz_mobile_text_center cz_title_pos_inline\"><div class=\"cz_title_content\"><div class=\"cz_wpe_content\"><p style=\"text-align: left;\"><span style=\"color: #666666;\">Es erwarten Sie SEIT J\u00c4NNER 2017 vier neue Praxisr\u00e4ume in einem einzigartig renovierten alten Bauernhaus direkt an der Salzach gelegen, mit Untersberg- und Watzmannblick.<br \/>\n<\/span><\/p>\n<\/div><\/div><\/div><div id=\"cz_20505\" class=\"cz_20505 cz_title clr cz_mobile_text_center cz_title_pos_inline\"><div class=\"cz_title_content\"><div class=\"cz_wpe_content\"><p style=\"text-align: left;\"><span style=\"color: #666666;\">Eine beruhigende und freundliche Atmosph\u00e4re in der Therapie ist mir ein pers\u00f6nliches Anliegen und die Grundvoraussetzung f\u00fcr den Behandlungserfolg aller bei PHYSIOBALANCE eingesetzten Therapie-Konzepte. Die Selbstheilungskr\u00e4fte k\u00f6nnen sich entfalten, und ein erster Schritt zur Gesundung auf allen Ebenen des Seins ist getan.<\/span><\/p>\n<\/div><\/div><\/div>[\/vc_column][vc_column width=&#8220;1\/2&#8243;]<div id=\"cz_84796\" class=\"cz_84796 cz_image clr cz_image_no_fx center_on_mobile wpb_animate_when_almost_visible fadeInRight\"><div class=\"cz_svg_bg\" ><div class=\"cz_image_in\" data-tilt><div class=\"cz_main_image\"><img decoding=\"async\" width=\"1063\" height=\"707\" src=\"data:image\/svg+xml,%3Csvg%20xmlns%3D&#39;http%3A%2F%2Fwww.w3.org%2F2000%2Fsvg&#39;%20width=&#39;1063&#39;%20height=&#39;707&#39;%20viewBox%3D&#39;0%200%201063%20707&#39;%2F%3E\" data-czlz data-src=\"http:\/\/www.physiobalance-physiotherapie.at\/wp-content\/uploads\/2026\/03\/01_Physiobalance-Aigen-Haus_Sommer_small.jpg\" class=\"attachment-full\" alt=\"\" title=\"01_Physiobalance-Aigen-Haus_Sommer_small\" data-srcset=\"http:\/\/www.physiobalance-physiotherapie.at\/wp-content\/uploads\/2026\/03\/01_Physiobalance-Aigen-Haus_Sommer_small.jpg 1063w, http:\/\/www.physiobalance-physiotherapie.at\/wp-content\/uploads\/2026\/03\/01_Physiobalance-Aigen-Haus_Sommer_small-300x200.jpg 300w, http:\/\/www.physiobalance-physiotherapie.at\/wp-content\/uploads\/2026\/03\/01_Physiobalance-Aigen-Haus_Sommer_small-1024x681.jpg 1024w, http:\/\/www.physiobalance-physiotherapie.at\/wp-content\/uploads\/2026\/03\/01_Physiobalance-Aigen-Haus_Sommer_small-768x511.jpg 768w, http:\/\/www.physiobalance-physiotherapie.at\/wp-content\/uploads\/2026\/03\/01_Physiobalance-Aigen-Haus_Sommer_small-600x399.jpg 600w\" data-sizes=\"(max-width: 1063px) 100vw, 1063px\" \/><\/div><\/div><\/div><\/div>[\/vc_column][\/vc_row][vc_row][vc_column width=&#8220;1\/6&#8243;][\/vc_column][vc_column width=&#8220;2\/3&#8243;]<div class=\"cz_gap clr  hide_on_mobile\" style=\"height: 75px\"><\/div><div class=\"cz_gap show_on_mobile clr\" style=\"height: 30px\"><\/div><div id=\"cz_97932\" class=\"cz_97932 cz_title clr cz_mobile_text_center cz_title_pos_inline tac wpb_animate_when_almost_visible fadeInUp\"><div class=\"cz_title_content\"><div class=\"cz_wpe_content\"><p style=\"text-align: center;\"><span style=\"color: #666666;\">Parkm\u00f6glichkeiten stehen f\u00fcr Sie direkt vor dem Haus zur Verf\u00fcgung. Ansonsten k\u00f6nnen Sie auch in der angrenzenden Uferstra\u00dfe parken, bitte beachten Sie jedoch die entsprechenden Bodenmarkierungen.<\/span><\/p>\n<\/div><\/div><\/div><div id=\"cz_81235\" class=\"cz_81235 cz_title clr cz_mobile_text_center cz_title_pos_inline tac wpb_animate_when_almost_visible fadeInUp\"><div class=\"cz_title_content\"><div class=\"cz_wpe_content\"><h3 style=\"text-align: center;\"><span style=\"color: #960055;\"><strong>!! ACHTUNG !!<\/strong> <\/span><\/h3>\n<p style=\"text-align: center;\"><span style=\"color: #666666;\">Bitte parken Sie NICHT vis-a-vis von unseren Parkpl\u00e4tzen und auch NICHT vis-a-vis der Einfahrt unserer Nachbarn. Vielen Dank!<\/span><\/p>\n<\/div><\/div><\/div>[\/vc_column][vc_column width=&#8220;1\/6&#8243;][\/vc_column][vc_column]<div class=\"cz_gap clr  hide_on_mobile\" style=\"height: 75px\"><\/div><div class=\"cz_gap show_on_mobile clr\" style=\"height: 5px\"><\/div>[\/vc_column][\/vc_row][vc_row content_placement=&#8220;middle&#8220;][vc_column width=&#8220;1\/2&#8243;][vc_gallery interval=&#8220;3&#8243; images=&#8220;6661,6663,6669,6671,6667,6673&#8243; img_size=&#8220;full&#8220; onclick=&#8220;&#8220;][\/vc_column][vc_column width=&#8220;1\/2&#8243;]<div class=\"cz_gap clr \" style=\"height: 25px\"><\/div><div id=\"cz_31604\" class=\"cz_31604 cz_title clr cz_mobile_text_center cz_title_pos_inline wpb_animate_when_almost_visible fadeInRight\"><div class=\"cz_title_content\"><div class=\"cz_wpe_content\"><p style=\"text-align: left;\"><span style=\"color: #666666;\">Bildergalier zu den Praxisr\u00e4umen der PhysioBalance in Aigen.<\/span><\/p>\n<\/div><\/div><\/div><div id=\"cz_77577\" class=\"cz_77577 cz_title clr cz_mobile_text_center cz_title_pos_inline wpb_animate_when_almost_visible fadeInRight\"><div class=\"cz_title_content\"><div class=\"cz_wpe_content\"><p style=\"text-align: left;\"><span style=\"color: #666666;\">Die Praxis in der Hellbrunner Stra\u00dfe 11 in 5020 <u><a href=\"\/de?page_id=183\">Salzburg-Nonntal<\/a><\/u> bleibt wie bisher weiterhin im 4. Stock aufrecht.<br \/>\nWir freuen uns, Sie nun auch in der Uferstra\u00dfe 2b in 5026 Salzburg-Aigen (direkt an der Salzach beim Wilhelm-Kaufmann-Steg) begr\u00fc\u00dfen zu d\u00fcrfen.<\/span><\/p>\n<\/div><\/div><\/div>[\/vc_column][\/vc_row]<\/p>\n<\/section>","protected":false},"excerpt":{"rendered":"<p>[vc_row][vc_column width=&#8220;1\/6&#8243;][\/vc_column][vc_column css_animation=&#8220;fadeInUp&#8220; width=&#8220;2\/3&#8243;][\/vc_column][vc_column width=&#8220;1\/6&#8243;][\/vc_column][\/vc_row][vc_row content_placement=&#8220;middle&#8220;][vc_column css_animation=&#8220;fadeInUp&#8220; width=&#8220;1\/2&#8243; css=&#8220;.vc_custom_1645777453798{padding-right: 15px !important;}&#8220;][\/vc_column][vc_column &#8230; <\/p>\n","protected":false},"author":2,"featured_media":0,"parent":1076,"menu_order":0,"comment_status":"closed","ping_status":"closed","template":"","meta":{"footnotes":""},"class_list":["post-196","page","type-page","status-publish","hentry"],"_links":{"self":[{"href":"http:\/\/www.physiobalance-physiotherapie.at\/de\/wp-json\/wp\/v2\/pages\/196","targetHints":{"allow":["GET"]}}],"collection":[{"href":"http:\/\/www.physiobalance-physiotherapie.at\/de\/wp-json\/wp\/v2\/pages"}],"about":[{"href":"http:\/\/www.physiobalance-physiotherapie.at\/de\/wp-json\/wp\/v2\/types\/page"}],"author":[{"embeddable":true,"href":"http:\/\/www.physiobalance-physiotherapie.at\/de\/wp-json\/wp\/v2\/users\/2"}],"replies":[{"embeddable":true,"href":"http:\/\/www.physiobalance-physiotherapie.at\/de\/wp-json\/wp\/v2\/comments?post=196"}],"version-history":[{"count":11,"href":"http:\/\/www.physiobalance-physiotherapie.at\/de\/wp-json\/wp\/v2\/pages\/196\/revisions"}],"predecessor-version":[{"id":6675,"href":"http:\/\/www.physiobalance-physiotherapie.at\/de\/wp-json\/wp\/v2\/pages\/196\/revisions\/6675"}],"up":[{"embeddable":true,"href":"http:\/\/www.physiobalance-physiotherapie.at\/de\/wp-json\/wp\/v2\/pages\/1076"}],"wp:attachment":[{"href":"http:\/\/www.physiobalance-physiotherapie.at\/de\/wp-json\/wp\/v2\/media?parent=196"}],"curies":[{"name":"wp","href":"https:\/\/api.w.org\/{rel}","templated":true}]}}