{"id":211,"date":"2021-06-03T10:15:50","date_gmt":"2021-06-03T08:15:50","guid":{"rendered":"http:\/\/www.physiobalance-physiotherapie.at\/?page_id=211"},"modified":"2022-11-18T09:20:16","modified_gmt":"2022-11-18T08:20:16","slug":"lebensfreude-vortrage","status":"publish","type":"page","link":"http:\/\/www.physiobalance-physiotherapie.at\/de\/aktuelles\/lebensfreude-vortrage\/","title":{"rendered":"Lebensfreude Vortr\u00e4ge"},"content":{"rendered":"<div class=\"wpb-content-wrapper\"><p>[vc_row][vc_column width=&#8220;1\/6&#8243;][\/vc_column][vc_column width=&#8220;2\/3&#8243;]<div class=\"cz_gap clr  hide_on_mobile\" style=\"height: 40px\"><\/div><div class=\"cz_gap show_on_mobile clr\" style=\"height: 27px\"><\/div><div id=\"cz_52023\" class=\"cz_52023 cz_title clr cz_mobile_text_center cz_title_ba_line cz_title_pos_inline tac wpb_animate_when_almost_visible fadeInUp\"><div class=\"cz_title_content\"><div class=\"cz_wpe_content\"><h3 style=\"text-align: center;\"><span style=\"font-size: 36px;\">Die Kinder der neuen Zeit<br \/>\n<\/span><\/h3>\n<\/div><div class=\"cz_title_line cz_line_after_title\"><span>_<\/span><\/div><\/div><\/div>[\/vc_column][vc_column width=&#8220;1\/6&#8243;][\/vc_column][\/vc_row][vc_row gap=&#8220;10&#8243; content_placement=&#8220;middle&#8220;][vc_column css_animation=&#8220;fadeInLeft&#8220; width=&#8220;1\/2&#8243;]<div class=\"cz_gap clr \" style=\"height: 25px\"><\/div><div id=\"cz_46457\" class=\"cz_46457 cz_title clr cz_mobile_text_center cz_title_pos_inline\"><div class=\"cz_title_content\"><div class=\"cz_wpe_content\"><p style=\"text-align: left;\"><span style=\"color: #666666;\">Wie haben sich unsere Kinder ver\u00e4ndert \u2013 auch bereits die Generation davor? Regenbogen, Indigo und Kristallkinder sind l\u00e4ngst unter uns. Was hei\u00dft das genau und was ver\u00e4ndert sich? Wie gehen wir damit um? Fragen und Diskussion \u2026<br \/>\n<\/span><\/p>\n<\/div><\/div><\/div><div id=\"cz_53181\" class=\"cz_53181 cz_title clr cz_mobile_text_center cz_title_pos_inline\"><div class=\"cz_title_content\"><div class=\"cz_wpe_content\"><p style=\"text-align: left;\"><span style=\"color: #666666;\">Weitere Infos zum Vortrag finden Sie unter: www.lebensfreudetraining.at<\/span><\/p>\n<p>&nbsp;<\/p>\n<\/div><\/div><\/div>[\/vc_column][vc_column width=&#8220;1\/2&#8243;]<div id=\"cz_61716\" data-position=\"top-right\" class=\"cz_61716 cz_image clr cz_image_no_fx center_on_mobile wpb_animate_when_almost_visible fadeInRight\"><div class=\"cz_svg_bg\" ><div class=\"cz_image_in\" data-tilt><div class=\"cz_main_image\"><img fetchpriority=\"high\" loading=\"eager\" decoding=\"sync\" data-no-lazy=\"1\" width=\"2560\" height=\"1707\" src=\"http:\/\/www.physiobalance-physiotherapie.at\/wp-content\/uploads\/2021\/06\/jonathan-borba-8tvzA0WymTA-unsplash-1-scaled.jpg\" class=\"attachment-full\" alt=\"Jonathan borba 8tvzA0WymTA unsplash 1 scaled\" title=\"\" srcset=\"http:\/\/www.physiobalance-physiotherapie.at\/wp-content\/uploads\/2021\/06\/jonathan-borba-8tvzA0WymTA-unsplash-1-scaled.jpg 2560w, http:\/\/www.physiobalance-physiotherapie.at\/wp-content\/uploads\/2021\/06\/jonathan-borba-8tvzA0WymTA-unsplash-1-300x200.jpg 300w, http:\/\/www.physiobalance-physiotherapie.at\/wp-content\/uploads\/2021\/06\/jonathan-borba-8tvzA0WymTA-unsplash-1-1024x683.jpg 1024w, http:\/\/www.physiobalance-physiotherapie.at\/wp-content\/uploads\/2021\/06\/jonathan-borba-8tvzA0WymTA-unsplash-1-768x512.jpg 768w, http:\/\/www.physiobalance-physiotherapie.at\/wp-content\/uploads\/2021\/06\/jonathan-borba-8tvzA0WymTA-unsplash-1-1536x1024.jpg 1536w, http:\/\/www.physiobalance-physiotherapie.at\/wp-content\/uploads\/2021\/06\/jonathan-borba-8tvzA0WymTA-unsplash-1-2048x1365.jpg 2048w, http:\/\/www.physiobalance-physiotherapie.at\/wp-content\/uploads\/2021\/06\/jonathan-borba-8tvzA0WymTA-unsplash-1-600x400.jpg 600w\" sizes=\"(max-width: 2560px) 100vw, 2560px\"  \/><\/div><\/div><\/div><\/div>[\/vc_column][\/vc_row][vc_row][vc_column width=&#8220;1\/6&#8243;][\/vc_column][vc_column width=&#8220;2\/3&#8243;]<div class=\"cz_gap clr  hide_on_mobile\" style=\"height: 75px\"><\/div><div class=\"cz_gap show_on_mobile clr\" style=\"height: 5px\"><\/div><div id=\"cz_70153\" class=\"cz_70153 cz_title clr cz_mobile_text_center cz_title_pos_inline tac wpb_animate_when_almost_visible fadeInUp\"><div class=\"cz_title_content\"><div class=\"cz_wpe_content\"><p style=\"text-align: center;\"><span style=\"color: #666666;\"><span style=\"color: #940054;\"><strong><span style=\"font-size: 18px;\">Vortragende<\/span>:<\/strong><\/span> Helga Wallner-Fl\u00f6ckner (Lebensfreudetrainerin)<\/span><\/p>\n<\/div><\/div><\/div>[\/vc_column][vc_column width=&#8220;1\/6&#8243;][\/vc_column][vc_column]<div class=\"cz_gap clr  hide_on_mobile\" style=\"height: 75px\"><\/div><div class=\"cz_gap show_on_mobile clr\" style=\"height: 5px\"><\/div>[\/vc_column][\/vc_row][vc_row content_placement=&#8220;middle&#8220;][vc_column width=&#8220;1\/2&#8243;]<div id=\"cz_12886\" data-position=\"top-right\" class=\"cz_12886 cz_image clr cz_image_no_fx center_on_mobile wpb_animate_when_almost_visible fadeInLeft\"><div class=\"cz_svg_bg\" ><div class=\"cz_image_in\" data-tilt><div class=\"cz_main_image\"><img decoding=\"async\" width=\"2560\" height=\"1707\" src=\"http:\/\/www.physiobalance-physiotherapie.at\/wp-content\/uploads\/2021\/06\/echo-grid-RcgiSN482VI-unsplash-1-scaled.jpg\" class=\"attachment-full\" alt=\"Echo grid RcgiSN482VI unsplash 1 scaled\" title=\"\" srcset=\"http:\/\/www.physiobalance-physiotherapie.at\/wp-content\/uploads\/2021\/06\/echo-grid-RcgiSN482VI-unsplash-1-scaled.jpg 2560w, http:\/\/www.physiobalance-physiotherapie.at\/wp-content\/uploads\/2021\/06\/echo-grid-RcgiSN482VI-unsplash-1-300x200.jpg 300w, http:\/\/www.physiobalance-physiotherapie.at\/wp-content\/uploads\/2021\/06\/echo-grid-RcgiSN482VI-unsplash-1-1024x683.jpg 1024w, http:\/\/www.physiobalance-physiotherapie.at\/wp-content\/uploads\/2021\/06\/echo-grid-RcgiSN482VI-unsplash-1-768x512.jpg 768w, http:\/\/www.physiobalance-physiotherapie.at\/wp-content\/uploads\/2021\/06\/echo-grid-RcgiSN482VI-unsplash-1-1536x1024.jpg 1536w, http:\/\/www.physiobalance-physiotherapie.at\/wp-content\/uploads\/2021\/06\/echo-grid-RcgiSN482VI-unsplash-1-2048x1365.jpg 2048w, http:\/\/www.physiobalance-physiotherapie.at\/wp-content\/uploads\/2021\/06\/echo-grid-RcgiSN482VI-unsplash-1-600x400.jpg 600w\" sizes=\"auto, (max-width: 2560px) 100vw, 2560px\" loading=\"lazy\" \/><\/div><\/div><\/div><\/div>[\/vc_column][vc_column css_animation=&#8220;fadeInRight&#8220; width=&#8220;1\/2&#8243;]<div class=\"cz_gap clr \" style=\"height: 25px\"><\/div><div id=\"cz_67157\" class=\"cz_67157 cz_title clr cz_mobile_text_center cz_title_pos_inline\"><div class=\"cz_title_content\"><div class=\"cz_wpe_content\"><p style=\"text-align: left;\"><span style=\"color: #666666;\">Wann: am 20. November 2019, um 19.30 Uhr<br \/>\nWo: PhysioBalance, Uferstra\u00dfe 2b, 5026 Salzburg<br \/>\nUnkostenbeitrag: 7 Euro<br \/>\nDas gro\u00dfe Buch der Lebensfreude Uriel \u2013 ein Engelbuch nicht nur f\u00fcr Kinder.<br \/>\nWeihnachtsgeschenktipp \u2013 kann im Anschluss erworben werden<br \/>\nUm Anmeldung wird gebeten (begrenzte Teilnehmerzahl)<br \/>\nunter +43 699 11758297 oder office(at)verlag-lebensfreude.at<\/span><\/p>\n<\/div><\/div><\/div>[\/vc_column][\/vc_row][vc_row][vc_column]<div class=\"cz_gap clr  hide_on_mobile\" style=\"height: 75px\"><\/div><div class=\"cz_gap show_on_mobile clr\" style=\"height: 5px\"><\/div>[\/vc_column][\/vc_row]<\/p>\n<\/div>","protected":false},"excerpt":{"rendered":"<p>[vc_row][vc_column width=&#8220;1\/6&#8243;][\/vc_column][vc_column width=&#8220;2\/3&#8243;][\/vc_column][vc_column width=&#8220;1\/6&#8243;][\/vc_column][\/vc_row][vc_row gap=&#8220;10&#8243; content_placement=&#8220;middle&#8220;][vc_column css_animation=&#8220;fadeInLeft&#8220; width=&#8220;1\/2&#8243;][\/vc_column][vc_column width=&#8220;1\/2&#8243;][\/vc_column][\/vc_row][vc_row][vc_column width=&#8220;1\/6&#8243;][\/vc_column][vc_column width=&#8220;2\/3&#8243;][\/vc_column][vc_column &#8230; <\/p>\n","protected":false},"author":2,"featured_media":0,"parent":4545,"menu_order":0,"comment_status":"closed","ping_status":"closed","template":"","meta":{"footnotes":""},"class_list":["post-211","page","type-page","status-publish","hentry"],"_links":{"self":[{"href":"http:\/\/www.physiobalance-physiotherapie.at\/de\/wp-json\/wp\/v2\/pages\/211","targetHints":{"allow":["GET"]}}],"collection":[{"href":"http:\/\/www.physiobalance-physiotherapie.at\/de\/wp-json\/wp\/v2\/pages"}],"about":[{"href":"http:\/\/www.physiobalance-physiotherapie.at\/de\/wp-json\/wp\/v2\/types\/page"}],"author":[{"embeddable":true,"href":"http:\/\/www.physiobalance-physiotherapie.at\/de\/wp-json\/wp\/v2\/users\/2"}],"replies":[{"embeddable":true,"href":"http:\/\/www.physiobalance-physiotherapie.at\/de\/wp-json\/wp\/v2\/comments?post=211"}],"version-history":[{"count":5,"href":"http:\/\/www.physiobalance-physiotherapie.at\/de\/wp-json\/wp\/v2\/pages\/211\/revisions"}],"predecessor-version":[{"id":1118,"href":"http:\/\/www.physiobalance-physiotherapie.at\/de\/wp-json\/wp\/v2\/pages\/211\/revisions\/1118"}],"up":[{"embeddable":true,"href":"http:\/\/www.physiobalance-physiotherapie.at\/de\/wp-json\/wp\/v2\/pages\/4545"}],"wp:attachment":[{"href":"http:\/\/www.physiobalance-physiotherapie.at\/de\/wp-json\/wp\/v2\/media?parent=211"}],"curies":[{"name":"wp","href":"https:\/\/api.w.org\/{rel}","templated":true}]}}