{"id":5135,"date":"2023-01-01T19:13:54","date_gmt":"2023-01-01T18:13:54","guid":{"rendered":"https:\/\/www.physiobalance-physiotherapie.at\/?page_id=5135"},"modified":"2024-08-02T10:22:30","modified_gmt":"2024-08-02T08:22:30","slug":"omega-3","status":"publish","type":"page","link":"http:\/\/www.physiobalance-physiotherapie.at\/de\/praxis\/omega-3\/","title":{"rendered":"Omega-3"},"content":{"rendered":"<section class=\"wpb-content-wrapper\"><p>[vc_row][vc_column width=&#8220;1\/6&#8243;][\/vc_column][vc_column css_animation=&#8220;fadeInUp&#8220; width=&#8220;2\/3&#8243;]<div id=\"cz_80784\" class=\"cz_80784 cz_title clr cz_mobile_text_center cz_title_ba_line cz_title_pos_inline tac\"><div class=\"cz_title_content\"><div class=\"cz_wpe_content\"><h3 style=\"text-align: center;\"><span style=\"font-size: 36px; color: #960055;\">MARITIMES KOLLAGEN<br \/>\n<\/span><\/h3>\n<\/div><div class=\"cz_title_line cz_line_after_title\"><span>_<\/span><\/div><\/div><\/div>[\/vc_column][vc_column width=&#8220;1\/6&#8243;][\/vc_column][\/vc_row][vc_row][vc_column width=&#8220;1\/12&#8243;][\/vc_column][vc_column width=&#8220;10\/12&#8243;]<div id=\"cz_74268\" class=\"cz_74268 cz_title clr cz_mobile_text_center cz_title_pos_inline wpb_animate_when_almost_visible fadeInUp\"><div class=\"cz_title_content\"><div class=\"cz_wpe_content\"><p><strong><span style=\"color: #960055;\">Bei einer wiederkehrenden Inkontinenz geh\u00f6rt der Einsatz von Kollagen zur Therapie. Dabei werden bindegewebeartige Substanzen in die Harnr\u00f6hrenwand eingebracht, die f\u00fcr einen besseren Verschluss sorgen.<\/span><\/strong><\/p>\n<\/div><\/div><\/div><div id=\"cz_68539\" class=\"cz_68539 cz_title clr cz_mobile_text_center cz_title_pos_inline wpb_animate_when_almost_visible fadeInUp\"><div class=\"cz_title_content\"><div class=\"cz_wpe_content\"><ul>\n<li>Kollagen kann die Elastizit\u00e4t der Haut verbessern, die N\u00e4gel st\u00e4rken und das Haarwachstum verbessern.<\/li>\n<li>Kollagen kann dazu beitragen, das Altern innerhalb des K\u00f6rpers zu verlangsamen, indem Knochen, Muskeln, Sehnen und B\u00e4nder st\u00e4rker und dichter werden.<\/li>\n<li>Kollagen kann dank der einzigartigen Mischung aus stark antioxidativen Vitaminen und Mineralstoffen Ihr Immunsystem ankurbeln.<\/li>\n<\/ul>\n<\/div><\/div><\/div>[\/vc_column][vc_column width=&#8220;1\/12&#8243;]<div class=\"cz_gap clr  hide_on_mobile\" style=\"height: 75px\"><\/div><div class=\"cz_gap show_on_mobile clr\" style=\"height: 5px\"><\/div>[\/vc_column][\/vc_row][vc_row][vc_column width=&#8220;1\/6&#8243;][\/vc_column][vc_column css_animation=&#8220;fadeInUp&#8220; width=&#8220;2\/3&#8243;]<div id=\"cz_104753\" class=\"cz_104753 cz_title clr cz_mobile_text_center cz_title_ba_line cz_title_pos_inline tac\"><div class=\"cz_title_content\"><div class=\"cz_wpe_content\"><h3 style=\"text-align: center;\"><span style=\"font-size: 36px; color: #960055;\">OMEGA-3 FETTS\u00c4UREN<br \/>\n<\/span><\/h3>\n<\/div><div class=\"cz_title_line cz_line_after_title\"><span>_<\/span><\/div><\/div><\/div>[\/vc_column][vc_column width=&#8220;1\/6&#8243;][\/vc_column][\/vc_row][vc_row content_placement=&#8220;middle&#8220;][vc_column css_animation=&#8220;fadeInUp&#8220; width=&#8220;1\/2&#8243; css=&#8220;.vc_custom_1645777453798{padding-right: 15px !important;}&#8220;]<div class=\"cz_gap clr \" style=\"height: 25px\"><\/div><div id=\"cz_43257\" class=\"cz_43257 cz_title clr cz_mobile_text_center cz_title_pos_inline\"><div class=\"cz_title_content\"><div class=\"cz_wpe_content\"><h4><span style=\"color: #960055;\"><strong>Warum sind Omega-3-Fetts\u00e4uren wichtig?<\/strong><\/span><\/h4>\n<ul>\n<li>Sie sind unverzichtbar fu\u0308r eine gute Gesundheit.<\/li>\n<li>Der Ko\u0308rper produziert selbst kein Omega-3.<\/li>\n<li>Mit u\u0308ber 36.000 Studien ist die Wirkung von Omega-3 sehr gut dokumentiert.<\/li>\n<li>Um den Ko\u0308rper gesund zu halten, empfiehlt die Europa\u0308ische Beho\u0308rde fu\u0308r Lebensmittelsicherheit eine ta\u0308gliche Zufuhr von 250 mg EPA und DHA.<\/li>\n<\/ul>\n<\/div><\/div><\/div><div id=\"cz_73278\" class=\"cz_73278 cz_title clr cz_mobile_text_center cz_title_pos_inline\"><div class=\"cz_title_content\"><div class=\"cz_wpe_content\"><h4><span style=\"color: #960055;\"><strong>Die Heilkraft der maritimen Fetts\u00e4uren<\/strong><\/span><\/h4>\n<p>Mit hochwertigen Omega-3 Fetts\u00e4uren k\u00f6nnen Sie &#8230;<\/p>\n<ul>\n<li>die Gesundheit jeder K\u00f6rperzelle steigern<\/li>\n<li>Ihre k\u00f6rperliche und geistige Leistungsf\u00e4higkeit steigern<\/li>\n<li>Ihre Gesundheit st\u00e4rken und Krankheit erfolgreich vorbeugen<\/li>\n<li>Ihre Lebensqualit\u00e4t und Therapie verbessern.<\/li>\n<\/ul>\n<p><strong>Omega-3-Fetts\u00e4uren helfen die Membranen der roten Blutk\u00f6rperchen weich und durchl\u00e4ssig zu halten.<\/strong><\/p>\n<\/div><\/div><\/div><div class=\"cz_gap clr \" style=\"height: 25px\"><\/div>[\/vc_column][vc_column width=&#8220;1\/2&#8243;]<div id=\"cz_14877\" data-position=\"top-right\" class=\"cz_14877 cz_image clr cz_image_no_fx center_on_mobile wpb_animate_when_almost_visible fadeInRight\"><div class=\"cz_svg_bg\" ><div class=\"cz_image_in\" data-tilt><div class=\"cz_main_image\"><img fetchpriority=\"high\" loading=\"eager\" decoding=\"sync\" data-no-lazy=\"1\" width=\"2000\" height=\"1414\" src=\"http:\/\/www.physiobalance-physiotherapie.at\/wp-content\/uploads\/2024\/08\/gesunde-vs-geschadigte-Zelle.jpg\" class=\"attachment-full\" alt=\"Gesunde vs gesch\u00e4digte Zelle\" title=\"gesunde vs gesch\u00e4digte Zelle\" srcset=\"http:\/\/www.physiobalance-physiotherapie.at\/wp-content\/uploads\/2024\/08\/gesunde-vs-geschadigte-Zelle.jpg 2000w, http:\/\/www.physiobalance-physiotherapie.at\/wp-content\/uploads\/2024\/08\/gesunde-vs-geschadigte-Zelle-300x212.jpg 300w, http:\/\/www.physiobalance-physiotherapie.at\/wp-content\/uploads\/2024\/08\/gesunde-vs-geschadigte-Zelle-1024x724.jpg 1024w, http:\/\/www.physiobalance-physiotherapie.at\/wp-content\/uploads\/2024\/08\/gesunde-vs-geschadigte-Zelle-768x543.jpg 768w, http:\/\/www.physiobalance-physiotherapie.at\/wp-content\/uploads\/2024\/08\/gesunde-vs-geschadigte-Zelle-1536x1086.jpg 1536w, http:\/\/www.physiobalance-physiotherapie.at\/wp-content\/uploads\/2024\/08\/gesunde-vs-geschadigte-Zelle-600x424.jpg 600w\" sizes=\"(max-width: 2000px) 100vw, 2000px\"  \/><\/div><\/div><\/div><\/div>[\/vc_column][\/vc_row][vc_row disable_element=&#8220;yes&#8220;][vc_column]<div class=\"cz_gap clr \" style=\"height: 50px\"><\/div><div id=\"cz_25279\" class=\"cz_25279 cz_title clr cz_mobile_text_center cz_title_pos_inline\"><div class=\"cz_title_content\"><div class=\"cz_wpe_content\"><h4><span style=\"color: #960055;\"><strong>Omega-3 &#8211; der Schl\u00fcssel zur Gesundheit<\/strong><\/span><\/h4>\n<p>Die wertvollen Omega-3-Fetts\u00e4uren Eicosapentaens\u00e4ure (<strong>EPA<\/strong>) und Docosahexaens\u00e4ure (<strong>DHA<\/strong>) sind f\u00fcr die gesunde Entwicklung und Funktion jeder K\u00f6rperzelle wichtig, helfen bei einer Vielzahl von Erkrankungen, k\u00f6nnen deren Therapie optimieren und die Lebensqualit\u00e4t verbessern.<\/p>\n<\/div><\/div><\/div><div class=\"cz_gap clr \" style=\"height: 50px\"><\/div>[\/vc_column][\/vc_row][vc_row][vc_column width=&#8220;1\/6&#8243;][\/vc_column][vc_column css_animation=&#8220;fadeInUp&#8220; width=&#8220;2\/3&#8243;]<div id=\"cz_97567\" class=\"cz_97567 cz_title clr cz_mobile_text_center cz_title_ba_line cz_title_pos_inline tac\"><div class=\"cz_title_content\"><div class=\"cz_wpe_content\"><h3 style=\"text-align: center;\"><span style=\"font-size: 36px; color: #960055;\">GESUNDHEIT IST M\u00d6GLICH<br \/>\n<\/span><\/h3>\n<\/div><div class=\"cz_title_line cz_line_after_title\"><span>_<\/span><\/div><\/div><\/div>[\/vc_column][vc_column width=&#8220;1\/6&#8243;][\/vc_column][\/vc_row][vc_row content_placement=&#8220;middle&#8220;][vc_column width=&#8220;1\/2&#8243;]<div id=\"cz_24999\" data-position=\"top-right\" class=\"cz_24999 cz_image clr cz_image_no_fx center_on_mobile wpb_animate_when_almost_visible fadeInRight\"><div class=\"cz_svg_bg\" ><div class=\"cz_image_in\" data-tilt><div class=\"cz_main_image\"><img decoding=\"async\" width=\"2000\" height=\"1414\" src=\"http:\/\/www.physiobalance-physiotherapie.at\/wp-content\/uploads\/2024\/08\/EQ-6Monats-Konzept-1.jpg\" class=\"attachment-full\" alt=\"EQ 6Monats Konzept\" title=\"EQ-6Monats-Konzept\" srcset=\"http:\/\/www.physiobalance-physiotherapie.at\/wp-content\/uploads\/2024\/08\/EQ-6Monats-Konzept-1.jpg 2000w, http:\/\/www.physiobalance-physiotherapie.at\/wp-content\/uploads\/2024\/08\/EQ-6Monats-Konzept-1-300x212.jpg 300w, http:\/\/www.physiobalance-physiotherapie.at\/wp-content\/uploads\/2024\/08\/EQ-6Monats-Konzept-1-1024x724.jpg 1024w, http:\/\/www.physiobalance-physiotherapie.at\/wp-content\/uploads\/2024\/08\/EQ-6Monats-Konzept-1-768x543.jpg 768w, http:\/\/www.physiobalance-physiotherapie.at\/wp-content\/uploads\/2024\/08\/EQ-6Monats-Konzept-1-1536x1086.jpg 1536w, http:\/\/www.physiobalance-physiotherapie.at\/wp-content\/uploads\/2024\/08\/EQ-6Monats-Konzept-1-600x424.jpg 600w\" sizes=\"auto, (max-width: 2000px) 100vw, 2000px\" loading=\"lazy\" \/><\/div><\/div><\/div><\/div>[\/vc_column][vc_column width=&#8220;1\/2&#8243;]<div class=\"cz_gap clr \" style=\"height: 25px\"><\/div><div id=\"cz_25279\" class=\"cz_25279 cz_title clr cz_mobile_text_center cz_title_pos_inline\"><div class=\"cz_title_content\"><div class=\"cz_wpe_content\"><h4><span style=\"color: #960055;\"><strong>Omega-3 &#8211; der Schl\u00fcssel zur Gesundheit<\/strong><\/span><\/h4>\n<p>Die wertvollen Omega-3-Fetts\u00e4uren Eicosapentaens\u00e4ure (<strong>EPA<\/strong>) und Docosahexaens\u00e4ure (<strong>DHA<\/strong>) sind f\u00fcr die gesunde Entwicklung und Funktion jeder K\u00f6rperzelle wichtig, helfen bei einer Vielzahl von Erkrankungen, k\u00f6nnen deren Therapie optimieren und die Lebensqualit\u00e4t verbessern.<\/p>\n<\/div><\/div><\/div><div id=\"cz_54963\" class=\"cz_54963 cz_title clr cz_mobile_text_center cz_title_pos_inline wpb_animate_when_almost_visible fadeInRight\"><div class=\"cz_title_content\"><div class=\"cz_wpe_content\"><h4 style=\"text-align: left;\"><span style=\"color: #960055;\"><strong>Omega-3 Fetts\u00e4uren konsumieren ist wie Wasser trinken!<\/strong><\/span><\/h4>\n<p>Was hei\u00dft das genau? Dass man es t\u00e4glich zu sich nehmen sollte&#8230; um den K\u00f6rper mit ausreichend \u00a0EPA und DHA zu versorgen, was wiederum die BASIS f\u00fcr eine pers\u00f6nliche Gesunderhaltung darstellt.<\/p>\n<\/div><\/div><\/div><div id=\"cz_96393\" class=\"cz_96393 cz_title clr cz_mobile_text_center cz_title_pos_inline wpb_animate_when_almost_visible fadeInRight\"><div class=\"cz_title_content\"><div class=\"cz_wpe_content\"><h4 style=\"text-align: left;\"><span style=\"color: #960055;\"><strong>Warum ein 6-Monats-Gesundheits-Konzept?<\/strong><\/span><\/h4>\n<p>Weil die roten Blutk\u00f6rperchen eine begrenzte Lebensdauer von ca. 120 Tagen haben. \u00a0Dh. es dauert einige Monate der Einnahme von hochwertigen Omega-3-Fetts\u00e4uren bis die entz\u00fcndlichen Prozesse im K\u00f6rper reduziert werden.<\/p>\n<p>Das Omega-3 \u00d6l wird monatlich zugestellt, somit ist sichergestellt dass die Qualit\u00e4t des \u00d6les die beste ist.<\/p>\n<\/div><\/div><\/div><div class=\"cz_gap clr \" style=\"height: 25px\"><\/div>[\/vc_column][\/vc_row][vc_row][vc_column width=&#8220;1\/6&#8243;][\/vc_column][vc_column css_animation=&#8220;fadeInUp&#8220; width=&#8220;2\/3&#8243;]<div id=\"cz_42829\" class=\"cz_42829 cz_title clr cz_mobile_text_center cz_title_ba_line cz_title_pos_inline tac\"><div class=\"cz_title_content\"><div class=\"cz_wpe_content\"><h3 style=\"text-align: center;\"><span style=\"font-size: 36px; color: #960055;\">UNSER ZELL-BALANCE-ANGEBOT F\u00dcR SIE<br \/>\n<\/span><\/h3>\n<\/div><div class=\"cz_title_line cz_line_after_title\"><span>_<\/span><\/div><\/div><\/div>[\/vc_column][\/vc_row][vc_row][vc_column width=&#8220;1\/2&#8243;]<div class=\"cz_gap clr \" style=\"height: 50px\"><\/div><div id=\"cz_73245\" class=\"cz_73245 cz_title clr cz_mobile_text_center cz_title_pos_inline tac\"><div class=\"cz_title_content\"><div class=\"cz_wpe_content\"><h4 style=\"text-align: left;\"><strong><span style=\"color: #960055;\"><span style=\"caret-color: #960055;\">Unser Angebot f\u00fcr Ihre Gesundheit<\/span><\/span><\/strong><\/h4>\n<p style=\"text-align: left;\">Wenn Sie sich f\u00fcr ein 6-Monats-Konzept entscheiden, schenken wir Ihnen<\/p>\n<ul style=\"text-align: center;\">\n<li style=\"text-align: left;\">einen Omega-3 Trockenbluttest (im Wert von \u20ac87,00)<\/li>\n<li style=\"text-align: left;\">eine Packung marines Kollagen (im Wert von \u20ac72,00)<\/li>\n<\/ul>\n<\/div><\/div><\/div><div id=\"cz_97283\" class=\"cz_97283 cz_title clr cz_mobile_text_center cz_title_pos_inline\"><div class=\"cz_title_content\"><div class=\"cz_wpe_content\"><p style=\"text-align: left;\">Vereinbaren Sie einen Termin und wir f\u00fchren gemeinsam mit Ihnen diesen Trockenbluttest durch. Daf\u00fcr ben\u00f6tigen wir ein paar Tropfen Blut (Pieks in den Finger) &#8211; das dauert lediglich ein paar Minuten.<\/p>\n<\/div><\/div><\/div><div class=\"cz_gap clr \" style=\"height: 50px\"><\/div>[\/vc_column][vc_column width=&#8220;1\/2&#8243;]<div id=\"cz_86877\" data-position=\"top-right\" class=\"cz_86877 cz_image clr cz_image_no_fx center_on_mobile wpb_animate_when_almost_visible fadeInRight\"><div class=\"cz_svg_bg\" ><div class=\"cz_image_in\" data-tilt><div class=\"cz_main_image\"><img decoding=\"async\" width=\"2000\" height=\"1414\" src=\"http:\/\/www.physiobalance-physiotherapie.at\/wp-content\/uploads\/2024\/08\/EQ-Angebot.jpg\" class=\"attachment-full\" alt=\"EQ Angebot\" srcset=\"http:\/\/www.physiobalance-physiotherapie.at\/wp-content\/uploads\/2024\/08\/EQ-Angebot.jpg 2000w, http:\/\/www.physiobalance-physiotherapie.at\/wp-content\/uploads\/2024\/08\/EQ-Angebot-300x212.jpg 300w, http:\/\/www.physiobalance-physiotherapie.at\/wp-content\/uploads\/2024\/08\/EQ-Angebot-1024x724.jpg 1024w, http:\/\/www.physiobalance-physiotherapie.at\/wp-content\/uploads\/2024\/08\/EQ-Angebot-768x543.jpg 768w, http:\/\/www.physiobalance-physiotherapie.at\/wp-content\/uploads\/2024\/08\/EQ-Angebot-1536x1086.jpg 1536w, http:\/\/www.physiobalance-physiotherapie.at\/wp-content\/uploads\/2024\/08\/EQ-Angebot-600x424.jpg 600w\" sizes=\"auto, (max-width: 2000px) 100vw, 2000px\" loading=\"lazy\" \/><\/div><\/div><\/div><\/div>[\/vc_column][\/vc_row][vc_row][vc_column]<div class=\"cz_gap clr \" style=\"height: 50px\"><\/div><div class=\"cz_btn_center\"><div class=\"cz_37514_p\"><a id=\"cz_37514\" class=\"cz_37514 cz_btn cz_btn_txt_no_fx cz_btn_fill_right cz_btn_icon_after\" href=\"https:\/\/calendly.com\/physiobalancesalzburg\/omega-3\" target=\"_blank\" title=\"Testtermin vereinbaren\" role=\"button\" tabindex=\"0\" aria-label=\"Testtermin vereinbaren\"><span><strong>JETZT ANGEBOT SICHERN<\/strong><i class=\"fa czico-132-arrows-8\"><\/i><\/span><b class=\"cz_btn_onhover\"><strong>JETZT ANGEBOT SICHERN<\/strong><i class=\"fa czico-132-arrows-8\"><\/i><\/b><\/a><\/div><\/div><div class=\"cz_gap clr \" style=\"height: 50px\"><\/div>[\/vc_column][\/vc_row][vc_row][vc_column width=&#8220;1\/6&#8243;][\/vc_column][vc_column css_animation=&#8220;fadeInUp&#8220; width=&#8220;2\/3&#8243;]<div id=\"cz_57225\" class=\"cz_57225 cz_title clr cz_mobile_text_center cz_title_ba_line cz_title_pos_inline tac\"><div class=\"cz_title_content\"><div class=\"cz_wpe_content\"><h3 style=\"text-align: center;\"><span style=\"font-size: 36px; color: #960055;\">OMEGA-3 VERSORGUNG \u00dcBERPR\u00dcFEN<br \/>\n<\/span><\/h3>\n<\/div><div class=\"cz_title_line cz_line_after_title\"><span>_<\/span><\/div><\/div><\/div>[\/vc_column][vc_column width=&#8220;1\/6&#8243;][\/vc_column][\/vc_row][vc_row content_placement=&#8220;middle&#8220;][vc_column width=&#8220;1\/2&#8243;]<div class=\"cz_gap clr \" style=\"height: 25px\"><\/div><div id=\"cz_37040\" class=\"cz_37040 cz_title clr cz_mobile_text_center cz_title_pos_inline wpb_animate_when_almost_visible fadeInRight\"><div class=\"cz_title_content\"><div class=\"cz_wpe_content\"><p><strong>Wussten Sie, dass bei durchschnittlich 9 von 10 Menschen ein Mangel an Omega-3 vorliegt?<\/strong><\/p>\n<\/div><\/div><\/div><div id=\"cz_102694\" class=\"cz_102694 cz_title clr cz_mobile_text_center cz_title_pos_inline wpb_animate_when_almost_visible fadeInRight\"><div class=\"cz_title_content\"><div class=\"cz_wpe_content\"><h4 style=\"text-align: left;\"><span style=\"color: #960055;\"><strong>Wie kann ich meine Omega-3 Versorgung \u00fcberpr\u00fcfen?<\/strong><\/span><\/h4>\n<p>Ob Sie \u00fcber Ihre Ern\u00e4hrung ausreichend mit EPA und DHA versorgt sind, l\u00e4sst sich ganz einfach durch einen Trockenbluttest \u00fcberpr\u00fcfen.<\/p>\n<p><strong>Der Omaga-3-Index erfasst den prozentualen Anteil (%) von EPA\/DHA an der Gesamtfetts\u00e4uremenge in der Membran der Erythrozyten (rote Blutk\u00f6rperchen).<\/strong><\/p>\n<\/div><\/div><\/div><div id=\"cz_86994\" class=\"cz_86994 cz_title clr cz_mobile_text_center cz_title_pos_inline wpb_animate_when_almost_visible fadeInRight\"><div class=\"cz_title_content\"><div class=\"cz_wpe_content\"><p>Ein guter Omega-3-Index (\u00fcber 8% bis 11%) reduziert im Vergleich zu einem schlechten Wert (z. B. 4%) deutlich das Risiko f\u00fcr kardiovaskul\u00e4re Erkrankungen (z.B. Herzinfarkt, pl\u00f6tzlicher Herztod).<\/p>\n<p>Auch die gesunde Hirnentwicklung, Sehfunktion und kognitive Leistungsf\u00e4higkeit sind von einer guten Versorgurig mit DHA und EPA abh\u00e4ngig, was sich in einem Omega-3-Index zwischen 8 und 11% widerspiegelt. Deshalb ist die Erg\u00e4nzung der Ern\u00e4hrung mit Omega-3 in der Schwangerschaft besonders wichtig!<\/p>\n<\/div><\/div><\/div>[\/vc_column][vc_column width=&#8220;1\/2&#8243;]<div id=\"cz_87268\" data-position=\"top-right\" class=\"cz_87268 cz_image clr cz_image_no_fx center_on_mobile wpb_animate_when_almost_visible fadeInRight\"><div class=\"cz_svg_bg\" ><div class=\"cz_image_in\" data-tilt><div class=\"cz_main_image\"><img decoding=\"async\" width=\"960\" height=\"540\" src=\"http:\/\/www.physiobalance-physiotherapie.at\/wp-content\/uploads\/2023\/01\/Slide13.jpg\" class=\"attachment-full\" alt=\"Slide13\" srcset=\"http:\/\/www.physiobalance-physiotherapie.at\/wp-content\/uploads\/2023\/01\/Slide13.jpg 960w, http:\/\/www.physiobalance-physiotherapie.at\/wp-content\/uploads\/2023\/01\/Slide13-300x169.jpg 300w, http:\/\/www.physiobalance-physiotherapie.at\/wp-content\/uploads\/2023\/01\/Slide13-768x432.jpg 768w, http:\/\/www.physiobalance-physiotherapie.at\/wp-content\/uploads\/2023\/01\/Slide13-600x338.jpg 600w\" sizes=\"auto, (max-width: 960px) 100vw, 960px\" loading=\"lazy\" \/><\/div><\/div><\/div><\/div>[\/vc_column][\/vc_row][vc_row][vc_column]<div class=\"cz_btn_center\"><div class=\"cz_31961_p\"><a id=\"cz_31961\" class=\"cz_31961 cz_btn cz_btn_txt_no_fx cz_btn_fill_right cz_btn_icon_after\" href=\"https:\/\/calendly.com\/physiobalancesalzburg\/omega-3\" target=\"_blank\" title=\"Testtermin vereinbaren\" role=\"button\" tabindex=\"0\" aria-label=\"Testtermin vereinbaren\"><span><strong>Testen Sie noch Heute Ihr Omega-3-Verh\u00e4ltnis<\/strong><i class=\"fa czico-132-arrows-8\"><\/i><\/span><b class=\"cz_btn_onhover\"><strong>Testen Sie noch Heute Ihr Omega-3-Verh\u00e4ltnis<\/strong><i class=\"fa czico-132-arrows-8\"><\/i><\/b><\/a><\/div><\/div><div class=\"cz_gap clr \" style=\"height: 50px\"><\/div>[\/vc_column][\/vc_row][vc_row][vc_column width=&#8220;1\/6&#8243;][\/vc_column][vc_column css_animation=&#8220;fadeInUp&#8220; width=&#8220;2\/3&#8243;]<div id=\"cz_102234\" class=\"cz_102234 cz_title clr cz_mobile_text_center cz_title_ba_line cz_title_pos_inline tac\"><div class=\"cz_title_content\"><div class=\"cz_wpe_content\"><h3 style=\"text-align: center;\"><span style=\"font-size: 36px; color: #960055;\">KLINISCHE STUDIENERGEBNISSE<br \/>\n<\/span><\/h3>\n<\/div><div class=\"cz_title_line cz_line_after_title\"><span>_<\/span><\/div><\/div><\/div>[\/vc_column][vc_column width=&#8220;1\/6&#8243;][\/vc_column][\/vc_row][vc_row content_placement=&#8220;middle&#8220;][vc_column width=&#8220;1\/2&#8243;]<div id=\"cz_82827\" data-position=\"top-right\" class=\"cz_82827 cz_image clr cz_image_no_fx center_on_mobile wpb_animate_when_almost_visible fadeInRight\"><div class=\"cz_svg_bg\" ><div class=\"cz_image_in\" data-tilt><div class=\"cz_main_image\"><img decoding=\"async\" width=\"2000\" height=\"1414\" src=\"http:\/\/www.physiobalance-physiotherapie.at\/wp-content\/uploads\/2024\/06\/EQ-gesundheitsbezogene-Angaben-1.jpg\" class=\"attachment-full\" alt=\"EQ gesundheitsbezogene Angaben\" srcset=\"http:\/\/www.physiobalance-physiotherapie.at\/wp-content\/uploads\/2024\/06\/EQ-gesundheitsbezogene-Angaben-1.jpg 2000w, http:\/\/www.physiobalance-physiotherapie.at\/wp-content\/uploads\/2024\/06\/EQ-gesundheitsbezogene-Angaben-1-300x212.jpg 300w, http:\/\/www.physiobalance-physiotherapie.at\/wp-content\/uploads\/2024\/06\/EQ-gesundheitsbezogene-Angaben-1-1024x724.jpg 1024w, http:\/\/www.physiobalance-physiotherapie.at\/wp-content\/uploads\/2024\/06\/EQ-gesundheitsbezogene-Angaben-1-768x543.jpg 768w, http:\/\/www.physiobalance-physiotherapie.at\/wp-content\/uploads\/2024\/06\/EQ-gesundheitsbezogene-Angaben-1-1536x1086.jpg 1536w, http:\/\/www.physiobalance-physiotherapie.at\/wp-content\/uploads\/2024\/06\/EQ-gesundheitsbezogene-Angaben-1-600x424.jpg 600w\" sizes=\"auto, (max-width: 2000px) 100vw, 2000px\" loading=\"lazy\" \/><\/div><\/div><\/div><\/div><div class=\"cz_gap clr  hide_on_mobile\" style=\"height: 75px\"><\/div><div class=\"cz_gap show_on_mobile clr\" style=\"height: 5px\"><\/div>[\/vc_column][vc_column width=&#8220;1\/2&#8243;]<div id=\"cz_91643\" class=\"cz_91643 cz_title clr cz_mobile_text_center cz_title_pos_inline wpb_animate_when_almost_visible fadeInUp\"><div class=\"cz_title_content\"><div class=\"cz_wpe_content\"><h4><span style=\"color: #960055;\">Ergebnisse aus aktuellen klinischen Studlen belegen:<\/span><\/h4>\n<\/div><\/div><\/div><div id=\"cz_73851\" class=\"cz_73851 cz_title clr cz_mobile_text_center cz_title_pos_inline wpb_animate_when_almost_visible fadeInUp\"><div class=\"cz_title_content\"><div class=\"cz_wpe_content\"><ul>\n<li><strong>Entz\u00fcndungsprozesse werden durch Omega-3 reduziert.<\/strong> EPA\/DHA werden daher bei entz\u00fcndlich gepr\u00e4gten Erkrankungen wie Allergien, Asthma, Migr\u00e4ne, Multiple Sklerose, Rheuma oder Blasenentz\u00fcndungen erfolgreich eingesetzt.<\/li>\n<li><strong>Zellgesundheit:<\/strong> Die Entwicklung und reibungslose Funktion der Zellen des Endothels (Auskleidung der Blutgef\u00e4\u00dfe), Gehirns, Nervensystems, der Netzhaut sowie die Zellmembranen der Mitochondrien (= Energiekraftwerke) ben\u00f6tigen EPA\/DHA. Bei Augenleiden (z.B. AMD) verbessert Omega-3 die Sehfunktion.<\/li>\n<li><strong>Darmgesundheit:<\/strong>\u00a0Omega-3 unterst\u00fctzt eine gesunde Darmflora sowie die Anzahl und Vielfalt der guten Darmbakterien. Bei entz\u00fcndlichen Darmerkrankungen (z. B. Morbus Crohn) oder dem Leaky-Gut-Syndrom werden EPA\/DHA erfolgreich eingesetzt.<\/li>\n<li><strong>Gehirn\/Nervensystem:<\/strong> Omega-3 reguliert den Informationsaustausch und die Reiz\u00fcbertragung im Gehirn, wirkt stimmungsaufhellend und harmonisierend auf denNervenbotenstoffwechsel (z.B. Serotonin) und f\u00f6rdert die Hirnleistung. EPA\/DHA werden erfolgreich bet ADHS, Depressionen, Demenz und zur Fi\u00f6rderung der Ged\u00e4chtnisleistung eingesetzt.<\/li>\n<li><strong>Haut\/Schleimh\u00e4ute:<\/strong> Omega-3 st\u00e2rkt die Schutzbarrieren der Haut und EPA\/DHA sind bei Hauterkrankungen wie Neurodermitis und Psoriasis hilfreich.<\/li>\n<li><strong>Gelenke\/Knochen:<\/strong> Omega-3 unterstiitzt die Gelenkgesundheit und die Entwicklung stabiler Knochen. EPA\/DHA helfen bei Arthrose oder Osteoporose.<\/li>\n<li><strong>Herz-Kreialauf-System:<\/strong> Omega-3 stabilisiert die Herzkraft, den Herzrhythmus, senkt erh\u00f6hte Blutdruck- und Blutfettwerte (z.B. Triglyceride), unterst\u00fctzt die Entgiftung des Gef\u00e4\u00dfgifts \u00a0Homocystein, verbessert die Flie\u00dfeigenschaften des Blutes und die Sauerstoffversorgung der kleinen Gef\u00e2\u00dfe. Omega-3 beugt der Geldrollenbildung (Thrombozytenaggregation) und der Entwicklung von Herzkrankheiten vor, z.B. Herzinfarkt , pl\u00f6tzlicher Herztod oder Schlaganfall.<\/li>\n<li><strong>Krebs:<\/strong> Das Risiko an Brust- oder Darmkrebs zu erkranken wird durch Omega-3 verringert. EPA\/DHA unterst\u00fctzen die Wirksamkeit der Krebstherapie, verringern deren Nebenwirkungen (z.B. Fatigue) und verbessern die Lebensqualitiit der PatientInnen.\u00a0Auch Profisportler, Berufst\u00e2tige und Stressgeplagte profitieren nachweislich von Omega-3.<\/li>\n<\/ul>\n<\/div><\/div><\/div>[\/vc_column][\/vc_row]<\/p>\n<\/section>","protected":false},"excerpt":{"rendered":"<p>[vc_row][vc_column width=&#8220;1\/6&#8243;][\/vc_column][vc_column css_animation=&#8220;fadeInUp&#8220; width=&#8220;2\/3&#8243;][\/vc_column][vc_column width=&#8220;1\/6&#8243;][\/vc_column][\/vc_row][vc_row][vc_column width=&#8220;1\/12&#8243;][\/vc_column][vc_column width=&#8220;10\/12&#8243;][\/vc_column][vc_column width=&#8220;1\/12&#8243;][\/vc_column][\/vc_row][vc_row][vc_column width=&#8220;1\/6&#8243;][\/vc_column][vc_column css_animation=&#8220;fadeInUp&#8220; width=&#8220;2\/3&#8243;][\/vc_column][vc_column &#8230; <\/p>\n","protected":false},"author":1,"featured_media":0,"parent":1076,"menu_order":0,"comment_status":"closed","ping_status":"closed","template":"","meta":{"footnotes":""},"class_list":["post-5135","page","type-page","status-publish","hentry"],"_links":{"self":[{"href":"http:\/\/www.physiobalance-physiotherapie.at\/de\/wp-json\/wp\/v2\/pages\/5135","targetHints":{"allow":["GET"]}}],"collection":[{"href":"http:\/\/www.physiobalance-physiotherapie.at\/de\/wp-json\/wp\/v2\/pages"}],"about":[{"href":"http:\/\/www.physiobalance-physiotherapie.at\/de\/wp-json\/wp\/v2\/types\/page"}],"author":[{"embeddable":true,"href":"http:\/\/www.physiobalance-physiotherapie.at\/de\/wp-json\/wp\/v2\/users\/1"}],"replies":[{"embeddable":true,"href":"http:\/\/www.physiobalance-physiotherapie.at\/de\/wp-json\/wp\/v2\/comments?post=5135"}],"version-history":[{"count":10,"href":"http:\/\/www.physiobalance-physiotherapie.at\/de\/wp-json\/wp\/v2\/pages\/5135\/revisions"}],"predecessor-version":[{"id":6115,"href":"http:\/\/www.physiobalance-physiotherapie.at\/de\/wp-json\/wp\/v2\/pages\/5135\/revisions\/6115"}],"up":[{"embeddable":true,"href":"http:\/\/www.physiobalance-physiotherapie.at\/de\/wp-json\/wp\/v2\/pages\/1076"}],"wp:attachment":[{"href":"http:\/\/www.physiobalance-physiotherapie.at\/de\/wp-json\/wp\/v2\/media?parent=5135"}],"curies":[{"name":"wp","href":"https:\/\/api.w.org\/{rel}","templated":true}]}}