{"id":6225,"date":"2025-02-13T17:02:34","date_gmt":"2025-02-13T16:02:34","guid":{"rendered":"https:\/\/www.physiobalance-physiotherapie.at\/?page_id=6225"},"modified":"2025-02-17T11:40:21","modified_gmt":"2025-02-17T10:40:21","slug":"sonjabinder","status":"publish","type":"page","link":"http:\/\/www.physiobalance-physiotherapie.at\/de\/therapeutennetzwerk\/sonjabinder\/","title":{"rendered":"Sonja Binder"},"content":{"rendered":"<div class=\"wpb-content-wrapper\"><p>[vc_row][vc_column width=&#8220;1\/6&#8243;][\/vc_column][vc_column width=&#8220;2\/3&#8243;]<div id=\"cz_26103\" class=\"cz_26103 cz_title clr cz_mobile_text_center cz_title_ba_line cz_title_pos_inline tac\"><div class=\"cz_title_content\"><div class=\"cz_wpe_content\"><h3 style=\"text-align: center;\"><span style=\"font-size: 36px;\"><span style=\"color: #960055;\">Sonja Binder<\/span><br \/>\n<\/span><\/h3>\n<\/div><div class=\"cz_title_line cz_line_after_title\"><span>_<\/span><\/div><\/div><\/div>[\/vc_column][vc_column width=&#8220;1\/6&#8243;][\/vc_column][\/vc_row][vc_row content_placement=&#8220;top&#8220; css=&#8220;.vc_custom_1739462690721{padding-right: 0px !important;padding-left: 0px !important;background-color: #ffffff !important;}&#8220;][vc_column css_animation=&#8220;fadeInLeft&#8220; width=&#8220;2\/12&#8243;]<div id=\"cz_63051\" data-position=\"top-right\" class=\"cz_63051 cz_image clr cz_image_no_fx center_on_mobile\"><div class=\"cz_svg_bg\" ><div class=\"cz_image_in\"><div class=\"cz_main_image\"><img fetchpriority=\"high\" loading=\"eager\" decoding=\"sync\" data-no-lazy=\"1\" width=\"1976\" height=\"2556\" src=\"http:\/\/www.physiobalance-physiotherapie.at\/wp-content\/uploads\/2025\/02\/SonjaBinder.jpg\" class=\"attachment-full\" alt=\"SonjaBinder\" srcset=\"http:\/\/www.physiobalance-physiotherapie.at\/wp-content\/uploads\/2025\/02\/SonjaBinder.jpg 1976w, http:\/\/www.physiobalance-physiotherapie.at\/wp-content\/uploads\/2025\/02\/SonjaBinder-232x300.jpg 232w, http:\/\/www.physiobalance-physiotherapie.at\/wp-content\/uploads\/2025\/02\/SonjaBinder-792x1024.jpg 792w, http:\/\/www.physiobalance-physiotherapie.at\/wp-content\/uploads\/2025\/02\/SonjaBinder-768x993.jpg 768w, http:\/\/www.physiobalance-physiotherapie.at\/wp-content\/uploads\/2025\/02\/SonjaBinder-1187x1536.jpg 1187w, http:\/\/www.physiobalance-physiotherapie.at\/wp-content\/uploads\/2025\/02\/SonjaBinder-1583x2048.jpg 1583w, http:\/\/www.physiobalance-physiotherapie.at\/wp-content\/uploads\/2025\/02\/SonjaBinder-600x776.jpg 600w\" sizes=\"(max-width: 1976px) 100vw, 1976px\"  \/><\/div><\/div><\/div><\/div>[\/vc_column][vc_column css_animation=&#8220;fadeInRight&#8220; width=&#8220;7\/12&#8243; css=&#8220;.vc_custom_1671193845455{padding-top: 20px !important;padding-right: 20px !important;padding-bottom: 20px !important;padding-left: 20px !important;background-color: #f3f3f3 !important;}&#8220;]<div class=\"clr\"><ul id=\"cz_18954\" class=\"cz_18954 cz_stylish_list clr cz_sl_icon_hover_zoom_in\"><li class=\"clr\"><div class=\"cz_sl_icon\"><i class=\"far fa-dot-circle mr10\" ><\/i><\/div><div><span>Reiki Therapeutin<\/span><\/div><\/li><li class=\"clr\"><div class=\"cz_sl_icon\"><i class=\"far fa-dot-circle mr10\" ><\/i><\/div><div><span>Klopfakupressur KnB<\/span><\/div><\/li><\/ul><\/div><div class=\"cz_gap clr \" style=\"height: 25px\"><\/div><div id=\"cz_17182\" class=\"cz_17182 cz_title clr cz_title_pos_inline\"><div class=\"cz_title_content\"><div class=\"cz_wpe_content\"><p>freiberuflich und selbst\u00e4ndig t\u00e4tige dipl. Humanenergetikerin<\/p>\n<\/div><\/div><\/div><div class=\"cz_gap clr \" style=\"height: 25px\"><\/div><div id=\"cz_65689\" class=\"cz_65689 cz_title clr cz_title_pos_inline\"><div class=\"cz_title_content\"><div class=\"cz_wpe_content\"><p><span style=\"color: #960055; font-size: 18px;\"><strong>Pers\u00f6nliches<\/strong><\/span><\/p>\n<p style=\"text-align: left;\"><span style=\"font-size: 16px;\">Geboren 1978<\/span><\/p>\n<p>Meine Arte der Energiearbeit ist ehrlich, bodenst\u00e4ndig und spirituell zugleich. Auf ein pers\u00f6nliches kennen lernen freue ich mich schon sehr.<\/p>\n<\/div><\/div><\/div><div class=\"cz_gap clr \" style=\"height: 25px\"><\/div><div id=\"cz_33233\" class=\"cz_33233 cz_title clr cz_title_pos_inline\"><div class=\"cz_title_content\"><div class=\"cz_wpe_content\"><p><span style=\"color: #960055; font-size: 18px;\"><strong>Terminvereinbarungen<\/strong><\/span><\/p>\n<p style=\"text-align: left;\">Termine: Dienstag bis Freitag ab 14 Uhr, nach Terminvereinbarung.<br \/>\nBei Krankheit 24 Stunden vorher absagen, damit jemand von der Warteliste angerufen werden kann.<\/p>\n<\/div><\/div><\/div><div class=\"cz_gap clr \" style=\"height: 25px\"><\/div><div id=\"cz_61255\" class=\"cz_61255 cz_title clr cz_title_pos_inline\"><div class=\"cz_title_content\"><div class=\"cz_wpe_content\"><p><span style=\"color: #960055; font-size: 18px;\"><strong>Kontakt<\/strong><\/span><\/p>\n<p style=\"text-align: left;\"><span style=\"font-size: 16px;\"><strong>Praxis Aigen:<\/strong> <a href=\"http:\/\/www.physiobalance-physiotherapie.at\/de\/kontakt\/anfahrt_uferstrasse\/\" target=\"_blank\" rel=\"noopener\">Haus f\u00fcr PhysioBalance, Uferstra\u00dfe 2b, 5026 Salzburg-Aigen<\/a><\/span><\/p>\n<p style=\"text-align: left;\"><span style=\"font-size: 16px;\"><strong>Telefon:<\/strong> <a href=\"tel:+436643403457\">+43 (0)664 340 34 57<\/a><\/span><\/p>\n<p style=\"text-align: left;\"><span style=\"font-size: 16px;\"><strong>Email:<\/strong> <a href=\"mailto:binder.sonja24@outlook.de\">binder.sonja24(at)outlook.de<\/a><\/span><\/p>\n<p style=\"text-align: left;\"><span style=\"font-size: 16px;\"><strong>Web:<\/strong> <a href=\"https:\/\/www.sonjabinder.at\/\" target=\"_blank\" rel=\"noopener\">www.sonjabinder.at<\/a><\/span><\/p>\n<\/div><\/div><\/div><div class=\"cz_gap clr \" style=\"height: 25px\"><\/div><div id=\"cz_93236\" class=\"cz_93236 cz_title clr cz_title_pos_inline\"><div class=\"cz_title_content\"><div class=\"cz_wpe_content\"><p><span style=\"color: #960055; font-size: 18px;\"><strong>Was ist REIKI<\/strong><\/span><\/p>\n<ul>\n<li style=\"text-align: left;\">Ist eine Technik, zur \u00dcbertragung der universalen Lebensenergie.<\/li>\n<li style=\"text-align: left;\">Diese Art von Energie\u00fcbertragung hat ihren Ursprung in Japan.<\/li>\n<li style=\"text-align: left;\">Ist eine spezielle Form des sanften Handauflegens am bekleideten K\u00f6rper, an verschiedenen K\u00f6rperstellen.<\/li>\n<li style=\"text-align: left;\">Kann auch ohne Hand auflegen ausgef\u00fchrt werden!<\/li>\n<li style=\"text-align: left;\">Es gibt viele verschiedene Belastungen, wo einem mit Reiki geholfen werden kann.<\/li>\n<li style=\"text-align: left;\">Auch bei Tieren kann Reiki angewendet werden.<\/li>\n<li style=\"text-align: left;\">Das Ziel ist die Blockaden zu l\u00f6sen und die Selbstheilungskr\u00e4fte zu aktivieren.<\/li>\n<\/ul>\n<\/div><\/div><\/div><div class=\"cz_gap clr \" style=\"height: 25px\"><\/div><div id=\"cz_55578\" class=\"cz_55578 cz_title clr cz_title_pos_inline\"><div class=\"cz_title_content\"><div class=\"cz_wpe_content\"><p><span style=\"color: #960055; font-size: 18px;\"><strong>Was ist KLOPFAKUPRESSUR KnB:<\/strong><\/span><\/p>\n<ul>\n<li style=\"text-align: left;\">Die Klopfakupressur ist eine einfache und sanfte, aber wirkungsvolle Methode,\u00a0die bei emotionalen oder k\u00f6rperlichen Belastungen an verschiedenen Klopfpunkten angewendet wird.<\/li>\n<li style=\"text-align: left;\">Negative Glaubenss\u00e4tze, belastende Blockaden, sowie St\u00f6rungen werden aufgesp\u00fcrt und aufgel\u00f6st.<\/li>\n<li style=\"text-align: left;\">Sie klopfen an sich selbst die Klopfpunkte zu ihrem Thema, angeleitet und gef\u00fchrt von mir.<\/li>\n<\/ul>\n<\/div><\/div><\/div>[\/vc_column][vc_column width=&#8220;3\/12&#8243;]<div id=\"cz_22954\" class=\"cz_22954 cz_banner clr\">\n\t\t\t<figure class=\"effect-style5\">\n\t\t\t\t<img decoding=\"async\" loading=\"lazy\" src=\"http:\/\/www.physiobalance-physiotherapie.at\/wp-content\/plugins\/codevz-plus\/assets\/img\/p.svg\" class=\"xtra-placeholder \" width=\"1000\" height=\"1000\" alt=\"image\" \/>\n\t\t\t\t<figcaption><div><h4>Reiki<\/h4><\/div><a href=\"https:\/\/www.physiobalance-physiotherapie.at\/de\/therapiespektrum\/reiki\/\" title=\"Reiki\" role=\"button\" tabindex=\"0\" aria-label=\"Reiki\"> <\/a><\/figcaption>\t\t\t\n\t\t\t<\/figure>\n\t\t<\/div>[\/vc_column][\/vc_row][vc_row content_placement=&#8220;top&#8220; disable_element=&#8220;yes&#8220; css=&#8220;.vc_custom_1739462763274{padding-right: 0px !important;padding-left: 0px !important;background-color: #ffffff !important;}&#8220;][vc_column css_animation=&#8220;fadeInLeft&#8220; width=&#8220;2\/12&#8243;]<div id=\"cz_63051\" data-position=\"top-right\" class=\"cz_63051 cz_image clr cz_image_no_fx center_on_mobile\"><div class=\"cz_svg_bg\" ><div class=\"cz_image_in\"><div class=\"cz_main_image\"><img decoding=\"async\" width=\"1976\" height=\"2556\" src=\"http:\/\/www.physiobalance-physiotherapie.at\/wp-content\/uploads\/2025\/02\/SonjaBinder.jpg\" class=\"attachment-full\" alt=\"SonjaBinder\" srcset=\"http:\/\/www.physiobalance-physiotherapie.at\/wp-content\/uploads\/2025\/02\/SonjaBinder.jpg 1976w, http:\/\/www.physiobalance-physiotherapie.at\/wp-content\/uploads\/2025\/02\/SonjaBinder-232x300.jpg 232w, http:\/\/www.physiobalance-physiotherapie.at\/wp-content\/uploads\/2025\/02\/SonjaBinder-792x1024.jpg 792w, http:\/\/www.physiobalance-physiotherapie.at\/wp-content\/uploads\/2025\/02\/SonjaBinder-768x993.jpg 768w, http:\/\/www.physiobalance-physiotherapie.at\/wp-content\/uploads\/2025\/02\/SonjaBinder-1187x1536.jpg 1187w, http:\/\/www.physiobalance-physiotherapie.at\/wp-content\/uploads\/2025\/02\/SonjaBinder-1583x2048.jpg 1583w, http:\/\/www.physiobalance-physiotherapie.at\/wp-content\/uploads\/2025\/02\/SonjaBinder-600x776.jpg 600w\" sizes=\"auto, (max-width: 1976px) 100vw, 1976px\" loading=\"lazy\" \/><\/div><\/div><\/div><\/div>[\/vc_column][vc_column css_animation=&#8220;fadeInRight&#8220; width=&#8220;7\/12&#8243; css=&#8220;.vc_custom_1671193845455{padding-top: 20px !important;padding-right: 20px !important;padding-bottom: 20px !important;padding-left: 20px !important;background-color: #f3f3f3 !important;}&#8220;]<div class=\"clr\"><ul id=\"cz_18954\" class=\"cz_18954 cz_stylish_list clr cz_sl_icon_hover_zoom_in\"><li class=\"clr\"><div class=\"cz_sl_icon\"><i class=\"far fa-dot-circle mr10\" ><\/i><\/div><div><span>Reiki Therapeutin<\/span><\/div><\/li><li class=\"clr\"><div class=\"cz_sl_icon\"><i class=\"far fa-dot-circle mr10\" ><\/i><\/div><div><span>Klopfakupressur KnB<\/span><\/div><\/li><\/ul><\/div><div class=\"cz_gap clr \" style=\"height: 25px\"><\/div><div id=\"cz_17182\" class=\"cz_17182 cz_title clr cz_title_pos_inline\"><div class=\"cz_title_content\"><div class=\"cz_wpe_content\"><p>freiberuflich und selbst\u00e4ndig t\u00e4tige dipl. Humanenergetikerin<\/p>\n<\/div><\/div><\/div><div class=\"cz_gap clr \" style=\"height: 25px\"><\/div><div id=\"cz_65689\" class=\"cz_65689 cz_title clr cz_title_pos_inline\"><div class=\"cz_title_content\"><div class=\"cz_wpe_content\"><p><span style=\"color: #960055; font-size: 18px;\"><strong>Pers\u00f6nliches<\/strong><\/span><\/p>\n<p style=\"text-align: left;\"><span style=\"font-size: 16px;\">Geboren 1978<\/span><\/p>\n<p>Meine Arte der Energiearbeit ist ehrlich, bodenst\u00e4ndig und spirituell zugleich. Auf ein pers\u00f6nliches kennen lernen freue ich mich schon sehr.<\/p>\n<\/div><\/div><\/div><div class=\"cz_gap clr \" style=\"height: 25px\"><\/div><div id=\"cz_33233\" class=\"cz_33233 cz_title clr cz_title_pos_inline\"><div class=\"cz_title_content\"><div class=\"cz_wpe_content\"><p><span style=\"color: #960055; font-size: 18px;\"><strong>Terminvereinbarungen<\/strong><\/span><\/p>\n<p style=\"text-align: left;\">Termine: Dienstag bis Freitag ab 14 Uhr, nach Terminvereinbarung.<br \/>\nBei Krankheit 24 Stunden vorher absagen, damit jemand von der Warteliste angerufen werden kann.<\/p>\n<\/div><\/div><\/div><div class=\"cz_gap clr \" style=\"height: 25px\"><\/div><div id=\"cz_61255\" class=\"cz_61255 cz_title clr cz_title_pos_inline\"><div class=\"cz_title_content\"><div class=\"cz_wpe_content\"><p><span style=\"color: #960055; font-size: 18px;\"><strong>Kontakt<\/strong><\/span><\/p>\n<p style=\"text-align: left;\"><span style=\"font-size: 16px;\"><strong>Praxis Aigen:<\/strong> <a href=\"http:\/\/www.physiobalance-physiotherapie.at\/de\/kontakt\/anfahrt_uferstrasse\/\" target=\"_blank\" rel=\"noopener\">Haus f\u00fcr PhysioBalance, Uferstra\u00dfe 2b, 5026 Salzburg-Aigen<\/a><\/span><\/p>\n<p style=\"text-align: left;\"><span style=\"font-size: 16px;\"><strong>Telefon:<\/strong> <a href=\"tel:+436643403457\">+43 (0)664 340 34 57<\/a><\/span><\/p>\n<p style=\"text-align: left;\"><span style=\"font-size: 16px;\"><strong>Email:<\/strong> <a href=\"mailto:binder.sonja24@outlook.de\">binder.sonja24(at)outlook.de<\/a><\/span><\/p>\n<p style=\"text-align: left;\"><span style=\"font-size: 16px;\"><strong>Web:<\/strong> <a href=\"https:\/\/www.sonjabinder.at\/\" target=\"_blank\" rel=\"noopener\">www.sonjabinder.at<\/a><\/span><\/p>\n<\/div><\/div><\/div><div class=\"cz_gap clr \" style=\"height: 25px\"><\/div><div id=\"cz_93236\" class=\"cz_93236 cz_title clr cz_title_pos_inline\"><div class=\"cz_title_content\"><div class=\"cz_wpe_content\"><p><span style=\"color: #960055; font-size: 18px;\"><strong>Was ist REIKI<\/strong><\/span><\/p>\n<ul>\n<li style=\"text-align: left;\">Ist eine Technik, zur \u00dcbertragung der universalen Lebensenergie.<\/li>\n<li style=\"text-align: left;\">Diese Art von Energie\u00fcbertragung hat ihren Ursprung in Japan.<\/li>\n<li style=\"text-align: left;\">Ist eine spezielle Form des sanften Handauflegens am bekleideten K\u00f6rper, an verschiedenen K\u00f6rperstellen.<\/li>\n<li style=\"text-align: left;\">Kann auch ohne Hand auflegen ausgef\u00fchrt werden!<\/li>\n<li style=\"text-align: left;\">Es gibt viele verschiedene Belastungen, wo einem mit Reiki geholfen werden kann.<\/li>\n<li style=\"text-align: left;\">Auch bei Tieren kann Reiki angewendet werden.<\/li>\n<li style=\"text-align: left;\">Das Ziel ist die Blockaden zu l\u00f6sen und die Selbstheilungskr\u00e4fte zu aktivieren.<\/li>\n<\/ul>\n<\/div><\/div><\/div><div class=\"cz_gap clr \" style=\"height: 25px\"><\/div><div id=\"cz_55578\" class=\"cz_55578 cz_title clr cz_title_pos_inline\"><div class=\"cz_title_content\"><div class=\"cz_wpe_content\"><p><span style=\"color: #960055; font-size: 18px;\"><strong>Was ist KLOPFAKUPRESSUR KnB:<\/strong><\/span><\/p>\n<ul>\n<li style=\"text-align: left;\">Die Klopfakupressur ist eine einfache und sanfte, aber wirkungsvolle Methode,\u00a0die bei emotionalen oder k\u00f6rperlichen Belastungen an verschiedenen Klopfpunkten angewendet wird.<\/li>\n<li style=\"text-align: left;\">Negative Glaubenss\u00e4tze, belastende Blockaden, sowie St\u00f6rungen werden aufgesp\u00fcrt und aufgel\u00f6st.<\/li>\n<li style=\"text-align: left;\">Sie klopfen an sich selbst die Klopfpunkte zu ihrem Thema, angeleitet und gef\u00fchrt von mir.<\/li>\n<\/ul>\n<\/div><\/div><\/div>[\/vc_column][vc_column width=&#8220;3\/12&#8243;]<div id=\"cz_73598\" class=\"cz_73598 cz_banner clr\">\n\t\t\t<figure class=\"effect-style5\">\n\t\t\t\t<img decoding=\"async\" loading=\"lazy\" src=\"http:\/\/www.physiobalance-physiotherapie.at\/wp-content\/plugins\/codevz-plus\/assets\/img\/p.svg\" class=\"xtra-placeholder \" width=\"1000\" height=\"1000\" alt=\"image\" \/>\n\t\t\t\t<figcaption><div><h4>Klinische Psychologie<\/h4><\/div><a href=\"https:\/\/www.physiobalance-physiotherapie.at\/de\/therapiespektrum\/klinische-psychologie\/\" title=\"Klinische Psychologie\" role=\"button\" tabindex=\"0\" aria-label=\"Klinische Psychologie\"> <\/a><\/figcaption>\t\t\t\n\t\t\t<\/figure>\n\t\t<\/div>[\/vc_column][\/vc_row]<\/p>\n<\/div>","protected":false},"excerpt":{"rendered":"<p>[vc_row][vc_column width=&#8220;1\/6&#8243;][\/vc_column][vc_column width=&#8220;2\/3&#8243;][\/vc_column][vc_column width=&#8220;1\/6&#8243;][\/vc_column][\/vc_row][vc_row content_placement=&#8220;top&#8220; css=&#8220;.vc_custom_1739462690721{padding-right: 0px !important;padding-left: 0px !important;background-color: #ffffff &#8230; <\/p>\n","protected":false},"author":1,"featured_media":0,"parent":2633,"menu_order":0,"comment_status":"closed","ping_status":"closed","template":"","meta":{"footnotes":""},"class_list":["post-6225","page","type-page","status-publish","hentry"],"_links":{"self":[{"href":"http:\/\/www.physiobalance-physiotherapie.at\/de\/wp-json\/wp\/v2\/pages\/6225","targetHints":{"allow":["GET"]}}],"collection":[{"href":"http:\/\/www.physiobalance-physiotherapie.at\/de\/wp-json\/wp\/v2\/pages"}],"about":[{"href":"http:\/\/www.physiobalance-physiotherapie.at\/de\/wp-json\/wp\/v2\/types\/page"}],"author":[{"embeddable":true,"href":"http:\/\/www.physiobalance-physiotherapie.at\/de\/wp-json\/wp\/v2\/users\/1"}],"replies":[{"embeddable":true,"href":"http:\/\/www.physiobalance-physiotherapie.at\/de\/wp-json\/wp\/v2\/comments?post=6225"}],"version-history":[{"count":7,"href":"http:\/\/www.physiobalance-physiotherapie.at\/de\/wp-json\/wp\/v2\/pages\/6225\/revisions"}],"predecessor-version":[{"id":6249,"href":"http:\/\/www.physiobalance-physiotherapie.at\/de\/wp-json\/wp\/v2\/pages\/6225\/revisions\/6249"}],"up":[{"embeddable":true,"href":"http:\/\/www.physiobalance-physiotherapie.at\/de\/wp-json\/wp\/v2\/pages\/2633"}],"wp:attachment":[{"href":"http:\/\/www.physiobalance-physiotherapie.at\/de\/wp-json\/wp\/v2\/media?parent=6225"}],"curies":[{"name":"wp","href":"https:\/\/api.w.org\/{rel}","templated":true}]}}