{"id":6233,"date":"2025-02-13T17:37:39","date_gmt":"2025-02-13T16:37:39","guid":{"rendered":"https:\/\/www.physiobalance-physiotherapie.at\/?page_id=6233"},"modified":"2025-02-17T11:42:44","modified_gmt":"2025-02-17T10:42:44","slug":"andreaschwarz","status":"publish","type":"page","link":"http:\/\/www.physiobalance-physiotherapie.at\/de\/therapeutennetzwerk\/andreaschwarz\/","title":{"rendered":"Mag.a Andrea Schwarz"},"content":{"rendered":"<section class=\"wpb-content-wrapper\"><p>[vc_row][vc_column width=&#8220;1\/6&#8243;][\/vc_column][vc_column width=&#8220;2\/3&#8243;]<div id=\"cz_94411\" class=\"cz_94411 cz_title clr cz_mobile_text_center cz_title_ba_line cz_title_pos_inline tac\"><div class=\"cz_title_content\"><div class=\"cz_wpe_content\"><h3 style=\"text-align: center;\"><span style=\"font-size: 36px;\"><span style=\"color: #960055;\">Mag.<sup>a<\/sup> Andrea Schwarz<\/span><br \/>\n<\/span><\/h3>\n<\/div><div class=\"cz_title_line cz_line_after_title\"><span>_<\/span><\/div><\/div><\/div>[\/vc_column][vc_column width=&#8220;1\/6&#8243;][\/vc_column][\/vc_row][vc_row content_placement=&#8220;top&#8220; css=&#8220;.vc_custom_1671193839312{padding-right: 0px !important;padding-left: 0px !important;background-color: #ffffff !important;}&#8220;][vc_column css_animation=&#8220;fadeInLeft&#8220; width=&#8220;2\/12&#8243;]<div id=\"cz_74033\" data-position=\"top-right\" class=\"cz_74033 cz_image clr cz_image_no_fx center_on_mobile\"><div class=\"cz_svg_bg\" ><div class=\"cz_image_in\"><div class=\"cz_main_image\"><img fetchpriority=\"high\" loading=\"eager\" decoding=\"sync\" data-no-lazy=\"1\" width=\"1156\" height=\"1446\" src=\"http:\/\/www.physiobalance-physiotherapie.at\/wp-content\/uploads\/2025\/02\/AndreaSchwarz-scaled-e1739464566271.jpg\" class=\"attachment-full\" alt=\"AndreaSchwarz\" srcset=\"http:\/\/www.physiobalance-physiotherapie.at\/wp-content\/uploads\/2025\/02\/AndreaSchwarz-scaled-e1739464566271.jpg 1156w, http:\/\/www.physiobalance-physiotherapie.at\/wp-content\/uploads\/2025\/02\/AndreaSchwarz-scaled-e1739464566271-240x300.jpg 240w, http:\/\/www.physiobalance-physiotherapie.at\/wp-content\/uploads\/2025\/02\/AndreaSchwarz-scaled-e1739464566271-819x1024.jpg 819w, http:\/\/www.physiobalance-physiotherapie.at\/wp-content\/uploads\/2025\/02\/AndreaSchwarz-scaled-e1739464566271-768x961.jpg 768w, http:\/\/www.physiobalance-physiotherapie.at\/wp-content\/uploads\/2025\/02\/AndreaSchwarz-scaled-e1739464566271-600x751.jpg 600w\" sizes=\"(max-width: 1156px) 100vw, 1156px\"  \/><\/div><\/div><\/div><\/div>[\/vc_column][vc_column css_animation=&#8220;fadeInRight&#8220; width=&#8220;7\/12&#8243; css=&#8220;.vc_custom_1671193845455{padding-top: 20px !important;padding-right: 20px !important;padding-bottom: 20px !important;padding-left: 20px !important;background-color: #f3f3f3 !important;}&#8220;]<div class=\"clr\"><ul id=\"cz_63808\" class=\"cz_63808 cz_stylish_list clr cz_sl_icon_hover_zoom_in\"><li class=\"clr\"><div class=\"cz_sl_icon\"><i class=\"far fa-dot-circle mr10\" ><\/i><\/div><div><span>Kinesiologin<\/span><\/div><\/li><li class=\"clr\"><div class=\"cz_sl_icon\"><i class=\"far fa-dot-circle mr10\" ><\/i><\/div><div><span>Sprachp\u00e4dagogin<\/span><\/div><\/li><li class=\"clr\"><div class=\"cz_sl_icon\"><i class=\"far fa-dot-circle mr10\" ><\/i><\/div><div><span>Reiki-Meisterin<\/span><\/div><\/li><\/ul><\/div><div class=\"cz_gap clr \" style=\"height: 25px\"><\/div><div id=\"cz_60806\" class=\"cz_60806 cz_title clr cz_title_pos_inline\"><div class=\"cz_title_content\"><div class=\"cz_wpe_content\"><p><span style=\"color: #960055; font-size: 18px;\"><strong>Meine Methoden<\/strong><\/span><\/p>\n<p style=\"text-align: left;\">Seit vielen Jahren begleite ich Menschen in Change- und Lernprozessen mit dem Ziel ihre F\u00e4higkeiten zu entfalten und Herausforderungen selbstbewusst zu meistern. Mein Ansatz ist dabei ganzheitlich und orientiert sich daran, das Potenzial jedes Einzelnen zu erkennen und gezielt zu f\u00f6rdern.<\/p>\n<p>In meiner Arbeit setze ich vielf\u00e4ltige Tools aus den Bereichen Kommunikationstraining, Kinesiologie, P\u00e4dagogik und Emotionen-Management ein, um ein tiefes Verst\u00e4ndnis f\u00fcr die individuellen Bed\u00fcrfnisse zu entwickeln und zielgerichtete, ma\u00dfgeschneiderte L\u00f6sungen zu erarbeiten. Dabei ber\u00fccksichtige ich stets die Verbindung von K\u00f6rper, Geist und Seele, um eine nachhaltige Ver\u00e4nderung und pers\u00f6nliche Weiterentwicklung zu erm\u00f6glichen.<\/p>\n<\/div><\/div><\/div><div class=\"cz_gap clr \" style=\"height: 25px\"><\/div><div id=\"cz_20004\" class=\"cz_20004 cz_title clr cz_title_pos_inline\"><div class=\"cz_title_content\"><div class=\"cz_wpe_content\"><p><span style=\"color: #960055; font-size: 18px;\"><strong>Kontakt<\/strong><\/span><\/p>\n<p style=\"text-align: left;\"><span style=\"font-size: 16px;\"><strong>Praxis Aigen:<\/strong> <a href=\"\/de?page_id=1658\" target=\"_blank\" rel=\"noopener\">Haus f\u00fcr PhysioBalance, Uferstra\u00dfe 2b, 5026 Salzburg-Aigen<\/a><\/span><\/p>\n<p style=\"text-align: left;\"><span style=\"font-size: 16px;\"><strong>Telefon:<\/strong> <a href=\"tel:+436604508906\">+43 (0)660 450 89 06<\/a><\/span><\/p>\n<p style=\"text-align: left;\"><span style=\"font-size: 16px;\"><strong>Email:<\/strong> <a href=\"mailto:andrea@)balanciert.at\">Andrea(at)balanciert.at<\/a><\/span><\/p>\n<p style=\"text-align: left;\"><span style=\"font-size: 16px;\"><strong>Web:<\/strong> <a href=\"https:\/\/www.balanciert.at\" target=\"_blank\" rel=\"noopener\">www.balanciert.at<\/a><\/span><\/p>\n<\/div><\/div><\/div><div class=\"cz_gap clr \" style=\"height: 25px\"><\/div><div id=\"cz_100146\" class=\"cz_100146 cz_title clr cz_title_pos_inline\"><div class=\"cz_title_content\"><div class=\"cz_wpe_content\"><p><span style=\"color: #960055; font-size: 18px;\"><strong><b>Ausbildungen Kinesiologie und Energetik<\/b><\/strong><\/span><\/p>\n<ul>\n<li style=\"text-align: left;\">BrainGym\u00ae<\/li>\n<li style=\"text-align: left;\">Dance for Health \u2013 The Experience<\/li>\n<li style=\"text-align: left;\">Matrix in Balance I, II\n<div><\/div>\n<\/li>\n<li style=\"text-align: left;\">\n<div>R.E.S.E.T\u00ae<\/div>\n<div><\/div>\n<\/li>\n<li style=\"text-align: left;\">\n<div>Reiki<\/div>\n<\/li>\n<li>Systeme in Balance<\/li>\n<li>Touch for Health<\/li>\n<\/ul>\n<\/div><\/div><\/div><div class=\"cz_gap clr \" style=\"height: 25px\"><\/div><div id=\"cz_96772\" class=\"cz_96772 cz_title clr cz_title_pos_inline\"><div class=\"cz_title_content\"><div class=\"cz_wpe_content\"><p><span style=\"color: #960055; font-size: 18px;\"><strong>Ausbildungen <b>P\u00e4dagogik, Sprache und Kommunikation<\/b><\/strong><\/span><\/p>\n<ul>\n<li style=\"text-align: left;\">\n<p style=\"font-weight: 400;\">Lehramt Italienisch\/Latein\/Geschichte und Politische Bildung<\/p>\n<\/li>\n<li style=\"text-align: left;\">\n<p style=\"font-weight: 400;\">Expertin f\u00fcr Deutsch als Fremdsprache<\/p>\n<\/li>\n<li style=\"text-align: left;\">\n<p style=\"font-weight: 400;\">Gewaltfreie Kommunikation, Konfliktmanagement und Mediation<\/p>\n<\/li>\n<\/ul>\n<\/div><\/div><\/div>[\/vc_column][vc_column width=&#8220;3\/12&#8243;]<div id=\"cz_84746\" class=\"cz_84746 cz_banner clr\">\n\t\t\t<figure class=\"effect-style5\">\n\t\t\t\t<img decoding=\"async\" loading=\"lazy\" src=\"http:\/\/www.physiobalance-physiotherapie.at\/wp-content\/plugins\/codevz-plus\/assets\/img\/p.svg\" class=\"xtra-placeholder \" width=\"1000\" height=\"1000\" alt=\"image\" \/>\n\t\t\t\t<figcaption><div><h4>Reiki<\/h4><\/div><a href=\"https:\/\/www.physiobalance-physiotherapie.at\/de\/therapiespektrum\/reiki\/\" title=\"Reiki\" role=\"button\" tabindex=\"0\" aria-label=\"Reiki\"> <\/a><\/figcaption>\t\t\t\n\t\t\t<\/figure>\n\t\t<\/div>[\/vc_column][\/vc_row]<\/p>\n<\/section>","protected":false},"excerpt":{"rendered":"<p>[vc_row][vc_column width=&#8220;1\/6&#8243;][\/vc_column][vc_column width=&#8220;2\/3&#8243;][\/vc_column][vc_column width=&#8220;1\/6&#8243;][\/vc_column][\/vc_row][vc_row content_placement=&#8220;top&#8220; css=&#8220;.vc_custom_1671193839312{padding-right: 0px !important;padding-left: 0px !important;background-color: #ffffff &#8230; <\/p>\n","protected":false},"author":1,"featured_media":0,"parent":2633,"menu_order":0,"comment_status":"closed","ping_status":"closed","template":"","meta":{"footnotes":""},"class_list":["post-6233","page","type-page","status-publish","hentry"],"_links":{"self":[{"href":"http:\/\/www.physiobalance-physiotherapie.at\/de\/wp-json\/wp\/v2\/pages\/6233","targetHints":{"allow":["GET"]}}],"collection":[{"href":"http:\/\/www.physiobalance-physiotherapie.at\/de\/wp-json\/wp\/v2\/pages"}],"about":[{"href":"http:\/\/www.physiobalance-physiotherapie.at\/de\/wp-json\/wp\/v2\/types\/page"}],"author":[{"embeddable":true,"href":"http:\/\/www.physiobalance-physiotherapie.at\/de\/wp-json\/wp\/v2\/users\/1"}],"replies":[{"embeddable":true,"href":"http:\/\/www.physiobalance-physiotherapie.at\/de\/wp-json\/wp\/v2\/comments?post=6233"}],"version-history":[{"count":7,"href":"http:\/\/www.physiobalance-physiotherapie.at\/de\/wp-json\/wp\/v2\/pages\/6233\/revisions"}],"predecessor-version":[{"id":6251,"href":"http:\/\/www.physiobalance-physiotherapie.at\/de\/wp-json\/wp\/v2\/pages\/6233\/revisions\/6251"}],"up":[{"embeddable":true,"href":"http:\/\/www.physiobalance-physiotherapie.at\/de\/wp-json\/wp\/v2\/pages\/2633"}],"wp:attachment":[{"href":"http:\/\/www.physiobalance-physiotherapie.at\/de\/wp-json\/wp\/v2\/media?parent=6233"}],"curies":[{"name":"wp","href":"https:\/\/api.w.org\/{rel}","templated":true}]}}