{"id":6242,"date":"2025-02-17T11:27:00","date_gmt":"2025-02-17T10:27:00","guid":{"rendered":"https:\/\/www.physiobalance-physiotherapie.at\/?page_id=6242"},"modified":"2025-02-17T11:29:11","modified_gmt":"2025-02-17T10:29:11","slug":"reiki","status":"publish","type":"page","link":"http:\/\/www.physiobalance-physiotherapie.at\/de\/therapiespektrum\/reiki\/","title":{"rendered":"Reiki"},"content":{"rendered":"<div class=\"wpb-content-wrapper\"><p>[vc_row][vc_column width=&#8220;1\/6&#8243;][\/vc_column][vc_column css_animation=&#8220;fadeInUp&#8220; width=&#8220;2\/3&#8243;]<div class=\"cz_gap clr  hide_on_mobile\" style=\"height: 40px\"><\/div><div class=\"cz_gap show_on_mobile clr\" style=\"height: 27px\"><\/div><div id=\"cz_81032\" class=\"cz_81032 cz_title clr cz_mobile_text_center cz_title_ba_line cz_title_pos_inline tac\"><div class=\"cz_title_content\"><div class=\"cz_wpe_content\"><h3 style=\"text-align: center;\"><span style=\"font-size: 36px; color: #960055;\">Reiki Therapie<br \/>\n<\/span><\/h3>\n<\/div><div class=\"cz_title_line cz_line_after_title\"><span>_<\/span><\/div><\/div><\/div>[\/vc_column][vc_column width=&#8220;1\/6&#8243;][\/vc_column][\/vc_row][vc_row content_placement=&#8220;middle&#8220;][vc_column css_animation=&#8220;fadeInUp&#8220; width=&#8220;1\/6&#8243;][\/vc_column][vc_column width=&#8220;2\/3&#8243;]<div class=\"cz_gap clr \" style=\"height: 15px\"><\/div><div id=\"cz_90983\" class=\"cz_90983 cz_title clr cz_mobile_text_center cz_title_pos_inline\"><div class=\"cz_title_content\"><div class=\"cz_wpe_content\"><p><span style=\"color: #666666; font-size: 16px; font-family: Georgia, serif;\">Durch die sanfte Methode des Handauflegens auf bestimmte K\u00f6rperstellen wie Brustkorb, Kopf oder Unterbauch wird\u00a0<b>KI <\/b>(Lebensenergie auch Chi oder im hinduistischen Prana genannt) \u00fcbertragen. Dieser Vorgang wird von den Behandelten oft als W\u00e4rme, Pulsieren oder Kribbeln beschrieben.<\/span><\/p>\n<p><span style=\"color: #666666; font-size: 16px; font-family: Georgia, serif;\">Verspannungen oder Blockaden k\u00f6nnen verhindern, dass Energie frei flie\u00dfen kann.<\/span><\/p>\n<\/div><\/div><\/div><div id=\"cz_47782\" class=\"cz_47782 cz_title clr cz_mobile_text_center cz_title_pos_inline\"><div class=\"cz_title_content\"><div class=\"cz_wpe_content\"><p><strong><span style=\"color: #666666; font-size: 16px; font-family: Georgia, serif;\">Reiki wirkt durch alle Ebenen:<\/span><\/strong><\/p>\n<ul>\n<li style=\"font-weight: 400;\">st\u00e4rkt das Immunsystem<\/li>\n<li style=\"font-weight: 400;\">erh\u00f6ht die Lebensenergie<\/li>\n<li style=\"font-weight: 400;\">hilft Schmerzen zu lindern<\/li>\n<li style=\"font-weight: 400;\">bringt Tiefenentspannung<\/li>\n<li style=\"font-weight: 400;\">aktiviert die Selbstheilungskr\u00e4fte<\/li>\n<li style=\"font-weight: 400;\">unterst\u00fctzt den Abbau von Stress<\/li>\n<li style=\"font-weight: 400;\">hilft die innere Mitte zu finden<\/li>\n<li style=\"font-weight: 400;\">kr\u00e4ftigt K\u00f6rper und Geist<\/li>\n<li style=\"font-weight: 400;\">l\u00f6st seelische und k\u00f6rperliche Blockaden<\/li>\n<\/ul>\n<\/div><\/div><\/div><div id=\"cz_89881\" class=\"cz_89881 cz_title clr cz_mobile_text_center cz_title_pos_inline\"><div class=\"cz_title_content\"><div class=\"cz_wpe_content\"><p><strong><span style=\"color: #666666; font-size: 16px; font-family: Georgia, serif;\">KnB Klopfakupressur<\/span><\/strong><\/p>\n<p><span style=\"color: #666666; font-size: 16px; font-family: Georgia, serif;\">Die KnB Klopfakupressur basiert auf der Annahme, dass letztendlich alles aus Energiefeldern mit bestimmten Informationen (Schwingungsfeldern) besteht. In diesem Sinne ist ein k\u00f6rperliches oder emotionales Problem ein &#8222;St\u00f6rfeld&#8220; im menschlichen Energiesystem aufgrund einer bestimmten &#8222;St\u00f6rinformation&#8220;.<\/span><\/p>\n<p><span style=\"color: #666666; font-size: 16px; font-family: Georgia, serif;\">Indem man sich auf ein bestimmtes Problem einstimmt und dabei &#8222;klopft&#8220;, wird die zugeh\u00f6rige Energiest\u00f6rung harmonisiert und das wahrnehmbare Problem wird vermindert, oder gar nicht mehr wahrgenommen.<\/span><\/p>\n<\/div><\/div><\/div><div id=\"cz_85279\" class=\"cz_85279 cz_title clr cz_mobile_text_center cz_title_pos_inline\"><div class=\"cz_title_content\"><div class=\"cz_wpe_content\"><p><strong><span style=\"color: #666666; font-size: 16px; font-family: Georgia, serif;\">KnB Anwendungsbereiche:<\/span><\/strong><\/p>\n<ul>\n<li style=\"font-weight: 400;\">Alltagsthemen<\/li>\n<li style=\"font-weight: 400;\">K\u00f6rperliche negative Belastungen<\/li>\n<li style=\"font-weight: 400;\">Seelische negative Belastungen<\/li>\n<li style=\"font-weight: 400;\">Hilft bei bedrohlichen Gedanken und Sorgen<\/li>\n<li style=\"font-weight: 400;\">Suchtdrang<\/li>\n<li style=\"font-weight: 400;\">Konflikte<\/li>\n<li style=\"font-weight: 400;\">Leistungsblockaden<\/li>\n<li style=\"font-weight: 400;\">Baut Stress ab und f\u00f6rdert auch das Selbstwertgef\u00fchl<\/li>\n<li style=\"font-weight: 400;\">St\u00e4rkt das gesamte Wohlbefinden<\/li>\n<li style=\"font-weight: 400;\">Erh\u00f6ht die Lebensenergie und das Immunsystem<\/li>\n<li style=\"font-weight: 400;\">Hilft Schmerzen zu lindern<\/li>\n<li style=\"font-weight: 400;\">L\u00f6st Blockaden und Spannungszust\u00e4nde<\/li>\n<li style=\"font-weight: 400;\">aktiviert die Selbstheilungskr\u00e4fte<\/li>\n<\/ul>\n<\/div><\/div><\/div><div id=\"cz_50596\" class=\"cz_50596 cz_title clr cz_mobile_text_center cz_title_pos_inline\"><div class=\"cz_title_content\"><div class=\"cz_wpe_content\"><p><strong><span style=\"color: #666666; font-size: 16px; font-family: Georgia, serif;\">Wichtiger Hinweis:<\/span><\/strong><\/p>\n<p><span style=\"color: #666666; font-size: 16px; font-family: Georgia, serif;\">KnB Klopfakupressur und Reiki sollen als Erg\u00e4nzung zur Schulmedizin gesehen werden. Laufende medizinische Therapien sollen nicht abgebrochen werden! Es werden keine medizinischen Diagnosen gestellt! Die Verantwortung liegt ausschlie\u00dflich beim Klienten selbst.<\/span><\/p>\n<\/div><\/div><\/div><div class=\"cz_gap clr \" style=\"height: 30px\"><\/div>[\/vc_column][vc_column width=&#8220;1\/6&#8243;][\/vc_column][\/vc_row]<\/p>\n<\/div>","protected":false},"excerpt":{"rendered":"<p>[vc_row][vc_column width=&#8220;1\/6&#8243;][\/vc_column][vc_column css_animation=&#8220;fadeInUp&#8220; width=&#8220;2\/3&#8243;][\/vc_column][vc_column width=&#8220;1\/6&#8243;][\/vc_column][\/vc_row][vc_row content_placement=&#8220;middle&#8220;][vc_column css_animation=&#8220;fadeInUp&#8220; width=&#8220;1\/6&#8243;][\/vc_column][vc_column width=&#8220;2\/3&#8243;][\/vc_column][vc_column width=&#8220;1\/6&#8243;][\/vc_column][\/vc_row] &#8230; <\/p>\n","protected":false},"author":1,"featured_media":0,"parent":2831,"menu_order":0,"comment_status":"closed","ping_status":"closed","template":"","meta":{"footnotes":""},"class_list":["post-6242","page","type-page","status-publish","hentry"],"_links":{"self":[{"href":"http:\/\/www.physiobalance-physiotherapie.at\/de\/wp-json\/wp\/v2\/pages\/6242","targetHints":{"allow":["GET"]}}],"collection":[{"href":"http:\/\/www.physiobalance-physiotherapie.at\/de\/wp-json\/wp\/v2\/pages"}],"about":[{"href":"http:\/\/www.physiobalance-physiotherapie.at\/de\/wp-json\/wp\/v2\/types\/page"}],"author":[{"embeddable":true,"href":"http:\/\/www.physiobalance-physiotherapie.at\/de\/wp-json\/wp\/v2\/users\/1"}],"replies":[{"embeddable":true,"href":"http:\/\/www.physiobalance-physiotherapie.at\/de\/wp-json\/wp\/v2\/comments?post=6242"}],"version-history":[{"count":3,"href":"http:\/\/www.physiobalance-physiotherapie.at\/de\/wp-json\/wp\/v2\/pages\/6242\/revisions"}],"predecessor-version":[{"id":6246,"href":"http:\/\/www.physiobalance-physiotherapie.at\/de\/wp-json\/wp\/v2\/pages\/6242\/revisions\/6246"}],"up":[{"embeddable":true,"href":"http:\/\/www.physiobalance-physiotherapie.at\/de\/wp-json\/wp\/v2\/pages\/2831"}],"wp:attachment":[{"href":"http:\/\/www.physiobalance-physiotherapie.at\/de\/wp-json\/wp\/v2\/media?parent=6242"}],"curies":[{"name":"wp","href":"https:\/\/api.w.org\/{rel}","templated":true}]}}