{"id":6287,"date":"2025-03-05T18:10:24","date_gmt":"2025-03-05T17:10:24","guid":{"rendered":"https:\/\/www.physiobalance-physiotherapie.at\/?page_id=6287"},"modified":"2025-03-05T18:18:53","modified_gmt":"2025-03-05T17:18:53","slug":"therapeutin-gesucht","status":"publish","type":"page","link":"http:\/\/www.physiobalance-physiotherapie.at\/de\/aktuelles\/therapeutin-gesucht\/","title":{"rendered":"Physiotherapeut:in als \u00d6GK Vertretung gesucht"},"content":{"rendered":"<section class=\"wpb-content-wrapper\"><p>[vc_row][vc_column width=&#8220;1\/6&#8243;][\/vc_column][vc_column width=&#8220;2\/3&#8243;]<div id=\"cz_99399\" class=\"cz_99399 cz_title clr cz_smart_fs cz_mobile_text_center cz_title_ba_line cz_title_pos_inline tac wpb_animate_when_almost_visible fadeInUp\"><div class=\"cz_title_content\"><div class=\"cz_wpe_content\"><h3 style=\"text-align: center;\"><span style=\"font-size: 36px; color: #960055;\">Physiotherapeut:in als \u00d6GK Vertretung gesucht<br \/>\n<\/span><\/h3>\n<\/div><div class=\"cz_title_line cz_line_after_title\"><span>_<\/span><\/div><\/div><\/div>[\/vc_column][vc_column width=&#8220;1\/6&#8243;][\/vc_column][\/vc_row][vc_row][vc_column width=&#8220;1\/12&#8243;][\/vc_column][vc_column width=&#8220;5\/6&#8243;]<div class=\"cz_gap clr  hide_on_mobile\" style=\"height: 23px\"><\/div><div class=\"cz_gap show_on_mobile clr\" style=\"height: 5px\"><\/div><div id=\"cz_55574\" class=\"cz_55574 cz_title clr cz_mobile_text_center cz_title_pos_inline tac wpb_animate_when_almost_visible fadeInUp\"><div class=\"cz_title_content\"><div class=\"cz_wpe_content\"><p style=\"text-align: center;\"><span style=\"color: #666666;\">Aufgrund einer l\u00e4ngerfristigen Erkrankung unserer \u00d6GK-Vertragstherapeutin suche ich ab sofort eine\/n engagierte und selbst\u00e4ndig arbeitende Physiotherapeut:in zur Vertretung f\u00fcr 20 Wochenstunden, befristet auf ca. 1 Jahr.<\/span><span style=\"color: #666666;\"><br \/>\n<\/span><\/p>\n<\/div><\/div><\/div><div class=\"cz_gap clr  hide_on_mobile\" style=\"height: 15px\"><\/div><div class=\"cz_gap show_on_mobile clr\" style=\"height: 5px\"><\/div><div id=\"cz_91518\" class=\"cz_91518 cz_title clr cz_mobile_text_center cz_title_pos_inline tac wpb_animate_when_almost_visible fadeInUp\"><div class=\"cz_title_content\"><div class=\"cz_wpe_content\"><h3 style=\"text-align: center;\"><span style=\"color: #960055;\">Was dich bei uns erwartet:<\/span><\/h3>\n<p style=\"text-align: center;\">\ud83d\udc50 Eine gut ausgestattete Praxis in einem charmanten Bauernhaus<\/p>\n<p style=\"text-align: center;\">\ud83c\udf3f Ein besonderes Ambiente mit Wohlf\u00fchlfaktor f\u00fcr Patient:innen und Therapeut:innen<\/p>\n<p style=\"text-align: center;\">\ud83e\udd1d Arbeiten in einer erfahrenen und etablierten Gemeinschaftspraxis (seit 2003)<\/p>\n<p style=\"text-align: center;\">\ud83d\udd56 Flexible Zeiteinteilung<\/p>\n<p style=\"text-align: center;\">\ud83d\udccd Standort: Praxis Haus f\u00fcr PhysioBalance in Salzburg-Aigen<\/p>\n<\/div><\/div><\/div><div class=\"cz_gap clr  hide_on_mobile\" style=\"height: 15px\"><\/div><div class=\"cz_gap show_on_mobile clr\" style=\"height: 5px\"><\/div><div id=\"cz_52281\" class=\"cz_52281 cz_title clr cz_mobile_text_center cz_title_pos_inline tac wpb_animate_when_almost_visible fadeInUp\"><div class=\"cz_title_content\"><div class=\"cz_wpe_content\"><h3 style=\"text-align: center;\"><span style=\"color: #960055;\">Das bringst du mit:<\/span><\/h3>\n<p style=\"text-align: center;\">\u2714 Abgeschlossene Ausbildung als Physiotherapeut:in<\/p>\n<p style=\"text-align: center;\">\u2714 Freude an der selbstst\u00e4ndigen Arbeit mit Patient:innen<\/p>\n<p style=\"text-align: center;\">\u2714 mindestens 1 Jahr Berufserfahrung als Physiotherapeut:in (einj\u00e4hriges Anstellungsverh\u00e4ltnis ist Voraussetzung seitens der \u00d6GK um als Vertragstherapeut:in t\u00e4tig zu sein)<\/p>\n<p style=\"text-align: center;\">\u2714 Interesse an einer befristeten \u00d6GK-Vertretungst\u00e4tigkeit f\u00fcr ca. 1 Jahr, kleine Kassen k\u00f6nnen zus\u00e4tzlich als Wahltherapeut:in abgerechnet werden<\/p>\n<p style=\"text-align: center;\">\u2714 Motivation, dich in einem eingespielten Team einzubringen<\/p>\n<\/div><\/div><\/div><div class=\"cz_gap clr  hide_on_mobile\" style=\"height: 15px\"><\/div><div class=\"cz_gap show_on_mobile clr\" style=\"height: 5px\"><\/div><div id=\"cz_86652\" class=\"cz_86652 cz_title clr cz_mobile_text_center cz_title_pos_inline wpb_animate_when_almost_visible fadeInUp\"><div class=\"cz_title_content\"><div class=\"cz_wpe_content\"><p>Nach diesem Vertretungsjahr besteht nat\u00fcrlich die M\u00f6glichkeit, als selbst\u00e4ndig t\u00e4tige\u00a0Wahltherapeut:in Teil unseres Praxisteams zu bleiben.<\/p>\n<\/div><\/div><\/div><div id=\"cz_96755\" class=\"cz_96755 cz_title clr cz_mobile_text_center cz_title_pos_inline wpb_animate_when_almost_visible fadeInUp\"><div class=\"cz_title_content\"><div class=\"cz_wpe_content\"><p>Egal, ob du am Beginn deiner selbstst\u00e4ndigen T\u00e4tigkeit stehst oder eine neue Herausforderung suchst \u2013 wir freuen uns dich kennenzulernen!<\/p>\n<\/div><\/div><\/div><div id=\"cz_47390\" class=\"cz_47390 cz_title clr cz_mobile_text_center cz_title_pos_inline wpb_animate_when_almost_visible fadeInUp\"><div class=\"cz_title_content\"><div class=\"cz_wpe_content\"><p>\ud83d\udce9 Interessiert? Schreib uns eine Nachricht oder melde dich direkt bei uns!<\/p>\n<\/div><\/div><\/div>[\/vc_column][vc_column width=&#8220;1\/12&#8243;][\/vc_column][vc_column]<div class=\"cz_gap clr  hide_on_mobile\" style=\"height: 75px\"><\/div><div class=\"cz_gap show_on_mobile clr\" style=\"height: 5px\"><\/div>[\/vc_column][\/vc_row][vc_row content_placement=&#8220;middle&#8220;][vc_column width=&#8220;4\/12&#8243;]<a href=\"http:\/\/www.physiobalance-physiotherapie.at\/de\/praxis\/praxis_aigen\/\" title=\"Praxis Aigen\"><div id=\"cz_61836\" class=\"cz_61836 cz_image clr cz_image_no_fx center_on_mobile wpb_animate_when_almost_visible fadeInLeft\"><div class=\"cz_svg_bg\" ><div class=\"cz_image_in\" data-tilt><div class=\"cz_main_image\"><img decoding=\"async\" src=\"data:image\/svg+xml,%3Csvg%20xmlns%3D&#39;http%3A%2F%2Fwww.w3.org%2F2000%2Fsvg&#39;%20width=&#39;1000&#39;%20height=&#39;1000&#39;%20viewBox%3D&#39;0%200%201000%201000&#39;%2F%3E\" data-czlz data-src=\"http:\/\/www.physiobalance-physiotherapie.at\/wp-content\/plugins\/codevz-plus\/assets\/img\/p.svg\" class=\"xtra-placeholder \" width=\"1000\" height=\"1000\" alt=\"image\" \/><\/div><\/div><\/div><\/div><\/a>[\/vc_column][vc_column css_animation=&#8220;fadeInRight&#8220; width=&#8220;4\/12&#8243;]<div class=\"cz_gap clr \" style=\"height: 25px\"><\/div><div id=\"cz_71358\" class=\"cz_71358 cz_title clr cz_mobile_text_center cz_title_pos_inline tac\"><div class=\"cz_title_content\"><div class=\"cz_wpe_content\"><p style=\"text-align: center;\">Ich freue mich auf Dich!<\/p>\n<p style=\"text-align: center;\">Karin Brandl-Neudorfer<\/p>\n<h2 style=\"text-align: center;\"><span style=\"color: #f09151;\">PHYSIO<\/span><span style=\"color: #960055;\">BALANCE<\/span><\/h2>\n<p style=\"text-align: center;\">Praxis f\u00fcr Physiotherapie und Osteopathie<br \/>\n<span style=\"text-decoration: underline;\">www.physiobalance.at<\/span><br \/>\nTelefon: <a href=\"tel:00436645618115\"><span style=\"text-decoration: underline;\">+43 (0)664 5618115<\/span><\/a> oder<br \/>\neMail: <a href=\"mailto:info@physiobalance.at\">info(at)physiobalance.at<\/a><\/p>\n<\/div><\/div><\/div>[\/vc_column][vc_column width=&#8220;4\/12&#8243;]<a href=\"http:\/\/www.physiobalance-physiotherapie.at\/de\/praxis\/praxis_nonntal\/\" title=\"Praxis Nonntal\"><div id=\"cz_82017\" class=\"cz_82017 cz_image clr cz_image_no_fx center_on_mobile wpb_animate_when_almost_visible fadeInLeft\"><div class=\"cz_svg_bg\" ><div class=\"cz_image_in\" data-tilt><div class=\"cz_main_image\"><img decoding=\"async\" width=\"2560\" height=\"1830\" src=\"data:image\/svg+xml,%3Csvg%20xmlns%3D&#39;http%3A%2F%2Fwww.w3.org%2F2000%2Fsvg&#39;%20width=&#39;2560&#39;%20height=&#39;1830&#39;%20viewBox%3D&#39;0%200%202560%201830&#39;%2F%3E\" data-czlz data-src=\"http:\/\/www.physiobalance-physiotherapie.at\/wp-content\/uploads\/2022\/02\/Physiobalance027_28_29_30_31_tonemapped-scaled.jpg\" class=\"attachment-full\" alt=\"\" title=\"Physiobalance027_28_29_30_31_tonemapped\" data-srcset=\"http:\/\/www.physiobalance-physiotherapie.at\/wp-content\/uploads\/2022\/02\/Physiobalance027_28_29_30_31_tonemapped-scaled.jpg 2560w, http:\/\/www.physiobalance-physiotherapie.at\/wp-content\/uploads\/2022\/02\/Physiobalance027_28_29_30_31_tonemapped-300x214.jpg 300w, http:\/\/www.physiobalance-physiotherapie.at\/wp-content\/uploads\/2022\/02\/Physiobalance027_28_29_30_31_tonemapped-1024x732.jpg 1024w, http:\/\/www.physiobalance-physiotherapie.at\/wp-content\/uploads\/2022\/02\/Physiobalance027_28_29_30_31_tonemapped-768x549.jpg 768w, http:\/\/www.physiobalance-physiotherapie.at\/wp-content\/uploads\/2022\/02\/Physiobalance027_28_29_30_31_tonemapped-1536x1098.jpg 1536w, http:\/\/www.physiobalance-physiotherapie.at\/wp-content\/uploads\/2022\/02\/Physiobalance027_28_29_30_31_tonemapped-2048x1464.jpg 2048w, http:\/\/www.physiobalance-physiotherapie.at\/wp-content\/uploads\/2022\/02\/Physiobalance027_28_29_30_31_tonemapped-600x429.jpg 600w\" data-sizes=\"(max-width: 2560px) 100vw, 2560px\" \/><\/div><\/div><\/div><\/div><\/a>[\/vc_column][\/vc_row]<\/p>\n<\/section>","protected":false},"excerpt":{"rendered":"<p>[vc_row][vc_column width=&#8220;1\/6&#8243;][\/vc_column][vc_column width=&#8220;2\/3&#8243;][\/vc_column][vc_column width=&#8220;1\/6&#8243;][\/vc_column][\/vc_row][vc_row][vc_column width=&#8220;1\/12&#8243;][\/vc_column][vc_column width=&#8220;5\/6&#8243;][\/vc_column][vc_column width=&#8220;1\/12&#8243;][\/vc_column][vc_column][\/vc_column][\/vc_row][vc_row content_placement=&#8220;middle&#8220;][vc_column width=&#8220;4\/12&#8243;][\/vc_column][vc_column css_animation=&#8220;fadeInRight&#8220; width=&#8220;4\/12&#8243;][\/vc_column][vc_column &#8230; <\/p>\n","protected":false},"author":1,"featured_media":0,"parent":4545,"menu_order":0,"comment_status":"closed","ping_status":"closed","template":"","meta":{"footnotes":""},"class_list":["post-6287","page","type-page","status-publish","hentry"],"_links":{"self":[{"href":"http:\/\/www.physiobalance-physiotherapie.at\/de\/wp-json\/wp\/v2\/pages\/6287","targetHints":{"allow":["GET"]}}],"collection":[{"href":"http:\/\/www.physiobalance-physiotherapie.at\/de\/wp-json\/wp\/v2\/pages"}],"about":[{"href":"http:\/\/www.physiobalance-physiotherapie.at\/de\/wp-json\/wp\/v2\/types\/page"}],"author":[{"embeddable":true,"href":"http:\/\/www.physiobalance-physiotherapie.at\/de\/wp-json\/wp\/v2\/users\/1"}],"replies":[{"embeddable":true,"href":"http:\/\/www.physiobalance-physiotherapie.at\/de\/wp-json\/wp\/v2\/comments?post=6287"}],"version-history":[{"count":8,"href":"http:\/\/www.physiobalance-physiotherapie.at\/de\/wp-json\/wp\/v2\/pages\/6287\/revisions"}],"predecessor-version":[{"id":6295,"href":"http:\/\/www.physiobalance-physiotherapie.at\/de\/wp-json\/wp\/v2\/pages\/6287\/revisions\/6295"}],"up":[{"embeddable":true,"href":"http:\/\/www.physiobalance-physiotherapie.at\/de\/wp-json\/wp\/v2\/pages\/4545"}],"wp:attachment":[{"href":"http:\/\/www.physiobalance-physiotherapie.at\/de\/wp-json\/wp\/v2\/media?parent=6287"}],"curies":[{"name":"wp","href":"https:\/\/api.w.org\/{rel}","templated":true}]}}