{"id":6811,"date":"2026-04-07T09:13:16","date_gmt":"2026-04-07T07:13:16","guid":{"rendered":"https:\/\/www.physiobalance-physiotherapie.at\/?page_id=6811"},"modified":"2026-04-07T09:22:26","modified_gmt":"2026-04-07T07:22:26","slug":"bindungsanalyse","status":"publish","type":"page","link":"http:\/\/www.physiobalance-physiotherapie.at\/de\/therapiespektrum\/bindungsanalyse\/","title":{"rendered":"Vorgeburtliche Bindungsf\u00f6rderung"},"content":{"rendered":"<section class=\"wpb-content-wrapper\"><p>[vc_row][vc_column width=&#8220;1\/6&#8243;][\/vc_column][vc_column css_animation=&#8220;fadeInUp&#8220; width=&#8220;2\/3&#8243;]<div class=\"cz_gap clr  hide_on_mobile\" style=\"height: 40px\"><\/div><div class=\"cz_gap show_on_mobile clr\" style=\"height: 27px\"><\/div><div id=\"cz_13529\" class=\"cz_13529 cz_title clr cz_smart_fs cz_mobile_text_center cz_title_ba_line cz_title_pos_inline tac\"><div class=\"cz_title_content\"><div class=\"cz_wpe_content\"><h1 style=\"text-align: center;\"><span style=\"font-size: 36px;\">Warum vorgeburtliche Bindungsanalyse?<br \/>\n<\/span><\/h1>\n<\/div><div class=\"cz_title_line cz_line_after_title\"><span>_<\/span><\/div><\/div><\/div>[\/vc_column][vc_column width=&#8220;1\/6&#8243;][\/vc_column][\/vc_row][vc_row content_placement=&#8220;middle&#8220;][vc_column css_animation=&#8220;fadeInUp&#8220; width=&#8220;1\/6&#8243;][\/vc_column][vc_column width=&#8220;2\/3&#8243;]<div class=\"cz_gap clr \" style=\"height: 15px\"><\/div><div id=\"cz_106448\" class=\"cz_106448 cz_title clr cz_mobile_text_center cz_title_pos_inline\"><div class=\"cz_title_content\"><div class=\"cz_wpe_content\"><h2><span style=\"color: #960055; font-size: 18px;\"><strong>Eine bewusste Beziehung zum Baby schon in der Schwangerschaft aufbauen<\/strong><\/span><\/h2>\n<p data-start=\"1609\" data-end=\"1887\">Die Zeit der Schwangerschaft ist weit mehr als eine rein k\u00f6rperliche Vorbereitung auf die Geburt. Sie ist auch eine Phase des inneren Wachsens, der emotionalen Entwicklung und der fr\u00fchen Beziehung zwischen Mutter und Kind. Genau hier setzt die vorgeburtliche Bindungsanalyse an.<\/p>\n<p data-start=\"1889\" data-end=\"2530\">Die Bindungsanalyse nach Hidas &amp; Raffai, auch als vorgeburtliche Beziehungsf\u00f6rderung bekannt, wurde in den fr\u00fchen 1990er-Jahren von den ungarischen Psychoanalytikern Jen\u00f6 Raffai und Gy\u00f6rgy Hidas entwickelt. Ausgangspunkt war die Erkenntnis aus ihrer therapeutischen Arbeit, dass die Zeit vor der Geburt eine besonders bedeutsame Phase f\u00fcr die Entwicklung des Kindes und f\u00fcr die entstehende Mutter-Kind-Beziehung ist. Im Flyer wird beschrieben, dass sich dadurch eine stressfreiere Schwangerschaft, eine reibungslosere Geburt und eine engere emotionale Bindung zwischen Mutter und Baby entwickeln k\u00f6nnen.<\/p>\n<p data-start=\"2532\" data-end=\"2876\">Im Mittelpunkt steht die bewusste innere Kontaktaufnahme mit dem ungeborenen Kind. Die werdende Mutter lernt, sich fein auf ihr Baby einzustimmen, dessen Erleben wahrzunehmen und einen inneren Dialog entstehen zu lassen. So kann bereits w\u00e4hrend der Schwangerschaft eine tiefe, tragf\u00e4hige Beziehung wachsen.<\/p>\n<\/div><\/div><\/div>[\/vc_column][vc_column width=&#8220;1\/6&#8243;][\/vc_column][\/vc_row][vc_row content_placement=&#8220;middle&#8220;][vc_column css_animation=&#8220;fadeInUp&#8220; width=&#8220;1\/6&#8243;][\/vc_column][vc_column width=&#8220;2\/3&#8243;]<div class=\"cz_gap clr \" style=\"height: 15px\"><\/div><div id=\"cz_84811\" class=\"cz_84811 cz_title clr cz_mobile_text_center cz_title_pos_inline\"><div class=\"cz_title_content\"><div class=\"cz_wpe_content\"><p><span style=\"font-size: 18px; color: #960055;\"><strong>Was ist eine vorgeburtliche Bindungsanalyse?<\/strong><\/span><\/p>\n<p data-start=\"2927\" data-end=\"3206\">Die vorgeburtliche Bindungsanalyse ist eine achtsame, begleitete Form der Beziehungsgestaltung zwischen Mutter und ungeborenem Kind. Sie schafft einen gesch\u00fctzten Raum, in dem die werdende Mutter ihre Wahrnehmung f\u00fcr sich selbst, ihre Schwangerschaft und ihr Baby vertiefen kann.<\/p>\n<p data-start=\"3208\" data-end=\"3555\">Es geht dabei nicht um Leistung, nicht um \u201erichtig\u201c oder \u201efalsch\u201c, sondern um Beziehung, innere Aufmerksamkeit und Vertrauen. Die Mutter bekommt die M\u00f6glichkeit, ihr Baby nicht nur k\u00f6rperlich, sondern auch seelisch immer bewusster wahrzunehmen. Auf diese Weise kann sich Schritt f\u00fcr Schritt ein tieferer Zugang zur eigenen Mutterschaft entwickeln.<\/p>\n<p data-start=\"3557\" data-end=\"3861\">Diese bewusste Wahrnehmung st\u00e4rkt das Vertrauen in die eigenen m\u00fctterlichen F\u00e4higkeiten. Gleichzeitig erf\u00e4hrt das Baby schon im Mutterleib Zuwendung, Geborgenheit und ein erstes Erlebtwerden als eigene Pers\u00f6nlichkeit.<\/p>\n<\/div><\/div><\/div><div id=\"cz_71252\" class=\"cz_71252 cz_title clr cz_mobile_text_center cz_title_pos_inline\"><div class=\"cz_title_content\"><div class=\"cz_wpe_content\"><p><span style=\"font-size: 18px; color: #960055;\"><strong>Warum kann diese Begleitung so wertvoll sein?<\/strong><\/span><\/p>\n<p data-start=\"3913\" data-end=\"4265\">Viele Frauen erleben die Schwangerschaft als eine sehr intensive Zeit. Neben Vorfreude k\u00f6nnen auch Unsicherheiten, \u00c4ngste, innere Spannungen oder alte Erfahrungen sp\u00fcrbar werden. Gerade in dieser sensiblen Lebensphase kann es sehr entlastend sein, einen Raum zu haben, in dem nicht nur medizinische Befunde, sondern auch das innere Erleben Platz haben.<\/p>\n<p data-start=\"4267\" data-end=\"4921\">Die Bindungsanalyse unterst\u00fctzt dabei, die Verbindung zum Baby bewusst zu vertiefen und sich auf die kommende Geburt sowie die erste Zeit danach innerlich vorzubereiten. Im Flyer wird hervorgehoben, dass der fr\u00fche Austausch eine feine Kommunikation f\u00f6rdert, die auch nach der Geburt bestehen bleiben kann. So kann die Mutter die Signale ihres Kindes besser verstehen und einf\u00fchlsamer darauf reagieren. Au\u00dferdem wird die Bindungsanalyse dort als wertvolle Vorbereitung auf die Geburt und als Grundlage f\u00fcr eine stabile, von Vertrauen gepr\u00e4gte Eltern-Kind-Beziehung beschrieben.<\/p>\n<\/div><\/div><\/div><div id=\"cz_24490\" class=\"cz_24490 cz_title clr cz_mobile_text_center cz_title_pos_inline\"><div class=\"cz_title_content\"><div class=\"cz_wpe_content\"><h2><span style=\"font-size: 18px; color: #960055;\"><strong>F\u00fcr wen ist die vorgeburtliche Bindungsf\u00f6rderung geeignet?<\/strong><\/span><\/h2>\n<p data-start=\"4986\" data-end=\"5211\">Grunds\u00e4tzlich ist dieses Angebot f\u00fcr jede Frau geeignet, die Freude und Interesse daran hat, den inneren Kontakt zu ihrem Baby bewusst zu erleben.<\/p>\n<p data-start=\"5213\" data-end=\"5283\">Besonders hilfreich kann eine bindungsanalytische Begleitung sein bei:<\/p>\n<ul>\n<li data-start=\"5285\" data-end=\"5434\">bestehendem Kinderwunsch, bereits vor Eintritt einer Schwangerschaft,<\/li>\n<li data-start=\"5436\" data-end=\"5530\">schwierigen Erfahrungen in fr\u00fcheren Schwangerschaften,<\/li>\n<li data-start=\"5532\" data-end=\"5660\">Belastungen, \u00c4ngsten oder emotional herausfordernden Lebenssituationen in der Gegenwart,<\/li>\n<li data-start=\"5662\" data-end=\"5791\">dem Wunsch, die Beziehung zum ungeborenen Kind schon vor der Geburt bewusst zu vertiefen,<\/li>\n<li data-start=\"5793\" data-end=\"5929\">besonderen Umst\u00e4nden wie Stei\u00dflage, Schwangerschaftskomplikationen oder geplantem Kaiserschnitt,<\/li>\n<li data-start=\"5931\" data-end=\"6008\">Erfahrungen mit Fehl- oder Totgeburt.<\/li>\n<\/ul>\n<p data-start=\"6010\" data-end=\"6232\">Gerade f\u00fcr Frauen, die ihre Schwangerschaft innerlich bewusster erleben m\u00f6chten oder das Gef\u00fchl haben, dass sie eine feinere Verbindung zu ihrem Kind aufbauen wollen, kann dieses Angebot eine sehr wertvolle Erg\u00e4nzung sein.<\/p>\n<\/div><\/div><\/div><div id=\"cz_45069\" class=\"cz_45069 cz_title clr cz_mobile_text_center cz_title_pos_inline\"><div class=\"cz_title_content\"><div class=\"cz_wpe_content\"><h2><span style=\"font-size: 18px; color: #960055;\"><strong>Ab wann kann man beginnen?<\/strong><\/span><\/h2>\n<p data-start=\"6265\" data-end=\"6472\">Die Bindungsf\u00f6rderung kann bereits bei bestehendem Kinderwunsch oder zu Beginn der Schwangerschaft starten und begleitet die werdende Mutter bis zur Geburt.<\/p>\n<\/div><\/div><\/div><div id=\"cz_63297\" class=\"cz_63297 cz_title clr cz_mobile_text_center cz_title_pos_inline\"><div class=\"cz_title_content\"><div class=\"cz_wpe_content\"><h2><span style=\"font-size: 18px; color: #960055;\"><strong>Wie l\u00e4uft eine bindungsanalytische Begleitung ab?<\/strong><\/span><\/h2>\n<p data-section-id=\"dwhxo7\" data-start=\"6902\" data-end=\"6947\"><strong>1. Anamnese und pers\u00f6nliches Kennenlernen<\/strong><\/p>\n<p data-start=\"6948\" data-end=\"7298\">Am Anfang steht eine genaue Anamnese. In diesem ersten Schritt geht es darum, die aktuelle Situation der werdenden Mutter zu verstehen: ihre Schwangerschaft, ihre Lebensumst\u00e4nde, ihre W\u00fcnsche, ihre m\u00f6glichen Sorgen und ihre pers\u00f6nliche Vorgeschichte. So entsteht eine gute Grundlage f\u00fcr die weitere Begleitung.<\/p>\n<p data-section-id=\"1ie2myd\" data-start=\"7300\" data-end=\"7336\"><strong>2. Die sogenannten \u201eBabystunden\u201c<\/strong><\/p>\n<p data-start=\"7337\" data-end=\"7753\">Das Herzst\u00fcck der Begleitung sind die Babystunden. In diesen Einheiten lernt die Mutter, die Signale ihres Kindes wahrzunehmen, besser zu verstehen und fein darauf zu reagieren. Im Flyer wird beschrieben, dass sich dabei ein Austausch zwischen dem ungeborenen Kind und der schwangeren Frau entwickelt. Das Baby erlebt sich wahrgenommen und als eigene Pers\u00f6nlichkeit anerkannt.<\/p>\n<p data-section-id=\"vnfvsx\" data-start=\"7755\" data-end=\"7793\"><strong>3. Abschlussstunden vor der Geburt<\/strong><\/p>\n<p data-start=\"7794\" data-end=\"8057\">In den letzten Wochen der Schwangerschaft finden Abschlussstunden statt. Diese dienen laut Flyer dazu, die Mutter auf das Loslassen vorzubereiten und das Baby auf die Geburt sowie den \u00dcbergang in die Au\u00dfenwelt einzustimmen.<\/p>\n<\/div><\/div><\/div><div id=\"cz_83767\" class=\"cz_83767 cz_title clr cz_mobile_text_center cz_title_pos_inline\"><div class=\"cz_title_content\"><div class=\"cz_wpe_content\"><h2><span style=\"font-size: 18px; color: #960055;\"><strong>Was kann durch die Bindungsanalyse entstehen?<\/strong><\/span><\/h2>\n<p data-start=\"8109\" data-end=\"8253\">Auch wenn jede Schwangerschaft individuell ist und jede Frau ihren eigenen Weg geht, kann die bindungsanalytische Begleitung dabei unterst\u00fctzen,<\/p>\n<ul>\n<li data-start=\"8255\" data-end=\"8322\">die Schwangerschaft bewusster und innerlich verbundener zu erleben,<\/li>\n<li data-start=\"8324\" data-end=\"8403\">mehr Vertrauen in die eigene Intuition und m\u00fctterliche Kompetenz zu entwickeln,<\/li>\n<li data-start=\"8405\" data-end=\"8470\">\u00c4ngste und innere Spannungen besser wahrzunehmen und einzuordnen,<\/li>\n<li data-start=\"8472\" data-end=\"8525\">eine fr\u00fche emotionale Verbindung zum Baby aufzubauen,<\/li>\n<li data-start=\"8527\" data-end=\"8583\">sich seelisch auf Geburt und Mutterschaft vorzubereiten,<\/li>\n<li data-start=\"8585\" data-end=\"8644\">die Signale des Kindes nach der Geburt feiner wahrzunehmen.<\/li>\n<\/ul>\n<\/div><\/div><\/div><div id=\"cz_34639\" class=\"cz_34639 cz_title clr cz_mobile_text_center cz_title_pos_inline\"><div class=\"cz_title_content\"><div class=\"cz_wpe_content\"><h2><span style=\"font-size: 18px; color: #960055;\"><strong>Ein behutsamer Raum f\u00fcr eine besondere Zeit<\/strong><\/span><\/h2>\n<p data-start=\"8983\" data-end=\"9300\">Die Schwangerschaft ist eine einzigartige Lebensphase. Viele Frauen w\u00fcnschen sich in dieser Zeit nicht nur medizinische Begleitung, sondern auch einen gesch\u00fctzten Raum f\u00fcr ihr inneres Erleben. Die vorgeburtliche Bindungsanalyse kann genau diesen Raum bieten: einen Ort f\u00fcr Ruhe, Verbindung, Wahrnehmung und Beziehung.<\/p>\n<\/div><\/div><\/div><div id=\"cz_96645\" class=\"cz_96645 cz_title clr cz_mobile_text_center cz_title_pos_inline\"><div class=\"cz_title_content\"><div class=\"cz_wpe_content\"><p style=\"text-align: justify;\"><strong>Bei PhysioBalance erg\u00e4nzt dieses Angebot die bestehende Arbeit in der Praxis um eine einf\u00fchlsame, ganzheitliche Begleitung rund um Schwangerschaft, Geburt und fr\u00fche Bindung. So entsteht ein weiterer Baustein, um Frauen in einer besonders sensiblen Lebensphase achtsam und individuell zu unterst\u00fctzen.<\/strong><\/p>\n<\/div><\/div><\/div><div id=\"cz_104842\" class=\"cz_104842 cz_title clr cz_mobile_text_center cz_title_pos_inline\"><div class=\"cz_title_content\"><div class=\"cz_wpe_content\"><p style=\"text-align: justify;\"><span style=\"font-size: 18px; color: #960055;\"><strong>Wichtig<\/strong><\/span><\/p>\n<p style=\"text-align: justify;\"><span style=\"color: #666666; font-size: 16px;\">Die Osteopathie ist eine besondere Erg\u00e4nzung zur Schulmedizin, ersetzt diese aber nicht. Lassen Sie sich deshalb vorab \u00e4rztlich untersuchen. Weiterhin st\u00fctzt sich die Osteopathie auf wissenschaftlich anerkanntes medizinisches und anatomisches Wissen.<br \/>\n<\/span><\/p>\n<\/div><\/div><\/div><div id=\"cz_84630\" class=\"cz_84630 cz_title clr cz_mobile_text_center cz_title_pos_inline\"><div class=\"cz_title_content\"><div class=\"cz_wpe_content\"><p style=\"text-align: justify;\"><span style=\"font-size: 18px; color: #960055;\"><strong>Hinweis<\/strong><\/span><\/p>\n<p style=\"text-align: justify;\"><span style=\"color: #666666; font-size: 16px;\">Lt. MDT-Gesetz bedarf es aus berufsrechtlichen Gr\u00fcnden f\u00fcr jede von uns Therapeuten erbrachten Behandlung einer \u00e4rztlichen Verordnung.<\/span><\/p>\n<p style=\"text-align: justify;\"><span style=\"color: #666666; font-size: 16px;\">Osteopathie- und andere ganzheitliche Behandlugsformen (APM, Cranio-sacrale Therapie, TCM-Beratung, etc.) sind reine Privatleistungen und werden von den Versicherungsanstalten nicht r\u00fcckverg\u00fctet. Trotztdem bedarf es einer \u00e4rztlichen Verordnung!<\/span><\/p>\n<p style=\"text-align: justify;\"><span style=\"color: #666666; font-size: 16px;\">Tarife f\u00fcr eine osteopathische \/ cranio-sacrale Behandlung: siehe <a href=\"\/de?page_id=1620\"><span style=\"text-decoration: underline;\">Behandlungstarife<\/span><\/a><\/span><\/p>\n<\/div><\/div><\/div>[\/vc_column][vc_column width=&#8220;1\/6&#8243;][\/vc_column][\/vc_row]<\/p>\n<\/section>","protected":false},"excerpt":{"rendered":"<p>[vc_row][vc_column width=&#8220;1\/6&#8243;][\/vc_column][vc_column css_animation=&#8220;fadeInUp&#8220; width=&#8220;2\/3&#8243;][\/vc_column][vc_column width=&#8220;1\/6&#8243;][\/vc_column][\/vc_row][vc_row content_placement=&#8220;middle&#8220;][vc_column css_animation=&#8220;fadeInUp&#8220; width=&#8220;1\/6&#8243;][\/vc_column][vc_column width=&#8220;2\/3&#8243;][\/vc_column][vc_column width=&#8220;1\/6&#8243;][\/vc_column][\/vc_row][vc_row content_placement=&#8220;middle&#8220;][vc_column &#8230; <\/p>\n","protected":false},"author":1,"featured_media":0,"parent":2831,"menu_order":0,"comment_status":"closed","ping_status":"closed","template":"","meta":{"footnotes":""},"class_list":["post-6811","page","type-page","status-publish","hentry"],"_links":{"self":[{"href":"http:\/\/www.physiobalance-physiotherapie.at\/de\/wp-json\/wp\/v2\/pages\/6811","targetHints":{"allow":["GET"]}}],"collection":[{"href":"http:\/\/www.physiobalance-physiotherapie.at\/de\/wp-json\/wp\/v2\/pages"}],"about":[{"href":"http:\/\/www.physiobalance-physiotherapie.at\/de\/wp-json\/wp\/v2\/types\/page"}],"author":[{"embeddable":true,"href":"http:\/\/www.physiobalance-physiotherapie.at\/de\/wp-json\/wp\/v2\/users\/1"}],"replies":[{"embeddable":true,"href":"http:\/\/www.physiobalance-physiotherapie.at\/de\/wp-json\/wp\/v2\/comments?post=6811"}],"version-history":[{"count":6,"href":"http:\/\/www.physiobalance-physiotherapie.at\/de\/wp-json\/wp\/v2\/pages\/6811\/revisions"}],"predecessor-version":[{"id":6819,"href":"http:\/\/www.physiobalance-physiotherapie.at\/de\/wp-json\/wp\/v2\/pages\/6811\/revisions\/6819"}],"up":[{"embeddable":true,"href":"http:\/\/www.physiobalance-physiotherapie.at\/de\/wp-json\/wp\/v2\/pages\/2831"}],"wp:attachment":[{"href":"http:\/\/www.physiobalance-physiotherapie.at\/de\/wp-json\/wp\/v2\/media?parent=6811"}],"curies":[{"name":"wp","href":"https:\/\/api.w.org\/{rel}","templated":true}]}}