{"id":1141,"date":"2021-06-05T12:32:59","date_gmt":"2021-06-05T10:32:59","guid":{"rendered":"http:\/\/www.physiobalance-physiotherapie.at\/?page_id=1141"},"modified":"2022-10-31T13:25:45","modified_gmt":"2022-10-31T12:25:45","slug":"15jahre-physiobalance","status":"publish","type":"page","link":"https:\/\/www.physiobalance-physiotherapie.at\/de\/praxis\/15jahre-physiobalance\/","title":{"rendered":"15 Jahre Physiobalance"},"content":{"rendered":"<section class=\"wpb-content-wrapper\"><p>[vc_row][vc_column width=&#8220;1\/6&#8243;][\/vc_column][vc_column width=&#8220;2\/3&#8243;]<div id=\"cz_60585\" class=\"cz_60585 cz_title clr cz_mobile_text_center cz_title_ba_line cz_title_pos_inline tac wpb_animate_when_almost_visible fadeInUp\"><div class=\"cz_title_content\"><div class=\"cz_wpe_content\"><h3 style=\"text-align: center;\"><span style=\"font-size: 36px; color: #960055;\">15 JAHRE PHYSIOBALANCE<br \/>\n<\/span><\/h3>\n<\/div><div class=\"cz_title_line cz_line_after_title\"><span>_<\/span><\/div><\/div><\/div>[\/vc_column][vc_column width=&#8220;1\/6&#8243;][\/vc_column][\/vc_row][vc_row content_placement=&#8220;middle&#8220;][vc_column css_animation=&#8220;fadeInLeft&#8220; width=&#8220;1\/2&#8243;]<div class=\"cz_gap clr \" style=\"height: 25px\"><\/div><div id=\"cz_100964\" class=\"cz_100964 cz_title clr cz_mobile_text_center cz_title_pos_inline\"><div class=\"cz_title_content\"><div class=\"cz_wpe_content\"><p style=\"text-align: left;\"><span style=\"color: #666666;\">Unter dem Motto &#8222;Physiotherapie ganzheitlich betrachtet&#8220; haben wir am Freitag, 05. Oktober 2018 den Tag der offenen T\u00fcr und 15 Jahre PhysioBalance gefeiert.<br \/>\n<\/span><\/p>\n<\/div><\/div><\/div><div id=\"cz_108170\" class=\"cz_108170 cz_title clr cz_mobile_text_center cz_title_pos_inline\"><div class=\"cz_title_content\"><div class=\"cz_wpe_content\"><p><span style=\"font-size: 16px;\">Die folgenden Impulsvortra\u0308ge waren sehr interessant und gut besucht:<\/span><\/p>\n<\/div><\/div><\/div>[\/vc_column][vc_column width=&#8220;1\/2&#8243;]<div id=\"cz_39188\" data-position=\"top-right\" class=\"cz_39188 cz_image clr cz_image_no_fx center_on_mobile wpb_animate_when_almost_visible fadeInRight\"><div class=\"cz_svg_bg\" ><div class=\"cz_image_in\" data-tilt><div class=\"cz_main_image\"><img fetchpriority=\"high\" loading=\"eager\" decoding=\"sync\" data-no-lazy=\"1\"  src=\"https:\/\/www.physiobalance-physiotherapie.at\/wp-content\/plugins\/codevz-plus\/assets\/img\/p.svg\" class=\"xtra-placeholder \" width=\"1000\" height=\"1000\" alt=\"image\" \/><\/div><\/div><\/div><\/div>[\/vc_column][\/vc_row][vc_row][vc_column]<div class=\"cz_gap clr  hide_on_mobile\" style=\"height: 60px\"><\/div><div class=\"cz_gap show_on_mobile clr\" style=\"height: 27px\"><\/div>[\/vc_column][\/vc_row][vc_row content_placement=&#8220;middle&#8220;][vc_column width=&#8220;1\/2&#8243;]<div id=\"cz_29254\" data-position=\"top-right\" class=\"cz_29254 cz_image clr cz_image_no_fx center_on_mobile wpb_animate_when_almost_visible fadeInLeft\"><div class=\"cz_svg_bg\" ><div class=\"cz_image_in\" data-tilt><div class=\"cz_main_image\"><img decoding=\"async\" loading=\"lazy\" src=\"https:\/\/www.physiobalance-physiotherapie.at\/wp-content\/plugins\/codevz-plus\/assets\/img\/p.svg\" class=\"xtra-placeholder \" width=\"1000\" height=\"1000\" alt=\"image\" \/><\/div><\/div><\/div><\/div>[\/vc_column][vc_column css_animation=&#8220;fadeInRight&#8220; width=&#8220;1\/2&#8243;]<div class=\"cz_gap clr \" style=\"height: 25px\"><\/div><div id=\"cz_96157\" class=\"cz_96157 cz_title clr cz_mobile_text_center cz_title_pos_inline\"><div class=\"cz_title_content\"><div class=\"cz_wpe_content\"><ul>\n<li><span style=\"font-size: 16px;\"><b>Naturidente Hormontherapie<\/b>\u00a0(Gyn\u00e4kologe Hr. Dr. Plakolm) : Hormone \u2013 die Allesk\u00f6nner in ihrer nat\u00fcrlichen Form \u2013 individuell eingesetzt<\/span><\/li>\n<li><span style=\"font-size: 16px;\"><b>Interdisziplin\u00e4re Begleitung vor u. nach der Geburt<\/b>\u00a0(Gyn. Fr. Dr. Baumgartl) : sanfte Geburtsvorbereitung &#8211; Osteopathie und Hypnobirthing \/ Osteopathische pr\u00e4- und perinatale Traumatherapie kann nur gemeinsam gelingen!<\/span><\/li>\n<li><span style=\"font-size: 16px;\"><b>Fr\u00fchkindliche Sch\u00e4delasymmetrien \u2013 Helmtherapie\u00a0<\/b>(Kinder\u00e4rztin Fr. Dr. Fr\u00fchwald) : interdisziplin\u00e4re Therapiem\u00f6glichkeiten von Anfang an<\/span><\/li>\n<li><span style=\"font-size: 16px;\"><b>Ern\u00e4hrung nach TCM\u00a0<\/b>(Dipl. Ern\u00e4hrungsberaterin nach TCM Fr. Poppenberger) : von Kindesbeinen an die Mitte st\u00e4rken \u2013 gesund und fit in den Herbst und Winter<\/span><\/li>\n<li><span style=\"font-size: 16px;\"><b>Kinder im Leistungssport<\/b>\u00a0(Kinderarzt Hr. Dr. F\u00f6rster) : optimaler Heilungsverlauf bei kindlichen Sportverletzungen<\/span><\/li>\n<li><span style=\"font-size: 16px;\"><b>Was l\u00e4sst unsere Z\u00e4hne knirschen?<\/b>\u00a0(Kieferorthop\u00e4din Fr. Dr. Ebner-H\u00f6rl) : das Kiefergelenk interdisziplin\u00e4r betrachtet<\/span><\/li>\n<\/ul>\n<\/div><\/div><\/div>[\/vc_column][\/vc_row][vc_row][vc_column width=&#8220;1\/6&#8243;][\/vc_column][vc_column width=&#8220;2\/3&#8243;]<div class=\"cz_gap clr  hide_on_mobile\" style=\"height: 40px\"><\/div><div class=\"cz_gap show_on_mobile clr\" style=\"height: 27px\"><\/div><div id=\"cz_100084\" class=\"cz_100084 cz_title clr cz_mobile_text_center cz_title_pos_inline tac wpb_animate_when_almost_visible fadeInUp\"><div class=\"cz_title_content\"><div class=\"cz_wpe_content\"><p style=\"text-align: center;\"><span style=\"font-size: 16px;\">Ich m\u00f6chte mich bei allen BesucherInnen, PatientInnen und Vortragenden f\u00fcr die rege und aktive Teilnahme bedanken. Sollte es Interesse an weiterf\u00fchrenden Vortr\u00e4gen geben, so geben Sie mir bitte Bescheid<\/span><\/p>\n<\/div><\/div><\/div>[\/vc_column][vc_column width=&#8220;1\/6&#8243;][\/vc_column][\/vc_row]<\/p>\n<\/section>","protected":false},"excerpt":{"rendered":"<p>[vc_row][vc_column width=&#8220;1\/6&#8243;][\/vc_column][vc_column width=&#8220;2\/3&#8243;][\/vc_column][vc_column width=&#8220;1\/6&#8243;][\/vc_column][\/vc_row][vc_row content_placement=&#8220;middle&#8220;][vc_column css_animation=&#8220;fadeInLeft&#8220; width=&#8220;1\/2&#8243;][\/vc_column][vc_column width=&#8220;1\/2&#8243;][\/vc_column][\/vc_row][vc_row][vc_column][\/vc_column][\/vc_row][vc_row content_placement=&#8220;middle&#8220;][vc_column width=&#8220;1\/2&#8243;][\/vc_column][vc_column css_animation=&#8220;fadeInRight&#8220; &#8230; <\/p>\n","protected":false},"author":2,"featured_media":0,"parent":1076,"menu_order":0,"comment_status":"closed","ping_status":"closed","template":"","meta":{"footnotes":""},"class_list":["post-1141","page","type-page","status-publish","hentry"],"_links":{"self":[{"href":"https:\/\/www.physiobalance-physiotherapie.at\/de\/wp-json\/wp\/v2\/pages\/1141","targetHints":{"allow":["GET"]}}],"collection":[{"href":"https:\/\/www.physiobalance-physiotherapie.at\/de\/wp-json\/wp\/v2\/pages"}],"about":[{"href":"https:\/\/www.physiobalance-physiotherapie.at\/de\/wp-json\/wp\/v2\/types\/page"}],"author":[{"embeddable":true,"href":"https:\/\/www.physiobalance-physiotherapie.at\/de\/wp-json\/wp\/v2\/users\/2"}],"replies":[{"embeddable":true,"href":"https:\/\/www.physiobalance-physiotherapie.at\/de\/wp-json\/wp\/v2\/comments?post=1141"}],"version-history":[{"count":5,"href":"https:\/\/www.physiobalance-physiotherapie.at\/de\/wp-json\/wp\/v2\/pages\/1141\/revisions"}],"predecessor-version":[{"id":2794,"href":"https:\/\/www.physiobalance-physiotherapie.at\/de\/wp-json\/wp\/v2\/pages\/1141\/revisions\/2794"}],"up":[{"embeddable":true,"href":"https:\/\/www.physiobalance-physiotherapie.at\/de\/wp-json\/wp\/v2\/pages\/1076"}],"wp:attachment":[{"href":"https:\/\/www.physiobalance-physiotherapie.at\/de\/wp-json\/wp\/v2\/media?parent=1141"}],"curies":[{"name":"wp","href":"https:\/\/api.w.org\/{rel}","templated":true}]}}