{"id":1257,"date":"2021-06-10T12:15:12","date_gmt":"2021-06-10T10:15:12","guid":{"rendered":"http:\/\/www.physiobalance-physiotherapie.at\/?page_id=1257"},"modified":"2022-11-04T07:44:45","modified_gmt":"2022-11-04T06:44:45","slug":"physiotherapie","status":"publish","type":"page","link":"https:\/\/www.physiobalance-physiotherapie.at\/de\/therapiespektrum\/physiotherapie\/","title":{"rendered":"Physiotherapie"},"content":{"rendered":"<div class=\"wpb-content-wrapper\"><p>[vc_row][vc_column width=&#8220;1\/6&#8243;][\/vc_column][vc_column css_animation=&#8220;fadeInUp&#8220; width=&#8220;2\/3&#8243;]<div class=\"cz_gap clr  hide_on_mobile\" style=\"height: 40px\"><\/div><div class=\"cz_gap show_on_mobile clr\" style=\"height: 27px\"><\/div><div id=\"cz_95950\" class=\"cz_95950 cz_title clr cz_mobile_text_center cz_title_ba_line cz_title_pos_inline tac\"><div class=\"cz_title_content\"><div class=\"cz_wpe_content\"><h3 style=\"text-align: center;\"><span style=\"font-size: 36px;\">Physiotherapie<br \/>\n<\/span><\/h3>\n<\/div><div class=\"cz_title_line cz_line_after_title\"><span>_<\/span><\/div><\/div><\/div>[\/vc_column][vc_column width=&#8220;1\/6&#8243;][\/vc_column][\/vc_row][vc_row content_placement=&#8220;middle&#8220;][vc_column css_animation=&#8220;fadeInUp&#8220; width=&#8220;1\/6&#8243;][\/vc_column][vc_column width=&#8220;2\/3&#8243;]<div class=\"cz_gap clr \" style=\"height: 15px\"><\/div><div id=\"cz_61290\" class=\"cz_61290 cz_title clr cz_mobile_text_center cz_title_pos_inline\"><div class=\"cz_title_content\"><div class=\"cz_wpe_content\"><p style=\"text-align: justify;\"><span style=\"color: #666666; font-size: 16px;\">Die Physiotherapie wird nach \u00e4rztlicher Verordnung selbst\u00e4ndig und eigenverantwortlich von Physiotherapeuten durchgef\u00fchrt.<\/span><\/p>\n<\/div><\/div><\/div><div id=\"cz_31683\" class=\"cz_31683 cz_title clr cz_mobile_text_center cz_title_pos_inline\"><div class=\"cz_title_content\"><div class=\"cz_wpe_content\"><p style=\"text-align: justify;\"><span style=\"font-size: 18px; color: #960055;\"><strong>Die Physiotherapie beinhaltet<\/strong><\/span><\/p>\n<ul>\n<li style=\"text-align: justify;\"><span style=\"font-size: 16px;\">einerseits die Vermeidung von Funktionsst\u00f6rungen des Bewegungssystems<\/span><\/li>\n<li style=\"text-align: justify;\"><span style=\"font-size: 16px;\">die Erhaltung und Wiederherstellung der nat\u00fcrlichen Bewegungsabl\u00e4ufe und<\/span><\/li>\n<li style=\"text-align: justify;\"><span style=\"font-size: 16px;\">andererseits die Symptomverbesserung, -kontrolle und -begleitung um dem\/der PatientIn eine optimale Bewegungs- und Schmerzfreiheit, Selbst\u00e4ndigkeit bzw. Lebensqualit\u00e4t zu erm\u00f6glichen.<\/span><\/li>\n<\/ul>\n<\/div><\/div><\/div><div id=\"cz_66717\" class=\"cz_66717 cz_title clr cz_mobile_text_center cz_title_pos_inline\"><div class=\"cz_title_content\"><div class=\"cz_wpe_content\"><p style=\"text-align: justify;\"><span style=\"font-size: 18px; color: #960055;\"><strong>Im Rahmen der Vorsorgemedizin<\/strong><\/span><\/p>\n<p style=\"text-align: justify;\"><span style=\"font-size: 16px;\">umfasst die Physiotherapie die Gesundheitsberatung und -erziehung, sowie pr\u00e4ventive Massnahmen.<\/span><\/p>\n<\/div><\/div><\/div><div id=\"cz_41636\" class=\"cz_41636 cz_title clr cz_mobile_text_center cz_title_pos_inline\"><div class=\"cz_title_content\"><div class=\"cz_wpe_content\"><p style=\"text-align: justify;\"><span style=\"font-size: 16px;\">In der ersten Physiotherapieeinheit werden anhand des Beschwerdebildes und einer genauen Anamneseerhebung Funktions- und Aktivit\u00e4tseinschr\u00e4nkungen in Form eines Befundes sichtbar gemacht.<\/span><\/p>\n<\/div><\/div><\/div><div id=\"cz_52999\" class=\"cz_52999 cz_title clr cz_mobile_text_center cz_title_pos_inline\"><div class=\"cz_title_content\"><div class=\"cz_wpe_content\"><p style=\"text-align: justify;\"><span style=\"font-size: 16px;\">Danach erfolgt in Abstimmung mit dem Patienten eine Festlegung des individuellen Therapiezieles welches der Therapeut in Aus\u00fcbung seiner manuellen F\u00e4higkeiten durch Anwendung verschiedener bewegungstherapeutischer Behandlungskonzepte und -techniken in der Physiotherapie umsetzt.<\/span><\/p>\n<\/div><\/div><\/div><div id=\"cz_46495\" class=\"cz_46495 cz_title clr cz_mobile_text_center cz_title_pos_inline\"><div class=\"cz_title_content\"><div class=\"cz_wpe_content\"><p style=\"text-align: justify;\"><span style=\"font-size: 16px;\">Dabei kommen auch physikalische Therapieformen wie W\u00e4rme- und K\u00e4lteanwendungen (z.B. Moorpackungen), Ultraschall und Elektrotherapie zum Einsatz.<\/span><\/p>\n<\/div><\/div><\/div>[\/vc_column][vc_column width=&#8220;1\/6&#8243;][\/vc_column][\/vc_row]<\/p>\n<\/div>","protected":false},"excerpt":{"rendered":"<p>[vc_row][vc_column width=&#8220;1\/6&#8243;][\/vc_column][vc_column css_animation=&#8220;fadeInUp&#8220; width=&#8220;2\/3&#8243;][\/vc_column][vc_column width=&#8220;1\/6&#8243;][\/vc_column][\/vc_row][vc_row content_placement=&#8220;middle&#8220;][vc_column css_animation=&#8220;fadeInUp&#8220; width=&#8220;1\/6&#8243;][\/vc_column][vc_column width=&#8220;2\/3&#8243;][\/vc_column][vc_column width=&#8220;1\/6&#8243;][\/vc_column][\/vc_row] &#8230; <\/p>\n","protected":false},"author":2,"featured_media":0,"parent":2831,"menu_order":0,"comment_status":"closed","ping_status":"closed","template":"","meta":{"footnotes":""},"class_list":["post-1257","page","type-page","status-publish","hentry"],"_links":{"self":[{"href":"https:\/\/www.physiobalance-physiotherapie.at\/de\/wp-json\/wp\/v2\/pages\/1257","targetHints":{"allow":["GET"]}}],"collection":[{"href":"https:\/\/www.physiobalance-physiotherapie.at\/de\/wp-json\/wp\/v2\/pages"}],"about":[{"href":"https:\/\/www.physiobalance-physiotherapie.at\/de\/wp-json\/wp\/v2\/types\/page"}],"author":[{"embeddable":true,"href":"https:\/\/www.physiobalance-physiotherapie.at\/de\/wp-json\/wp\/v2\/users\/2"}],"replies":[{"embeddable":true,"href":"https:\/\/www.physiobalance-physiotherapie.at\/de\/wp-json\/wp\/v2\/comments?post=1257"}],"version-history":[{"count":10,"href":"https:\/\/www.physiobalance-physiotherapie.at\/de\/wp-json\/wp\/v2\/pages\/1257\/revisions"}],"predecessor-version":[{"id":2457,"href":"https:\/\/www.physiobalance-physiotherapie.at\/de\/wp-json\/wp\/v2\/pages\/1257\/revisions\/2457"}],"up":[{"embeddable":true,"href":"https:\/\/www.physiobalance-physiotherapie.at\/de\/wp-json\/wp\/v2\/pages\/2831"}],"wp:attachment":[{"href":"https:\/\/www.physiobalance-physiotherapie.at\/de\/wp-json\/wp\/v2\/media?parent=1257"}],"curies":[{"name":"wp","href":"https:\/\/api.w.org\/{rel}","templated":true}]}}