{"id":1279,"date":"2021-06-10T12:45:34","date_gmt":"2021-06-10T10:45:34","guid":{"rendered":"http:\/\/www.physiobalance-physiotherapie.at\/?page_id=1279"},"modified":"2022-11-23T12:02:17","modified_gmt":"2022-11-23T11:02:17","slug":"kiefergelenksbehandlung","status":"publish","type":"page","link":"https:\/\/www.physiobalance-physiotherapie.at\/de\/therapiespektrum\/kiefergelenksbehandlung\/","title":{"rendered":"Kiefergelenksbehandlung"},"content":{"rendered":"<section class=\"wpb-content-wrapper\"><p>[vc_row][vc_column width=&#8220;1\/6&#8243;][\/vc_column][vc_column css_animation=&#8220;fadeInUp&#8220; width=&#8220;2\/3&#8243;]<div class=\"cz_gap clr  hide_on_mobile\" style=\"height: 40px\"><\/div><div class=\"cz_gap show_on_mobile clr\" style=\"height: 27px\"><\/div><div id=\"cz_49160\" class=\"cz_49160 cz_title clr cz_mobile_text_center cz_title_ba_line cz_title_pos_inline tac\"><div class=\"cz_title_content\"><div class=\"cz_wpe_content\"><h3 style=\"text-align: center;\"><span style=\"font-size: 36px;\">Kiefergelenksbehandlung<br \/>\n<\/span><\/h3>\n<\/div><div class=\"cz_title_line cz_line_after_title\"><span>_<\/span><\/div><\/div><\/div>[\/vc_column][vc_column width=&#8220;1\/6&#8243;][\/vc_column][\/vc_row][vc_row content_placement=&#8220;middle&#8220;][vc_column css_animation=&#8220;fadeInUp&#8220; width=&#8220;1\/6&#8243;][\/vc_column][vc_column width=&#8220;2\/3&#8243;]<div class=\"cz_gap clr \" style=\"height: 15px\"><\/div><div id=\"cz_31492\" class=\"cz_31492 cz_title clr cz_mobile_text_center cz_title_pos_inline tac\"><div class=\"cz_title_content\"><div class=\"cz_wpe_content\"><p style=\"text-align: center;\"><span style=\"font-size: 18px;\"><strong><span style=\"color: #666666;\">Craniomandibul\u00e4re Dysfunktionen<\/span><\/strong><\/span><\/p>\n<\/div><\/div><\/div><div id=\"cz_89935\" class=\"cz_89935 cz_title clr cz_mobile_text_center cz_title_pos_inline\"><div class=\"cz_title_content\"><div class=\"cz_wpe_content\"><p style=\"text-align: justify;\"><span style=\"font-size: 18px; color: #960055;\"><strong><br \/>\nCraniomandibul\u00e4re Dysfunktionen (CMD)<\/strong><\/span><\/p>\n<p style=\"text-align: justify;\"><span style=\"color: #666666; font-size: 16px;\">k\u00f6nnen sich durch verschiedenste Symptome von Kopf bis Fu\u00df bemerkbar machen, denn das Kiefergelenk nimmt eine komplexe zentrale Position in unserem K\u00f6rper ein und beeinflusst viele K\u00f6rperregionen.<\/span><\/p>\n<\/div><\/div><\/div><div id=\"cz_49731\" class=\"cz_49731 cz_title clr cz_mobile_text_center cz_title_pos_inline\"><div class=\"cz_title_content\"><div class=\"cz_wpe_content\"><p><span style=\"font-size: 18px; color: #960055;\"><strong>M\u00f6gliche Symptome einer Craniomandibul\u00e4ren Dsyfunktion<\/strong><\/span><\/p>\n<ul>\n<li><span style=\"font-size: 16px;\"><span style=\"font-size: 16px;\">morgendliche einseitige Kopfschmerzen<\/span><\/span><\/li>\n<li style=\"text-align: left;\"><span style=\"font-size: 16px;\"><span style=\"font-size: 16px;\">Migr\u00e4ne<\/span><\/span><\/li>\n<li style=\"text-align: left;\"><span style=\"font-size: 16px;\"><span style=\"font-size: 16px;\">Schmerzen in den Gesichts- und Kaumuskeln, v.a. morgens<\/span><\/span><\/li>\n<li style=\"text-align: left;\"><span style=\"font-size: 16px;\"><span style=\"font-size: 16px;\">Schmerzen im Kiefergelenk<\/span><\/span><\/li>\n<li style=\"text-align: left;\"><span style=\"font-size: 16px;\"><span style=\"font-size: 16px;\">Kieferknacken<\/span><\/span><\/li>\n<li style=\"text-align: left;\"><span style=\"font-size: 16px;\"><span style=\"font-size: 16px;\">N\u00e4chtliches Knirschen und Pressen mit den Z\u00e4hnen<\/span><\/span><\/li>\n<li style=\"text-align: left;\"><span style=\"font-size: 16px;\"><span style=\"font-size: 16px;\">Zahnwanderungen und -lockerungen<br \/>\n<\/span><\/span><\/li>\n<li style=\"text-align: left;\"><span style=\"font-size: 16px;\"><span style=\"font-size: 16px;\">\u00a0Abgenutzte, gesplitterte, eingekerbte Z\u00e4hne<\/span><\/span><\/li>\n<li style=\"text-align: left;\">Schwindel<\/li>\n<li style=\"text-align: left;\">Ohrger\u00e4usche (Tinitus)<\/li>\n<li style=\"text-align: left;\">Sehst\u00f6rungen<\/li>\n<li style=\"text-align: left;\">Schulter- und Nackenschmerzen<\/li>\n<\/ul>\n<\/div><\/div><\/div>[\/vc_column][vc_column width=&#8220;1\/6&#8243;][\/vc_column][\/vc_row]<\/p>\n<\/section>","protected":false},"excerpt":{"rendered":"<p>[vc_row][vc_column width=&#8220;1\/6&#8243;][\/vc_column][vc_column css_animation=&#8220;fadeInUp&#8220; width=&#8220;2\/3&#8243;][\/vc_column][vc_column width=&#8220;1\/6&#8243;][\/vc_column][\/vc_row][vc_row content_placement=&#8220;middle&#8220;][vc_column css_animation=&#8220;fadeInUp&#8220; width=&#8220;1\/6&#8243;][\/vc_column][vc_column width=&#8220;2\/3&#8243;][\/vc_column][vc_column width=&#8220;1\/6&#8243;][\/vc_column][\/vc_row] &#8230; <\/p>\n","protected":false},"author":2,"featured_media":0,"parent":2831,"menu_order":0,"comment_status":"closed","ping_status":"closed","template":"","meta":{"footnotes":""},"class_list":["post-1279","page","type-page","status-publish","hentry"],"_links":{"self":[{"href":"https:\/\/www.physiobalance-physiotherapie.at\/de\/wp-json\/wp\/v2\/pages\/1279","targetHints":{"allow":["GET"]}}],"collection":[{"href":"https:\/\/www.physiobalance-physiotherapie.at\/de\/wp-json\/wp\/v2\/pages"}],"about":[{"href":"https:\/\/www.physiobalance-physiotherapie.at\/de\/wp-json\/wp\/v2\/types\/page"}],"author":[{"embeddable":true,"href":"https:\/\/www.physiobalance-physiotherapie.at\/de\/wp-json\/wp\/v2\/users\/2"}],"replies":[{"embeddable":true,"href":"https:\/\/www.physiobalance-physiotherapie.at\/de\/wp-json\/wp\/v2\/comments?post=1279"}],"version-history":[{"count":8,"href":"https:\/\/www.physiobalance-physiotherapie.at\/de\/wp-json\/wp\/v2\/pages\/1279\/revisions"}],"predecessor-version":[{"id":2475,"href":"https:\/\/www.physiobalance-physiotherapie.at\/de\/wp-json\/wp\/v2\/pages\/1279\/revisions\/2475"}],"up":[{"embeddable":true,"href":"https:\/\/www.physiobalance-physiotherapie.at\/de\/wp-json\/wp\/v2\/pages\/2831"}],"wp:attachment":[{"href":"https:\/\/www.physiobalance-physiotherapie.at\/de\/wp-json\/wp\/v2\/media?parent=1279"}],"curies":[{"name":"wp","href":"https:\/\/api.w.org\/{rel}","templated":true}]}}