{"id":1325,"date":"2021-06-11T08:01:21","date_gmt":"2021-06-11T06:01:21","guid":{"rendered":"http:\/\/www.physiobalance-physiotherapie.at\/?page_id=1325"},"modified":"2022-11-18T12:55:40","modified_gmt":"2022-11-18T11:55:40","slug":"papa_sein","status":"publish","type":"page","link":"https:\/\/www.physiobalance-physiotherapie.at\/de\/therapiespektrum\/hypnobirthing\/papa_sein\/","title":{"rendered":"Papa sein"},"content":{"rendered":"<section class=\"wpb-content-wrapper\"><p>[vc_row][vc_column width=&#8220;1\/6&#8243;][\/vc_column][vc_column css_animation=&#8220;fadeInUp&#8220; width=&#8220;2\/3&#8243;]<div id=\"cz_73232\" class=\"cz_73232 cz_title clr cz_mobile_text_center cz_title_ba_line cz_title_pos_inline tac\"><div class=\"cz_title_content\"><div class=\"cz_wpe_content\"><h3 style=\"text-align: center;\"><span style=\"font-size: 36px; color: #960055;\">Bald bist auch Du Papa!<br \/>\n<\/span><\/h3>\n<\/div><div class=\"cz_title_line cz_line_after_title\"><span>_<\/span><\/div><\/div><\/div>[\/vc_column][vc_column width=&#8220;1\/6&#8243;][\/vc_column][\/vc_row][vc_row content_placement=&#8220;top&#8220;][vc_column css_animation=&#8220;bounceIn&#8220; width=&#8220;1\/4&#8243;][vc_wp_custommenu title=&#8220;Hypnobirthing&#8220; nav_menu=&#8220;105&#8243;][\/vc_column][vc_column width=&#8220;3\/4&#8243;]<div id=\"cz_56155\" class=\"cz_56155 cz_title clr cz_mobile_text_center cz_title_pos_inline\"><div class=\"cz_title_content\"><div class=\"cz_wpe_content\"><p style=\"text-align: justify;\"><span style=\"color: #666666; font-size: 16px;\">Viele werdende V\u00e4ter f\u00fchlen sich w\u00e4hrend der Schwangerschaft und Geburt ausgeschlossen.<\/span><\/p>\n<p style=\"text-align: justify;\"><span style=\"font-size: 16px;\">Die meisten haben vor allem Angst davor, der Partnerin w\u00e4hrend den Schmerzen nicht helfen zu k\u00f6nnen und tatenlos zusehen zu m\u00fcssen.<\/span><\/p>\n<\/div><\/div><\/div><div class=\"cz_gap clr \" style=\"height: 8px\"><\/div>[vc_row_inner][vc_column_inner width=&#8220;2\/3&#8243;]<div id=\"cz_26563\" class=\"cz_26563 cz_title clr cz_mobile_text_center cz_title_pos_inline\"><div class=\"cz_title_content\"><div class=\"cz_wpe_content\"><p style=\"text-align: justify;\"><span style=\"color: #960055; font-size: 18px;\"><strong>Im HypnoBirthing Kurs gehe ich speziell auf den werdenden Papa ein<\/strong><\/span><\/p>\n<p style=\"text-align: justify;\"><span style=\"font-size: 16px;\">Du wirst schnell merken, wie unentbehrlich gerade DU als wichtiger Begleiter f\u00fcr Deine Partnerin bist, damit die sanfte Geburt Eures Babys ein Erfolg wird!<\/span><br \/>\n<span style=\"font-size: 16px;\">W\u00e4hrend der Geburt wirst Du nicht tatenlos &#8222;daneben stehen&#8220;, Du wirst Deiner Partnerin aktiv dabei helfen k\u00f6nnen um nahezu schmerzfrei und leicht Euer Kind zu geb\u00e4ren.<\/span><\/p>\n<\/div><\/div><\/div><div id=\"cz_67497\" class=\"cz_67497 cz_title clr cz_mobile_text_center cz_title_pos_inline\"><div class=\"cz_title_content\"><div class=\"cz_wpe_content\"><p style=\"text-align: left;\"><span style=\"font-size: 16px;\">Au\u00dferdem wirst Du wichtiger Vermittler zu den (evtl.) medizinisch Anwesenden sein und Eure vorher festgelegten W\u00fcnsche und Anregungen f\u00fcr die Geburt Eures Babys mitteilen!<\/span><\/p>\n<\/div><\/div><\/div>[\/vc_column_inner][vc_column_inner width=&#8220;1\/3&#8243;]<div id=\"cz_33796\" data-position=\"top-right\" class=\"cz_33796 cz_image clr cz_image_no_fx center_on_mobile\"><div class=\"\" ><div class=\"cz_image_in\"><div class=\"cz_main_image\"><img fetchpriority=\"high\" loading=\"eager\" decoding=\"sync\" data-no-lazy=\"1\" width=\"217\" height=\"300\" src=\"https:\/\/www.physiobalance-physiotherapie.at\/wp-content\/uploads\/2022\/04\/papa1-217x300.jpg\" class=\"attachment-medium\" alt=\"Papa1\" title=\"papa1\" srcset=\"https:\/\/www.physiobalance-physiotherapie.at\/wp-content\/uploads\/2022\/04\/papa1-217x300.jpg 217w, https:\/\/www.physiobalance-physiotherapie.at\/wp-content\/uploads\/2022\/04\/papa1-739x1024.jpg 739w, https:\/\/www.physiobalance-physiotherapie.at\/wp-content\/uploads\/2022\/04\/papa1-768x1063.jpg 768w, https:\/\/www.physiobalance-physiotherapie.at\/wp-content\/uploads\/2022\/04\/papa1-1109x1536.jpg 1109w, https:\/\/www.physiobalance-physiotherapie.at\/wp-content\/uploads\/2022\/04\/papa1-1479x2048.jpg 1479w, https:\/\/www.physiobalance-physiotherapie.at\/wp-content\/uploads\/2022\/04\/papa1-600x831.jpg 600w, https:\/\/www.physiobalance-physiotherapie.at\/wp-content\/uploads\/2022\/04\/papa1-scaled.jpg 1849w\" sizes=\"(max-width: 217px) 100vw, 217px\"  \/><\/div><\/div><\/div><\/div>[\/vc_column_inner][\/vc_row_inner][\/vc_column][\/vc_row][vc_row][vc_column]<div class=\"cz_gap clr  hide_on_mobile\" style=\"height: 80px\"><\/div><div class=\"cz_gap show_on_mobile clr\" style=\"height: 5px\"><\/div>[\/vc_column][\/vc_row]<\/p>\n<\/section>","protected":false},"excerpt":{"rendered":"<p>[vc_row][vc_column width=&#8220;1\/6&#8243;][\/vc_column][vc_column css_animation=&#8220;fadeInUp&#8220; width=&#8220;2\/3&#8243;][\/vc_column][vc_column width=&#8220;1\/6&#8243;][\/vc_column][\/vc_row][vc_row content_placement=&#8220;top&#8220;][vc_column css_animation=&#8220;bounceIn&#8220; width=&#8220;1\/4&#8243;][vc_wp_custommenu title=&#8220;Hypnobirthing&#8220; nav_menu=&#8220;105&#8243;][\/vc_column][vc_column width=&#8220;3\/4&#8243;][vc_row_inner][vc_column_inner &#8230; <\/p>\n","protected":false},"author":2,"featured_media":0,"parent":1295,"menu_order":0,"comment_status":"closed","ping_status":"closed","template":"","meta":{"footnotes":""},"class_list":["post-1325","page","type-page","status-publish","hentry"],"_links":{"self":[{"href":"https:\/\/www.physiobalance-physiotherapie.at\/de\/wp-json\/wp\/v2\/pages\/1325","targetHints":{"allow":["GET"]}}],"collection":[{"href":"https:\/\/www.physiobalance-physiotherapie.at\/de\/wp-json\/wp\/v2\/pages"}],"about":[{"href":"https:\/\/www.physiobalance-physiotherapie.at\/de\/wp-json\/wp\/v2\/types\/page"}],"author":[{"embeddable":true,"href":"https:\/\/www.physiobalance-physiotherapie.at\/de\/wp-json\/wp\/v2\/users\/2"}],"replies":[{"embeddable":true,"href":"https:\/\/www.physiobalance-physiotherapie.at\/de\/wp-json\/wp\/v2\/comments?post=1325"}],"version-history":[{"count":11,"href":"https:\/\/www.physiobalance-physiotherapie.at\/de\/wp-json\/wp\/v2\/pages\/1325\/revisions"}],"predecessor-version":[{"id":3617,"href":"https:\/\/www.physiobalance-physiotherapie.at\/de\/wp-json\/wp\/v2\/pages\/1325\/revisions\/3617"}],"up":[{"embeddable":true,"href":"https:\/\/www.physiobalance-physiotherapie.at\/de\/wp-json\/wp\/v2\/pages\/1295"}],"wp:attachment":[{"href":"https:\/\/www.physiobalance-physiotherapie.at\/de\/wp-json\/wp\/v2\/media?parent=1325"}],"curies":[{"name":"wp","href":"https:\/\/api.w.org\/{rel}","templated":true}]}}