{"id":1351,"date":"2021-06-11T08:19:11","date_gmt":"2021-06-11T06:19:11","guid":{"rendered":"http:\/\/www.physiobalance-physiotherapie.at\/?page_id=1351"},"modified":"2022-11-18T12:55:27","modified_gmt":"2022-11-18T11:55:27","slug":"fragen","status":"publish","type":"page","link":"https:\/\/www.physiobalance-physiotherapie.at\/de\/therapiespektrum\/hypnobirthing\/fragen\/","title":{"rendered":"H\u00e4ufige Fragen"},"content":{"rendered":"<section class=\"wpb-content-wrapper\"><p>[vc_row][vc_column width=&#8220;1\/6&#8243;][\/vc_column][vc_column css_animation=&#8220;fadeInUp&#8220; width=&#8220;2\/3&#8243;]<div id=\"cz_71855\" class=\"cz_71855 cz_title clr cz_smart_fs cz_mobile_text_center cz_title_ba_line cz_title_pos_inline tac\"><div class=\"cz_title_content\"><div class=\"cz_wpe_content\"><h3 style=\"text-align: center;\"><span style=\"font-size: 36px; color: #960055;\">H\u00e4ufige Fragen zu HypnoBirthing<br \/>\n<\/span><\/h3>\n<\/div><div class=\"cz_title_line cz_line_after_title\"><span>_<\/span><\/div><\/div><\/div>[\/vc_column][vc_column width=&#8220;1\/6&#8243;][\/vc_column][\/vc_row][vc_row content_placement=&#8220;top&#8220;][vc_column css_animation=&#8220;fadeInUp&#8220; width=&#8220;1\/4&#8243;][vc_wp_custommenu title=&#8220;Hypnobirthing&#8220; nav_menu=&#8220;105&#8243;][\/vc_column][vc_column width=&#8220;3\/4&#8243;]<div id=\"cz_80650\" class=\"cz_80650 cz_title clr cz_mobile_text_center cz_title_pos_inline\"><div class=\"cz_title_content\"><div class=\"cz_wpe_content\"><p style=\"text-align: justify;\"><span style=\"color: #960055; font-size: 18px;\"><strong>Eignet sich HypnoBirthing f\u00fcr alle Frauen?<\/strong><\/span><\/p>\n<p style=\"text-align: justify;\"><span style=\"font-size: 16px;\">Es eignet sich f\u00fcr alle Frauen, die ihrem Kind einen nat\u00fcrlichen und vor allem sicheren Start ins Leben schenken m\u00f6chten.<\/span><\/p>\n<p style=\"text-align: justify;\"><span style=\"font-size: 16px;\">Besonders geeignet ist diese Methode auch f\u00fcr Frauen, die Angst oder gar Panik vor der Geburt haben und deswegen vielleicht sogar \u00fcber einen Kaiserschnitt oder andere schmerzstillende Ma\u00dfnahmen nachdenken.<\/span><\/p>\n<p style=\"text-align: justify;\"><span style=\"font-size: 16px;\">HypnoBirthing l\u00e4sst sich \u00fcberall anwenden und Frauen, die schon schmerzhafte, lange Geburten hinter sich haben sch\u00e4tzen die vielen Vorteile.<\/span><\/p>\n<\/div><\/div><\/div><div class=\"cz_gap clr \" style=\"height: 8px\"><\/div><div id=\"cz_76682\" class=\"cz_76682 cz_title clr cz_mobile_text_center cz_title_pos_inline\"><div class=\"cz_title_content\"><div class=\"cz_wpe_content\"><p style=\"text-align: justify;\"><span style=\"color: #960055; font-size: 18px;\"><strong>Erleben die Frauen die Geburt bewusst mit?<\/strong><\/span><\/p>\n<p style=\"text-align: justify;\"><span style=\"font-size: 16px;\">Ja, absolut. Die Frau ist sich selbst und der Geburtserfahrung vollkommen bewusst.<\/span><\/p>\n<p style=\"text-align: justify;\"><span style=\"font-size: 16px;\">Ganz im Gegenteil: da sich die geb\u00e4rende Mama ganz tief in ihren geb\u00e4renden K\u00f6rper zur\u00fcckzieht und sicher verbunden mit ihrem Baby die Geburt in Harmonie und Vertrauen erlebt, nimmt sie alle Ver\u00e4nderungen und Geschehnisse bedeutend fokussierter wahr (alles au\u00dfen rum wird dabei gleichg\u00fcltig).<\/span><\/p>\n<p style=\"text-align: justify;\"><span style=\"font-size: 16px;\">Sie muss sich nicht um Sachen von au\u00dferhalb k\u00fcmmern, sie konzentriert sich auf sich selbst und die Geburt (was ja eigentlich auch ihre prim\u00e4re Aufgabe ist ?)!<\/span><\/p>\n<\/div><\/div><\/div><div class=\"cz_gap clr \" style=\"height: 8px\"><\/div><div id=\"cz_43203\" class=\"cz_43203 cz_title clr cz_mobile_text_center cz_title_pos_inline\"><div class=\"cz_title_content\"><div class=\"cz_wpe_content\"><p style=\"text-align: justify;\"><span style=\"color: #960055; font-size: 18px;\"><strong>Gibt es auch Risiken oder Nebenwirkungen?<\/strong><\/span><\/p>\n<p style=\"text-align: justify;\"><span style=\"font-size: 16px;\">Nein. Da sich die Frau mit Selbst-Hypnose in Trance bringt, w\u00fcrde sie bei besonderen Umst\u00e4nden den entspannten Zustand selbst wieder beenden.<\/span><\/p>\n<p style=\"text-align: justify;\"><span style=\"font-size: 16px;\">Hypnose wird auch in der Medizin eingesetzt: nicht nur beim Zahnarzt, mittlerweile sogar bei kleinen OP\u00b4s, etc.<\/span><\/p>\n<\/div><\/div><\/div><div class=\"cz_gap clr \" style=\"height: 8px\"><\/div><div id=\"cz_52062\" class=\"cz_52062 cz_title clr cz_mobile_text_center cz_title_pos_inline\"><div class=\"cz_title_content\"><div class=\"cz_wpe_content\"><p><span style=\"color: #960055; font-size: 18px;\"><strong>Wo liegen die unterschiede zur &#8222;herk\u00f6mmlichen\/typischen&#8220; Krankenhausgeburt?<\/strong><\/span><\/p>\n<ul>\n<li style=\"text-align: left;\"><span style=\"font-size: 16px;\">Eigenverantwortung!<\/span><\/li>\n<li style=\"text-align: left;\"><span style=\"font-size: 16px;\">kein erm\u00fcdendes Pressen, wir atmen das Kind auf die Welt<\/span><\/li>\n<li style=\"text-align: left;\"><span style=\"font-size: 16px;\">Er\u00f6ffnungsphase wird i.d.R. um einige Stunden verk\u00fcrzt<\/span><\/li>\n<li style=\"text-align: left;\"><span style=\"font-size: 16px;\">verminderte bzw. keine medizinische Eingriffe n\u00f6tig<\/span><\/li>\n<li style=\"text-align: left;\"><span style=\"font-size: 16px;\">die Mama folgt ihren K\u00f6rper-Impulsen (sie kennt ihren K\u00f6rper am Besten)<\/span><\/li>\n<li style=\"text-align: left;\"><span style=\"font-size: 16px;\">der Papa wird aktiv in die Geburt eingebunden<\/span><\/li>\n<li style=\"text-align: left;\"><span style=\"font-size: 16px;\">Bindungserfahrung wird intensiviert, v.a. auch nach der Geburt<\/span><\/li>\n<\/ul>\n<p><span style=\"font-size: 16px;\">Die Geburt wird wieder zu der sicheren, sch\u00f6nen, ruhigen Erfahrung\u00a0<\/span><span style=\"font-size: 16px;\">wie von der Natur beabsichtigt!<\/span><\/p>\n<\/div><\/div><\/div><div class=\"cz_gap clr \" style=\"height: 8px\"><\/div><div id=\"cz_65352\" class=\"cz_65352 cz_title clr cz_mobile_text_center cz_title_pos_inline\"><div class=\"cz_title_content\"><div class=\"cz_wpe_content\"><p><span style=\"color: #960055; font-size: 18px;\"><strong>Was bringt mir der HypnoBirthing Kurs f\u00fcr&#8217;s sp\u00e4tere Leben?<\/strong><\/span><\/p>\n<p style=\"text-align: left;\"><span style=\"font-size: 16px;\">Viele HypnoBirthing-Familien nutzen das Erlente im sp\u00e4teren Leben<\/span><\/p>\n<ul>\n<li style=\"text-align: left;\"><span style=\"font-size: 16px;\">um auch die Bindung beim Stillen zu maximieren<\/span><\/li>\n<li style=\"text-align: left;\"><span style=\"font-size: 16px;\">Schmerzreduzierung \/ -abschaltung beim Zahnarzt bzw. Verletzungen<\/span><\/li>\n<li style=\"text-align: left;\"><span style=\"font-size: 16px;\">um den Alltagsstress besser zu bew\u00e4ltigen<\/span><\/li>\n<li style=\"text-align: left;\"><span style=\"font-size: 16px;\">zur t\u00e4glichen Entspannung oder zum Einschlafen<\/span><\/li>\n<\/ul>\n<\/div><\/div><\/div><div class=\"cz_gap clr \" style=\"height: 8px\"><\/div><div id=\"cz_72984\" class=\"cz_72984 cz_title clr cz_mobile_text_center cz_title_pos_inline\"><div class=\"cz_title_content\"><div class=\"cz_wpe_content\"><p style=\"text-align: justify;\"><span style=\"color: #960055; font-size: 18px;\"><strong>In welcher Woche ist es am sinnvollsten, mit dem HypnoBirthing Kurs anzufangen?<\/strong><\/span><\/p>\n<p style=\"text-align: justify;\"><span style=\"font-size: 16px;\">Das ist sehr unterschiedlich. Manche Frauen wollen den Kurs gleich am Anfang der SS machen um dann viel zu \u00fcben, andere kommen z.B. berufsbedingt erst ein paar Wochen vor dem Geburtstermin.<\/span><\/p>\n<p style=\"text-align: justify;\"><span style=\"font-size: 16px;\">Der optimalste Zeitpunkt aus meiner Sicht ist wohl so um die 20. Woche herum. Da sp\u00fcrt man schon sch\u00f6n die Kindsbewegungen und so gelingt der Kontakt zum Baby meistens besser!<\/span><\/p>\n<p style=\"text-align: justify;\"><span style=\"font-size: 16px;\">Beim HypnoBirthing gibt es eigentlich keine festen Vorgaben, das eigene Bauchgef\u00fchl bzw. die innere Stimme ist ausschlaggebend.<\/span><\/p>\n<\/div><\/div><\/div><div class=\"cz_gap clr \" style=\"height: 8px\"><\/div><div id=\"cz_97000\" class=\"cz_97000 cz_title clr cz_mobile_text_center cz_title_pos_inline\"><div class=\"cz_title_content\"><div class=\"cz_wpe_content\"><p style=\"text-align: justify;\"><span style=\"color: #960055; font-size: 18px;\"><strong>Mein Partner kann nicht zum HypnoBirthing Kurs kommen, macht es auch alleine Sinn?<\/strong><\/span><\/p>\n<p style=\"text-align: justify;\"><span style=\"font-size: 16px;\">Ausschlaggebend ist immer der Wille und die Motivation der Frau.<\/span><\/p>\n<p style=\"text-align: justify;\"><span style=\"font-size: 16px;\">Da es aber nicht immer m\u00f6glich ist, dass der Partner im Kurs oder bei der Geburt dabei ist, lege ich bei einzelnen Frauen den Fokus dann eher auf die Entspannungs\u00fcbungen die sie alleine gut \u00fcben kann.<\/span><\/p>\n<p style=\"text-align: justify;\"><span style=\"font-size: 16px;\">Den Vater k\u00f6nnte man als Bonus bezeichnen, es funktioniert prinzipiell aber auch alleine.<\/span><\/p>\n<\/div><\/div><\/div>[\/vc_column][\/vc_row][vc_row][vc_column]<div class=\"cz_gap clr  hide_on_mobile\" style=\"height: 100px\"><\/div><div class=\"cz_gap show_on_mobile clr\" style=\"height: 5px\"><\/div>[\/vc_column][\/vc_row]<\/p>\n<\/section>","protected":false},"excerpt":{"rendered":"<p>[vc_row][vc_column width=&#8220;1\/6&#8243;][\/vc_column][vc_column css_animation=&#8220;fadeInUp&#8220; width=&#8220;2\/3&#8243;][\/vc_column][vc_column width=&#8220;1\/6&#8243;][\/vc_column][\/vc_row][vc_row content_placement=&#8220;top&#8220;][vc_column css_animation=&#8220;fadeInUp&#8220; width=&#8220;1\/4&#8243;][vc_wp_custommenu title=&#8220;Hypnobirthing&#8220; nav_menu=&#8220;105&#8243;][\/vc_column][vc_column width=&#8220;3\/4&#8243;][\/vc_column][\/vc_row][vc_row][vc_column][\/vc_column][\/vc_row] &#8230; <\/p>\n","protected":false},"author":2,"featured_media":0,"parent":1295,"menu_order":0,"comment_status":"closed","ping_status":"closed","template":"","meta":{"footnotes":""},"class_list":["post-1351","page","type-page","status-publish","hentry"],"_links":{"self":[{"href":"https:\/\/www.physiobalance-physiotherapie.at\/de\/wp-json\/wp\/v2\/pages\/1351","targetHints":{"allow":["GET"]}}],"collection":[{"href":"https:\/\/www.physiobalance-physiotherapie.at\/de\/wp-json\/wp\/v2\/pages"}],"about":[{"href":"https:\/\/www.physiobalance-physiotherapie.at\/de\/wp-json\/wp\/v2\/types\/page"}],"author":[{"embeddable":true,"href":"https:\/\/www.physiobalance-physiotherapie.at\/de\/wp-json\/wp\/v2\/users\/2"}],"replies":[{"embeddable":true,"href":"https:\/\/www.physiobalance-physiotherapie.at\/de\/wp-json\/wp\/v2\/comments?post=1351"}],"version-history":[{"count":10,"href":"https:\/\/www.physiobalance-physiotherapie.at\/de\/wp-json\/wp\/v2\/pages\/1351\/revisions"}],"predecessor-version":[{"id":3622,"href":"https:\/\/www.physiobalance-physiotherapie.at\/de\/wp-json\/wp\/v2\/pages\/1351\/revisions\/3622"}],"up":[{"embeddable":true,"href":"https:\/\/www.physiobalance-physiotherapie.at\/de\/wp-json\/wp\/v2\/pages\/1295"}],"wp:attachment":[{"href":"https:\/\/www.physiobalance-physiotherapie.at\/de\/wp-json\/wp\/v2\/media?parent=1351"}],"curies":[{"name":"wp","href":"https:\/\/api.w.org\/{rel}","templated":true}]}}