{"id":1412,"date":"2021-06-11T09:06:35","date_gmt":"2021-06-11T07:06:35","guid":{"rendered":"http:\/\/www.physiobalance-physiotherapie.at\/?page_id=1412"},"modified":"2022-11-18T12:48:47","modified_gmt":"2022-11-18T11:48:47","slug":"fussreflexzonen_massage","status":"publish","type":"page","link":"https:\/\/www.physiobalance-physiotherapie.at\/de\/therapiespektrum\/fussreflexzonen_massage\/","title":{"rendered":"Fussreflexzonen Massage"},"content":{"rendered":"<div class=\"wpb-content-wrapper\"><p>[vc_row][vc_column width=&#8220;1\/6&#8243;][\/vc_column][vc_column css_animation=&#8220;fadeInUp&#8220; width=&#8220;2\/3&#8243;]<div class=\"cz_gap clr  hide_on_mobile\" style=\"height: 40px\"><\/div><div class=\"cz_gap show_on_mobile clr\" style=\"height: 27px\"><\/div><div id=\"cz_79550\" class=\"cz_79550 cz_title clr cz_mobile_text_center cz_title_ba_line cz_title_pos_inline tac\"><div class=\"cz_title_content\"><div class=\"cz_wpe_content\"><h3 style=\"text-align: center;\"><span style=\"font-size: 36px;\">Fu\u00dfreflexzonen Massage<br \/>\n<\/span><\/h3>\n<\/div><div class=\"cz_title_line cz_line_after_title\"><span>_<\/span><\/div><\/div><\/div><div class=\"cz_gap clr  hide_on_mobile\" style=\"height: 40px\"><\/div><div class=\"cz_gap show_on_mobile clr\" style=\"height: 27px\"><\/div>[\/vc_column][vc_column width=&#8220;1\/6&#8243;][\/vc_column][\/vc_row][vc_row][vc_column width=&#8220;1\/6&#8243;][\/vc_column][vc_column width=&#8220;2\/3&#8243;]<div id=\"cz_90110\" class=\"cz_90110 cz_title clr cz_title_pos_inline\"><div class=\"cz_title_content\"><div class=\"cz_wpe_content\"><p style=\"text-align: justify;\"><span style=\"font-size: 16px;\">Jedes Organ, jeder Muskel und jeder Knochen ist mit unseren F\u00fc\u00dfen \u00fcber sogenannte Reflexzonen verbunden. Duch eine Massage dieser Fu\u00dfreflexzonen lassen sich Leiden lindern.<\/span><\/p>\n<\/div><\/div><\/div><div class=\"cz_gap clr  hide_on_mobile\" style=\"height: 15px\"><\/div><div class=\"cz_gap show_on_mobile clr\" style=\"height: 0px\"><\/div><div id=\"cz_44657\" class=\"cz_44657 cz_title clr cz_title_pos_inline\"><div class=\"cz_title_content\"><div class=\"cz_wpe_content\"><p><span style=\"color: #960055; font-size: 18px;\"><strong>Wann hilft die Fu\u00dfreflexzonen Massage<\/strong><\/span><\/p>\n<ul style=\"text-align: justify;\">\n<li><span style=\"font-size: 16px;\">Schmerzen und Erkrankungen der Wirbels\u00e4ule, Gelenke und Muskulatur<\/span><\/li>\n<li><span style=\"font-size: 16px;\">Kopfschmerzen<\/span><\/li>\n<li><span style=\"font-size: 16px;\">St\u00f6rungen im Vertauungstrakt<\/span><\/li>\n<li><span style=\"font-size: 16px;\">Erkrankungen und Belastungen der Nieren und Blasen<\/span><\/li>\n<li><span style=\"font-size: 16px;\">Unterleibsbewerschwerden, z.B. Menstruationsschmerzen, Prostataleiden<\/span><\/li>\n<li><span style=\"font-size: 16px;\">Erh\u00f6hte Infektianf\u00e4lligkeit<\/span><\/li>\n<li><span style=\"font-size: 16px;\">Erkrankungen der Atemwege<\/span><\/li>\n<li><span style=\"font-size: 16px;\">Allergien<\/span><\/li>\n<li><span style=\"font-size: 16px;\">Schlafst\u00f6rungen<\/span><\/li>\n<li><span style=\"font-size: 16px;\">Schwangerschafts- und Geburtsbegleitung<\/span><\/li>\n<li><span style=\"font-size: 16px;\">F\u00fcr Kinder gut geeignet<\/span><\/li>\n<\/ul>\n<p style=\"text-align: justify;\"><span style=\"font-size: 16px;\">Auch schwer kranke Menschen k\u00f6nnen durch die Fu\u00dfreflexzonenmassage Unterst\u00fctzung finden.<\/span><\/p>\n<\/div><\/div><\/div><div class=\"cz_gap clr  hide_on_mobile\" style=\"height: 40px\"><\/div><div class=\"cz_gap show_on_mobile clr\" style=\"height: 27px\"><\/div>[\/vc_column][vc_column width=&#8220;1\/6&#8243;][\/vc_column][\/vc_row]<\/p>\n<\/div>","protected":false},"excerpt":{"rendered":"<p>[vc_row][vc_column width=&#8220;1\/6&#8243;][\/vc_column][vc_column css_animation=&#8220;fadeInUp&#8220; width=&#8220;2\/3&#8243;][\/vc_column][vc_column width=&#8220;1\/6&#8243;][\/vc_column][\/vc_row][vc_row][vc_column width=&#8220;1\/6&#8243;][\/vc_column][vc_column width=&#8220;2\/3&#8243;][\/vc_column][vc_column width=&#8220;1\/6&#8243;][\/vc_column][\/vc_row] &#8230; <\/p>\n","protected":false},"author":2,"featured_media":0,"parent":2831,"menu_order":0,"comment_status":"closed","ping_status":"closed","template":"","meta":{"footnotes":""},"class_list":["post-1412","page","type-page","status-publish","hentry"],"_links":{"self":[{"href":"https:\/\/www.physiobalance-physiotherapie.at\/de\/wp-json\/wp\/v2\/pages\/1412","targetHints":{"allow":["GET"]}}],"collection":[{"href":"https:\/\/www.physiobalance-physiotherapie.at\/de\/wp-json\/wp\/v2\/pages"}],"about":[{"href":"https:\/\/www.physiobalance-physiotherapie.at\/de\/wp-json\/wp\/v2\/types\/page"}],"author":[{"embeddable":true,"href":"https:\/\/www.physiobalance-physiotherapie.at\/de\/wp-json\/wp\/v2\/users\/2"}],"replies":[{"embeddable":true,"href":"https:\/\/www.physiobalance-physiotherapie.at\/de\/wp-json\/wp\/v2\/comments?post=1412"}],"version-history":[{"count":8,"href":"https:\/\/www.physiobalance-physiotherapie.at\/de\/wp-json\/wp\/v2\/pages\/1412\/revisions"}],"predecessor-version":[{"id":2503,"href":"https:\/\/www.physiobalance-physiotherapie.at\/de\/wp-json\/wp\/v2\/pages\/1412\/revisions\/2503"}],"up":[{"embeddable":true,"href":"https:\/\/www.physiobalance-physiotherapie.at\/de\/wp-json\/wp\/v2\/pages\/2831"}],"wp:attachment":[{"href":"https:\/\/www.physiobalance-physiotherapie.at\/de\/wp-json\/wp\/v2\/media?parent=1412"}],"curies":[{"name":"wp","href":"https:\/\/api.w.org\/{rel}","templated":true}]}}