{"id":1418,"date":"2021-06-11T09:18:20","date_gmt":"2021-06-11T07:18:20","guid":{"rendered":"http:\/\/www.physiobalance-physiotherapie.at\/?page_id=1418"},"modified":"2022-11-18T12:49:22","modified_gmt":"2022-11-18T11:49:22","slug":"kinesio_taping","status":"publish","type":"page","link":"https:\/\/www.physiobalance-physiotherapie.at\/de\/therapiespektrum\/kinesio_taping\/","title":{"rendered":"Kinesio Taping"},"content":{"rendered":"<div class=\"wpb-content-wrapper\"><p>[vc_row][vc_column width=&#8220;1\/6&#8243;][\/vc_column][vc_column css_animation=&#8220;fadeInUp&#8220; width=&#8220;2\/3&#8243;]<div class=\"cz_gap clr  hide_on_mobile\" style=\"height: 40px\"><\/div><div class=\"cz_gap show_on_mobile clr\" style=\"height: 27px\"><\/div><div id=\"cz_57927\" class=\"cz_57927 cz_title clr cz_mobile_text_center cz_title_ba_line cz_title_pos_inline tac\"><div class=\"cz_title_content\"><div class=\"cz_wpe_content\"><h3 style=\"text-align: center;\"><span style=\"font-size: 36px;\">Kinesio Taping<br \/>\n<\/span><\/h3>\n<\/div><div class=\"cz_title_line cz_line_after_title\"><span>_<\/span><\/div><\/div><\/div>[\/vc_column][vc_column width=&#8220;1\/6&#8243;][\/vc_column][\/vc_row][vc_row][vc_column width=&#8220;1\/6&#8243;][\/vc_column][vc_column width=&#8220;2\/3&#8243;]<div id=\"cz_47301\" class=\"cz_47301 cz_title clr cz_title_pos_inline\"><div class=\"cz_title_content\"><div class=\"cz_wpe_content\"><p><span style=\"color: #960055; font-size: 18px;\"><strong>Alles \u00fcber das heilende Klebeband<\/strong><\/span><\/p>\n<p style=\"text-align: justify;\"><span style=\"font-size: 16px;\">Mit dem sogenannten &#8222;Kinesio-Tape&#8220; k\u00f6nnen Sie Verletzungen kurieren, Entz\u00fcndungen hemmen und Muskeln lockern.<\/span><\/p>\n<p>&nbsp;<\/p>\n<p style=\"text-align: justify;\"><span style=\"font-size: 16px;\">Entwickelt wurde dieses spezielle Pflaster vor rund 30 Jahren vom japanischen Chiropraktiker Kenzo Kase. Wie eine zweite Haut dehnt sich das Tape und zieht sich wieder zusammen, ohne die Bewegungsfreiheit einzuschr\u00e4nken. Dabei wirkt es schmerzlindernd und stoffwechselanregend.<\/span><\/p>\n<\/div><\/div><\/div><div class=\"cz_gap clr \" style=\"height: 15px\"><\/div><div id=\"cz_95509\" class=\"cz_95509 cz_title clr cz_title_pos_inline\"><div class=\"cz_title_content\"><div class=\"cz_wpe_content\"><p><span style=\"color: #960055; font-size: 18px;\"><strong>Wie wirkt das Kinesio-Tape?<\/strong><\/span><\/p>\n<p style=\"text-align: justify;\"><span style=\"font-size: 16px;\">Durch das elastische Tape wird die Haut bei jeder Bewegung ganz sanft geliftet und massiert, so werden Lymph- und Blutfluss angeregt. Entz\u00fcndungen klingen schneller ab, der Druck l\u00e4sst nach und damit auch der Schmerz, meist schon kurz nach dem Tapen.<\/span><\/p>\n<p>&nbsp;<\/p>\n<p style=\"text-align: justify;\"><span style=\"font-size: 16px;\">Schlie\u00dflich reguliert das Kinesio-Tape den Muskeltonus und st\u00fctzt die Gelenke \u00fcber eine bessere Wahrnehmung von Beweglichkeit und Belastbarkeit.<\/span><\/p>\n<\/div><\/div><\/div><div class=\"cz_gap clr \" style=\"height: 15px\"><\/div><div id=\"cz_78718\" class=\"cz_78718 cz_title clr cz_title_pos_inline\"><div class=\"cz_title_content\"><div class=\"cz_wpe_content\"><p><span style=\"color: #960055; font-size: 18px;\"><strong>Wann hilft das Kinesio-Tape?<\/strong><\/span><\/p>\n<ul>\n<li style=\"text-align: justify;\"><span style=\"font-size: 16px;\">Die elastischen Pflaster wirken einer Vielzahl von Beschwerden entgegen<\/span><\/li>\n<li style=\"text-align: justify;\"><span style=\"font-size: 16px;\">Knie-, Sprung- und Schultergelenke<\/span><\/li>\n<li style=\"text-align: justify;\"><span style=\"font-size: 16px;\">verspannter R\u00fccken und Nacken<\/span><\/li>\n<li style=\"text-align: justify;\"><span style=\"font-size: 16px;\">Tennis- und Golfarme<\/span><\/li>\n<li style=\"text-align: justify;\"><span style=\"font-size: 16px;\">Sehnenscheidenentz\u00fcndungen<\/span><\/li>\n<li style=\"text-align: justify;\"><span style=\"font-size: 16px;\">stumpfe Verletzungen (wie Muskelfaserrisse, etc.)<\/span><\/li>\n<\/ul>\n<p style=\"text-align: justify;\"><span style=\"font-size: 16px;\">Weil der Schmerz oft sofort nachl\u00e4sst, werden Schonhaltungen und Folgeprobleme wie Verspannungen vermieden.<\/span><\/p>\n<p>&nbsp;<\/p>\n<p style=\"text-align: justify;\"><span style=\"font-size: 16px;\">Es kann sogar sinnvoll sein, vorbeugend zu tapen: wer zum Beispiel f\u00fcr einen Marathon trainiert kann mit gezieltem Wadentaping die Krampfneigung herabsetzen.<\/span><\/p>\n<\/div><\/div><\/div><div class=\"cz_gap clr \" style=\"height: 15px\"><\/div><div id=\"cz_98952\" class=\"cz_98952 cz_title clr cz_title_pos_inline\"><div class=\"cz_title_content\"><div class=\"cz_wpe_content\"><p><span style=\"color: #960055; font-size: 18px;\"><strong>Warum nicht selber kleben, oder vom Partner helfen lassen?<\/strong><\/span><\/p>\n<p style=\"text-align: justify;\"><span style=\"font-size: 16px;\">Um optimale Effekte zu erzielen, m\u00fcssen Haut und Muskeln beim Anbringen des Tapes eine bestimmte Dehnung haben. Wenn Sie sich selbst die Wade kleben, verdrehen Sie sich bereits so, dass das nicht gelingt.<\/span><\/p>\n<p>&nbsp;<\/p>\n<p style=\"text-align: justify;\"><span style=\"font-size: 16px;\">Der Partner, wie der Betroffene selbst, kennen weder die exakte Anatomie des K\u00f6rpers noch die funktionellen Zusammenh\u00e4nge. Es wird nicht nur da wo der Schmerz ist getapet, sonder auch an beteiligten, aber entfernten Strukturen &#8211; bei Problemen am Knie also vielleicht am R\u00fccken.<\/span><\/p>\n<p>&nbsp;<\/p>\n<p style=\"text-align: justify;\"><span style=\"font-size: 16px;\">Unser Ziel beim Kinesio-Taping ist es, nicht nur die aktuellen Probleme zu beheben sondern auch und vor allem die Ursachen! Das schlie\u00dft die Diagnostik und Mitbehandlung durch \u00c4rzte ein.<\/span><\/p>\n<\/div><\/div><\/div><div class=\"cz_gap clr \" style=\"height: 50px\"><\/div>[\/vc_column][vc_column width=&#8220;1\/6&#8243;][\/vc_column][\/vc_row]<\/p>\n<\/div>","protected":false},"excerpt":{"rendered":"<p>[vc_row][vc_column width=&#8220;1\/6&#8243;][\/vc_column][vc_column css_animation=&#8220;fadeInUp&#8220; width=&#8220;2\/3&#8243;][\/vc_column][vc_column width=&#8220;1\/6&#8243;][\/vc_column][\/vc_row][vc_row][vc_column width=&#8220;1\/6&#8243;][\/vc_column][vc_column width=&#8220;2\/3&#8243;][\/vc_column][vc_column width=&#8220;1\/6&#8243;][\/vc_column][\/vc_row] &#8230; <\/p>\n","protected":false},"author":2,"featured_media":0,"parent":2831,"menu_order":0,"comment_status":"closed","ping_status":"closed","template":"","meta":{"footnotes":""},"class_list":["post-1418","page","type-page","status-publish","hentry"],"_links":{"self":[{"href":"https:\/\/www.physiobalance-physiotherapie.at\/de\/wp-json\/wp\/v2\/pages\/1418","targetHints":{"allow":["GET"]}}],"collection":[{"href":"https:\/\/www.physiobalance-physiotherapie.at\/de\/wp-json\/wp\/v2\/pages"}],"about":[{"href":"https:\/\/www.physiobalance-physiotherapie.at\/de\/wp-json\/wp\/v2\/types\/page"}],"author":[{"embeddable":true,"href":"https:\/\/www.physiobalance-physiotherapie.at\/de\/wp-json\/wp\/v2\/users\/2"}],"replies":[{"embeddable":true,"href":"https:\/\/www.physiobalance-physiotherapie.at\/de\/wp-json\/wp\/v2\/comments?post=1418"}],"version-history":[{"count":7,"href":"https:\/\/www.physiobalance-physiotherapie.at\/de\/wp-json\/wp\/v2\/pages\/1418\/revisions"}],"predecessor-version":[{"id":2506,"href":"https:\/\/www.physiobalance-physiotherapie.at\/de\/wp-json\/wp\/v2\/pages\/1418\/revisions\/2506"}],"up":[{"embeddable":true,"href":"https:\/\/www.physiobalance-physiotherapie.at\/de\/wp-json\/wp\/v2\/pages\/2831"}],"wp:attachment":[{"href":"https:\/\/www.physiobalance-physiotherapie.at\/de\/wp-json\/wp\/v2\/media?parent=1418"}],"curies":[{"name":"wp","href":"https:\/\/api.w.org\/{rel}","templated":true}]}}