{"id":1469,"date":"2021-06-11T10:09:31","date_gmt":"2021-06-11T08:09:31","guid":{"rendered":"http:\/\/www.physiobalance-physiotherapie.at\/?page_id=1469"},"modified":"2022-11-04T07:59:09","modified_gmt":"2022-11-04T06:59:09","slug":"traumaloesung","status":"publish","type":"page","link":"https:\/\/www.physiobalance-physiotherapie.at\/de\/therapiespektrum\/traumaloesung\/","title":{"rendered":"Pr\u00e4- und perinatale Traumal\u00f6sung"},"content":{"rendered":"<div class=\"wpb-content-wrapper\"><p>[vc_row][vc_column width=&#8220;1\/6&#8243;][\/vc_column][vc_column css_animation=&#8220;fadeInUp&#8220; width=&#8220;2\/3&#8243;]<div class=\"cz_gap clr  hide_on_mobile\" style=\"height: 40px\"><\/div><div class=\"cz_gap show_on_mobile clr\" style=\"height: 27px\"><\/div><div id=\"cz_88839\" class=\"cz_88839 cz_title clr cz_mobile_text_center cz_title_ba_line cz_title_pos_inline tac\"><div class=\"cz_title_content\"><div class=\"cz_wpe_content\"><h3 style=\"text-align: center;\"><span style=\"font-size: 36px;\">Pr\u00e4- und perinatale Traumal\u00f6sung<br \/>\n<\/span><\/h3>\n<\/div><div class=\"cz_title_line cz_line_after_title\"><span>_<\/span><\/div><\/div><\/div>[\/vc_column][vc_column width=&#8220;1\/6&#8243;][\/vc_column][\/vc_row][vc_row][vc_column width=&#8220;1\/6&#8243;][\/vc_column][vc_column width=&#8220;2\/3&#8243;]<div id=\"cz_25451\" class=\"cz_25451 cz_title clr cz_title_pos_inline\"><div class=\"cz_title_content\"><div class=\"cz_wpe_content\"><p style=\"text-align: justify;\"><span style=\"font-size: 16px;\">Jedes Kind erlebt vor, w\u00e4hrend und nach der Geburt seine einzigartige Geschichte. Sie zeigt sich in unterschiedlichen Stimmungen und dem Wohlergehen, im Nervensystem, in den Zellen und im Gewebe sowie im Verhalten des Kindes. Sie zeigt sich auch direkt beim Schlafen, Stillen bzw. Essen, in der gesamten weiteren Entwicklung, der Beziehung zu den Eltern und der F\u00e4higkeit, emotionalen und physischen Kontakt erleben zu k\u00f6nnen.<\/span><\/p>\n<p>&nbsp;<\/p>\n<p style=\"text-align: justify;\"><span style=\"font-size: 16px;\">Was will das Baby uns sagen, wenn es sich nach hinten \u00fcberstreckt, einen leeren Blick hat, st\u00e4ndig wiederkehrende Bewegungen macht, sehr unruhig ist, viel schreit, das Schreien schrill ist, zu wenig oder zu viel schl\u00e4ft, u.a.?<\/span><\/p>\n<p>&nbsp;<\/p>\n<p style=\"text-align: justify;\"><span style=\"font-size: 16px;\">Was will das Kind uns sagen, wenn es Konzentrationsschwierigkeiten hat, sich viel mit anderen streitet oder sich von anderen zur\u00fcckzieht, immer wieder die gleichen Muster zeigt, bettn\u00e4sst, pl\u00f6tzlich in ein fr\u00fcheres Entwicklungsstadium zur\u00fcckf\u00e4llt, u.a.?<\/span><\/p>\n<p>&nbsp;<\/p>\n<p style=\"text-align: justify;\"><span style=\"font-size: 16px;\">Mit Empathie und Pr\u00e4senz bieten wir einen gesch\u00fctzten Raum, in dem das Kind und die Eltern neue Erfahrungen machen k\u00f6nnen.<\/span><\/p>\n<\/div><\/div><\/div><div class=\"cz_gap clr \" style=\"height: 50px\"><\/div>[\/vc_column][vc_column width=&#8220;1\/6&#8243;][\/vc_column][\/vc_row]<\/p>\n<\/div>","protected":false},"excerpt":{"rendered":"<p>[vc_row][vc_column width=&#8220;1\/6&#8243;][\/vc_column][vc_column css_animation=&#8220;fadeInUp&#8220; width=&#8220;2\/3&#8243;][\/vc_column][vc_column width=&#8220;1\/6&#8243;][\/vc_column][\/vc_row][vc_row][vc_column width=&#8220;1\/6&#8243;][\/vc_column][vc_column width=&#8220;2\/3&#8243;][\/vc_column][vc_column width=&#8220;1\/6&#8243;][\/vc_column][\/vc_row] &#8230; <\/p>\n","protected":false},"author":1,"featured_media":0,"parent":2831,"menu_order":0,"comment_status":"closed","ping_status":"closed","template":"","meta":{"footnotes":""},"class_list":["post-1469","page","type-page","status-publish","hentry"],"_links":{"self":[{"href":"https:\/\/www.physiobalance-physiotherapie.at\/de\/wp-json\/wp\/v2\/pages\/1469","targetHints":{"allow":["GET"]}}],"collection":[{"href":"https:\/\/www.physiobalance-physiotherapie.at\/de\/wp-json\/wp\/v2\/pages"}],"about":[{"href":"https:\/\/www.physiobalance-physiotherapie.at\/de\/wp-json\/wp\/v2\/types\/page"}],"author":[{"embeddable":true,"href":"https:\/\/www.physiobalance-physiotherapie.at\/de\/wp-json\/wp\/v2\/users\/1"}],"replies":[{"embeddable":true,"href":"https:\/\/www.physiobalance-physiotherapie.at\/de\/wp-json\/wp\/v2\/comments?post=1469"}],"version-history":[{"count":4,"href":"https:\/\/www.physiobalance-physiotherapie.at\/de\/wp-json\/wp\/v2\/pages\/1469\/revisions"}],"predecessor-version":[{"id":2521,"href":"https:\/\/www.physiobalance-physiotherapie.at\/de\/wp-json\/wp\/v2\/pages\/1469\/revisions\/2521"}],"up":[{"embeddable":true,"href":"https:\/\/www.physiobalance-physiotherapie.at\/de\/wp-json\/wp\/v2\/pages\/2831"}],"wp:attachment":[{"href":"https:\/\/www.physiobalance-physiotherapie.at\/de\/wp-json\/wp\/v2\/media?parent=1469"}],"curies":[{"name":"wp","href":"https:\/\/api.w.org\/{rel}","templated":true}]}}