{"id":1602,"date":"2021-06-14T07:44:26","date_gmt":"2021-06-14T05:44:26","guid":{"rendered":"http:\/\/www.physiobalance-physiotherapie.at\/?page_id=1602"},"modified":"2022-11-21T15:11:09","modified_gmt":"2022-11-21T14:11:09","slug":"terminvereinbarung","status":"publish","type":"page","link":"https:\/\/www.physiobalance-physiotherapie.at\/de\/patienteninfo\/terminvereinbarung\/","title":{"rendered":"Terminvereinbarung"},"content":{"rendered":"<section class=\"wpb-content-wrapper\"><p>[vc_row][vc_column width=&#8220;1\/6&#8243;][\/vc_column][vc_column css_animation=&#8220;fadeInUp&#8220; width=&#8220;2\/3&#8243;]<div id=\"cz_13734\" class=\"cz_13734 cz_title clr cz_smart_fs cz_mobile_text_center cz_title_ba_line cz_title_pos_inline tac\"><div class=\"cz_title_content\"><div class=\"cz_wpe_content\"><h3 style=\"text-align: center;\"><span style=\"font-size: 36px; color: #960055;\">Wie kann ich einen Termin vereinbaren?<br \/>\n<\/span><\/h3>\n<\/div><div class=\"cz_title_line cz_line_after_title\"><span>_<\/span><\/div><\/div><\/div>[\/vc_column][vc_column width=&#8220;1\/6&#8243;][\/vc_column][\/vc_row][vc_row][vc_column width=&#8220;1\/6&#8243;][\/vc_column][vc_column width=&#8220;2\/3&#8243;]<div id=\"cz_68050\" class=\"cz_68050 cz_title clr cz_title_pos_inline tac\"><div class=\"cz_title_content\"><div class=\"cz_wpe_content\"><p><span style=\"color: #960055; font-size: 18px;\"><strong>telefonische Anfrage<\/strong><\/span><\/p>\n<p style=\"text-align: center;\"><span style=\"font-size: 16px;\">W\u00e4hrend einer Behandlung sind wir zum Wohle unserer PatientInnen nicht erreichbar. Wir ersuchen Sie in diesem Fall eine Nachricht auf der Mobilbox zu hinterlassen. Bitte Namen und Telefonnumer nicht vergessen damit wir Sie so rasch wie m\u00f6glich f\u00fcr eine Terminvereinbarung zur\u00fcckrufen k\u00f6nnen.<\/span><\/p>\n<p style=\"text-align: center;\"><span style=\"font-size: 16px;\"><strong>Telefon:<\/strong> <span style=\"text-decoration: underline;\"><a href=\"tel:00436645618115\">+43 (0)664 5618115<\/a><\/span><\/span><\/p>\n<\/div><\/div><\/div><div class=\"cz_gap clr \" style=\"height: 50px\"><\/div><div id=\"cz_64204\" class=\"cz_64204 cz_title clr cz_title_pos_inline tac\"><div class=\"cz_title_content\"><div class=\"cz_wpe_content\"><p><span style=\"color: #960055; font-size: 18px;\"><strong>schriftliche Anfrage<\/strong><\/span><\/p>\n<p style=\"text-align: center;\"><span style=\"font-size: 16px;\">senden Sie uns eine <strong>Email:<\/strong>\u00a0<span style=\"text-decoration: underline;\"><a href=\"mailto:info@physiobalance.at\">info(at)physiobalance.at<\/a>\u00a0<\/span><\/span><\/p>\n<p style=\"text-align: center;\"><span style=\"font-size: 16px;\">Oder verwenden Sie unser Anfrageformular<u><\/u> um uns einen Terminanfrage zu senden.<\/span><\/p>\n<\/div><\/div><\/div><div class=\"cz_gap clr \" style=\"height: 50px\"><\/div><div class=\"cz_btn_center\"><div class=\"cz_17445_p\"><a id=\"cz_17445\" class=\"cz_17445 cz_btn cz_btn_txt_no_fx cz_btn_no_fx\" href=\"http:\/\/www.physiobalance-physiotherapie.at\/de\/kontakt\/anfrage_feedback\/\" title=\"Terminanfrage\"><span><strong>Terminanfrage<\/strong><\/span><b class=\"cz_btn_onhover\"><strong>Terminanfrage<\/strong><\/b><\/a><\/div><\/div>[\/vc_column][vc_column width=&#8220;1\/6&#8243; css=&#8220;.vc_custom_1664558744402{background-color: #6d164d !important;}&#8220;]<div class=\"cz_gap clr \" style=\"height: 15px\"><\/div>[vc_column_text]<\/p>\n<p style=\"text-align: center;\"><span style=\"font-size: 15px; color: #ffffff;\"><strong>Bitte beachten<\/strong><\/span><\/p>\n<p>[\/vc_column_text][vc_column_text]<\/p>\n<p style=\"text-align: center;\"><span style=\"color: #f09151; font-size: 13px;\">Terminabsagen m\u00fcssen bitte mind. 48 Stunden (bzw. 2 Werktage) vor dem vereinbarten Termin erfolgen! Sollten wir aufgrund kurzfristiger Absagen keinen Ersatz finden, m\u00fcsste der Termin verrechnet werden!<\/span><\/p>\n<p>[\/vc_column_text][\/vc_column][\/vc_row]<\/p>\n<\/section>","protected":false},"excerpt":{"rendered":"<p>[vc_row][vc_column width=&#8220;1\/6&#8243;][\/vc_column][vc_column css_animation=&#8220;fadeInUp&#8220; width=&#8220;2\/3&#8243;][\/vc_column][vc_column width=&#8220;1\/6&#8243;][\/vc_column][\/vc_row][vc_row][vc_column width=&#8220;1\/6&#8243;][\/vc_column][vc_column width=&#8220;2\/3&#8243;][\/vc_column][vc_column width=&#8220;1\/6&#8243; css=&#8220;.vc_custom_1664558744402{background-color: #6d164d !important;}&#8220;][vc_column_text] &#8230; <\/p>\n","protected":false},"author":2,"featured_media":0,"parent":3605,"menu_order":0,"comment_status":"closed","ping_status":"closed","template":"","meta":{"footnotes":""},"class_list":["post-1602","page","type-page","status-publish","hentry"],"_links":{"self":[{"href":"https:\/\/www.physiobalance-physiotherapie.at\/de\/wp-json\/wp\/v2\/pages\/1602","targetHints":{"allow":["GET"]}}],"collection":[{"href":"https:\/\/www.physiobalance-physiotherapie.at\/de\/wp-json\/wp\/v2\/pages"}],"about":[{"href":"https:\/\/www.physiobalance-physiotherapie.at\/de\/wp-json\/wp\/v2\/types\/page"}],"author":[{"embeddable":true,"href":"https:\/\/www.physiobalance-physiotherapie.at\/de\/wp-json\/wp\/v2\/users\/2"}],"replies":[{"embeddable":true,"href":"https:\/\/www.physiobalance-physiotherapie.at\/de\/wp-json\/wp\/v2\/comments?post=1602"}],"version-history":[{"count":11,"href":"https:\/\/www.physiobalance-physiotherapie.at\/de\/wp-json\/wp\/v2\/pages\/1602\/revisions"}],"predecessor-version":[{"id":4859,"href":"https:\/\/www.physiobalance-physiotherapie.at\/de\/wp-json\/wp\/v2\/pages\/1602\/revisions\/4859"}],"up":[{"embeddable":true,"href":"https:\/\/www.physiobalance-physiotherapie.at\/de\/wp-json\/wp\/v2\/pages\/3605"}],"wp:attachment":[{"href":"https:\/\/www.physiobalance-physiotherapie.at\/de\/wp-json\/wp\/v2\/media?parent=1602"}],"curies":[{"name":"wp","href":"https:\/\/api.w.org\/{rel}","templated":true}]}}