{"id":161,"date":"2021-06-02T12:57:26","date_gmt":"2021-06-02T10:57:26","guid":{"rendered":"http:\/\/www.physiobalance-physiotherapie.at\/?page_id=161"},"modified":"2022-11-02T21:30:20","modified_gmt":"2022-11-02T20:30:20","slug":"covid19","status":"publish","type":"page","link":"https:\/\/www.physiobalance-physiotherapie.at\/de\/praxis\/covid19\/","title":{"rendered":"Aktuelles zu COVID-19"},"content":{"rendered":"<section class=\"wpb-content-wrapper\"><p>[vc_row][vc_column width=&#8220;1\/6&#8243;][\/vc_column][vc_column css_animation=&#8220;fadeInUp&#8220; width=&#8220;2\/3&#8243;]<div id=\"cz_91916\" class=\"cz_91916 cz_title clr cz_smart_fs cz_mobile_text_center cz_title_ba_line cz_title_pos_inline tac\"><div class=\"cz_title_content\"><div class=\"cz_wpe_content\"><h3 style=\"text-align: center;\"><span style=\"font-size: 36px; color: #960055;\">!! UNSERE PRAXIS IST F\u00dcR SIE GE\u00d6FFNET !!<\/span><\/h3>\n<\/div><div class=\"cz_title_line cz_line_after_title\"><span>_<\/span><\/div><\/div><\/div>[\/vc_column][vc_column width=&#8220;1\/6&#8243;][\/vc_column][\/vc_row][vc_row gap=&#8220;30&#8243; content_placement=&#8220;top&#8220;][vc_column width=&#8220;1\/6&#8243;][\/vc_column][vc_column css_animation=&#8220;fadeInLeft&#8220; width=&#8220;2\/3&#8243;]<div id=\"cz_55868\" class=\"cz_55868 cz_title clr cz_mobile_text_center cz_title_pos_inline tac\"><div class=\"cz_title_content\"><div class=\"cz_wpe_content\"><p style=\"text-align: center;\"><span style=\"font-size: 18px;\"><strong><span style=\"color: #960055;\">Liebe Praxisbesucher:innen<\/span><\/strong><\/span><\/p>\n<p>&nbsp;<\/p>\n<p style=\"text-align: center;\"><span style=\"color: #666666; font-size: 16px;\">Als Praxis f\u00fcr Physiotherapie und Osteopathie sehen wir uns auch in diesen besonderen Zeiten verpflichtet, den Betrieb f\u00fcr unsere PatientInnen aufrecht zu halten.<\/span><\/p>\n<p>&nbsp;<\/p>\n<p style=\"text-align: center;\"><span style=\"font-size: 16px;\">Wir sind bem\u00fcht, die empfohlenen Hygienevorschriften bestm\u00f6glich einzuhalten.<br \/>\nN\u00e4here Informationen finden Sie im beigef\u00fcgten Informationsschreiben &#8222;<a href=\"http:\/\/www.physiobalance-physiotherapie.at\/wp-content\/uploads\/2021\/06\/PatientenInfoblatt-WAHL-2020-1.pdf\" target=\"_blank\" rel=\"noopener\"><u>Schutzmassnahmen COVID-19<\/u><\/a>&#8222;.<\/span><\/p>\n<p>&nbsp;<\/p>\n<p style=\"text-align: center;\"><span style=\"font-size: 16px;\">Jeder Termin wird von uns individuell je nach Schutzbed\u00fcrftigkeit, eventuellen Vorerkrankungen und akutem Gesundheitszustand mit Ihnen vereinbart.<\/span><\/p>\n<\/div><\/div><\/div><div class=\"cz_gap clr  hide_on_mobile\" style=\"height: 30px\"><\/div><div class=\"cz_gap show_on_mobile clr\" style=\"height: 5px\"><\/div><div id=\"cz_105149\" class=\"cz_105149 cz_title clr cz_mobile_text_center cz_title_pos_inline tac\"><div class=\"cz_title_content\"><div class=\"cz_wpe_content\"><p style=\"text-align: center;\"><span style=\"color: #666666; font-size: 16px;\">F\u00fcr neue Terminvereinbarungen bzw. f\u00fcr weitere Informationen stehen wir Ihnen nat\u00fcrlich weiterhin gerne telefonisch oder per Email zur Verf\u00fcgung. Auch k\u00f6nnen Sie uns in Akutf\u00e4llen kontaktieren um Therapievorschl\u00e4ge im Zuge eines Videotelefonates zu besprechen.<\/span><\/p>\n<p>&nbsp;<\/p>\n<p style=\"text-align: center;\"><span style=\"color: #666666; font-size: 16px;\">\u00dcbungsvideos k\u00f6nnen Sie auch bei <u>PhysioAustria<\/u> finden.<\/span><\/p>\n<\/div><\/div><\/div><div class=\"cz_gap clr  hide_on_mobile\" style=\"height: 30px\"><\/div><div class=\"cz_gap show_on_mobile clr\" style=\"height: 5px\"><\/div><div id=\"cz_26473\" class=\"cz_26473 cz_title clr cz_mobile_text_center cz_title_pos_inline tac\"><div class=\"cz_title_content\"><div class=\"cz_wpe_content\"><p style=\"text-align: center;\"><span style=\"font-size: 16px;\"><span style=\"color: #666666;\">Vielen Dank f\u00fcr Ihr Verst\u00e4ndnis!<br \/>\n<\/span>BLEIBEN SIE GESUND<\/span><\/p>\n<p style=\"text-align: center;\"><span style=\"font-size: 16px;\"><strong>Ihre<br \/>\n<\/strong><\/span><\/p>\n<h2 style=\"text-align: center;\"><span style=\"color: #f09151;\">PHYSIO<\/span><span style=\"color: #960055;\">BALANCE<\/span><\/h2>\n<p style=\"text-align: center;\"><span style=\"font-size: 16px;\">Praxis f\u00fcr Physiotherapie und Osteopathie<br \/>\n<\/span><span style=\"font-size: 16px;\">Karin Brandl-Neudorfer<\/span><\/p>\n<\/div><\/div><\/div><div class=\"cz_gap clr  hide_on_mobile\" style=\"height: 30px\"><\/div><div class=\"cz_gap show_on_mobile clr\" style=\"height: 5px\"><\/div><div class=\"cz_btn_center\"><div class=\"cz_64433_p\"><a id=\"cz_64433\" class=\"cz_64433 cz_btn cz_btn_txt_no_fx cz_btn_no_fx\" href=\"http:\/\/www.physiobalance-physiotherapie.at\/kontakt\/\"><span><i class=\"fas fa-phone-volume\"><\/i><strong>Kontaktieren Sie uns<\/strong><\/span><b class=\"cz_btn_onhover\"><i class=\"fas fa-phone-volume\"><\/i><strong>Kontaktieren Sie uns<\/strong><\/b><\/a><\/div><\/div>[\/vc_column][vc_column width=&#8220;1\/6&#8243;][\/vc_column][\/vc_row]<\/p>\n<\/section>","protected":false},"excerpt":{"rendered":"<p>[vc_row][vc_column width=&#8220;1\/6&#8243;][\/vc_column][vc_column css_animation=&#8220;fadeInUp&#8220; width=&#8220;2\/3&#8243;][\/vc_column][vc_column width=&#8220;1\/6&#8243;][\/vc_column][\/vc_row][vc_row gap=&#8220;30&#8243; content_placement=&#8220;top&#8220;][vc_column width=&#8220;1\/6&#8243;][\/vc_column][vc_column css_animation=&#8220;fadeInLeft&#8220; width=&#8220;2\/3&#8243;][\/vc_column][vc_column width=&#8220;1\/6&#8243;][\/vc_column][\/vc_row] &#8230; <\/p>\n","protected":false},"author":2,"featured_media":0,"parent":1076,"menu_order":0,"comment_status":"closed","ping_status":"closed","template":"","meta":{"footnotes":""},"class_list":["post-161","page","type-page","status-publish","hentry"],"_links":{"self":[{"href":"https:\/\/www.physiobalance-physiotherapie.at\/de\/wp-json\/wp\/v2\/pages\/161","targetHints":{"allow":["GET"]}}],"collection":[{"href":"https:\/\/www.physiobalance-physiotherapie.at\/de\/wp-json\/wp\/v2\/pages"}],"about":[{"href":"https:\/\/www.physiobalance-physiotherapie.at\/de\/wp-json\/wp\/v2\/types\/page"}],"author":[{"embeddable":true,"href":"https:\/\/www.physiobalance-physiotherapie.at\/de\/wp-json\/wp\/v2\/users\/2"}],"replies":[{"embeddable":true,"href":"https:\/\/www.physiobalance-physiotherapie.at\/de\/wp-json\/wp\/v2\/comments?post=161"}],"version-history":[{"count":11,"href":"https:\/\/www.physiobalance-physiotherapie.at\/de\/wp-json\/wp\/v2\/pages\/161\/revisions"}],"predecessor-version":[{"id":2797,"href":"https:\/\/www.physiobalance-physiotherapie.at\/de\/wp-json\/wp\/v2\/pages\/161\/revisions\/2797"}],"up":[{"embeddable":true,"href":"https:\/\/www.physiobalance-physiotherapie.at\/de\/wp-json\/wp\/v2\/pages\/1076"}],"wp:attachment":[{"href":"https:\/\/www.physiobalance-physiotherapie.at\/de\/wp-json\/wp\/v2\/media?parent=161"}],"curies":[{"name":"wp","href":"https:\/\/api.w.org\/{rel}","templated":true}]}}