{"id":1694,"date":"2021-06-14T12:54:56","date_gmt":"2021-06-14T10:54:56","guid":{"rendered":"http:\/\/www.physiobalance-physiotherapie.at\/?page_id=1694"},"modified":"2026-03-11T20:00:14","modified_gmt":"2026-03-11T19:00:14","slug":"hb-kurstermine","status":"publish","type":"page","link":"https:\/\/www.physiobalance-physiotherapie.at\/de\/aktuelles\/hb-kurstermine\/","title":{"rendered":"HypnoBirthing Kurse"},"content":{"rendered":"<div class=\"wpb-content-wrapper\"><p>[vc_row][vc_column width=&#8220;1\/6&#8243;][\/vc_column][vc_column css_animation=&#8220;fadeInUp&#8220; width=&#8220;2\/3&#8243;]<div id=\"cz_95174\" class=\"cz_95174 cz_title clr cz_mobile_text_center cz_title_ba_line cz_title_pos_inline tac\"><div class=\"cz_title_content\"><div class=\"cz_wpe_content\"><h3 style=\"text-align: center;\"><span style=\"font-size: 36px; color: #960055;\">HypnoBirthing Kurse in Salzburg<br \/>\n<\/span><\/h3>\n<\/div><div class=\"cz_title_line cz_line_after_title\"><span>_<\/span><\/div><\/div><\/div>[\/vc_column][vc_column width=&#8220;1\/6&#8243;][\/vc_column][\/vc_row][vc_row content_placement=&#8220;middle&#8220;][vc_column width=&#8220;1\/6&#8243;][\/vc_column][vc_column width=&#8220;2\/3&#8243;]<div id=\"cz_21343\" class=\"cz_21343 cz_title clr cz_title_pos_inline tac\"><div class=\"cz_title_content\"><div class=\"cz_wpe_content\"><p style=\"text-align: center;\"><span style=\"font-size: 16px;\">Derzeit finden die Kurse in Kleingruppen mit jeweils maximal vier Elternpaaren bei mir in der PhysioBalance, Praxis f\u00fcr Physiotherapie und Osteopathie, Uferstra\u00dfe 2b in Salzburg-Aigen statt. Kurstermine laufend nach pers\u00f6nlicher Absprache mit den Eltern, Start 18:00 oder 19:00 Uhr.<\/span><\/p>\n<\/div><\/div><\/div><div class=\"cz_gap clr \" style=\"height: 30px\"><\/div><div id=\"cz_101373\" class=\"cz_101373 cz_title clr cz_title_pos_inline tac\"><div class=\"cz_title_content\"><div class=\"cz_wpe_content\"><p style=\"text-align: center;\"><span style=\"font-size: 16px; color: #960055;\"><strong>N\u00e4chste Kursbl\u00f6cke 2026<\/strong><\/span><\/p>\n<p style=\"text-align: center;\"><b><strong>&#8211; Apr.-Mai: 16.04. | 23.04. | 07.05. | 12.05. | 18:00-21:00<br \/>\n&#8211; Juni-Juli: 02.06. | 11.06. | 25.06. | 02.07. | 18:00-21:00<\/strong><\/b><\/p>\n<p style=\"text-align: center;\"><strong>&#8211; Termine laufend auf Anfrage<\/strong><\/p>\n<p>&nbsp;<\/p>\n<p>Weitere Details zu HypnoBirthing finden Sie auch im Men\u00fc <a href=\"\/de?page_id=1295\"><span style=\"text-decoration: underline;\"><em>Therapiespektrum &gt; Hypnobirthing<\/em><\/span><\/a><\/p>\n<\/div><\/div><\/div><div class=\"cz_gap clr \" style=\"height: 30px\"><\/div><div id=\"cz_60435\" class=\"cz_60435 cz_title clr cz_title_pos_inline tac\"><div class=\"cz_title_content\"><div class=\"cz_wpe_content\"><p style=\"text-align: center;\"><span style=\"font-size: 16px; color: #960055;\"><strong>Anmeldung<\/strong><\/span><\/p>\n<p style=\"text-align: center;\"><span style=\"font-size: 16px;\">Wir freuen uns auf Ihre Anmeldung<\/span><\/p>\n<p style=\"text-align: center;\"><span style=\"font-size: 16px;\"><strong>Telefon<\/strong>: <a href=\"tel:+436645618115\">+43 (0)664 5618115<\/a> oder <\/span><\/p>\n<p style=\"text-align: center;\"><span style=\"font-size: 16px;\"><strong>Email:<\/strong> <a href=\"mailto:info@physiobalance.at\">info(at)physiobalance.at<\/a><\/span><\/p>\n<\/div><\/div><\/div><div class=\"cz_gap clr \" style=\"height: 40px\"><\/div><div class=\"cz_btn_center\"><div class=\"cz_14929_p\"><a id=\"cz_14929\" class=\"cz_14929 cz_btn cz_btn_txt_no_fx cz_btn_no_fx\" href=\"https:\/\/www.physiobalance-physiotherapie.at\/de\/therapiespektrum\/hypnobirthing\/kursanmeldung\/\" title=\"Kursanmeldung\" role=\"button\" tabindex=\"0\" aria-label=\"Kursanmeldung\"><span><strong>Kursannmeldung<\/strong><\/span><b class=\"cz_btn_onhover\"><strong>Kursannmeldung<\/strong><\/b><\/a><\/div><\/div>[\/vc_column][vc_column width=&#8220;1\/6&#8243;][\/vc_column][\/vc_row]<\/p>\n<\/div>","protected":false},"excerpt":{"rendered":"<p>[vc_row][vc_column width=&#8220;1\/6&#8243;][\/vc_column][vc_column css_animation=&#8220;fadeInUp&#8220; width=&#8220;2\/3&#8243;][\/vc_column][vc_column width=&#8220;1\/6&#8243;][\/vc_column][\/vc_row][vc_row content_placement=&#8220;middle&#8220;][vc_column width=&#8220;1\/6&#8243;][\/vc_column][vc_column width=&#8220;2\/3&#8243;][\/vc_column][vc_column width=&#8220;1\/6&#8243;][\/vc_column][\/vc_row] &#8230; <\/p>\n","protected":false},"author":2,"featured_media":0,"parent":4545,"menu_order":0,"comment_status":"closed","ping_status":"closed","template":"","meta":{"footnotes":""},"class_list":["post-1694","page","type-page","status-publish","hentry"],"_links":{"self":[{"href":"https:\/\/www.physiobalance-physiotherapie.at\/de\/wp-json\/wp\/v2\/pages\/1694","targetHints":{"allow":["GET"]}}],"collection":[{"href":"https:\/\/www.physiobalance-physiotherapie.at\/de\/wp-json\/wp\/v2\/pages"}],"about":[{"href":"https:\/\/www.physiobalance-physiotherapie.at\/de\/wp-json\/wp\/v2\/types\/page"}],"author":[{"embeddable":true,"href":"https:\/\/www.physiobalance-physiotherapie.at\/de\/wp-json\/wp\/v2\/users\/2"}],"replies":[{"embeddable":true,"href":"https:\/\/www.physiobalance-physiotherapie.at\/de\/wp-json\/wp\/v2\/comments?post=1694"}],"version-history":[{"count":12,"href":"https:\/\/www.physiobalance-physiotherapie.at\/de\/wp-json\/wp\/v2\/pages\/1694\/revisions"}],"predecessor-version":[{"id":6730,"href":"https:\/\/www.physiobalance-physiotherapie.at\/de\/wp-json\/wp\/v2\/pages\/1694\/revisions\/6730"}],"up":[{"embeddable":true,"href":"https:\/\/www.physiobalance-physiotherapie.at\/de\/wp-json\/wp\/v2\/pages\/4545"}],"wp:attachment":[{"href":"https:\/\/www.physiobalance-physiotherapie.at\/de\/wp-json\/wp\/v2\/media?parent=1694"}],"curies":[{"name":"wp","href":"https:\/\/api.w.org\/{rel}","templated":true}]}}