{"id":183,"date":"2021-06-03T08:51:36","date_gmt":"2021-06-03T06:51:36","guid":{"rendered":"http:\/\/www.physiobalance-physiotherapie.at\/?page_id=183"},"modified":"2026-03-04T20:22:00","modified_gmt":"2026-03-04T19:22:00","slug":"praxis_nonntal","status":"publish","type":"page","link":"https:\/\/www.physiobalance-physiotherapie.at\/de\/praxis\/praxis_nonntal\/","title":{"rendered":"Praxis Nonntal"},"content":{"rendered":"<section class=\"wpb-content-wrapper\"><p>[vc_row][vc_column width=&#8220;1\/6&#8243;][\/vc_column][vc_column width=&#8220;2\/3&#8243;]<div id=\"cz_61832\" class=\"cz_61832 cz_title clr cz_mobile_text_center cz_title_ba_line cz_title_pos_inline tac wpb_animate_when_almost_visible fadeInUp\"><div class=\"cz_title_content\"><div class=\"cz_wpe_content\"><h3 style=\"text-align: center;\"><span style=\"font-size: 36px; color: #960055;\">PhysioBalance in Salzburg-Nonntal<br \/>\n<\/span><\/h3>\n<\/div><div class=\"cz_title_line cz_line_after_title\"><span>_<\/span><\/div><\/div><\/div>[\/vc_column][vc_column width=&#8220;1\/6&#8243;][\/vc_column][\/vc_row][vc_row content_placement=&#8220;middle&#8220;][vc_column css_animation=&#8220;fadeInLeft&#8220; width=&#8220;1\/2&#8243;]<div class=\"cz_gap clr \" style=\"height: 25px\"><\/div><div id=\"cz_16182\" class=\"cz_16182 cz_title clr cz_mobile_text_center cz_title_pos_inline\"><div class=\"cz_title_content\"><div class=\"cz_wpe_content\"><p style=\"text-align: left;\"><strong><span style=\"color: #666666; font-size: 18px;\"><span style=\"color: #960055;\">Das Flie\u00dfen der Salzach und der direkte Blick auf den Gaisberg<\/span><br \/>\n<\/span><\/strong><\/p>\n<p style=\"text-align: left;\"><span style=\"color: #666666;\">l\u00e4sst Sie im Zentrum der Stadt Salzburg den Alltagsstress vergessen und gibt Ihnen die M\u00f6glichkeit sich in einem angenehmen Ambiente zu entspannen.<br \/>\n<\/span><\/p>\n<\/div><\/div><\/div><div id=\"cz_68988\" class=\"cz_68988 cz_title clr cz_mobile_text_center cz_title_pos_inline\"><div class=\"cz_title_content\"><div class=\"cz_wpe_content\"><p style=\"text-align: left;\">Eine beruhigende und freundliche Atmosph\u00e4re in der Therapie ist mir ein pers\u00f6nliches Anliegen und die Grundvoraussetzung f\u00fcr den Behandlungserfolg aller bei\u00a0<b>PHYSIOBALANCE<\/b>\u00a0eingesetzten Therapie-Konzepte. Die Selbstheilungskr\u00e4fte k\u00f6nnen sich entfalten, und ein erster Schritt zur Gesundung auf allen Ebenen des Seins ist getan.<\/p>\n<\/div><\/div><\/div>[\/vc_column][vc_column width=&#8220;1\/2&#8243;][vc_gallery interval=&#8220;3&#8243; images=&#8220;1892,1890,1889,1886&#8243; img_size=&#8220;1200&#215;800&#8243; onclick=&#8220;&#8220;][\/vc_column][\/vc_row][vc_row][vc_column width=&#8220;1\/6&#8243;][\/vc_column][vc_column width=&#8220;2\/3&#8243;]<div class=\"cz_gap clr  hide_on_mobile\" style=\"height: 75px\"><\/div><div class=\"cz_gap show_on_mobile clr\" style=\"height: 5px\"><\/div><div id=\"cz_52650\" class=\"cz_52650 cz_title clr cz_mobile_text_center cz_title_pos_inline tac wpb_animate_when_almost_visible fadeInUp\"><div class=\"cz_title_content\"><div class=\"cz_wpe_content\"><p style=\"text-align: center;\"><span style=\"color: #666666;\">Eine Parkm\u00f6glichkeit steht f\u00fcr Sie direkt an der Salzach zur Verf\u00fcgung (beschrifteter Parkplatz neben dem Radweg). Bitte beachten Sie, dass dies eine stark frequentierte Fahrradstra\u00dfe ist.<\/span><\/p>\n<\/div><\/div><\/div>[\/vc_column][vc_column width=&#8220;1\/6&#8243;][\/vc_column][\/vc_row][vc_row][vc_column]<div class=\"cz_gap clr \" style=\"height: 75px\"><\/div>[\/vc_column][\/vc_row][vc_row content_placement=&#8220;middle&#8220;][vc_column width=&#8220;1\/2&#8243;]<div id=\"cz_58615\" data-position=\"top-right\" class=\"cz_58615 cz_image clr cz_image_no_fx center_on_mobile wpb_animate_when_almost_visible fadeInLeft\"><div class=\"cz_svg_bg\" ><div class=\"cz_image_in\" data-tilt><div class=\"cz_main_image\"><img fetchpriority=\"high\" loading=\"eager\" decoding=\"sync\" data-no-lazy=\"1\" width=\"1063\" height=\"707\" src=\"https:\/\/www.physiobalance-physiotherapie.at\/wp-content\/uploads\/2026\/03\/01_Physiobalance-Aigen-Haus_Sommer_small.jpg\" class=\"attachment-full\" alt=\"01 Physiobalance Aigen Haus Sommer small\" title=\"01_Physiobalance-Aigen-Haus_Sommer_small\" srcset=\"https:\/\/www.physiobalance-physiotherapie.at\/wp-content\/uploads\/2026\/03\/01_Physiobalance-Aigen-Haus_Sommer_small.jpg 1063w, https:\/\/www.physiobalance-physiotherapie.at\/wp-content\/uploads\/2026\/03\/01_Physiobalance-Aigen-Haus_Sommer_small-300x200.jpg 300w, https:\/\/www.physiobalance-physiotherapie.at\/wp-content\/uploads\/2026\/03\/01_Physiobalance-Aigen-Haus_Sommer_small-1024x681.jpg 1024w, https:\/\/www.physiobalance-physiotherapie.at\/wp-content\/uploads\/2026\/03\/01_Physiobalance-Aigen-Haus_Sommer_small-768x511.jpg 768w, https:\/\/www.physiobalance-physiotherapie.at\/wp-content\/uploads\/2026\/03\/01_Physiobalance-Aigen-Haus_Sommer_small-600x399.jpg 600w\" sizes=\"(max-width: 1063px) 100vw, 1063px\"  \/><\/div><\/div><\/div><\/div>[\/vc_column][vc_column css_animation=&#8220;fadeInRight&#8220; width=&#8220;1\/2&#8243;]<div class=\"cz_gap clr \" style=\"height: 25px\"><\/div><div id=\"cz_86307\" class=\"cz_86307 cz_title clr cz_mobile_text_center cz_title_pos_inline\"><div class=\"cz_title_content\"><div class=\"cz_wpe_content\"><p style=\"text-align: left;\"><span style=\"color: #666666;\">Vier weitere Praxisr\u00e4ume erwarten Sie in einem einzigartig renovierten alten Bauernhaus direkt an der Salzach gelegen, in <u><a href=\"\/de?page_id=196\">Salzburg-Aigen<\/a><\/u>.<\/span><\/p>\n<\/div><\/div><\/div>[\/vc_column][\/vc_row]<\/p>\n<\/section>","protected":false},"excerpt":{"rendered":"<p>[vc_row][vc_column width=&#8220;1\/6&#8243;][\/vc_column][vc_column width=&#8220;2\/3&#8243;][\/vc_column][vc_column width=&#8220;1\/6&#8243;][\/vc_column][\/vc_row][vc_row content_placement=&#8220;middle&#8220;][vc_column css_animation=&#8220;fadeInLeft&#8220; width=&#8220;1\/2&#8243;][\/vc_column][vc_column width=&#8220;1\/2&#8243;][vc_gallery interval=&#8220;3&#8243; images=&#8220;1892,1890,1889,1886&#8243; img_size=&#8220;1200&#215;800&#8243; &#8230; <\/p>\n","protected":false},"author":2,"featured_media":0,"parent":1076,"menu_order":0,"comment_status":"closed","ping_status":"closed","template":"","meta":{"footnotes":""},"class_list":["post-183","page","type-page","status-publish","hentry"],"_links":{"self":[{"href":"https:\/\/www.physiobalance-physiotherapie.at\/de\/wp-json\/wp\/v2\/pages\/183","targetHints":{"allow":["GET"]}}],"collection":[{"href":"https:\/\/www.physiobalance-physiotherapie.at\/de\/wp-json\/wp\/v2\/pages"}],"about":[{"href":"https:\/\/www.physiobalance-physiotherapie.at\/de\/wp-json\/wp\/v2\/types\/page"}],"author":[{"embeddable":true,"href":"https:\/\/www.physiobalance-physiotherapie.at\/de\/wp-json\/wp\/v2\/users\/2"}],"replies":[{"embeddable":true,"href":"https:\/\/www.physiobalance-physiotherapie.at\/de\/wp-json\/wp\/v2\/comments?post=183"}],"version-history":[{"count":10,"href":"https:\/\/www.physiobalance-physiotherapie.at\/de\/wp-json\/wp\/v2\/pages\/183\/revisions"}],"predecessor-version":[{"id":6676,"href":"https:\/\/www.physiobalance-physiotherapie.at\/de\/wp-json\/wp\/v2\/pages\/183\/revisions\/6676"}],"up":[{"embeddable":true,"href":"https:\/\/www.physiobalance-physiotherapie.at\/de\/wp-json\/wp\/v2\/pages\/1076"}],"wp:attachment":[{"href":"https:\/\/www.physiobalance-physiotherapie.at\/de\/wp-json\/wp\/v2\/media?parent=183"}],"curies":[{"name":"wp","href":"https:\/\/api.w.org\/{rel}","templated":true}]}}