{"id":206,"date":"2021-06-03T09:53:03","date_gmt":"2021-06-03T07:53:03","guid":{"rendered":"http:\/\/www.physiobalance-physiotherapie.at\/?page_id=206"},"modified":"2026-03-04T18:46:17","modified_gmt":"2026-03-04T17:46:17","slug":"raeume_zu_vermieten2","status":"publish","type":"page","link":"https:\/\/www.physiobalance-physiotherapie.at\/de\/praxis\/raeume_zu_vermieten2\/","title":{"rendered":"R\u00e4ume vermieten"},"content":{"rendered":"<section class=\"wpb-content-wrapper\"><p>[vc_row][vc_column width=&#8220;1\/6&#8243;][\/vc_column][vc_column width=&#8220;2\/3&#8243;]<div id=\"cz_107362\" class=\"cz_107362 cz_title clr cz_mobile_text_center cz_title_ba_line cz_title_pos_inline tac wpb_animate_when_almost_visible fadeInUp\"><div class=\"cz_title_content\"><div class=\"cz_wpe_content\"><h3 style=\"text-align: center;\"><span style=\"font-size: 36px; color: #960055;\">Wir vermieten Praxisr\u00e4ume&#8230;<br \/>\n<\/span><\/h3>\n<\/div><div class=\"cz_title_line cz_line_after_title\"><span>_<\/span><\/div><\/div><\/div>[\/vc_column][vc_column width=&#8220;1\/6&#8243;][\/vc_column][\/vc_row][vc_row][vc_column width=&#8220;1\/12&#8243;][\/vc_column][vc_column width=&#8220;5\/6&#8243;]<div class=\"cz_gap clr  hide_on_mobile\" style=\"height: 23px\"><\/div><div class=\"cz_gap show_on_mobile clr\" style=\"height: 5px\"><\/div><div id=\"cz_57080\" class=\"cz_57080 cz_title clr cz_mobile_text_center cz_title_pos_inline tac wpb_animate_when_almost_visible fadeInUp\"><div class=\"cz_title_content\"><div class=\"cz_wpe_content\"><p style=\"text-align: center;\"><span style=\"color: #666666;\">&#8230; in der Praxis PHYSIOBALANCE in der <span style=\"color: #960055;\"><strong>Hellbrunner Stra\u00dfe 11, Salzburg-Nonntal.<\/strong><\/span><\/span><\/p>\n<p style=\"text-align: center;\"><span style=\"color: #666666;\">Fotos zu den R\u00e4umlichkeiten finden Sie\u00a0<u><a href=\"\/de?page_id=183\">hier<\/a><\/u><br \/>\n<\/span><\/p>\n<\/div><\/div><\/div><div id=\"cz_54739\" class=\"cz_54739 cz_title clr cz_mobile_text_center cz_title_pos_inline tac wpb_animate_when_almost_visible fadeInUp\"><div class=\"cz_title_content\"><div class=\"cz_wpe_content\"><p style=\"text-align: center;\"><span style=\"color: #666666;\">&#8230; in der Praxis PHYSIOBALANCE in der<span style=\"color: #960055;\"><strong> Uferstra\u00dfe 2b, Salzburg-Aigen<\/strong><\/span>. <\/span><\/p>\n<p style=\"text-align: center;\"><span style=\"color: #666666;\">Fotos zu den R\u00e4umlichkeiten finden Sie\u00a0<u><a href=\"\/de?page_id=196\">hier<\/a><\/u><br \/>\n<\/span><\/p>\n<\/div><\/div><\/div><div id=\"cz_68543\" class=\"cz_68543 cz_title clr cz_mobile_text_center cz_title_pos_inline tac wpb_animate_when_almost_visible fadeInUp\"><div class=\"cz_title_content\"><div class=\"cz_wpe_content\"><p style=\"text-align: center;\"><span style=\"color: #666666;\">Die R\u00e4umlichkeiten k\u00f6nnen tage- bzw. auch stundenweise gemietet werden, wochentags wie auch am Wochenende. Die Buchung erfolgt eigenst\u00e4ndig und flexibel \u00fcber einen gemeinsamen Kalender.<\/span><\/p>\n<\/div><\/div><\/div>[\/vc_column][vc_column width=&#8220;1\/12&#8243;][\/vc_column][vc_column]<div class=\"cz_gap clr  hide_on_mobile\" style=\"height: 75px\"><\/div><div class=\"cz_gap show_on_mobile clr\" style=\"height: 5px\"><\/div>[\/vc_column][\/vc_row][vc_row content_placement=&#8220;middle&#8220;][vc_column width=&#8220;4\/12&#8243;]<a href=\"http:\/\/www.physiobalance-physiotherapie.at\/de\/praxis\/praxis_aigen\/\" title=\"Praxis Aigen\" role=\"button\" tabindex=\"0\" aria-label=\"Praxis Aigen\"><div id=\"cz_44672\" data-position=\"top-right\" class=\"cz_44672 cz_image clr cz_image_no_fx center_on_mobile wpb_animate_when_almost_visible fadeInLeft\"><div class=\"cz_svg_bg\" ><div class=\"cz_image_in\" data-tilt><div class=\"cz_main_image\"><img fetchpriority=\"high\" loading=\"eager\" decoding=\"sync\" data-no-lazy=\"1\" width=\"889\" height=\"1216\" src=\"https:\/\/www.physiobalance-physiotherapie.at\/wp-content\/uploads\/2026\/02\/06_Physiobalance-Aigen-Behandlungsraum2-scaled-e1666594928439.jpg\" class=\"attachment-full\" alt=\"06 Physiobalance Aigen Behandlungsraum2 scaled e1666594928439\" title=\"06_Physiobalance-Aigen-Behandlungsraum2-scaled-e1666594928439\" srcset=\"https:\/\/www.physiobalance-physiotherapie.at\/wp-content\/uploads\/2026\/02\/06_Physiobalance-Aigen-Behandlungsraum2-scaled-e1666594928439.jpg 889w, https:\/\/www.physiobalance-physiotherapie.at\/wp-content\/uploads\/2026\/02\/06_Physiobalance-Aigen-Behandlungsraum2-scaled-e1666594928439-219x300.jpg 219w, https:\/\/www.physiobalance-physiotherapie.at\/wp-content\/uploads\/2026\/02\/06_Physiobalance-Aigen-Behandlungsraum2-scaled-e1666594928439-749x1024.jpg 749w, https:\/\/www.physiobalance-physiotherapie.at\/wp-content\/uploads\/2026\/02\/06_Physiobalance-Aigen-Behandlungsraum2-scaled-e1666594928439-768x1050.jpg 768w, https:\/\/www.physiobalance-physiotherapie.at\/wp-content\/uploads\/2026\/02\/06_Physiobalance-Aigen-Behandlungsraum2-scaled-e1666594928439-600x821.jpg 600w\" sizes=\"(max-width: 889px) 100vw, 889px\"  \/><\/div><\/div><\/div><\/div><\/a>[\/vc_column][vc_column css_animation=&#8220;fadeInRight&#8220; width=&#8220;4\/12&#8243;]<div class=\"cz_gap clr \" style=\"height: 25px\"><\/div><div id=\"cz_53893\" class=\"cz_53893 cz_title clr cz_mobile_text_center cz_title_pos_inline tac\"><div class=\"cz_title_content\"><div class=\"cz_wpe_content\"><p style=\"text-align: center;\">Ich freue mich \u00fcber Ihr Interesse<\/p>\n<p style=\"text-align: center;\">Karin Brandl-Neudorfer<\/p>\n<h2 style=\"text-align: center;\"><span style=\"color: #f09151;\">PHYSIO<\/span><span style=\"color: #960055;\">BALANCE<\/span><\/h2>\n<p style=\"text-align: center;\">Praxis f\u00fcr Physiotherapie und Osteopathie<br \/>\nwww.physiobalance.at<br \/>\nTelefon: <a href=\"tel:00436645618115\">+43 (0)664 5618115<\/a> oder<br \/>\neMail: <a href=\"mailto:info@physiobalance.at\">info(at)physiobalance.at<\/a><\/p>\n<\/div><\/div><\/div>[\/vc_column][vc_column width=&#8220;4\/12&#8243;]<a href=\"http:\/\/www.physiobalance-physiotherapie.at\/de\/praxis\/praxis_nonntal\/\" title=\"Praxis Nonntal\" role=\"button\" tabindex=\"0\" aria-label=\"Praxis Nonntal\"><div id=\"cz_34225\" data-position=\"top-right\" class=\"cz_34225 cz_image clr cz_image_no_fx center_on_mobile wpb_animate_when_almost_visible fadeInLeft\"><div class=\"cz_svg_bg\" ><div class=\"cz_image_in\" data-tilt><div class=\"cz_main_image\"><img decoding=\"async\" width=\"2560\" height=\"1830\" src=\"https:\/\/www.physiobalance-physiotherapie.at\/wp-content\/uploads\/2026\/03\/Physiobalance027_28_29_30_31_tonemapped.jpg\" class=\"attachment-full\" alt=\"Physiobalance027 28 29 30 31 tonemapped\" title=\"Physiobalance027_28_29_30_31_tonemapped\" srcset=\"https:\/\/www.physiobalance-physiotherapie.at\/wp-content\/uploads\/2026\/03\/Physiobalance027_28_29_30_31_tonemapped.jpg 2560w, https:\/\/www.physiobalance-physiotherapie.at\/wp-content\/uploads\/2026\/03\/Physiobalance027_28_29_30_31_tonemapped-300x214.jpg 300w, https:\/\/www.physiobalance-physiotherapie.at\/wp-content\/uploads\/2026\/03\/Physiobalance027_28_29_30_31_tonemapped-1024x732.jpg 1024w, https:\/\/www.physiobalance-physiotherapie.at\/wp-content\/uploads\/2026\/03\/Physiobalance027_28_29_30_31_tonemapped-768x549.jpg 768w, https:\/\/www.physiobalance-physiotherapie.at\/wp-content\/uploads\/2026\/03\/Physiobalance027_28_29_30_31_tonemapped-1536x1098.jpg 1536w, https:\/\/www.physiobalance-physiotherapie.at\/wp-content\/uploads\/2026\/03\/Physiobalance027_28_29_30_31_tonemapped-2048x1464.jpg 2048w, https:\/\/www.physiobalance-physiotherapie.at\/wp-content\/uploads\/2026\/03\/Physiobalance027_28_29_30_31_tonemapped-600x429.jpg 600w\" sizes=\"auto, (max-width: 2560px) 100vw, 2560px\" loading=\"lazy\" \/><\/div><\/div><\/div><\/div><\/a>[\/vc_column][\/vc_row]<\/p>\n<\/section>","protected":false},"excerpt":{"rendered":"<p>[vc_row][vc_column width=&#8220;1\/6&#8243;][\/vc_column][vc_column width=&#8220;2\/3&#8243;][\/vc_column][vc_column width=&#8220;1\/6&#8243;][\/vc_column][\/vc_row][vc_row][vc_column width=&#8220;1\/12&#8243;][\/vc_column][vc_column width=&#8220;5\/6&#8243;][\/vc_column][vc_column width=&#8220;1\/12&#8243;][\/vc_column][vc_column][\/vc_column][\/vc_row][vc_row content_placement=&#8220;middle&#8220;][vc_column width=&#8220;4\/12&#8243;][\/vc_column][vc_column css_animation=&#8220;fadeInRight&#8220; width=&#8220;4\/12&#8243;][\/vc_column][vc_column &#8230; <\/p>\n","protected":false},"author":1,"featured_media":0,"parent":1076,"menu_order":0,"comment_status":"closed","ping_status":"closed","template":"","meta":{"footnotes":""},"class_list":["post-206","page","type-page","status-publish","hentry"],"_links":{"self":[{"href":"https:\/\/www.physiobalance-physiotherapie.at\/de\/wp-json\/wp\/v2\/pages\/206","targetHints":{"allow":["GET"]}}],"collection":[{"href":"https:\/\/www.physiobalance-physiotherapie.at\/de\/wp-json\/wp\/v2\/pages"}],"about":[{"href":"https:\/\/www.physiobalance-physiotherapie.at\/de\/wp-json\/wp\/v2\/types\/page"}],"author":[{"embeddable":true,"href":"https:\/\/www.physiobalance-physiotherapie.at\/de\/wp-json\/wp\/v2\/users\/1"}],"replies":[{"embeddable":true,"href":"https:\/\/www.physiobalance-physiotherapie.at\/de\/wp-json\/wp\/v2\/comments?post=206"}],"version-history":[{"count":10,"href":"https:\/\/www.physiobalance-physiotherapie.at\/de\/wp-json\/wp\/v2\/pages\/206\/revisions"}],"predecessor-version":[{"id":6658,"href":"https:\/\/www.physiobalance-physiotherapie.at\/de\/wp-json\/wp\/v2\/pages\/206\/revisions\/6658"}],"up":[{"embeddable":true,"href":"https:\/\/www.physiobalance-physiotherapie.at\/de\/wp-json\/wp\/v2\/pages\/1076"}],"wp:attachment":[{"href":"https:\/\/www.physiobalance-physiotherapie.at\/de\/wp-json\/wp\/v2\/media?parent=206"}],"curies":[{"name":"wp","href":"https:\/\/api.w.org\/{rel}","templated":true}]}}