{"id":5617,"date":"2023-05-20T22:28:42","date_gmt":"2023-05-20T20:28:42","guid":{"rendered":"https:\/\/www.physiobalance-physiotherapie.at\/?page_id=5617"},"modified":"2023-05-20T22:28:42","modified_gmt":"2023-05-20T20:28:42","slug":"emp-m","status":"publish","type":"page","link":"https:\/\/www.physiobalance-physiotherapie.at\/de\/praxis\/emp-m\/","title":{"rendered":"EMP Beckenboden-Behandlung f\u00fcr M\u00e4nner"},"content":{"rendered":"<section class=\"wpb-content-wrapper\"><p>[vc_row full_width=&#8220;stretch_row&#8220; full_height=&#8220;yes&#8220; columns_placement=&#8220;bottom&#8220; css=&#8220;.vc_custom_1683211554151{margin-top: -1px !important;padding-top: -1px !important;background-image: url(http:\/\/www.physiobalance-physiotherapie.at\/wp-content\/uploads\/2023\/05\/Design-ohne-Titel-2-3.jpg?id=5496) !important;background-position: center !important;background-repeat: no-repeat !important;background-size: cover !important;}&#8220;][vc_column]<div class=\"cz_gap clr \" style=\"height: 100px\"><\/div>[vc_column_text css=&#8220;.vc_custom_1684512451955{margin-bottom: 0px !important;}&#8220;]<\/p>\n<p style=\"color: #ffffff; text-align: center;\"><span style=\"font-size: 40px;\"><strong>Beckenboden-Behandlung<br \/>\n<\/strong><\/span><\/p>\n<p>[\/vc_column_text]<div class=\"cz_gap clr \" style=\"height: 40px\"><\/div>[vc_column_text css=&#8220;.vc_custom_1683212604928{margin-bottom: 0px !important;}&#8220;]<\/p>\n<p style=\"color: #ffffff; text-align: center;\"><em><span style=\"font-size: 28px;\"><strong>F\u00fcr einen st\u00e4rkeren Beckenboden ohne Training und Anstrengung.<\/strong><\/span><\/em><\/p>\n<p>[\/vc_column_text]<div class=\"cz_gap clr \" style=\"height: 40px\"><\/div>[vc_row_inner css=&#8220;.vc_custom_1683198568971{padding-right: 10% !important;padding-left: 10% !important;}&#8220;][vc_column_inner width=&#8220;1\/4&#8243;]<div class=\"cz_gap clr \" style=\"height: 30px\"><\/div><div id=\"cz_66392\" class=\"cz_66392 services clr style1 services_b\"><div class=\"service_custom\"><i class=\"fas fa-chair\"><\/i><\/div><div class=\"service_text\"><h3>BEQUEM IM SITZEN<\/h3><div class=\"cz_wpe_content\"><\/div><\/div><\/div>[\/vc_column_inner][vc_column_inner width=&#8220;1\/4&#8243;]<div class=\"cz_gap clr \" style=\"height: 30px\"><\/div><div id=\"cz_90203\" class=\"cz_90203 services clr style1 services_b\"><div class=\"service_custom\"><i class=\"fas fa-female\"><\/i><\/div><div class=\"service_text\"><h3>VOLLST\u00c4NDIG BEKLEIDET<\/h3><div class=\"cz_wpe_content\"><\/div><\/div><\/div>[\/vc_column_inner][vc_column_inner width=&#8220;1\/4&#8243;]<div class=\"cz_gap clr \" style=\"height: 30px\"><\/div><div id=\"cz_91986\" class=\"cz_91986 services clr style1 services_b\"><div class=\"service_custom\"><i class=\"fas fa-clock\"><\/i><\/div><div class=\"service_text\"><h3>NUR 28 MINUTEN<\/h3><div class=\"cz_wpe_content\"><\/div><\/div><\/div>[\/vc_column_inner][vc_column_inner width=&#8220;1\/4&#8243;]<div class=\"cz_gap clr \" style=\"height: 30px\"><\/div><div id=\"cz_53247\" class=\"cz_53247 services clr style1 services_b\"><div class=\"service_custom\"><i class=\"fas fa-bolt\"><\/i><\/div><div class=\"service_text\"><h3>KOMPLETT SCHMERZFREI<\/h3><div class=\"cz_wpe_content\"><\/div><\/div><\/div>[\/vc_column_inner][\/vc_row_inner]<div class=\"cz_gap clr \" style=\"height: 25px\"><\/div><div class=\"cz_btn_center\"><div class=\"cz_106314_p\"><a id=\"cz_106314\" class=\"cz_106314 cz_btn cz_btn_txt_no_fx cz_btn_fill_right cz_btn_icon_after\" href=\"https:\/\/beckenboden-behandlung.de\/salzburg\/\" title=\"kostenfreie Beckenboden-Behandlung Probesitzung\" target=\"_blank\"><span><strong>Jetzt kostenfreie Probesitzung buchen<\/strong><i class=\"fa czico-132-arrows-8\"><\/i><\/span><b class=\"cz_btn_onhover\"><strong>Jetzt kostenfreie Probesitzung buchen<\/strong><i class=\"fa czico-132-arrows-8\"><\/i><\/b><\/a><\/div><\/div><div class=\"cz_gap clr \" style=\"height: 150px\"><\/div><div class=\"relative\"><div id=\"cz_31735\" class=\"cz_sep2 cz_sep2_26 cz_sep_bottom\"><svg preserveAspectRatio=\"none\" xmlns=\"http:\/\/www.w3.org\/2000\/svg\" width=\"100%\"  viewBox=\"0 0 1600 252\">\n\t\t\t\t\t\t\t<path style=\"fill:rgba(247,247,247,0.24)\" d=\"M-77.98,285.381H2081.98C2106,277.616,1036.5-302.5-77.98,285.381Z\"\/>\n\t\t\t\t\t\t\t<path style=\"fill:rgba(255,255,255,0.39)\" d=\"M-108,8s64-36,494,54,429.633,166.352,854,48,332-128,688-88V292H-48Z\"\/>\n\t\t\t\t\t\t\t<path style=\"fill:rgba(150,0,85,0.9)\" d=\"M-84,145S266.435,11.367,896,180c224,60,413,97,798-20l2,96H-60Z\"\/>\n\t\t\t\t\t\t<\/svg><\/div><\/div>[\/vc_column][\/vc_row][vc_row full_width=&#8220;stretch_row&#8220; full_height=&#8220;yes&#8220; equal_height=&#8220;yes&#8220; content_placement=&#8220;middle&#8220; css=&#8220;.vc_custom_1683551794541{background-color: #d3d3d3 !important;}&#8220;][vc_column width=&#8220;1\/6&#8243;][\/vc_column][vc_column width=&#8220;2\/3&#8243;]<div class=\"cz_gap clr \" style=\"height: 30px\"><\/div>[vc_column_text css=&#8220;.vc_custom_1684587932325{margin-bottom: 0px !important;padding-top: 40px !important;padding-bottom: 0px !important;}&#8220;]<span style=\"font-size: 32px; color: #960055;\">Hierbei kann die <strong>Beckenboden-Behandlung helfen<\/strong><\/span>[\/vc_column_text]<div class=\"cz_gap clr \" style=\"height: 20px\"><\/div>[vc_row_inner equal_height=&#8220;yes&#8220; gap=&#8220;35&#8243;][vc_column_inner width=&#8220;1\/2&#8243; css=&#8220;.vc_custom_1682504978489{padding-right: 30px !important;padding-bottom: 10px !important;padding-left: 30px !important;background-color: #ffffff !important;}&#8220;]<div class=\"relative\"><div id=\"cz_74889\" class=\"cz_74889 cz_line tac\"><\/div><\/div><div class=\"clr\"><\/div><div id=\"cz_52051\" class=\"cz_52051 cz_title clr cz_smart_fs cz_title_pos_inline tac\"><div class=\"cz_title_content\"><div class=\"cz_wpe_content\"><h4 style=\"text-align: center;\"><span style=\"font-size: 20px; color: #960055;\">INKONTINENZ<\/span><\/h4>\n<\/div><\/div><\/div>[vc_single_image image=&#8220;5350&#8243; img_size=&#8220;227&#215;227&#8243; alignment=&#8220;center&#8220; css=&#8220;.vc_custom_1682505732475{margin-bottom: 15px !important;padding-top: 10px !important;}&#8220;][vc_column_text css=&#8220;.vc_custom_1684513484594{margin-bottom: 20px !important;}&#8220;]<\/p>\n<p style=\"text-align: center;\">Egal in welchem Alter. Eine schwacher Beckenboden-Muskulatur kann zu einer schwachen Blase f\u00fchren und zu Schmerzen beim Urinieren. Mit der Therapie auf dem Beckenboden-Stuhl kannst du unkontrolliertem Harndrang und Schmerzen schnell und effektiv entgegenwirken.<\/p>\n<p>[\/vc_column_text][\/vc_column_inner][vc_column_inner width=&#8220;1\/2&#8243; css=&#8220;.vc_custom_1682505149360{padding-right: 30px !important;padding-bottom: 10px !important;padding-left: 30px !important;background-color: #ffffff !important;}&#8220;]<div class=\"relative\"><div id=\"cz_74889\" class=\"cz_74889 cz_line tac\"><\/div><\/div><div class=\"clr\"><\/div><div id=\"cz_33857\" class=\"cz_33857 cz_title clr cz_smart_fs cz_title_pos_inline tac\"><div class=\"cz_title_content\"><div class=\"cz_wpe_content\"><h4 style=\"text-align: center;\"><span style=\"font-size: 20px; color: #960055;\">R\u00dcCKBILDUNG<\/span><\/h4>\n<\/div><\/div><\/div>[vc_single_image image=&#8220;5352&#8243; img_size=&#8220;227&#215;227&#8243; alignment=&#8220;center&#8220; css=&#8220;.vc_custom_1682505893485{margin-bottom: 15px !important;padding-top: 10px !important;}&#8220;][vc_column_text css=&#8220;.vc_custom_1684513491459{margin-bottom: 20px !important;}&#8220;]<\/p>\n<p style=\"text-align: center;\">Ob Kaiserschnitt oder vaginale Geburt. Der weibliche K\u00f6rper und insbesondere die Beckenboden-Muskulatur werden w\u00e4hrend der Schwangerschaft und der Geburt stark beansprucht und kann dadurch erschlaffen. Mit der Beckenboden-Behandlung ist eine R\u00fcckbildung, Regeneration und Kr\u00e4ftigung schnell und sanft m\u00f6glich.<\/p>\n<p>[\/vc_column_text][\/vc_column_inner][\/vc_row_inner][vc_row_inner equal_height=&#8220;yes&#8220; gap=&#8220;35&#8243;][vc_column_inner width=&#8220;1\/2&#8243; css=&#8220;.vc_custom_1682504978489{padding-right: 30px !important;padding-bottom: 10px !important;padding-left: 30px !important;background-color: #ffffff !important;}&#8220;]<div class=\"relative\"><div id=\"cz_74889\" class=\"cz_74889 cz_line tac\"><\/div><\/div><div class=\"clr\"><\/div><div id=\"cz_36573\" class=\"cz_36573 cz_title clr cz_smart_fs cz_title_pos_inline tac\"><div class=\"cz_title_content\"><div class=\"cz_wpe_content\"><h4 style=\"text-align: center;\"><span style=\"font-size: 20px; color: #960055;\">LIEBESLEBEN<\/span><\/h4>\n<\/div><\/div><\/div>[vc_single_image image=&#8220;5301&#8243; img_size=&#8220;227&#215;227&#8243; alignment=&#8220;center&#8220; css=&#8220;.vc_custom_1682506279211{margin-bottom: 15px !important;padding-top: 10px !important;}&#8220;][vc_column_text css=&#8220;.vc_custom_1684513498978{margin-bottom: 20px !important;}&#8220;]<\/p>\n<p style=\"text-align: center;\">Durch die Behandlungen auf dem Beckenboden-Stuhl wird nicht nur Ihr Intimbereich gestrafft, sondern auch die Durchblutung angeregt. Das f\u00fchrt zu einer erh\u00f6hten Sensitivit\u00e4t und einem intensiverem Erlebnis.<\/p>\n<p>[\/vc_column_text][\/vc_column_inner][vc_column_inner width=&#8220;1\/2&#8243; css=&#8220;.vc_custom_1682505149360{padding-right: 30px !important;padding-bottom: 10px !important;padding-left: 30px !important;background-color: #ffffff !important;}&#8220;]<div class=\"relative\"><div id=\"cz_74889\" class=\"cz_74889 cz_line tac\"><\/div><\/div><div class=\"clr\"><\/div><div id=\"cz_61790\" class=\"cz_61790 cz_title clr cz_smart_fs cz_title_pos_inline tac\"><div class=\"cz_title_content\"><div class=\"cz_wpe_content\"><h4 style=\"text-align: center;\"><span style=\"font-size: 20px; color: #960055;\">R\u00dcCKENSCHMERZEN<\/span><\/h4>\n<\/div><\/div><\/div>[vc_single_image image=&#8220;5355&#8243; img_size=&#8220;227&#215;227&#8243; alignment=&#8220;center&#8220; css=&#8220;.vc_custom_1682506374373{margin-bottom: 15px !important;padding-top: 10px !important;}&#8220;][vc_column_text css=&#8220;.vc_custom_1684510590530{margin-bottom: 20px !important;}&#8220;]<\/p>\n<p style=\"text-align: center;\">R\u00fcckenschmerzen, vor allem im unteren Bereich, sind h\u00e4ufig die Folge einer schwachen Beckenboden-Muskulaturs. Mithilfe des Beckenboden-Stuhls kann die Muskulatur im Beckenboden gezielt gest\u00e4rkt und R\u00fcckenschmerzen vorgebeugt und gelindert werden.<\/p>\n<p>[\/vc_column_text][\/vc_column_inner][\/vc_row_inner]<div class=\"cz_gap clr \" style=\"height: 60px\"><\/div>[\/vc_column][vc_column width=&#8220;1\/6&#8243;][\/vc_column][\/vc_row][vc_row full_width=&#8220;stretch_row_content&#8220; equal_height=&#8220;yes&#8220; content_placement=&#8220;middle&#8220; parallax=&#8220;content-moving-fade&#8220; parallax_speed_bg=&#8220;&#8220; css=&#8220;.vc_custom_1684587868930{background-color: rgba(150,0,85,0.03) !important;*background-color: rgb(150,0,85) !important;}&#8220;][vc_column parallax=&#8220;content-moving&#8220; parallax_speed_bg=&#8220;&#8220; css=&#8220;.vc_custom_1683211170444{padding-right: 10% !important;padding-left: 10% !important;}&#8220;][vc_row_inner content_placement=&#8220;middle&#8220; css=&#8220;.vc_custom_1682517747144{padding-top: 40px !important;padding-bottom: 40px !important;}&#8220;][vc_column_inner]<div class=\"cz_gap clr \" style=\"height: 20px\"><\/div>[vc_column_text]<\/p>\n<p style=\"text-align: left; color: #fff;\"><span style=\"font-size: 32px; color: #960055;\"><strong>Was genau steckt hinter dieser neuartigen Form der<\/strong>\u00a0Beckenboden-Behandlung?<\/span><\/p>\n<p style=\"text-align: left; color: #fff; font-weight: bold;\"><span style=\"color: #000000;\">Wir haben es uns zur Aufgabe gemacht, Menschen mit Problemen bedingt durch schwache Beckenboden-Muskulatur (wie zum Beispiel: Inkontinenz, R\u00fcckbildungsprobleme, Schmerzen im unteren R\u00fccken, Libido-Schw\u00e4che etc.) zu helfen.<\/span><\/p>\n<p style=\"text-align: left; color: #fff;\"><span style=\"color: #000000;\">Daf\u00fcr verwenden wir die neuartige und revolution\u00e4re EMP\/RPMS Magnetfeld-Technologie. Das Training der Beckenboden-Muskulatur war noch nie so einfach und effektiv wie mit dieser Behandlungsmethode.<\/span><\/p>\n<p>[\/vc_column_text]<div class=\"cz_btn_center\"><div class=\"cz_107519_p\"><a id=\"cz_107519\" class=\"cz_107519 cz_btn cz_btn_txt_no_fx cz_btn_fill_right cz_btn_icon_after\" href=\"https:\/\/beckenboden-behandlung.de\/salzburg\/\" title=\"kostenfreie Beckenboden-Behandlung Probesitzung\" target=\"_blank\"><span><strong>Jetzt kostenfreie Probesitzung buchen<\/strong><i class=\"fa czico-132-arrows-8\"><\/i><\/span><b class=\"cz_btn_onhover\"><strong>Jetzt kostenfreie Probesitzung buchen<\/strong><i class=\"fa czico-132-arrows-8\"><\/i><\/b><\/a><\/div><\/div><div class=\"cz_gap clr \" style=\"height: 20px\"><\/div>[\/vc_column_inner][\/vc_row_inner][\/vc_column][\/vc_row][vc_row full_width=&#8220;stretch_row&#8220; content_placement=&#8220;middle&#8220; css=&#8220;.vc_custom_1684587251922{padding-right: 10% !important;padding-left: 10% !important;background-color: #d3d3d3 !important;}&#8220;][vc_column]<div class=\"cz_gap clr \" style=\"height: 30px\"><\/div>[vc_column_text]<span style=\"font-size: 32px; color: #960055;\"><strong>Wie funktioniert<\/strong> die Beckenboden-Behandlung? <\/span><\/p>\n<p><strong>Vergiss, was du bisher \u00fcber Beckenboden-Training gelernt hast. Noch nie war die St\u00e4rkung deines Beckenbodens so einfach. Mit dem Beckenboden-Stuhl setzt du dich einfach hin und st\u00e4rkst auf Knopfdruck deine Beckenboden-Muskulatur.<\/strong><\/p>\n<p>Du bleibst dabei vollst\u00e4ndig bekleidet, schwitzt nicht und sitzt f\u00fcr etwa 22-28 Minuten auf dem Beckenboden-Stuhl. Dabei kannst du entspannt eine Zeitung lesen. Der Beckenboden-Stuhl nutzt eine hochintensive, fokussierte elektromagnetische Technologie, um alle tiefen Muskeln des Beckenbodens zu stimulieren. W\u00e4hrend der kurzen Behandlung ziehen sich die Muskeln als Reaktion auf die elektromagnetische Stimulation zusammen, was dasselbe Ergebnis wie 10.000 Beckenboden-\u00dcbungen bewirkt. Der Beckenboden-Stuhl setzt also den Wiederherstellungsprozess viel schneller wieder in Gang, indem er die Muskeln anspannt und die neuromuskul\u00e4re Kontrolle \u00fcber die Beckenboden-Muskulatur wiederherstellt.[\/vc_column_text][\/vc_column][\/vc_row][vc_row full_width=&#8220;stretch_row&#8220; css=&#8220;.vc_custom_1684587345721{background-color: #d3d3d3 !important;}&#8220;][vc_column css=&#8220;.vc_custom_1682580012798{padding-right: 10% !important;padding-left: 10% !important;}&#8220;][vc_row_inner equal_height=&#8220;yes&#8220; gap=&#8220;25&#8243;][vc_column_inner width=&#8220;1\/3&#8243; css=&#8220;.vc_custom_1684587301021{background-color: #ffffff !important;}&#8220;][vc_single_image image=&#8220;5411&#8243; img_size=&#8220;300&#215;300&#8243; alignment=&#8220;center&#8220; css=&#8220;.vc_custom_1682580595659{margin-bottom: 0px !important;}&#8220;]<div id=\"cz_29677\" class=\"cz_29677 cz_title clr cz_smart_fs cz_title_pos_inline tac\"><div class=\"cz_title_content\"><div class=\"cz_wpe_content\"><h4 style=\"text-align: center;\"><span style=\"font-size: 20px; color: #960055;\">VORHER<\/span><\/h4>\n<\/div><\/div><\/div>[vc_separator color=&#8220;custom&#8220; align=&#8220;align_left&#8220; el_width=&#8220;90&#8243; accent_color=&#8220;#960055&#8243; css=&#8220;.vc_custom_1682580752042{padding-top: 10px !important;}&#8220;][vc_column_text]<\/p>\n<p style=\"text-align: center;\">Die Beckenboden-Muskeln st\u00fctzen die Beckenorgane nur unzureichend und beeintr\u00e4chtigen damit die Kontrolle \u00fcber die Blase. <strong>Die Folge: Einschr\u00e4nkungen im Alltag und der Lebensqualit\u00e4t.<\/strong><\/p>\n<p>[\/vc_column_text][\/vc_column_inner][vc_column_inner width=&#8220;1\/3&#8243; css=&#8220;.vc_custom_1684587372156{background-color: #ffffff !important;}&#8220;][vc_single_image image=&#8220;5422&#8243; img_size=&#8220;300&#215;300&#8243; alignment=&#8220;center&#8220; css=&#8220;.vc_custom_1682581041781{margin-bottom: 0px !important;}&#8220;]<div id=\"cz_63040\" class=\"cz_63040 cz_title clr cz_smart_fs cz_title_pos_inline tac\"><div class=\"cz_title_content\"><div class=\"cz_wpe_content\"><h4 style=\"text-align: center;\"><span style=\"font-size: 20px; color: #960055;\">BEHANDLUNG<\/span><\/h4>\n<\/div><\/div><\/div>[vc_separator color=&#8220;custom&#8220; align=&#8220;align_left&#8220; el_width=&#8220;90&#8243; accent_color=&#8220;#960055&#8243; css=&#8220;.vc_custom_1682580752042{padding-top: 10px !important;}&#8220;][vc_column_text]<\/p>\n<p style=\"text-align: center;\">Mithilfe von <strong>elektromagnetischen Wellen<\/strong>, stimuliert der Beckenboden-Stuhl effektiv die Beckenboden-Muskulatur mit <strong>\u00fcber 25.000 Kontraktionen<\/strong> in nur einer Sitzung.<\/p>\n<p>[\/vc_column_text][\/vc_column_inner][vc_column_inner width=&#8220;1\/3&#8243; css=&#8220;.vc_custom_1684587381338{background-color: #ffffff !important;}&#8220;][vc_single_image image=&#8220;5424&#8243; img_size=&#8220;300&#215;300&#8243; alignment=&#8220;center&#8220; css=&#8220;.vc_custom_1682581144698{margin-bottom: 0px !important;}&#8220;]<div id=\"cz_43743\" class=\"cz_43743 cz_title clr cz_smart_fs cz_title_pos_inline tac\"><div class=\"cz_title_content\"><div class=\"cz_wpe_content\"><h4 style=\"text-align: center;\"><span style=\"font-size: 20px; color: #960055;\">NACHHER<\/span><\/h4>\n<\/div><\/div><\/div>[vc_separator color=&#8220;custom&#8220; align=&#8220;align_left&#8220; el_width=&#8220;90&#8243; accent_color=&#8220;#960055&#8243; css=&#8220;.vc_custom_1682580752042{padding-top: 10px !important;}&#8220;][vc_column_text]<\/p>\n<p style=\"text-align: center;\">Schon nach der ersten Sitzung f\u00fchren die Stimulationen zu einer st\u00e4rkeren Beckenboden-Muskulatur und zu mehr Kontrolle \u00fcber die Beckenboden-Muskulatur. <strong>Das Ergebnis: ein beschwerdefreies Leben!<\/strong><\/p>\n<p>[\/vc_column_text][\/vc_column_inner][\/vc_row_inner]<div class=\"cz_gap clr \" style=\"height: 50px\"><\/div>[\/vc_column][\/vc_row][vc_row full_width=&#8220;stretch_row&#8220; css=&#8220;.vc_custom_1683210393673{padding-right: 10% !important;padding-left: 10% !important;background-color: rgba(150,0,85,0.03) !important;background-position: center !important;background-repeat: no-repeat !important;background-size: cover !important;*background-color: rgb(150,0,85) !important;}&#8220;][vc_column offset=&#8220;vc_col-lg-12 vc_col-md-4 vc_col-xs-12&#8243;]<div class=\"cz_gap clr \" style=\"height: 50px\"><\/div><div id=\"cz_99423\" class=\"cz_99423 cz_title clr cz_title_has_icon cz_title_pos_inline\"><div class=\"cz_title_content\"><i class=\"cz_title_icon_before fa czico-comments\"><\/i><div class=\"cz_wpe_content\"><h4><span style=\"color: #960055;\">Antworten auf die h\u00e4ufigsten Fragen<\/span><\/h4>\n<p>&nbsp;<\/p>\n<\/div><\/div><\/div><div id=\"cz_17069\" data-arrows='{\"open\":\"fa fa-angle-down\",\"close\":\"fa fa-angle-up\"}' class=\"cz_17069 cz_acc clr cz_acc_toggle cz_acc_first_open\"><div><div id=\"cz_49590\"><span class=\"cz_acc_child\"><div>Ist diese Art der Beckenboden-Behandlung etwas f\u00fcr mich?<\/div><\/span><div class=\"cz_acc_child_content clr\">[vc_column_text]Die Behandlung mit dem Beckenboden-Stuhl ist eine hervorragende Option f\u00fcr alle Frauen jeden Alters, die eine L\u00f6sung f\u00fcr Harninkontinenz und eine Verbesserung ihrer Lebensqualit\u00e4t suchen. Und selbstverst\u00e4ndlich auch f\u00fcr Frauen, die solchen Problematiken durch diese Form der Behandlung einfach nur vorbeugen wollen.[\/vc_column_text]<\/div><\/div><div id=\"cz_16275\"><span class=\"cz_acc_child\"><div>Welche Symptome deuten auf eine Beckenboden-Schw\u00e4che hin?<\/div><\/span><div class=\"cz_acc_child_content clr\">[vc_column_text]Gerade nach Schwangerschaften, in den Wechseljahren oder im Alter klagen viele Frauen \u00fcber einen schwache Beckenboden-Muskulatur.<\/p>\n<p>Die Folgen dieser Muskelschw\u00e4che k\u00f6nnen vielf\u00e4ltig und sehr belastend sein:<\/p>\n<ul style=\"list-style-type: square;\">\n<li>Harninkontinenz sowie Stressinkontinenzen (Urinverlust beim Husten, Niesen, Lachen oder Sport)<\/li>\n<li>Schmerzen im Beckenbereich oder beim Urinieren<\/li>\n<li>Gef\u00fchl einer unvollst\u00e4ndigen Entleerung der Blase oder des Darms<\/li>\n<li>Schwierigkeiten mit der Darmkontrolle<\/li>\n<li>Absenkung der Geb\u00e4rmutter und anderer Organe<\/li>\n<li>Schmerzen beim Liebesleben<\/li>\n<li>Schmerzen im unteren R\u00fccken oder der H\u00fcfte<\/li>\n<\/ul>\n<p>[\/vc_column_text]<\/div><\/div><div id=\"cz_18821\"><span class=\"cz_acc_child\"><div>Wie f\u00fchlt sich die Behandlung an?<\/div><\/span><div class=\"cz_acc_child_content clr\">[vc_column_text]Die Behandlung ist komplett schmerzfrei. W\u00e4hrend der Behandlung wirst du ein Kribbeln und eine Kontraktion der Beckenboden-Muskulatur versp\u00fcren. Unmittelbar nach der Behandlung kannst du deinen allt\u00e4glichen Aktivit\u00e4ten wieder nachgehen.[\/vc_column_text]<\/div><\/div><div id=\"cz_89666\"><span class=\"cz_acc_child\"><div>Wie lange dauert die Behandlung?<\/div><\/span><div class=\"cz_acc_child_content clr\">[vc_column_text]Eine Sitzung dauert ca. 22-28 Minuten. Die Dauer der Behandlung wird individuell in Abstimmung mit der Patientin festgelegt. Im Falle von bereits auftretenden Inkontinenz-Problemen empfehlen wir mindestens 20 Sitzungen &#8211; idealerweise 2-mal pro Woche &#8211; um nachhaltige Erfolge zu erzielen.[\/vc_column_text]<\/div><\/div><div id=\"cz_103669\"><span class=\"cz_acc_child\"><div>Wie schnell sp\u00fcre ich eine Verbesserung?<\/div><\/span><div class=\"cz_acc_child_content clr\">[vc_column_text]Viele Frauen berichten schon nach den ersten Sitzungen von einer deutlichen Verbesserung. Die ersten Ergebnisse werden nach 6-10 Sitzungen sp\u00fcrbar. In der Regel werden sich die Erfolge mit jeder Sitzung weiter verbessern.[\/vc_column_text]<\/div><\/div><div id=\"cz_103427\"><span class=\"cz_acc_child\"><div>Was genau macht ein Beckenboden-Stuhl?<\/div><\/span><div class=\"cz_acc_child_content clr\">[vc_column_text]Die Beckenboden-Muskulatur ist der Teil der Core-Muskulatur, der am schwierigsten trainierbar und oft auch bei gut trainierten Menschen eine Schwachstelle ist. Der Beckenboden-Stuhl nutzt elektromagnetische Wellen, um genau an diese Muskulatur heranzukommen und mit tiefen Kontraktionen die Beckenboden-Muskulatur zu stimulieren. Das ist viel effektiver als klassisches Training und f\u00fchrt damit auch schneller zu sp\u00fcrbaren Erfolgen.[\/vc_column_text]<\/div><\/div><div id=\"cz_24097\"><span class=\"cz_acc_child\"><div>Worauf muss ich bei der Behandlung achten?<\/div><\/span><div class=\"cz_acc_child_content clr\">[vc_column_text]W\u00e4hrend der Behandlung musst du nichts weiter beachten. Du kannst bequem auf dem Beckenboden-Stuhl Platz nehmen und ein Buch oder eine Zeitung lesen. Elektronische Ger\u00e4te, wie Handys oder Tablets sollten jedoch w\u00e4hrend der Sitzung nicht benutzt werden.[\/vc_column_text]<\/div><\/div><div id=\"cz_57446\"><span class=\"cz_acc_child\"><div>Was bedeutet EMP?<\/div><\/span><div class=\"cz_acc_child_content clr\">[vc_column_text]Die Behandlung erfolgt auf einem Stuhl, der die EMP-Technologie einsetzt. EMP steht hierbei f\u00fcr <strong>E<\/strong>lectro-<strong>M<\/strong>agnetic-<strong>P<\/strong>ulse. Dabei werden also elektromagnetische Wellen mit abwechselnden Frequenzen eingesetzt. Es sind <strong>keine<\/strong> Elektroden n\u00f6tig, die die Muskeln zur Kontraktion bringen. EMP ist in der Lage tief in die Muskulatur einzudringen und stimuliert bzw. trainiert dadurch die Beckenboden-Muskulatur sehr effektiv und intensiv.[\/vc_column_text]<\/div><\/div><\/div><\/div>[\/vc_column][\/vc_row]<\/p>\n<\/section>","protected":false},"excerpt":{"rendered":"<p>[vc_row full_width=&#8220;stretch_row&#8220; full_height=&#8220;yes&#8220; columns_placement=&#8220;bottom&#8220; css=&#8220;.vc_custom_1683211554151{margin-top: -1px !important;padding-top: -1px !important;background-image: url(http:\/\/www.physiobalance-physiotherapie.at\/wp-content\/uploads\/2023\/05\/Design-ohne-Titel-2-3.jpg?id=5496) !important;background-position: &#8230; <\/p>\n","protected":false},"author":1,"featured_media":0,"parent":1076,"menu_order":0,"comment_status":"closed","ping_status":"closed","template":"","meta":{"footnotes":""},"class_list":["post-5617","page","type-page","status-publish","hentry"],"_links":{"self":[{"href":"https:\/\/www.physiobalance-physiotherapie.at\/de\/wp-json\/wp\/v2\/pages\/5617","targetHints":{"allow":["GET"]}}],"collection":[{"href":"https:\/\/www.physiobalance-physiotherapie.at\/de\/wp-json\/wp\/v2\/pages"}],"about":[{"href":"https:\/\/www.physiobalance-physiotherapie.at\/de\/wp-json\/wp\/v2\/types\/page"}],"author":[{"embeddable":true,"href":"https:\/\/www.physiobalance-physiotherapie.at\/de\/wp-json\/wp\/v2\/users\/1"}],"replies":[{"embeddable":true,"href":"https:\/\/www.physiobalance-physiotherapie.at\/de\/wp-json\/wp\/v2\/comments?post=5617"}],"version-history":[{"count":1,"href":"https:\/\/www.physiobalance-physiotherapie.at\/de\/wp-json\/wp\/v2\/pages\/5617\/revisions"}],"predecessor-version":[{"id":5618,"href":"https:\/\/www.physiobalance-physiotherapie.at\/de\/wp-json\/wp\/v2\/pages\/5617\/revisions\/5618"}],"up":[{"embeddable":true,"href":"https:\/\/www.physiobalance-physiotherapie.at\/de\/wp-json\/wp\/v2\/pages\/1076"}],"wp:attachment":[{"href":"https:\/\/www.physiobalance-physiotherapie.at\/de\/wp-json\/wp\/v2\/media?parent=5617"}],"curies":[{"name":"wp","href":"https:\/\/api.w.org\/{rel}","templated":true}]}}