{"id":5739,"date":"2023-09-04T15:00:27","date_gmt":"2023-09-04T13:00:27","guid":{"rendered":"https:\/\/www.physiobalance-physiotherapie.at\/?page_id=5739"},"modified":"2024-07-12T13:14:31","modified_gmt":"2024-07-12T11:14:31","slug":"emp-probetraining","status":"publish","type":"page","link":"https:\/\/www.physiobalance-physiotherapie.at\/de\/praxis\/emp-probetraining\/","title":{"rendered":"EMP Probetraining vereinbaren"},"content":{"rendered":"<div class=\"wpb-content-wrapper\"><p>[vc_row full_width=&#8220;stretch_row_content&#8220; full_height=&#8220;yes&#8220; equal_height=&#8220;yes&#8220; content_placement=&#8220;middle&#8220; disable_element=&#8220;yes&#8220; css=&#8220;.vc_custom_1715697792183{padding-top: 30px !important;padding-bottom: 30px !important;background-color: #d3d3d3 !important;}&#8220;][vc_column css=&#8220;.vc_custom_1698222616175{padding-right: 5% !important;padding-left: 5% !important;}&#8220;][vc_row_inner equal_height=&#8220;yes&#8220; gap=&#8220;35&#8243;][vc_column_inner width=&#8220;1\/2&#8243; css=&#8220;.vc_custom_1715115201316{padding-right: 10px !important;padding-left: 10px !important;background-color: #ffffff !important;}&#8220; offset=&#8220;vc_hidden-xs&#8220;]<div class=\"relative\"><div id=\"cz_74889\" class=\"cz_74889 cz_line tac\"><\/div><\/div><div class=\"clr\"><\/div><div id=\"cz_34585\" class=\"cz_34585 cz_title clr cz_title_pos_inline tac\"><div class=\"cz_title_content\"><div class=\"cz_wpe_content\"><h4 style=\"text-align: center;\"><span style=\"font-size: 20px; color: #960055;\">Terminbuchung<\/span><\/h4>\n<\/div><\/div><\/div>[vc_column_text css=&#8220;.vc_custom_1715114871222{margin-top: 20px !important;margin-bottom: 20px !important;padding-right: 0px !important;}&#8220;]<\/p>\n<div class=\"thrv_wrapper thrv_text_element\" data-css=\"tve-u-1850b919c26\">\n<div class=\"thrv_wrapper thrv_text_element\" style=\"text-align: center;\" data-css=\"tve-u-1850b919c26\"><span style=\"font-size: 32px;\"><strong>Buchen Sie Ihre kostenfreie Probesitzung<\/strong> f\u00fcr das Beckenboden-Training mit Magnetwellen<\/span><\/div>\n<div class=\"thrv_wrapper tve_image_caption\" style=\"text-align: center;\" data-css=\"tve-u-1849a8bd17e\"><\/div>\n<\/div>\n<p>[\/vc_column_text][vc_single_image image=&#8220;5748&#8243; img_size=&#8220;460&#215;460&#8243; alignment=&#8220;center&#8220; css=&#8220;.vc_custom_1693833901534{margin-top: 20px !important;margin-bottom: 20px !important;padding-top: 10px !important;}&#8220;][\/vc_column_inner][vc_column_inner width=&#8220;1\/2&#8243; css=&#8220;.vc_custom_1682505149360{padding-right: 30px !important;padding-bottom: 10px !important;padding-left: 30px !important;background-color: #ffffff !important;}&#8220;]<div class=\"relative\"><div id=\"cz_74889\" class=\"cz_74889 cz_line tac\"><\/div><\/div><div class=\"clr\"><\/div><div id=\"cz_104650\" class=\"cz_104650 cz_title clr cz_title_pos_inline tac\"><div class=\"cz_title_content\"><div class=\"cz_wpe_content\"><h4 style=\"text-align: center;\"><span style=\"font-size: 20px; color: #960055;\">Informationen<\/span><\/h4>\n<\/div><\/div><\/div>[vc_column_text css=&#8220;.vc_custom_1698163232855{margin-top: 20px !important;margin-bottom: 20px !important;padding-right: 30px !important;padding-left: 30px !important;}&#8220;]<\/p>\n<div class=\"thrv_wrapper thrv_text_element\" data-css=\"tve-u-1850b919c26\">\n<div class=\"thrv_wrapper thrv_text_element\" style=\"text-align: center;\" data-css=\"tve-u-1850b919c26\"><span style=\"font-size: 32px;\"><strong>So l\u00e4uft die Probesitzung ab<\/strong><\/span><\/div>\n<\/div>\n<p>[\/vc_column_text]<div class=\"cz_gap clr \" style=\"height: 15px\"><\/div><div class=\"clr\"><ul id=\"cz_100890\" class=\"cz_100890 cz_stylish_list clr cz_sl_icon_hover_zoom_in\"><li class=\"clr\"><div class=\"cz_sl_icon\"><i class=\"fa czico-106-check-mark mr10\" ><\/i><\/div><div><span>Sie f\u00fcllen gemeinsam mit der Beraterin einen Anamnesebogen aus<\/span><\/div><\/li><li class=\"clr\"><div class=\"cz_sl_icon\"><i class=\"fa czico-106-check-mark mr10\" ><\/i><\/div><div><span>Sie trainieren eine volle Einheit (28min) mit dem Magnetwellen Sessel<\/span><\/div><\/li><li class=\"clr\"><div class=\"cz_sl_icon\"><i class=\"fa czico-106-check-mark mr10\" ><\/i><\/div><div><span>Unsere Beckenboden Expertinnen besprechen mit Ihnen alle offenen Fragen<\/span><\/div><\/li><li class=\"clr\"><div class=\"cz_sl_icon\"><i class=\"fa czico-106-check-mark mr10\" ><\/i><\/div><div><span>Wir ermitteln Ihren Behandlungsbedarf<\/span><\/div><\/li><li class=\"clr\"><div class=\"cz_sl_icon\"><i class=\"fa czico-106-check-mark mr10\" ><\/i><\/div><div><span>Bei Interesse vereinbaren Sie einen Behandlungsplan<\/span><\/div><\/li><\/ul><\/div>[\/vc_column_inner][\/vc_row_inner][\/vc_column][\/vc_row][vc_row full_width=&#8220;stretch_row_content&#8220; full_height=&#8220;yes&#8220; equal_height=&#8220;yes&#8220; content_placement=&#8220;middle&#8220; css=&#8220;.vc_custom_1698179599086{padding-top: 30px !important;padding-bottom: 30px !important;background-color: #d3d3d3 !important;}&#8220;][vc_column css=&#8220;.vc_custom_1698222616175{padding-right: 5% !important;padding-left: 5% !important;}&#8220;][vc_row_inner equal_height=&#8220;yes&#8220; gap=&#8220;35&#8243;][vc_column_inner width=&#8220;1\/2&#8243; css=&#8220;.vc_custom_1720782863017{padding-right: 10px !important;padding-left: 10px !important;background-color: #ffffff !important;}&#8220;]<div class=\"relative\"><div id=\"cz_74889\" class=\"cz_74889 cz_line tac\"><\/div><\/div><div class=\"clr\"><\/div><div id=\"cz_34585\" class=\"cz_34585 cz_title clr cz_title_pos_inline tac\"><div class=\"cz_title_content\"><div class=\"cz_wpe_content\"><h4 style=\"text-align: center;\"><span style=\"font-size: 20px; color: #960055;\">Terminbuchung<\/span><\/h4>\n<\/div><\/div><\/div>[vc_column_text css=&#8220;.vc_custom_1715114871222{margin-top: 20px !important;margin-bottom: 20px !important;padding-right: 0px !important;}&#8220;]<\/p>\n<div class=\"thrv_wrapper thrv_text_element\" data-css=\"tve-u-1850b919c26\">\n<div class=\"thrv_wrapper thrv_text_element\" style=\"text-align: center;\" data-css=\"tve-u-1850b919c26\"><span style=\"font-size: 32px;\"><strong>Buchen Sie Ihre kostenfreie Probesitzung<\/strong> f\u00fcr das Beckenboden-Training mit Magnetwellen<\/span><\/div>\n<div class=\"thrv_wrapper tve_image_caption\" style=\"text-align: center;\" data-css=\"tve-u-1849a8bd17e\"><\/div>\n<\/div>\n<p>[\/vc_column_text][vc_raw_html css=&#8220;.vc_custom_1715114412751{padding-top: -20px !important;}&#8220;]JTNDJTIxLS0lMjBDYWxlbmRseSUyMElubGluZS1XaWRnZXQlMjBCZWdpbm4lMjAtLSUzRSUwQSUzQ2RpdiUyMGNsYXNzJTNEJTIyY2FsZW5kbHktaW5saW5lLXdpZGdldCUyMiUyMGRhdGEtdXJsJTNEJTIyaHR0cHMlM0ElMkYlMkZjYWxlbmRseS5jb20lMkZwaHlzaW9iYWxhbmNlc2FsemJ1cmclMkZlY2gtcHJvYmUlM0ZoaWRlX2V2ZW50X3R5cGVfZGV0YWlscyUzRDElMjZoaWRlX2dkcHJfYmFubmVyJTNEMSUyMiUyMHN0eWxlJTNEJTIybWluLXdpZHRoJTNBMzIwcHglM0JoZWlnaHQlM0E3MDBweCUzQiUyMiUzRSUzQyUyRmRpdiUzRSUwQSUzQ3NjcmlwdCUyMHR5cGUlM0QlMjJ0ZXh0JTJGamF2YXNjcmlwdCUyMiUyMHNyYyUzRCUyMmh0dHBzJTNBJTJGJTJGYXNzZXRzLmNhbGVuZGx5LmNvbSUyRmFzc2V0cyUyRmV4dGVybmFsJTJGd2lkZ2V0LmpzJTIyJTIwYXN5bmMlM0UlM0MlMkZzY3JpcHQlM0UlMEElM0MlMjEtLSUyMENhbGVuZGx5JTIwSW5saW5lLVdpZGdldCUyMEVuZGUlMjAtLSUzRQ==[\/vc_raw_html][\/vc_column_inner][vc_column_inner width=&#8220;1\/2&#8243; css=&#8220;.vc_custom_1720782869289{padding-right: 30px !important;padding-bottom: 10px !important;padding-left: 30px !important;background-color: #ffffff !important;}&#8220;]<div class=\"relative\"><div id=\"cz_74889\" class=\"cz_74889 cz_line tac\"><\/div><\/div><div class=\"clr\"><\/div><div id=\"cz_104650\" class=\"cz_104650 cz_title clr cz_title_pos_inline tac\"><div class=\"cz_title_content\"><div class=\"cz_wpe_content\"><h4 style=\"text-align: center;\"><span style=\"font-size: 20px; color: #960055;\">Informationen<\/span><\/h4>\n<\/div><\/div><\/div>[vc_column_text css=&#8220;.vc_custom_1698163232855{margin-top: 20px !important;margin-bottom: 20px !important;padding-right: 30px !important;padding-left: 30px !important;}&#8220;]<\/p>\n<div class=\"thrv_wrapper thrv_text_element\" data-css=\"tve-u-1850b919c26\">\n<div class=\"thrv_wrapper thrv_text_element\" style=\"text-align: center;\" data-css=\"tve-u-1850b919c26\"><span style=\"font-size: 32px;\"><strong>So l\u00e4uft die Probesitzung ab<\/strong><\/span><\/div>\n<\/div>\n<p>[\/vc_column_text]<div class=\"cz_gap clr \" style=\"height: 15px\"><\/div><div class=\"clr\"><ul id=\"cz_100890\" class=\"cz_100890 cz_stylish_list clr cz_sl_icon_hover_zoom_in\"><li class=\"clr\"><div class=\"cz_sl_icon\"><i class=\"fa czico-106-check-mark mr10\" ><\/i><\/div><div><span>Sie f\u00fcllen gemeinsam mit der Beraterin einen Anamnesebogen aus<\/span><\/div><\/li><li class=\"clr\"><div class=\"cz_sl_icon\"><i class=\"fa czico-106-check-mark mr10\" ><\/i><\/div><div><span>Sie trainieren eine volle Einheit (28min) mit dem Magnetwellen Sessel<\/span><\/div><\/li><li class=\"clr\"><div class=\"cz_sl_icon\"><i class=\"fa czico-106-check-mark mr10\" ><\/i><\/div><div><span>Unsere Beckenboden Expertinnen besprechen mit Ihnen alle offenen Fragen<\/span><\/div><\/li><li class=\"clr\"><div class=\"cz_sl_icon\"><i class=\"fa czico-106-check-mark mr10\" ><\/i><\/div><div><span>Wir ermitteln Ihren Behandlungsbedarf<\/span><\/div><\/li><li class=\"clr\"><div class=\"cz_sl_icon\"><i class=\"fa czico-106-check-mark mr10\" ><\/i><\/div><div><span>Bei Interesse vereinbaren Sie einen Behandlungsplan<\/span><\/div><\/li><\/ul><\/div>[\/vc_column_inner][\/vc_row_inner][\/vc_column][\/vc_row][vc_row full_width=&#8220;stretch_row&#8220; full_height=&#8220;yes&#8220; equal_height=&#8220;yes&#8220; content_placement=&#8220;middle&#8220; disable_element=&#8220;yes&#8220; css=&#8220;.vc_custom_1715697831779{background-color: #d3d3d3 !important;}&#8220;][vc_column][vc_row_inner equal_height=&#8220;yes&#8220; content_placement=&#8220;middle&#8220; css=&#8220;.vc_custom_1698223576676{background-color: #ffffff !important;}&#8220;][vc_column_inner]<div class=\"relative\"><div id=\"cz_74889\" class=\"cz_74889 cz_line tac\"><\/div><\/div><div class=\"clr\"><\/div>[vc_column_text]<\/p>\n<p style=\"text-align: center;\"><span style=\"font-size: 32px; color: #960055;\">Hier kostenloses <strong>Beckenboden-Probetraining <\/strong>buchen<\/span><\/p>\n<p>[\/vc_column_text][vc_raw_html css=&#8220;.vc_custom_1715114412751{padding-top: -20px !important;}&#8220;]JTNDJTIxLS0lMjBDYWxlbmRseSUyMElubGluZS1XaWRnZXQlMjBCZWdpbm4lMjAtLSUzRSUwQSUzQ2RpdiUyMGNsYXNzJTNEJTIyY2FsZW5kbHktaW5saW5lLXdpZGdldCUyMiUyMGRhdGEtdXJsJTNEJTIyaHR0cHMlM0ElMkYlMkZjYWxlbmRseS5jb20lMkZwaHlzaW9iYWxhbmNlc2FsemJ1cmclMkZlY2gtcHJvYmUlM0ZoaWRlX2V2ZW50X3R5cGVfZGV0YWlscyUzRDElMjZoaWRlX2dkcHJfYmFubmVyJTNEMSUyMiUyMHN0eWxlJTNEJTIybWluLXdpZHRoJTNBMzIwcHglM0JoZWlnaHQlM0E3MDBweCUzQiUyMiUzRSUzQyUyRmRpdiUzRSUwQSUzQ3NjcmlwdCUyMHR5cGUlM0QlMjJ0ZXh0JTJGamF2YXNjcmlwdCUyMiUyMHNyYyUzRCUyMmh0dHBzJTNBJTJGJTJGYXNzZXRzLmNhbGVuZGx5LmNvbSUyRmFzc2V0cyUyRmV4dGVybmFsJTJGd2lkZ2V0LmpzJTIyJTIwYXN5bmMlM0UlM0MlMkZzY3JpcHQlM0UlMEElM0MlMjEtLSUyMENhbGVuZGx5JTIwSW5saW5lLVdpZGdldCUyMEVuZGUlMjAtLSUzRQ==[\/vc_raw_html][\/vc_column_inner][\/vc_row_inner][\/vc_column][\/vc_row][vc_row full_width=&#8220;stretch_row&#8220; css=&#8220;.vc_custom_1693905616178{padding-top: 20px !important;padding-bottom: 20px !important;}&#8220;][vc_column][vc_row_inner equal_height=&#8220;yes&#8220; content_placement=&#8220;middle&#8220;][vc_column_inner width=&#8220;1\/3&#8243;][vc_single_image image=&#8220;5768&#8243; img_size=&#8220;406&#215;406&#8243; alignment=&#8220;center&#8220;][\/vc_column_inner][vc_column_inner width=&#8220;2\/3&#8243;][vc_column_text]<\/p>\n<p style=\"text-align: left; color: #fff;\"><span style=\"font-size: 25px; color: #000;\"><strong><br \/>\nKarin Brandl-Neudorfer &amp; Michael Brandl <\/strong>(Inhaber PhysioBalance) und das Beckenboden-Trainingsteam freuen sich auf Sie!<\/span><\/p>\n<p>[\/vc_column_text][\/vc_column_inner][\/vc_row_inner][\/vc_column][\/vc_row][vc_row full_width=&#8220;stretch_row_content&#8220; equal_height=&#8220;yes&#8220; content_placement=&#8220;middle&#8220; parallax=&#8220;content-moving-fade&#8220; parallax_speed_bg=&#8220;&#8220; css=&#8220;.vc_custom_1693905885293{background-color: #f4f2f7 !important;}&#8220;][vc_column parallax=&#8220;content-moving&#8220; parallax_speed_bg=&#8220;&#8220; css=&#8220;.vc_custom_1693905896285{padding-right: 10% !important;padding-left: 10% !important;}&#8220;][vc_row_inner content_placement=&#8220;middle&#8220; css=&#8220;.vc_custom_1698163541818{padding-top: 20px !important;}&#8220;][vc_column_inner width=&#8220;2\/3&#8243;]<div class=\"cz_gap clr \" style=\"height: 20px\"><\/div>[vc_column_text]<\/p>\n<p style=\"text-align: left; color: #fff;\"><span style=\"font-size: 25px; color: #000;\"><strong><br \/>\nHier findet das Beckenboden-Training<\/strong>\u00a0statt:<\/span><\/p>\n<div class=\"jd_icon\">\n<p><i class=\"fa-regular fa-location-dot\"><\/i><a href=\"https:\/\/www.physiobalance-physiotherapie.at\/de\/kontakt\/anfahrt_uferstrasse\/\">PhysioBalance Salzburg-Aigen, Uferstra\u00dfe 2b, A-5026 Salzburg<\/a><\/p>\n<p><i class=\"fa-solid fa-phone\"><\/i><a href=\"tel:+436645618115\">+43 (0)664 &#8211; 5618115<\/a><\/p>\n<p><i class=\"fa-solid fa-envelope\"><\/i><a href=\"mailto: beckenboden@physiobalance.at\">beckenboden(at)physiobalance.at<\/a><\/p>\n<\/div>\n<p>[\/vc_column_text]<div class=\"cz_gap clr \" style=\"height: 20px\"><\/div>[\/vc_column_inner][vc_column_inner width=&#8220;1\/3&#8243;][vc_column_text]<\/p>\n<p style=\"text-align: left; color: #fff;\"><span style=\"font-size: 25px; color: #000;\"><strong><br \/>\nTRAININGSZEITEN<\/strong>\u00a0<\/span><\/p>\n<div class=\"jd_icon\">\n<p><strong>m\u00f6glich von<br \/>\nMontag &#8211; Freitag<br \/>\n<\/strong>07:30 &#8211; 20:00 Uhr<\/p>\n<\/div>\n<p>[\/vc_column_text][\/vc_column_inner][\/vc_row_inner][\/vc_column][\/vc_row][vc_row full_width=&#8220;stretch_row&#8220; content_placement=&#8220;middle&#8220; disable_element=&#8220;yes&#8220; css=&#8220;.vc_custom_1693905371921{padding-right: 10% !important;padding-left: 10% !important;background-color: #d3d3d3 !important;}&#8220;][vc_column]<div class=\"cz_gap clr \" style=\"height: 30px\"><\/div>[vc_column_text]<span style=\"font-size: 32px; color: #960055;\"><strong>Wie funktioniert<\/strong> das Beckenboden-Training? <\/span><\/p>\n<p><strong>Vergiss, was du bisher \u00fcber Beckenboden-Training gelernt hast. Noch nie war die St\u00e4rkung deines Beckenbodens so einfach. Mit dem Beckenboden-Sessel setzt du dich einfach hin und st\u00e4rkst auf Knopfdruck deine Beckenboden-Muskulatur.<\/strong><\/p>\n<p>Du bleibst dabei vollst\u00e4ndig bekleidet, schwitzt nicht und sitzt f\u00fcr etwa 28 Minuten auf dem Beckenboden-Sessel. Dabei kannst du entspannt eine Zeitung lesen. Der Beckenboden-Sessel nutzt eine hochintensive, fokussierte elektromagnetische Technologie, um alle tiefen Muskeln des Beckenbodens zu stimulieren. W\u00e4hrend des kurzen Trainings ziehen sich die Muskeln als Reaktion auf die elektromagnetische Stimulation zusammen, was dasselbe Ergebnis wie 12.000 Beckenboden-\u00dcbungen bewirkt. Der Beckenboden-Sessel setzt also den Wiederherstellungsprozess viel schneller wieder in Gang, indem er die Muskeln anspannt und die neuromuskul\u00e4re Kontrolle \u00fcber die Beckenboden-Muskulatur wiederherstellt.[\/vc_column_text][\/vc_column][\/vc_row]<\/p>\n<\/div>","protected":false},"excerpt":{"rendered":"<p>[vc_row full_width=&#8220;stretch_row_content&#8220; full_height=&#8220;yes&#8220; equal_height=&#8220;yes&#8220; content_placement=&#8220;middle&#8220; disable_element=&#8220;yes&#8220; css=&#8220;.vc_custom_1715697792183{padding-top: 30px !important;padding-bottom: 30px !important;background-color: &#8230; <\/p>\n","protected":false},"author":2,"featured_media":0,"parent":1076,"menu_order":0,"comment_status":"closed","ping_status":"closed","template":"","meta":{"footnotes":""},"class_list":["post-5739","page","type-page","status-publish","hentry"],"_links":{"self":[{"href":"https:\/\/www.physiobalance-physiotherapie.at\/de\/wp-json\/wp\/v2\/pages\/5739","targetHints":{"allow":["GET"]}}],"collection":[{"href":"https:\/\/www.physiobalance-physiotherapie.at\/de\/wp-json\/wp\/v2\/pages"}],"about":[{"href":"https:\/\/www.physiobalance-physiotherapie.at\/de\/wp-json\/wp\/v2\/types\/page"}],"author":[{"embeddable":true,"href":"https:\/\/www.physiobalance-physiotherapie.at\/de\/wp-json\/wp\/v2\/users\/2"}],"replies":[{"embeddable":true,"href":"https:\/\/www.physiobalance-physiotherapie.at\/de\/wp-json\/wp\/v2\/comments?post=5739"}],"version-history":[{"count":11,"href":"https:\/\/www.physiobalance-physiotherapie.at\/de\/wp-json\/wp\/v2\/pages\/5739\/revisions"}],"predecessor-version":[{"id":6089,"href":"https:\/\/www.physiobalance-physiotherapie.at\/de\/wp-json\/wp\/v2\/pages\/5739\/revisions\/6089"}],"up":[{"embeddable":true,"href":"https:\/\/www.physiobalance-physiotherapie.at\/de\/wp-json\/wp\/v2\/pages\/1076"}],"wp:attachment":[{"href":"https:\/\/www.physiobalance-physiotherapie.at\/de\/wp-json\/wp\/v2\/media?parent=5739"}],"curies":[{"name":"wp","href":"https:\/\/api.w.org\/{rel}","templated":true}]}}