{"id":6206,"date":"2025-01-28T13:48:41","date_gmt":"2025-01-28T12:48:41","guid":{"rendered":"https:\/\/www.physiobalance-physiotherapie.at\/?page_id=6206"},"modified":"2025-02-17T11:15:53","modified_gmt":"2025-02-17T10:15:53","slug":"andrea-pinnitsch","status":"publish","type":"page","link":"https:\/\/www.physiobalance-physiotherapie.at\/de\/therapeutennetzwerk\/andrea-pinnitsch\/","title":{"rendered":"Mag.a Andrea Pinnitsch"},"content":{"rendered":"<div class=\"wpb-content-wrapper\"><p>[vc_row][vc_column width=&#8220;1\/6&#8243;][\/vc_column][vc_column width=&#8220;2\/3&#8243;]<div id=\"cz_105975\" class=\"cz_105975 cz_title clr cz_mobile_text_center cz_title_ba_line cz_title_pos_inline tac\"><div class=\"cz_title_content\"><div class=\"cz_wpe_content\"><h3 style=\"text-align: center;\"><span style=\"font-size: 36px;\"><span style=\"color: #960055;\">Mag.<sup>a<\/sup> Andrea Pinnitsch<\/span><br \/>\n<\/span><\/h3>\n<\/div><div class=\"cz_title_line cz_line_after_title\"><span>_<\/span><\/div><\/div><\/div>[\/vc_column][vc_column width=&#8220;1\/6&#8243;][\/vc_column][\/vc_row][vc_row content_placement=&#8220;top&#8220; css=&#8220;.vc_custom_1671193839312{padding-right: 0px !important;padding-left: 0px !important;background-color: #ffffff !important;}&#8220;][vc_column css_animation=&#8220;fadeInLeft&#8220; width=&#8220;2\/12&#8243;]<div id=\"cz_89463\" data-position=\"top-right\" class=\"cz_89463 cz_image clr cz_image_no_fx center_on_mobile\"><div class=\"cz_svg_bg\" ><div class=\"cz_image_in\"><div class=\"cz_main_image\"><img fetchpriority=\"high\" loading=\"eager\" decoding=\"sync\" data-no-lazy=\"1\" width=\"1220\" height=\"1370\" src=\"https:\/\/www.physiobalance-physiotherapie.at\/wp-content\/uploads\/2025\/01\/PinnitschAndrea-scaled-e1738101382493.jpg\" class=\"attachment-full\" alt=\"PinnitschAndrea\" srcset=\"https:\/\/www.physiobalance-physiotherapie.at\/wp-content\/uploads\/2025\/01\/PinnitschAndrea-scaled-e1738101382493.jpg 1220w, https:\/\/www.physiobalance-physiotherapie.at\/wp-content\/uploads\/2025\/01\/PinnitschAndrea-scaled-e1738101382493-267x300.jpg 267w, https:\/\/www.physiobalance-physiotherapie.at\/wp-content\/uploads\/2025\/01\/PinnitschAndrea-scaled-e1738101382493-912x1024.jpg 912w, https:\/\/www.physiobalance-physiotherapie.at\/wp-content\/uploads\/2025\/01\/PinnitschAndrea-scaled-e1738101382493-768x862.jpg 768w, https:\/\/www.physiobalance-physiotherapie.at\/wp-content\/uploads\/2025\/01\/PinnitschAndrea-scaled-e1738101382493-600x674.jpg 600w\" sizes=\"(max-width: 1220px) 100vw, 1220px\"  \/><\/div><\/div><\/div><\/div>[\/vc_column][vc_column css_animation=&#8220;fadeInRight&#8220; width=&#8220;7\/12&#8243; css=&#8220;.vc_custom_1671193845455{padding-top: 20px !important;padding-right: 20px !important;padding-bottom: 20px !important;padding-left: 20px !important;background-color: #f3f3f3 !important;}&#8220;]<div class=\"clr\"><ul id=\"cz_105669\" class=\"cz_105669 cz_stylish_list clr cz_sl_icon_hover_zoom_in\"><li class=\"clr\"><div class=\"cz_sl_icon\"><i class=\"far fa-dot-circle mr10\" ><\/i><\/div><div><span>Klinische Psychologin<\/span><\/div><\/li><li class=\"clr\"><div class=\"cz_sl_icon\"><i class=\"far fa-dot-circle mr10\" ><\/i><\/div><div><span>Gesundheitspsychologin<\/span><\/div><\/li><li class=\"clr\"><div class=\"cz_sl_icon\"><i class=\"far fa-dot-circle mr10\" ><\/i><\/div><div><span>Traumatherapeutin<\/span><\/div><\/li><li class=\"clr\"><div class=\"cz_sl_icon\"><i class=\"far fa-dot-circle mr10\" ><\/i><\/div><div><span>Spiraldynamik Medical Yoga Lehrerin<\/span><\/div><\/li><\/ul><\/div><div class=\"cz_gap clr \" style=\"height: 25px\"><\/div><div id=\"cz_70297\" class=\"cz_70297 cz_title clr cz_title_pos_inline\"><div class=\"cz_title_content\"><div class=\"cz_wpe_content\"><p>freiberuflich und selbst\u00e4ndig t\u00e4tige klinische- und Gesundheitpsychologin<\/p>\n<\/div><\/div><\/div><div class=\"cz_gap clr \" style=\"height: 25px\"><\/div><div id=\"cz_18095\" class=\"cz_18095 cz_title clr cz_title_pos_inline\"><div class=\"cz_title_content\"><div class=\"cz_wpe_content\"><p><span style=\"color: #960055; font-size: 18px;\"><strong>Pers\u00f6nliches<\/strong><\/span><\/p>\n<p style=\"text-align: left;\"><span style=\"font-size: 16px;\">Geboren in Leibnitz<\/span><\/p>\n<\/div><\/div><\/div><div class=\"cz_gap clr \" style=\"height: 25px\"><\/div><div id=\"cz_79609\" class=\"cz_79609 cz_title clr cz_title_pos_inline\"><div class=\"cz_title_content\"><div class=\"cz_wpe_content\"><p><span style=\"color: #960055; font-size: 18px;\"><strong>Kontakt<\/strong><\/span><\/p>\n<p style=\"text-align: left;\"><span style=\"font-size: 16px;\"><strong>Praxis Aigen:<\/strong> <a href=\"https:\/\/www.physiobalance-physiotherapie.at\/de\/kontakt\/anfahrt_uferstrasse\/\" target=\"_blank\" rel=\"noopener\">Haus f\u00fcr PhysioBalance, Uferstra\u00dfe 2b, 5026 Salzburg-Aigen<\/a><\/span><\/p>\n<p style=\"text-align: left;\"><span style=\"font-size: 16px;\"><strong>Telefon:<\/strong> <a href=\"tel:+4367762095483\">+43 (0)677 620 954 83<\/a><\/span><\/p>\n<p style=\"text-align: left;\"><span style=\"font-size: 16px;\"><strong>Email:<\/strong> <a href=\"mailto:praxis@psychologie-pinnitsch.at\">praxis(at)psychologie-pinnitsch.at<\/a><\/span><\/p>\n<p style=\"text-align: left;\"><span style=\"font-size: 16px;\"><strong>Web:<\/strong> <a href=\"https:\/\/www.psychologie-pinnitsch.at\/\" target=\"_blank\" rel=\"noopener\">www.psychologie-pinnitsch.at<\/a><\/span><\/p>\n<\/div><\/div><\/div><div class=\"cz_gap clr \" style=\"height: 25px\"><\/div><div id=\"cz_72930\" class=\"cz_72930 cz_title clr cz_title_pos_inline\"><div class=\"cz_title_content\"><div class=\"cz_wpe_content\"><p><span style=\"color: #960055; font-size: 18px;\"><strong>Tarife<\/strong><\/span><\/p>\n<p>Kostenzuschuss durch Krankenkasse, Versicherungen m\u00f6glich<\/p>\n<\/div><\/div><\/div><div class=\"cz_gap clr \" style=\"height: 25px\"><\/div><div id=\"cz_27838\" class=\"cz_27838 cz_title clr cz_title_pos_inline\"><div class=\"cz_title_content\"><div class=\"cz_wpe_content\"><p><span style=\"color: #960055; font-size: 18px;\"><strong>Beruflicher Werdegang<\/strong><\/span><\/p>\n<ul>\n<li style=\"text-align: left;\">BBA f\u00fcr Elementarp\u00e4dagogik (1995)<\/li>\n<li>LG Inklusive P\u00e4dagogik und Fr\u00fchf\u00f6rderung (1997)<\/li>\n<li style=\"text-align: left;\">Studium Psychologie (2009)<\/li>\n<li style=\"text-align: left;\">Gesundheits- und Klinische Psychologie (2011)<\/li>\n<\/ul>\n<\/div><\/div><\/div><div class=\"cz_gap clr \" style=\"height: 25px\"><\/div><div id=\"cz_36095\" class=\"cz_36095 cz_title clr cz_title_pos_inline\"><div class=\"cz_title_content\"><div class=\"cz_wpe_content\"><p><span style=\"color: #960055; font-size: 18px;\"><strong>Ausbildungen<\/strong><\/span><\/p>\n<ul>\n<li style=\"text-align: left;\">\n<p style=\"font-weight: 400;\">ProDeMa Deeskalationsmanagement f\u00fcr Menschen mit Behinderung (2012)<\/p>\n<\/li>\n<li style=\"text-align: left;\">\n<p style=\"font-weight: 400;\">Yoga Akademie Austria Yoga Lehrerin (2015)<\/p>\n<\/li>\n<li style=\"text-align: left;\">\n<p style=\"font-weight: 400;\">LG Mentorin f\u00fcr Unterst\u00fctzte Kommunikation (2016)<\/p>\n<\/li>\n<li style=\"text-align: left;\">\n<p style=\"font-weight: 400;\">ProDeMa Deeskalationsmanagment f\u00fcr Kinder und Jugendliche (2016)<\/p>\n<\/li>\n<li style=\"text-align: left;\">\n<p style=\"font-weight: 400;\">Traumap\u00e4dagogik und traumazentrierte Fachberatung (2019)<\/p>\n<\/li>\n<li style=\"text-align: left;\">\n<p style=\"font-weight: 400;\">Spiraldynamik Yoga Lehrerin (2019)<\/p>\n<\/li>\n<li style=\"text-align: left;\">\n<p style=\"font-weight: 400;\">LG Traumapsychotherapie f\u00fcr Kinder und Jugendliche (2021)<\/p>\n<\/li>\n<li style=\"text-align: left;\">\n<p style=\"font-weight: 400;\">EMDR Eye Movement Desensitization and Reprocessing (2021)<\/p>\n<\/li>\n<li style=\"text-align: left;\">\n<p style=\"font-weight: 400;\">Psychotherapeutisches Prop\u00e4deutikum (2021)<\/p>\n<\/li>\n<li style=\"text-align: left;\">\n<p style=\"font-weight: 400;\">IBT Integrative Bindungsorientierte Traumafachberatung (2021)<\/p>\n<\/li>\n<li style=\"text-align: left;\">\n<p style=\"font-weight: 400;\">GA f\u00fcr psychosoziale Prozessbegleitung f\u00fcr Kinder- und Jugendliche (2023)<\/p>\n<p style=\"font-weight: 400;\">Weitere Informationen finden sie auf meiner Webseite<\/p>\n<\/li>\n<\/ul>\n<\/div><\/div><\/div>[\/vc_column][vc_column width=&#8220;3\/12&#8243;]<div id=\"cz_73598\" class=\"cz_73598 cz_banner clr\">\n\t\t\t<figure class=\"effect-style5\">\n\t\t\t\t<img decoding=\"async\" loading=\"lazy\" src=\"https:\/\/www.physiobalance-physiotherapie.at\/wp-content\/plugins\/codevz-plus\/assets\/img\/p.svg\" class=\"xtra-placeholder \" width=\"1000\" height=\"1000\" alt=\"image\" \/>\n\t\t\t\t<figcaption><div><h4>Klinische Psychologie<\/h4><\/div><a href=\"https:\/\/www.physiobalance-physiotherapie.at\/de\/therapiespektrum\/klinische-psychologie\/\" title=\"Klinische Psychologie\" role=\"button\" tabindex=\"0\" aria-label=\"Klinische Psychologie\"> <\/a><\/figcaption>\t\t\t\n\t\t\t<\/figure>\n\t\t<\/div>[\/vc_column][\/vc_row]<\/p>\n<\/div>","protected":false},"excerpt":{"rendered":"<p>[vc_row][vc_column width=&#8220;1\/6&#8243;][\/vc_column][vc_column width=&#8220;2\/3&#8243;][\/vc_column][vc_column width=&#8220;1\/6&#8243;][\/vc_column][\/vc_row][vc_row content_placement=&#8220;top&#8220; css=&#8220;.vc_custom_1671193839312{padding-right: 0px !important;padding-left: 0px !important;background-color: #ffffff &#8230; <\/p>\n","protected":false},"author":1,"featured_media":0,"parent":2633,"menu_order":0,"comment_status":"closed","ping_status":"closed","template":"","meta":{"footnotes":""},"class_list":["post-6206","page","type-page","status-publish","hentry"],"_links":{"self":[{"href":"https:\/\/www.physiobalance-physiotherapie.at\/de\/wp-json\/wp\/v2\/pages\/6206","targetHints":{"allow":["GET"]}}],"collection":[{"href":"https:\/\/www.physiobalance-physiotherapie.at\/de\/wp-json\/wp\/v2\/pages"}],"about":[{"href":"https:\/\/www.physiobalance-physiotherapie.at\/de\/wp-json\/wp\/v2\/types\/page"}],"author":[{"embeddable":true,"href":"https:\/\/www.physiobalance-physiotherapie.at\/de\/wp-json\/wp\/v2\/users\/1"}],"replies":[{"embeddable":true,"href":"https:\/\/www.physiobalance-physiotherapie.at\/de\/wp-json\/wp\/v2\/comments?post=6206"}],"version-history":[{"count":9,"href":"https:\/\/www.physiobalance-physiotherapie.at\/de\/wp-json\/wp\/v2\/pages\/6206\/revisions"}],"predecessor-version":[{"id":6209,"href":"https:\/\/www.physiobalance-physiotherapie.at\/de\/wp-json\/wp\/v2\/pages\/6206\/revisions\/6209"}],"up":[{"embeddable":true,"href":"https:\/\/www.physiobalance-physiotherapie.at\/de\/wp-json\/wp\/v2\/pages\/2633"}],"wp:attachment":[{"href":"https:\/\/www.physiobalance-physiotherapie.at\/de\/wp-json\/wp\/v2\/media?parent=6206"}],"curies":[{"name":"wp","href":"https:\/\/api.w.org\/{rel}","templated":true}]}}