{"id":6578,"date":"2026-02-11T17:29:44","date_gmt":"2026-02-11T16:29:44","guid":{"rendered":"https:\/\/www.physiobalance-physiotherapie.at\/?page_id=6578"},"modified":"2026-02-11T17:37:31","modified_gmt":"2026-02-11T16:37:31","slug":"tuina-massage","status":"publish","type":"page","link":"https:\/\/www.physiobalance-physiotherapie.at\/de\/therapiespektrum\/tuina-massage\/","title":{"rendered":"Tuina Massage und TCM-Verfahren"},"content":{"rendered":"<div class=\"wpb-content-wrapper\"><p>[vc_row][vc_column width=&#8220;1\/6&#8243;][\/vc_column][vc_column css_animation=&#8220;fadeInUp&#8220; width=&#8220;2\/3&#8243;]<div class=\"cz_gap clr  hide_on_mobile\" style=\"height: 40px\"><\/div><div class=\"cz_gap show_on_mobile clr\" style=\"height: 27px\"><\/div><div id=\"cz_27007\" class=\"cz_27007 cz_title clr cz_mobile_text_center cz_title_ba_line cz_title_pos_inline tac\"><div class=\"cz_title_content\"><div class=\"cz_wpe_content\"><h3 style=\"text-align: center;\"><span style=\"font-size: 36px;\"><b>Tuina Massage und TCM-Verfahren<\/b><\/span><\/h3>\n<\/div><div class=\"cz_title_line cz_line_after_title\"><span>_<\/span><\/div><\/div><\/div>[\/vc_column][vc_column width=&#8220;1\/6&#8243;][\/vc_column][\/vc_row][vc_row content_placement=&#8220;top&#8220;][vc_column css_animation=&#8220;fadeInUp&#8220; width=&#8220;1\/4&#8243;][vc_wp_custommenu title=&#8220;Akupunkt&#8220; nav_menu=&#8220;106&#8243;][\/vc_column][vc_column width=&#8220;3\/4&#8243;]<div id=\"cz_61909\" class=\"cz_61909 cz_title clr cz_mobile_text_center cz_title_pos_inline\"><div class=\"cz_title_content\"><div class=\"cz_wpe_content\"><p style=\"text-align: justify;\"><span style=\"color: #960055; font-size: 18px;\"><strong>Tuina Massage<\/strong><\/span><\/p>\n<p style=\"text-align: justify;\">Tuina ist die manuelle Therapie der chinesischen Medizin. Mit speziellen Griffen, Dehnungen und Mobilisationen wirkt sie regulierend auf Muskeln, Faszien und Meridiane. Die Tuina Techniken sind intensiv, dynamisch, kr\u00e4ftig und fokussiert. Tuina bewegt Qi (Energie) und Blut und l\u00f6st dadurch energetische Blockaden.<\/p>\n<\/div><\/div><\/div><div class=\"cz_gap clr \" style=\"height: 30px\"><\/div><div id=\"cz_79486\" class=\"cz_79486 cz_title clr cz_mobile_text_center cz_title_pos_inline\"><div class=\"cz_title_content\"><div class=\"cz_wpe_content\"><p style=\"text-align: justify;\"><span style=\"color: #960055; font-size: 18px;\"><strong><b>Akupressur<\/b><\/strong><\/span><\/p>\n<p style=\"text-align: justify;\">Mit fokussierten Tuina Techniken werden Akupunkturpunkte sanft stimuliert &#8211; wie bei der Akupunktur, nur eben ohne Nadeln. Im Sinne der chinesischen Medizin wirken die Punkte auf das Selbstregulationssystem des Menschen und unterst\u00fctzen den bewegenden Effekt von Tuina.<\/p>\n<\/div><\/div><\/div><div class=\"cz_gap clr \" style=\"height: 30px\"><\/div><div id=\"cz_42713\" class=\"cz_42713 cz_title clr cz_mobile_text_center cz_title_pos_inline\"><div class=\"cz_title_content\"><div class=\"cz_wpe_content\"><p style=\"text-align: left;\"><span style=\"color: #960055; font-size: 18px;\"><strong><b>Traditionelle Chinesische Medizin (TCM)<\/b><\/strong><\/span><\/p>\n<p style=\"text-align: justify;\">Die chinesische Medizin betrachtet den Menschen ganzheitlich. Ziel ist es, das Gleichgewicht von Qi, Blut und Organfunktionen zu f\u00f6rdern, Blockaden zu l\u00f6sen und die Selbstregulation des K\u00f6rpers zu unterst\u00fctzen. Viele verschiedene Behandlungsverfahren k\u00f6nnen aufgrund eines TCM-Befundes optimal f\u00fcr jeden Klienten kombiniert werden. Zunge und Puls werden ebenfalls beurteilt.<\/p>\n<\/div><\/div><\/div><div class=\"cz_gap clr \" style=\"height: 30px\"><\/div><div id=\"cz_65065\" class=\"cz_65065 cz_title clr cz_mobile_text_center cz_title_pos_inline\"><div class=\"cz_title_content\"><div class=\"cz_wpe_content\"><p style=\"text-align: justify;\"><span style=\"color: #960055; font-size: 18px;\"><strong><b>Erg\u00e4nzende TCM-Verfahren<\/b><\/strong><\/span><\/p>\n<p style=\"text-align: justify;\">Schr\u00f6pfen, Schr\u00f6pfkopfmassage und Gua Sha (Schaben) unterst\u00fctzen die Tuina Behandlung wirkungsvoll. Sie f\u00f6rdern die Durchblutung, l\u00f6sen Stagnationen, entlasten das Gewebe und aktivieren die k\u00f6rpereigenen Heilungsprozesse. Sie werden mit Tuina gemeinsam eingesetzt.<\/p>\n<\/div><\/div><\/div><div class=\"cz_gap clr \" style=\"height: 30px\"><\/div><div id=\"cz_29842\" class=\"cz_29842 cz_title clr cz_mobile_text_center cz_title_pos_inline\"><div class=\"cz_title_content\"><div class=\"cz_wpe_content\"><p style=\"text-align: justify;\"><span style=\"color: #960055; font-size: 18px;\"><strong><b>Integration einer Triggerpunkt Behandlung<\/b><\/strong><\/span><\/p>\n<p style=\"text-align: justify;\">Die Integration der Triggerpunkt Behandlung macht eine Tuina Anwendung um vieles effizienter, meist ist sofort ein deutlicher Effekt zu sp\u00fcren. Dadurch lassen sich muskul\u00e4re Spannungen und funktionelle Einschr\u00e4nkungen besonders effektiv behandeln \u2013 eine Verbindung von \u00f6stlichem und westlichem Therapieverst\u00e4ndnis.<\/p>\n<\/div><\/div><\/div><div class=\"cz_gap clr \" style=\"height: 30px\"><\/div><div id=\"cz_94654\" class=\"cz_94654 cz_title clr cz_mobile_text_center cz_title_pos_inline\"><div class=\"cz_title_content\"><div class=\"cz_wpe_content\"><p style=\"text-align: justify;\"><span style=\"color: #960055; font-size: 18px;\"><strong><b>Gesichtsbehandlung mit Tuina und Gua Sha<\/b><\/strong><\/span><\/p>\n<p>Eine wohltuende Gesichtsbehandlung mit Tuina und Gua Sha entspannt und kr\u00e4ftigt die Gesichtsmuskulatur, f\u00f6rdert die Durchblutung und Versorgung aller Strukturen (Haut, Muskeln, Faszien). Der Lymphflu\u00df wird angeregt, dadurch k\u00f6nnen st\u00f6rende Stoffwechselendprodukte besser entsorgt werden. <b>Gua Sha<\/b> kr\u00e4ftigt die Muskeln und richtet Faszien nach oben gegen die Schwerkraft aus &#8211; das Gesicht wirkt nat\u00fcrlicher, entspannter und j\u00fcnger. Kombiniert wird diese Behandlung mit der Akupressur relevanter Punkte und einer Nackenbehandlung.<\/p>\n<\/div><\/div><\/div><div class=\"cz_gap clr \" style=\"height: 30px\"><\/div><div id=\"cz_66114\" class=\"cz_66114 cz_title clr cz_mobile_text_center cz_title_pos_inline\"><div class=\"cz_title_content\"><div class=\"cz_wpe_content\"><p style=\"text-align: justify;\"><span style=\"color: #960055; font-size: 18px;\"><strong><b>Yang Sheng und Longevity<\/b><\/strong><\/span><\/p>\n<p style=\"text-align: justify;\">Beide Konzepte beschreiben eine bewu\u00dfte Lebensf\u00fchrung, die ein langes, gesundes Leben zum Ziel hat. Longevity hat eher einen wissenschaftlich, biotechnologischen und sportlichen Ansatz, Yang Sheng beschreibt eine gesamtheitliche Lebensweise mit gesunder Ern\u00e4hrung, sanfter Bewegung und innerem Gleichgewicht. Die chinesischen Medizin und ein TCM-Befund helfen, dies umzusetzen.<\/p>\n<\/div><\/div><\/div><div class=\"cz_gap clr \" style=\"height: 30px\"><\/div>[\/vc_column][\/vc_row]<\/p>\n<\/div>","protected":false},"excerpt":{"rendered":"<p>[vc_row][vc_column width=&#8220;1\/6&#8243;][\/vc_column][vc_column css_animation=&#8220;fadeInUp&#8220; width=&#8220;2\/3&#8243;][\/vc_column][vc_column width=&#8220;1\/6&#8243;][\/vc_column][\/vc_row][vc_row content_placement=&#8220;top&#8220;][vc_column css_animation=&#8220;fadeInUp&#8220; width=&#8220;1\/4&#8243;][vc_wp_custommenu title=&#8220;Akupunkt&#8220; nav_menu=&#8220;106&#8243;][\/vc_column][vc_column width=&#8220;3\/4&#8243;][\/vc_column][\/vc_row] &#8230; <\/p>\n","protected":false},"author":1,"featured_media":0,"parent":2831,"menu_order":0,"comment_status":"closed","ping_status":"closed","template":"","meta":{"footnotes":""},"class_list":["post-6578","page","type-page","status-publish","hentry"],"_links":{"self":[{"href":"https:\/\/www.physiobalance-physiotherapie.at\/de\/wp-json\/wp\/v2\/pages\/6578","targetHints":{"allow":["GET"]}}],"collection":[{"href":"https:\/\/www.physiobalance-physiotherapie.at\/de\/wp-json\/wp\/v2\/pages"}],"about":[{"href":"https:\/\/www.physiobalance-physiotherapie.at\/de\/wp-json\/wp\/v2\/types\/page"}],"author":[{"embeddable":true,"href":"https:\/\/www.physiobalance-physiotherapie.at\/de\/wp-json\/wp\/v2\/users\/1"}],"replies":[{"embeddable":true,"href":"https:\/\/www.physiobalance-physiotherapie.at\/de\/wp-json\/wp\/v2\/comments?post=6578"}],"version-history":[{"count":3,"href":"https:\/\/www.physiobalance-physiotherapie.at\/de\/wp-json\/wp\/v2\/pages\/6578\/revisions"}],"predecessor-version":[{"id":6581,"href":"https:\/\/www.physiobalance-physiotherapie.at\/de\/wp-json\/wp\/v2\/pages\/6578\/revisions\/6581"}],"up":[{"embeddable":true,"href":"https:\/\/www.physiobalance-physiotherapie.at\/de\/wp-json\/wp\/v2\/pages\/2831"}],"wp:attachment":[{"href":"https:\/\/www.physiobalance-physiotherapie.at\/de\/wp-json\/wp\/v2\/media?parent=6578"}],"curies":[{"name":"wp","href":"https:\/\/api.w.org\/{rel}","templated":true}]}}