{"id":4058,"date":"2021-06-14T08:28:36","date_gmt":"2021-06-14T06:28:36","guid":{"rendered":"http:\/\/www.physiobalance-physiotherapie.at\/directions-uferstrasse\/"},"modified":"2022-11-08T18:26:09","modified_gmt":"2022-11-08T17:26:09","slug":"directions-uferstrasse","status":"publish","type":"page","link":"https:\/\/www.physiobalance-physiotherapie.at\/en\/contact\/directions-uferstrasse\/","title":{"rendered":"Directions Uferstrasse"},"content":{"rendered":"<section class=\"wpb-content-wrapper\"><p>[vc_row][vc_column width=&#8221;1\/6&#8243;][\/vc_column][vc_column css_animation=&#8221;fadeInUp&#8221; width=&#8221;2\/3&#8243;]<div id=\"cz_52797\" class=\"cz_52797 cz_title clr cz_mobile_text_center cz_title_ba_line cz_title_pos_inline tac\"><div class=\"cz_title_content\"><div class=\"cz_wpe_content\"><h3 style=\"text-align: center;\"><span style=\"font-size: 36px; color: #960055;\">Directions to the Uferstrasse<br \/>\n<\/span><\/h3>\n<\/div><div class=\"cz_title_line cz_line_after_title\"><span>_<\/span><\/div><\/div><\/div>[\/vc_column][vc_column width=&#8221;1\/6&#8243;][\/vc_column][\/vc_row][vc_row content_placement=&#8221;middle&#8221;][vc_column width=&#8221;1\/6&#8243;][\/vc_column][vc_column width=&#8221;2\/3&#8243;]<div id=\"cz_64117\" class=\"cz_64117 cz_title clr cz_title_pos_inline tac\"><div class=\"cz_title_content\"><div class=\"cz_wpe_content\"><p style=\"text-align: center;\"><span style=\"font-size: 16px;\"><strong><span style=\"color: #960055;\">Parkpl\u00e4tze<\/span><\/strong><\/span><\/p>\n<p style=\"text-align: center;\"><span style=\"font-size: 16px;\">Vor dem Haus befinden sich drei Patientenparkpl\u00e4tze.<\/span><\/p>\n<\/div><\/div><\/div><div class=\"cz_gap clr \" style=\"height: 30px\"><\/div><div id=\"cz_43218\" class=\"cz_43218 cz_title clr cz_title_pos_inline tac\"><div class=\"cz_title_content\"><div class=\"cz_wpe_content\"><p style=\"text-align: center;\"><span style=\"font-size: 16px; color: #960055;\"><strong>Adresse<\/strong><\/span><\/p>\n<p style=\"text-align: center;\"><span style=\"font-size: 16px;\">PHYSIOBALANCE, Praxis f\u00fcr Physiotherapie und Osteopathie<\/span><\/p>\n<p style=\"text-align: center;\"><span style=\"font-size: 16px;\">Uferstra\u00dfe 2b<\/span><\/p>\n<p style=\"text-align: center;\"><span style=\"font-size: 16px;\">5026 Salzburg-Aigen<\/span><\/p>\n<\/div><\/div><\/div><div class=\"cz_gap clr \" style=\"height: 30px\"><\/div><div id=\"cz_94759\" class=\"cz_94759 cz_title clr cz_title_pos_inline tac\"><div class=\"cz_title_content\"><div class=\"cz_wpe_content\"><p style=\"text-align: center;\"><span style=\"color: #960055;\"><span style=\"font-size: 16px;\"><strong>Anfahrt v<\/strong><\/span><span style=\"font-size: 16px;\"><strong>om S\u00fcden kommend<\/strong><\/span><\/span><\/p>\n<p style=\"text-align: center;\"><span style=\"font-size: 16px;\">Alpenstra\u00dfe Richtung Elsbethen \/ Aigner Stra\u00dfe (Zentrum) bis Abbiegung Josef-Kaut-Stra\u00dfe (vor dem Einkaufstreff Aigen). Anschlie\u00dfend links in die Schwanthalerstra\u00dfe und sofort rechts in den Ignaz-Rieder-Kai Richtung Salzach (<strong>nicht in die Uferstra\u00dfe!<\/strong>) abbiegen. Das Bauernhaus befindet sich auf der linken Stra\u00dfenseite.<\/span><\/p>\n<\/div><\/div><\/div><div class=\"cz_gap clr \" style=\"height: 30px\"><\/div><div id=\"cz_70186\" class=\"cz_70186 cz_title clr cz_title_pos_inline tac\"><div class=\"cz_title_content\"><div class=\"cz_wpe_content\"><p style=\"text-align: center;\"><span style=\"font-size: 16px; color: #960055;\"><strong>Anfahrt von der Stadt kommend<\/strong><\/span><\/p>\n<p style=\"text-align: center;\"><span style=\"font-size: 16px;\">Entweder \u00fcber die Aigner Strasse (Elsbethen) oder \u00fcber den Ignaz-Rieder-Kai \/ \u00dcberfuhrstrasse \/ Aigner Strasse (Elsbethen) bis Abbiegung Josef-Kaut-Strasse (nach dem Einkaufstreff Aigen). Anschlie\u00dfend links in die Schwanthalerstrasse und sofort rechts in den Ignaz-Rieder-Kai Richtung Salzach (<strong>nicht in die Uferstra\u00dfe!<\/strong>) abbiegen. Das Bauernhaus befindet sich auf der linken Stra\u00dfenseite.<\/span><\/p>\n<\/div><\/div><\/div><div class=\"cz_gap clr \" style=\"height: 30px\"><\/div><div id=\"cz_57828\" class=\"cz_57828 cz_title clr cz_title_pos_inline tac\"><div class=\"cz_title_content\"><div class=\"cz_wpe_content\"><p style=\"text-align: center;\"><strong><span style=\"color: #960055;\">Von der Josefiau kommend<\/span><\/strong><\/p>\n<p style=\"text-align: center;\"><span style=\"font-size: 16px;\">Alternativ k\u00f6nnen Sie bei der Volksschule Josefiau in der Billrothstrasse parken und zu Fu\u00df durch die Au \u00fcber den Wilhelm-Kaufmann-Steg zu uns spazieren (5 Minuten).<\/span><\/p>\n<\/div><\/div><\/div><div class=\"cz_gap clr \" style=\"height: 70px\"><\/div>[vc_gmaps link=&#8221;#E-8_JTNDaWZyYW1lJTIwc3JjJTNEJTIyaHR0cHMlM0ElMkYlMkZ3d3cuZ29vZ2xlLmNvbSUyRm1hcHMlMkZlbWJlZCUzRnBiJTNEJTIxMW0xOCUyMTFtMTIlMjExbTMlMjExZDI2ODEuMDAzNTQ1NDc3NDUzNCUyMTJkMTMuMDc1MTQzNzE2NDIyNDQ0JTIxM2Q0Ny43ODEzNzkyNzkxOTY2ODUlMjEybTMlMjExZjAlMjEyZjAlMjEzZjAlMjEzbTIlMjExaTEwMjQlMjEyaTc2OCUyMTRmMTMuMSUyMTNtMyUyMTFtMiUyMTFzMHg0Nzc2OTBjNTI4NmZjNjhkJTI1M0EweDI3YjQ2Yjg4ODcxMTYxNGUlMjEyc1BoeXNpb0JhbGFuY2UlMjUyMC0lMjUyMFByYXhpcyUyNTIwZiUyNUMzJTI1QkNyJTI1MjBQaHlzaW90aGVyYXBpZSUyNTIwdW5kJTI1MjBPc3Rlb3BhdGhpZSUyMTVlMCUyMTNtMiUyMTFzZGUlMjEyc2F0JTIxNHYxNjQ1ODEwNTg3ODY4JTIxNW0yJTIxMXNkZSUyMTJzYXQlMjIlMjB3aWR0aCUzRCUyMjYwMCUyMiUyMGhlaWdodCUzRCUyMjQ1MCUyMiUyMHN0eWxlJTNEJTIyYm9yZGVyJTNBMCUzQiUyMiUyMGFsbG93ZnVsbHNjcmVlbiUzRCUyMiUyMiUyMGxvYWRpbmclM0QlMjJsYXp5JTIyJTNFJTNDJTJGaWZyYW1lJTNF&#8221; size=&#8221;&#8221;][\/vc_column][vc_column width=&#8221;1\/6&#8243;][\/vc_column][\/vc_row]<\/p>\n<\/section>","protected":false},"excerpt":{"rendered":"<p>[vc_row][vc_column width=&#8221;1\/6&#8243;][\/vc_column][vc_column css_animation=&#8221;fadeInUp&#8221; width=&#8221;2\/3&#8243;][\/vc_column][vc_column width=&#8221;1\/6&#8243;][\/vc_column][\/vc_row][vc_row content_placement=&#8221;middle&#8221;][vc_column width=&#8221;1\/6&#8243;][\/vc_column][vc_column width=&#8221;2\/3&#8243;][vc_gmaps link=&#8221;#E-8_JTNDaWZyYW1lJTIwc3JjJTNEJTIyaHR0cHMlM0ElMkYlMkZ3d3cuZ29vZ2xlLmNvbSUyRm1hcHMlMkZlbWJlZCUzRnBiJTNEJTIxMW0xOCUyMTFtMTIlMjExbTMlMjExZDI2ODEuMDAzNTQ1NDc3NDUzNCUyMTJkMTMuMDc1MTQzNzE2NDIyNDQ0JTIxM2Q0Ny43ODEzNzkyNzkxOTY2ODUlMjEybTMlMjExZjAlMjEyZjAlMjEzZjAlMjEzbTIlMjExaTEwMjQlMjEyaTc2OCUyMTRmMTMuMSUyMTNtMyUyMTFtMiUyMTFzMHg0Nzc2OTBjNTI4NmZjNjhkJTI1M0EweDI3YjQ2Yjg4ODcxMTYxNGUlMjEyc1BoeXNpb0JhbGFuY2UlMjUyMC0lMjUyMFByYXhpcyUyNTIwZiUyNUMzJTI1QkNyJTI1MjBQaHlzaW90aGVyYXBpZSUyNTIwdW5kJTI1MjBPc3Rlb3BhdGhpZSUyMTVlMCUyMTNtMiUyMTFzZGUlMjEyc2F0JTIxNHYxNjQ1ODEwNTg3ODY4JTIxNW0yJTIxMXNkZSUyMTJzYXQlMjIlMjB3aWR0aCUzRCUyMjYwMCUyMiUyMGhlaWdodCUzRCUyMjQ1MCUyMiUyMHN0eWxlJTNEJTIyYm9yZGVyJTNBMCUzQiUyMiUyMGFsbG93ZnVsbHNjcmVlbiUzRCUyMiUyMiUyMGxvYWRpbmclM0QlMjJsYXp5JTIyJTNFJTNDJTJGaWZyYW1lJTNF&#8221; size=&#8221;&#8221;][\/vc_column][vc_column width=&#8221;1\/6&#8243;][\/vc_column][\/vc_row] &#8230; <\/p>\n","protected":false},"author":2,"featured_media":0,"parent":4733,"menu_order":0,"comment_status":"closed","ping_status":"closed","template":"","meta":{"footnotes":""},"class_list":["post-4058","page","type-page","status-publish","hentry"],"_links":{"self":[{"href":"https:\/\/www.physiobalance-physiotherapie.at\/en\/wp-json\/wp\/v2\/pages\/4058","targetHints":{"allow":["GET"]}}],"collection":[{"href":"https:\/\/www.physiobalance-physiotherapie.at\/en\/wp-json\/wp\/v2\/pages"}],"about":[{"href":"https:\/\/www.physiobalance-physiotherapie.at\/en\/wp-json\/wp\/v2\/types\/page"}],"author":[{"embeddable":true,"href":"https:\/\/www.physiobalance-physiotherapie.at\/en\/wp-json\/wp\/v2\/users\/2"}],"replies":[{"embeddable":true,"href":"https:\/\/www.physiobalance-physiotherapie.at\/en\/wp-json\/wp\/v2\/comments?post=4058"}],"version-history":[{"count":1,"href":"https:\/\/www.physiobalance-physiotherapie.at\/en\/wp-json\/wp\/v2\/pages\/4058\/revisions"}],"predecessor-version":[{"id":4061,"href":"https:\/\/www.physiobalance-physiotherapie.at\/en\/wp-json\/wp\/v2\/pages\/4058\/revisions\/4061"}],"up":[{"embeddable":true,"href":"https:\/\/www.physiobalance-physiotherapie.at\/en\/wp-json\/wp\/v2\/pages\/4733"}],"wp:attachment":[{"href":"https:\/\/www.physiobalance-physiotherapie.at\/en\/wp-json\/wp\/v2\/media?parent=4058"}],"curies":[{"name":"wp","href":"https:\/\/api.w.org\/{rel}","templated":true}]}}