{"id":4076,"date":"2021-06-14T07:51:42","date_gmt":"2021-06-14T05:51:42","guid":{"rendered":"http:\/\/www.physiobalance-physiotherapie.at\/settlement-oegk\/"},"modified":"2022-11-08T19:06:25","modified_gmt":"2022-11-08T18:06:25","slug":"settlement-oegk","status":"publish","type":"page","link":"https:\/\/www.physiobalance-physiotherapie.at\/en\/pat-info\/settlement-oegk\/","title":{"rendered":"Settlement \u00d6GK"},"content":{"rendered":"<section class=\"wpb-content-wrapper\"><p>[vc_row][vc_column width=&#8221;1\/6&#8243;][\/vc_column][vc_column css_animation=&#8221;fadeInUp&#8221; width=&#8221;2\/3&#8243;]<div id=\"cz_49991\" class=\"cz_49991 cz_title clr cz_mobile_text_center cz_title_ba_line cz_title_pos_inline tac\"><div class=\"cz_title_content\"><div class=\"cz_wpe_content\"><h3 style=\"text-align: center;\"><span style=\"font-size: 36px; color: #960055;\">Direct settlement with the \u00d6GK<br \/>\n<\/span><\/h3>\n<\/div><div class=\"cz_title_line cz_line_after_title\"><span>_<\/span><\/div><\/div><\/div>[\/vc_column][vc_column width=&#8221;1\/6&#8243;][\/vc_column][\/vc_row][vc_row][vc_column width=&#8221;1\/6&#8243;][\/vc_column][vc_column width=&#8221;2\/3&#8243;]<div id=\"cz_31908\" class=\"cz_31908 cz_title clr cz_title_pos_inline tac\"><div class=\"cz_title_content\"><div class=\"cz_wpe_content\"><p style=\"text-align: center;\"><span style=\"font-size: 16px;\">All approved and signed patient services provided by the \u00d6GK contract therapist are settled directly with the \u00d6GK, i.e. all costs are borne directly by the \u00d6GK. Appointments that have not been cancelled in time and treatment units that have not been signed cannot be settled directly with the \u00d6GK. As a result, we incur costs that we have to charge you privately. Previously agreed and agreed by the patient private services can not be settled with the \u00d6GK!<\/span><\/p>\n<\/div><\/div><\/div><div class=\"cz_gap clr \" style=\"height: 30px\"><\/div><div id=\"cz_109731\" class=\"cz_109731 cz_title clr cz_title_pos_inline tac\"><div class=\"cz_title_content\"><div class=\"cz_wpe_content\"><p><span style=\"font-size: 18px; color: #960055;\"><strong>Billing of elective therapy services<\/strong><\/span><\/p>\n<p style=\"text-align: center;\"><span style=\"font-size: 16px;\">Billing for all other funds is subject to reimbursement. <\/span> <span style=\"font-size: 16px;\">Please note that <strong>79% of the box office rate<\/strong> is paid.<\/span><\/p>\n<p>&nbsp;<\/p>\n<p style=\"text-align: center;\"><span style=\"font-size: 16px;\">Likewise, all services of therapists working independently in the practice are subject to elective therapy billing.<\/span><\/p>\n<\/div><\/div><\/div><div class=\"cz_gap clr \" style=\"height: 30px\"><\/div><div id=\"cz_60874\" class=\"cz_60874 cz_title clr cz_title_pos_inline tac\"><div class=\"cz_title_content\"><div class=\"cz_wpe_content\"><p><span style=\"color: #960055; font-size: 18px;\"><strong>This means for you<\/strong><\/span><\/p>\n<p style=\"text-align: center;\"><span style=\"font-size: 16px;\">You must first pay the entire therapy costs yourself. At the end of the treatment series, you will receive an invoice and your approved prescription form. You can submit these documents, including your payment confirmation, to the respective SV carrier.<\/span><\/p>\n<p>&nbsp;<\/p>\n<p style=\"text-align: center;\"><span style=\"font-size: 16px;\">The <strong>deductible<\/strong> to be borne (21% of the health insurance tariff plus difference to the optional therapist tariff) <strong>depends on the approved services<\/strong> and will be announced to you without guarantee BEFORE the start of therapy by your therapist.<\/span><\/p>\n<p>&nbsp;<\/p>\n<p style=\"text-align: center;\"><span style=\"font-size: 16px;\">If possible, the costs to be borne for the deductible can be submitted to a supplementary insurance for ambulance services. Please check with your insurance advisor before starting therapy!<\/span><\/p>\n<\/div><\/div><\/div><div class=\"cz_gap clr \" style=\"height: 30px\"><\/div><div id=\"cz_19094\" class=\"cz_19094 cz_title clr cz_title_pos_inline tac\"><div class=\"cz_title_content\"><div class=\"cz_wpe_content\"><p><span style=\"color: #960055; font-size: 18px;\"><strong>Tariffs for elective therapists and tariffs for private services<\/strong><\/span><\/p>\n<p style=\"text-align: center;\"><span style=\"font-size: 16px;\">see <span style=\"text-decoration: underline;\">treatment rates<\/span><\/span><\/p>\n<\/div><\/div><\/div>[\/vc_column][vc_column width=&#8221;1\/6&#8243;][\/vc_column][\/vc_row]<\/p>\n<\/section>","protected":false},"excerpt":{"rendered":"<p>[vc_row][vc_column width=&#8221;1\/6&#8243;][\/vc_column][vc_column css_animation=&#8221;fadeInUp&#8221; width=&#8221;2\/3&#8243;][\/vc_column][vc_column width=&#8221;1\/6&#8243;][\/vc_column][\/vc_row][vc_row][vc_column width=&#8221;1\/6&#8243;][\/vc_column][vc_column width=&#8221;2\/3&#8243;][\/vc_column][vc_column width=&#8221;1\/6&#8243;][\/vc_column][\/vc_row] &#8230; <\/p>\n","protected":false},"author":2,"featured_media":0,"parent":4656,"menu_order":0,"comment_status":"closed","ping_status":"closed","template":"","meta":{"footnotes":""},"class_list":["post-4076","page","type-page","status-publish","hentry"],"_links":{"self":[{"href":"https:\/\/www.physiobalance-physiotherapie.at\/en\/wp-json\/wp\/v2\/pages\/4076","targetHints":{"allow":["GET"]}}],"collection":[{"href":"https:\/\/www.physiobalance-physiotherapie.at\/en\/wp-json\/wp\/v2\/pages"}],"about":[{"href":"https:\/\/www.physiobalance-physiotherapie.at\/en\/wp-json\/wp\/v2\/types\/page"}],"author":[{"embeddable":true,"href":"https:\/\/www.physiobalance-physiotherapie.at\/en\/wp-json\/wp\/v2\/users\/2"}],"replies":[{"embeddable":true,"href":"https:\/\/www.physiobalance-physiotherapie.at\/en\/wp-json\/wp\/v2\/comments?post=4076"}],"version-history":[{"count":1,"href":"https:\/\/www.physiobalance-physiotherapie.at\/en\/wp-json\/wp\/v2\/pages\/4076\/revisions"}],"predecessor-version":[{"id":4079,"href":"https:\/\/www.physiobalance-physiotherapie.at\/en\/wp-json\/wp\/v2\/pages\/4076\/revisions\/4079"}],"up":[{"embeddable":true,"href":"https:\/\/www.physiobalance-physiotherapie.at\/en\/wp-json\/wp\/v2\/pages\/4656"}],"wp:attachment":[{"href":"https:\/\/www.physiobalance-physiotherapie.at\/en\/wp-json\/wp\/v2\/media?parent=4076"}],"curies":[{"name":"wp","href":"https:\/\/api.w.org\/{rel}","templated":true}]}}